{"id":711,"date":"2021-06-08T21:47:23","date_gmt":"2021-06-08T19:47:23","guid":{"rendered":"https:\/\/new.24pm.be\/?page_id=711"},"modified":"2021-06-08T21:48:14","modified_gmt":"2021-06-08T19:48:14","slug":"rso-2021-002-hebergement","status":"publish","type":"page","link":"https:\/\/restore.24pm.be\/en\/rso-2021-002-hebergement\/","title":{"rendered":"rso-2021-002-hebergement"},"content":{"rendered":"<section class=\"u-align-center u-clearfix u-palette-1-base u-section-2\" id=\"sec-a9ed\">\n      <div class=\"u-clearfix u-sheet u-sheet-1\">\n        <div class=\"u-clearfix u-expanded-width u-layout-wrap u-layout-wrap-1\">\n          <div class=\"u-layout\">\n            <div class=\"u-layout-row\">\n              <div class=\"u-container-style u-layout-cell u-size-30 u-layout-cell-1\">\n                <div class=\"u-container-layout u-container-layout-1\">\n                  <h1 class=\"u-text u-text-white u-text-1\">Internal regulations<\/h1>\n                  <div class=\"u-border-7 u-border-palette-2-base u-line u-line-horizontal u-line-1\"><\/div>\n                  <h4 class=\"u-text u-text-white u-text-2\">The R.O.I. governs the rights and obligations of members within the 24PM system.<br>\n                  <\/h4>\n                  <p class=\"u-text u-text-3\">Consolidated version as of MAY 1, 2021<\/p>\n                <\/div>\n              <\/div>\n              <div class=\"u-container-style u-layout-cell u-size-30 u-layout-cell-2\">\n                <div class=\"u-container-layout u-valign-top u-container-layout-2\">\n                  <img src=\"https:\/\/restore.24pm.be\/wp-content\/uploads\/2021\/06\/228076341-0-1.png\" alt=\"\" class=\"u-expanded-width u-image u-image-contain u-image-default u-image-1\" data-image-width=\"133\" data-image-height=\"150\">\n                <\/div>\n              <\/div>\n            <\/div>\n          <\/div>\n        <\/div>\n      <\/div>\n    <\/section>\n    <section class=\"u-align-center u-clearfix u-grey-5 u-section-3\" id=\"sec-8edd\">\n      <div class=\"u-expanded-width u-flip-vertical u-shape u-shape-svg u-text-palette-1-base u-shape-1\">\n        <svg class=\"u-svg-link\" preserveaspectratio=\"none\" viewbox=\"0 0 160 160\" style=\"\"><use xmlns:xlink=\"http:\/\/www.w3.org\/1999\/xlink\" xlink:href=\"#svg-4883\"><\/use><\/svg>\n        <svg class=\"u-svg-content\" viewbox=\"0 0 160 160\" x=\"0px\" y=\"0px\" id=\"svg-4883\"><path d=\"M155,160H5c-2.8,0-5-2.2-5-5.1V80.5c0-1.3,0.5-2.6,1.5-3.5l75-75.5c2-1.9,5.1-1.9,7,0l75,75.5c0.9,0.9,1.5,2.2,1.5,3.5v74.4\tC160,157.8,157.8,160,155,160z\"><\/path><\/svg>\n      <\/div>\n    <\/section>\n    <section class=\"u-clearfix u-grey-5 u-section-4\" id=\"sec-12af\">\n      <div class=\"u-clearfix u-sheet u-sheet-1\">\n        <h3 class=\"u-align-center u-text u-text-1\">You are viewing the current version of RSO 2021-002-Hosting<\/h3>\n        <div class=\"u-align-center u-border-4 u-border-palette-2-base u-line u-line-horizontal u-line-1\"><\/div>\n        <p class=\"u-align-center u-text u-text-2\">The RSO governs the operation of 24PM's VOIP services for the members who use them.<br>\n        <\/p>\n      <\/div>\n    <\/section>\n    <section class=\"u-clearfix u-section-5\" id=\"sec-6ad7\">\n      <div class=\"u-clearfix u-sheet u-sheet-1\">\n        <h3 class=\"u-text u-text-1\">Article\n1 - Presentation of the Hebergement service<\/h3>\n        <div class=\"u-border-4 u-border-palette-2-base u-line u-line-horizontal u-line-1\"><\/div>\n        <p class=\"u-text u-text-2\"> 24PM, in\nwith cloud operators, enables its members to host their websites on\nwebsite hosting on 24PM servers.\n \nThe present\nRSO sets out the conditions under which this service is available to\nmembers. <!--[if !supportAnnotations]--><!--[endif]--><!--[if !supportAnnotations]--><!--[endif]--><!--[if !supportAnnotations]--><!--[endif]--><!--[if !supportAnnotations]--><!--[endif]--><!--[if !supportAnnotations]--><!--[endif]--><\/p>\n      <\/div>\n    <\/section>\n    <section class=\"u-clearfix u-section-6\" id=\"carousel_d801\">\n      <div class=\"u-clearfix u-sheet u-sheet-1\">\n        <h3 class=\"u-text u-text-1\">Article 2 - Additional definitions of ROI<\/h3>\n        <div class=\"u-border-4 u-border-palette-2-base u-line u-line-horizontal u-line-1\"><\/div>\n        <p class=\"u-text u-text-2\"> For the purposes of this RSO 2021\/002, the following definitions apply\n:<br>\n          <br>\n          <a class=\"u-active-none u-border-none u-btn u-button-style u-hover-none u-none u-text-palette-1-base u-btn-1\"><b><u>Domain<\/u><\/b>\n          <\/a><b>&nbsp;<\/b><!--[if !supportAnnotations]-->\n          <a class=\"msocomanchor u-active-none u-border-none u-btn u-button-style u-hover-none u-none u-text-palette-1-base u-btn-2\" id=\"_anchor_1\" href=\"#_msocom_1\" language=\"JavaScript\" name=\"_msoanchor_1\">[ED1]<\/a><!--[endif]-->&nbsp;<b>:<\/b> Name registered with an authority dependent on\nICANN. Allows rapid identification of a user's IP address on the\nsuch as: masociete.be or 24pm.be <br>\n          <br>\n        <\/p>\n      <\/div>\n    <\/section>\n    <section class=\"u-clearfix u-section-7\" id=\"sec-c0d1\">\n      <div class=\"u-clearfix u-sheet u-sheet-1\">\n        <h3 class=\"u-text u-text-1\">Article 3 - Scope of application<br>\n        <\/h3>\n        <div class=\"u-border-4 u-border-palette-2-base u-line u-line-horizontal u-line-1\"><\/div>\n        <p class=\"u-text u-text-2\"> This RSO\n2021\/001 applies to :<br>\n          <br>Any use of the 24PM hosting service by a member\nmember as defined in article X of ROI 2021 <!--[if !supportLists]--><!--[endif]-->\n        <\/p>\n      <\/div>\n    <\/section>\n    <section class=\"u-clearfix u-section-8\" id=\"carousel_ab9c\">\n      <div class=\"u-clearfix u-sheet u-sheet-1\">\n        <h3 class=\"u-text u-text-1\">&nbsp;Article 4 - Access to accommodation <\/h3>\n        <div class=\"u-border-4 u-border-palette-2-base u-line u-line-horizontal u-line-1\"><\/div>\n        <h4 class=\"u-text u-text-2\">4.1. Access request<br>\n        <\/h4>\n        <p class=\"u-text u-text-3\"> To activate the hosting service,\nmembers can do so via the 24PM intranet or via their Project Manager.\n&nbsp; <br>\n          <br>Before selecting and using the Service,\nit is the member's responsibility to study each available\nconfiguration available in order to\nselect the configuration(s) whose characteristics correspond to his or her\nneeds, if necessary with the help of the member's\nProject Manager, and to communicate this to the project manager or via the intranet.&nbsp; <br>\n          <br>After\nconfirmation by e-mail, the member undertakes to comply with the conditions of this\nRSO 2021\/002. \n        <\/p>\n        <h4 class=\"u-text u-text-4\">4.2 Conditions of use and installation <\/h4>\n        <p class=\"u-text u-text-5\">The member determines the domain name on which the hosting service will respond and communicates this to 24PM.<br>\n          <br>The Member undertakes not to host any content contrary to public order and\/or morality within the framework of the hosting provided in application of the present RSO.<br>\n          <br>The 24PM server platform is accessible to the general public via the Internet, using stations connected to the Internet. <br>\n          <br>24PM provides the computing power, security equipment and software required to operate the Web site offered to the member. The list of such software varies according to the options offered by 24PM and chosen by the member.<br>\n        <\/p>\n        <h4 class=\"u-text u-text-6\">4.3. Duration<\/h4>\n        <p class=\"u-text u-text-7\">Hosting is provided for an indefinite period and may be terminated at the request of 24PM or the member, at any time, subject to 30 days' notice, commencing on the day following the sending of a registered letter by the party wishing to terminate hosting.<\/p>\n        <h4 class=\"u-text u-text-8\">4.4. Server software versions<\/h4>\n        <p class=\"u-text u-text-9\">24PM can maintain a server software version of its choice, mainly by choosing to install the most stable and secure versions according to its security policy.<br>\n          <br>The member is responsible for updating his website to make it compatible with the latest versions of the engines.<br>\n          <br>Engine version updates will be announced via the 24PM intranet, in the \"News\" section of the dashboard.\n        <\/p>\n      <\/div>\n    <\/section>\n    <section class=\"u-clearfix u-section-9\" id=\"carousel_09c6\">\n      <div class=\"u-clearfix u-sheet u-sheet-1\">\n        <h3 class=\"u-text u-text-1\">Article 5 - Rates<br>\n        <\/h3>\n        <div class=\"u-border-4 u-border-palette-2-base u-line u-line-horizontal u-line-1\"><\/div>\n        <p class=\"u-text u-text-2\"> Hosting\nis billed at a flat rate of \u20ac1 per domain per month, plus the price\noptions chosen by the member or required for technical reasons.\ntechnical reasons.\n&nbsp; <br>\n          <br>The member\nmay also opt for dedicated or virtualized hosting.\nin which case the cost of hosting is subject to a separate charge accepted by the\nmember. \n        <\/p>\n      <\/div>\n    <\/section>\n    <section class=\"u-clearfix u-section-10\" id=\"carousel_53d7\">\n      <div class=\"u-clearfix u-sheet u-valign-middle u-sheet-1\">\n        <h3 class=\"u-text u-text-1\">Article 6 - Invoicing for technical services<\/h3>\n        <div class=\"u-border-4 u-border-palette-2-base u-line u-line-horizontal u-line-1\"><\/div>\n        <p class=\"u-text u-text-2\">In the event of\nmember's accommodation, interventions will be invoiced at the amount\nwill be invoiced at the rate indicated in the \"employee rates\" section\nsection of the member's intranet. <\/p>\n      <\/div>\n    <\/section>\n    <section class=\"u-clearfix u-section-11\" id=\"carousel_0be5\">\n      <div class=\"u-clearfix u-sheet u-sheet-1\">\n        <h3 class=\"u-text u-text-1\">Article 7 - Immediate suspension of hosting<\/h3>\n        <div class=\"u-border-4 u-border-palette-2-base u-line u-line-horizontal u-line-1\"><\/div>\n        <p class=\"u-text u-text-2\">In the event of danger to 24PM's infrastructure due to the operation of the member's website(s), 24PM may preventively suspend said website(s).<br>\n          <br>Only after the problem has been corrected will the site(s) be reactivated.<br><!--[if !supportLists]--><!--[endif]-->\n        <\/p>\n      <\/div>\n    <\/section>","protected":false},"excerpt":{"rendered":"<p>R\u00e8glement d&rsquo;ordre int\u00e9rieur Le R.O.I. r\u00e9git les droits et obligations des membres au sein du syst\u00e8me 24PM. Version consolid\u00e9e au 1ier MAI 2021 Vous consultez la version actuelle du RSO 2021-002-Hebergement Le RSO r\u00e9git le fonctionnement des services VOIP de 24PM pour les membres qui les utilisent. Article 1 \u2013 Pr\u00e9sentation du service Hebergement 24PM, &hellip; <a href=\"https:\/\/restore.24pm.be\/en\/rso-2021-002-hebergement\/\" class=\"more-link\">Continue reading<span class=\"screen-reader-text\"> \u00ab\u00a0rso-2021-002-hebergement\u00a0\u00bb<\/span><\/a><\/p>","protected":false},"author":1,"featured_media":0,"parent":0,"menu_order":0,"comment_status":"closed","ping_status":"closed","template":"","meta":[],"_links":{"self":[{"href":"https:\/\/restore.24pm.be\/en\/wp-json\/wp\/v2\/pages\/711"}],"collection":[{"href":"https:\/\/restore.24pm.be\/en\/wp-json\/wp\/v2\/pages"}],"about":[{"href":"https:\/\/restore.24pm.be\/en\/wp-json\/wp\/v2\/types\/page"}],"author":[{"embeddable":true,"href":"https:\/\/restore.24pm.be\/en\/wp-json\/wp\/v2\/users\/1"}],"replies":[{"embeddable":true,"href":"https:\/\/restore.24pm.be\/en\/wp-json\/wp\/v2\/comments?post=711"}],"version-history":[{"count":3,"href":"https:\/\/restore.24pm.be\/en\/wp-json\/wp\/v2\/pages\/711\/revisions"}],"predecessor-version":[{"id":716,"href":"https:\/\/restore.24pm.be\/en\/wp-json\/wp\/v2\/pages\/711\/revisions\/716"}],"wp:attachment":[{"href":"https:\/\/restore.24pm.be\/en\/wp-json\/wp\/v2\/media?parent=711"}],"curies":[{"name":"wp","href":"https:\/\/api.w.org\/{rel}","templated":true}]}}