{"id":597,"date":"2021-05-17T10:57:54","date_gmt":"2021-05-17T08:57:54","guid":{"rendered":"https:\/\/new.24pm.be\/?page_id=597"},"modified":"2021-06-16T17:11:46","modified_gmt":"2021-06-16T15:11:46","slug":"metier-ouvrier-conciergerie","status":"publish","type":"page","link":"https:\/\/restore.24pm.be\/en\/metier-ouvrier-conciergerie\/","title":{"rendered":"metier-ouvrier-concierge"},"content":{"rendered":"<section class=\"u-align-center u-clearfix u-palette-1-base u-section-2\" id=\"sec-05ce\">\n      <div class=\"u-clearfix u-sheet u-valign-middle-lg u-valign-middle-md u-valign-middle-sm u-valign-middle-xs u-valign-top-xl u-sheet-1\">\n        <div class=\"u-clearfix u-expanded-width u-layout-wrap u-layout-wrap-1\">\n          <div class=\"u-layout\">\n            <div class=\"u-layout-row\">\n              <div class=\"u-container-style u-layout-cell u-size-30 u-layout-cell-1\">\n                <div class=\"u-container-layout u-container-layout-1\">\n                  <h1 class=\"u-text u-text-white u-text-1\">Concierge services and maintenance <!--[if !supportLists]--><!--[endif]--><\/h1>\n                  <div class=\"u-border-7 u-border-palette-2-base u-line u-line-horizontal u-line-1\"><\/div>\n                  <h4 class=\"u-text u-text-white u-text-2\">The little worries of professional life<br>\n                  <\/h4>\n                  <a href=\"#sec-7453\" class=\"u-align-left u-border-2 u-border-white u-btn u-btn-round u-button-style u-dialog-link u-palette-1-base u-radius-50 u-btn-1\">Be called back<\/a>\n                <\/div>\n              <\/div>\n              <div class=\"u-container-style u-layout-cell u-size-30 u-layout-cell-2\">\n                <div class=\"u-container-layout u-container-layout-2\"><span class=\"u-align-center u-border-2 u-border-grey-75 u-icon u-icon-circle u-spacing-68 u-white u-icon-1\"><svg class=\"u-svg-link\" preserveaspectratio=\"xMidYMin slice\" viewbox=\"0 0 512 512\" style=\"\"><use xlink:href=\"#svg-f5a4\"><\/use><\/svg><svg class=\"u-svg-content\" viewbox=\"0 0 512 512\" x=\"0px\" y=\"0px\" id=\"svg-f5a4\" style=\"enable-background:new 0 0 512 512;\"><g><g><path d=\"M207.902,152.307c-4.142,0-7.5,3.357-7.5,7.5v8.016c0,4.143,3.358,7.5,7.5,7.5c4.142,0,7.5-3.357,7.5-7.5v-8.016    C215.402,155.664,212.044,152.307,207.902,152.307z\"><\/path>\n<\/g>\n<\/g><g><g><path d=\"M304.096,152.307c-4.142,0-7.5,3.357-7.5,7.5v8.016c0,4.143,3.358,7.5,7.5,7.5c4.142,0,7.5-3.357,7.5-7.5v-8.016    C311.596,155.664,308.238,152.307,304.096,152.307z\"><\/path>\n<\/g>\n<\/g><g><g><path d=\"M285.385,210.652c-2.909-2.949-7.658-2.98-10.606-0.071c-2.737,2.701-9.298,5.855-18.78,5.855s-16.043-3.154-18.78-5.855    c-2.949-2.908-7.697-2.879-10.606,0.071c-2.91,2.948-2.878,7.696,0.07,10.606c6.459,6.373,17.418,10.178,29.316,10.178    c11.898,0,22.857-3.805,29.316-10.178C288.263,218.348,288.295,213.6,285.385,210.652z\"><\/path>\n<\/g>\n<\/g><g><g><path d=\"M415.977,350.876l-60.791-17.88l-21.632-28.842c-3.253-4.337-8.219-6.995-13.625-7.293c-0.107-0.006-0.211,0.004-0.318,0    v-21.238c25.013-17.396,42.617-44.741,47.019-76.252h4.459c14.617,0,27.154-10.861,28.543-24.727    c0.778-7.771-1.765-15.531-6.975-21.289c-2.522-2.786-5.568-4.991-8.917-6.532v-43.13h-0.006c0-0.607-0.068-1.218-0.218-1.819    l-19.494-77.977C360.505,9.827,347.919,0,333.416,0H178.582c-14.503,0-27.089,9.827-30.606,23.896l-19.494,77.978    c-0.15,0.602-0.218,1.212-0.218,1.819h-0.006v43.463c-8.631,4.115-14.93,12.266-15.891,21.859    c-0.778,7.771,1.764,15.53,6.974,21.289c5.214,5.762,12.658,9.066,20.425,9.066h5.598c4.399,31.522,22.003,58.87,47.023,76.264    v21.227c-0.106,0.004-0.211-0.006-0.318,0c-5.406,0.298-10.372,2.956-13.625,7.293l-21.632,28.842l-60.79,17.879    c-23.498,6.911-39.909,28.845-39.909,53.338V504.5c0,4.143,3.358,7.5,7.5,7.5c4.142,0,7.5-3.357,7.5-7.5V404.214    c0-17.885,11.983-33.9,29.142-38.947l61.064-17.96c8.299,8.515,18.328,15.727,29.576,21.436h-31.088    c-21.816,0-39.565,17.749-39.565,39.564c0,4.143,3.358,7.5,7.5,7.5c4.142,0,7.5-3.357,7.5-7.5    c0-13.545,11.02-24.564,24.565-24.564h96.192c37.488,0,72.345-13.518,94.682-36.436l61.064,17.96    c17.158,5.047,29.142,21.063,29.142,38.947V504.5c0,4.143,3.358,7.5,7.5,7.5c4.142,0,7.5-3.357,7.5-7.5V404.214    C455.886,379.721,439.475,357.787,415.977,350.876z M149.629,79.129h154.464c4.142,0,7.5-3.357,7.5-7.5c0-4.143-3.358-7.5-7.5-7.5    H153.379l9.148-36.594C164.373,20.154,170.974,15,178.582,15h154.834c7.608,0,14.209,5.154,16.055,12.535l9.148,36.594H336.16    c-4.142,0-7.5,3.357-7.5,7.5c0,4.143,3.358,7.5,7.5,7.5h26.209l4.266,17.064H145.363L149.629,79.129z M368.741,111.194v33.096    h-8.532c-4.705,0-8.532-3.827-8.532-8.532v-24.564H368.741z M143.257,111.193h17.064v24.564c0,4.705-3.828,8.532-8.532,8.532    h-8.532V111.193z M159.29,183.854c0-4.143-3.358-7.5-7.5-7.5c-4.142,0-7.5,3.357-7.5,7.5v0.517h-4.524    c-3.537,0-6.927-1.506-9.303-4.131c-2.407-2.66-3.533-6.115-3.17-9.729c0.63-6.292,6.612-11.221,13.618-11.221h10.88    c12.976,0,23.532-10.557,23.532-23.532v-24.564h161.354v24.564c0,12.976,10.557,23.532,23.532,23.532h12.024    c3.537,0,6.927,1.506,9.302,4.131c2.407,2.659,3.533,6.115,3.171,9.729c-0.63,6.292-6.611,11.221-13.617,11.221h-3.385v-0.438    c0-4.141-3.356-7.498-7.497-7.5c0,0-0.002,0-0.003,0c-4.14,0-7.497,3.354-7.5,7.494c-0.039,53.286-43.421,96.638-96.706,96.638    C202.673,280.564,159.29,237.181,159.29,183.854z M172.409,337.199l18.034-24.045c0.587-0.782,1.48-1.262,2.45-1.315    c0.616-0.03,1.508,0.091,2.244,0.876c8.659,9.229,21.849,16.366,37.14,20.097c0.04,0.02,0.188,0.179,0.188,0.438l0.002,33.501    C208.519,362.624,187.239,352.257,172.409,337.199z M264.534,333.249l-0.002,35.235c-5.641,0.342-11.424,0.342-17.064,0    l-0.002-35.235c0-7.167-4.783-13.339-11.633-15.01c-11.532-2.814-21.775-8.038-28.445-14.463v-19.358    c14.705,7.137,31.199,11.146,48.613,11.146c17.412,0,33.906-4.012,48.613-11.154v19.365c-6.671,6.425-16.913,11.649-28.446,14.463    C269.317,319.91,264.534,326.082,264.534,333.249z M279.532,366.75l0.002-33.501c0-0.259,0.148-0.418,0.188-0.438    c15.291-3.73,28.48-10.867,37.14-20.097c0.668-0.712,1.462-0.881,2.064-0.881c0.062,0,0.122,0.002,0.18,0.005    c0.97,0.054,1.862,0.533,2.449,1.315l18.034,24.045C324.759,352.257,303.479,362.624,279.532,366.75z\"><\/path>\n<\/g>\n<\/g><g><g><path d=\"M215.918,128.258h-16.032c-4.142,0-7.5,3.357-7.5,7.5s3.358,7.5,7.5,7.5h16.032c4.142,0,7.5-3.357,7.5-7.5    S220.061,128.258,215.918,128.258z\"><\/path>\n<\/g>\n<\/g><g><g><path d=\"M312.112,128.258H296.08c-4.142,0-7.5,3.357-7.5,7.5s3.357,7.5,7.5,7.5h16.032c4.142,0,7.5-3.357,7.5-7.5    S316.254,128.258,312.112,128.258z\"><\/path>\n<\/g>\n<\/g><g><g><path d=\"M127.741,432.871c-4.142,0-7.5,3.357-7.5,7.5V504.5c0,4.143,3.358,7.5,7.5,7.5s7.5-3.357,7.5-7.5v-64.129    C135.241,436.229,131.883,432.871,127.741,432.871z\"><\/path>\n<\/g>\n<\/g><g><g><path d=\"M159.886,408.822h-0.08c-4.142,0-7.46,3.357-7.46,7.5s3.398,7.5,7.54,7.5c4.142,0,7.5-3.357,7.5-7.5    S164.028,408.822,159.886,408.822z\"><\/path>\n<\/g>\n<\/g><g><g><path d=\"M352.273,408.822h-0.081c-4.142,0-7.46,3.357-7.46,7.5s3.398,7.5,7.541,7.5c4.143,0,7.5-3.357,7.5-7.5    S356.415,408.822,352.273,408.822z\"><\/path>\n<\/g>\n<\/g><g><g><path d=\"M352.273,448.903h-0.081c-4.142,0-7.46,3.357-7.46,7.5s3.398,7.5,7.541,7.5c4.143,0,7.5-3.357,7.5-7.5    S356.415,448.903,352.273,448.903z\"><\/path>\n<\/g>\n<\/g><g><g><path d=\"M159.886,448.903h-0.08c-4.142,0-7.46,3.357-7.46,7.5s3.398,7.5,7.54,7.5c4.142,0,7.5-3.357,7.5-7.5    S164.028,448.903,159.886,448.903z\"><\/path>\n<\/g>\n<\/g><g><g><path d=\"M352.273,488.983h-0.081c-4.142,0-7.46,3.357-7.46,7.5s3.398,7.5,7.541,7.5c4.143,0,7.5-3.357,7.5-7.5    S356.415,488.983,352.273,488.983z\"><\/path>\n<\/g>\n<\/g><g><g><path d=\"M159.886,488.983h-0.08c-4.142,0-7.46,3.357-7.46,7.5s3.398,7.5,7.54,7.5c4.142,0,7.5-3.357,7.5-7.5    S164.028,488.983,159.886,488.983z\"><\/path>\n<\/g>\n<\/g><\/svg><\/span>\n                <\/div>\n              <\/div>\n            <\/div>\n          <\/div>\n        <\/div>\n      <\/div>\n    <\/section>\n    <section class=\"u-align-center u-clearfix u-section-3\" id=\"carousel_4f02\">\n      <div class=\"u-expanded-width u-flip-vertical u-shape u-shape-svg u-text-palette-1-base u-shape-1\">\n        <svg class=\"u-svg-link\" preserveaspectratio=\"none\" viewbox=\"0 0 160 160\" style=\"\"><use xmlns:xlink=\"http:\/\/www.w3.org\/1999\/xlink\" xlink:href=\"#svg-4883\"><\/use><\/svg>\n        <svg class=\"u-svg-content\" viewbox=\"0 0 160 160\" x=\"0px\" y=\"0px\" id=\"svg-4883\"><path d=\"M155,160H5c-2.8,0-5-2.2-5-5.1V80.5c0-1.3,0.5-2.6,1.5-3.5l75-75.5c2-1.9,5.1-1.9,7,0l75,75.5c0.9,0.9,1.5,2.2,1.5,3.5v74.4\tC160,157.8,157.8,160,155,160z\"><\/path><\/svg>\n      <\/div>\n      <h2 class=\"u-align-center u-text u-text-body-alt-color u-text-1\">What can we do for you?<\/h2>\n      <div class=\"u-align-center u-border-4 u-border-palette-2-base u-line u-line-horizontal u-line-1\"><\/div>\n    <\/section>\n    <section class=\"u-clearfix u-section-4\" id=\"sec-b2b9\">\n      <div class=\"u-clearfix u-sheet u-sheet-1\">\n        <div class=\"u-clearfix u-expanded-width u-layout-wrap u-layout-wrap-1\">\n          <div class=\"u-layout\">\n            <div class=\"u-layout-row\">\n              <div class=\"u-size-27-lg u-size-27-md u-size-27-sm u-size-27-xs u-size-30-xl\">\n                <div class=\"u-layout-col\">\n                  <div class=\"u-container-style u-layout-cell u-size-60 u-layout-cell-1\">\n                    <div class=\"u-container-layout u-container-layout-1\">\n                      <p class=\"u-text u-text-default u-text-1\"> Our multi-skilled workers are selected for their\ncuriosity about the challenges of repairing what can be repaired and effectively\nyou can ask them to solve the various problems you may encounter in\nproblems you may encounter in the upkeep and maintenance of your\nmaintenance of your buildings. <\/p>\n                      <p class=\"u-text u-text-2\">\n                        <span style=\"font-weight: 700;\"> Its main mission:<\/span> anticipate... <span style=\"font-weight: 700;\">all<\/span>.<span style=\"font-weight: 700;\"><\/span>\n                      <\/p>\n                      <blockquote class=\"u-text u-text-3\"><i><i>Think about\nseveral small jobs in one pass to further reduce your costs.\ncosts.<\/i><\/i>\n                      <\/blockquote>\n                    <\/div>\n                  <\/div>\n                <\/div>\n              <\/div>\n              <div class=\"u-size-30-xl u-size-33-lg u-size-33-md u-size-33-sm u-size-33-xs\">\n                <div class=\"u-layout-col\">\n                  <div class=\"u-container-style u-layout-cell u-size-30 u-layout-cell-2\">\n                    <div class=\"u-container-layout u-container-layout-2\"><span class=\"u-align-center u-icon u-icon-circle u-text-palette-1-base u-icon-1\"><svg class=\"u-svg-link\" preserveaspectratio=\"xMidYMin slice\" viewbox=\"0 0 490.667 490.667\" style=\"\"><use xmlns:xlink=\"http:\/\/www.w3.org\/1999\/xlink\" xlink:href=\"#svg-4307\"><\/use><\/svg><svg class=\"u-svg-content\" viewbox=\"0 0 490.667 490.667\" x=\"0px\" y=\"0px\" id=\"svg-4307\" style=\"enable-background:new 0 0 490.667 490.667;\"><g><g><path d=\"M158.571,73.728l-21.333-36.949c-2.944-5.141-9.493-6.848-14.571-3.904c-5.099,2.944-6.848,9.451-3.904,14.571    l21.333,36.949c1.963,3.435,5.568,5.333,9.237,5.333c1.813,0,3.648-0.469,5.333-1.429    C159.765,85.333,161.515,78.827,158.571,73.728z\"><\/path>\n<\/g>\n<\/g><g><g><path d=\"M371.904,443.221l-21.333-36.949c-2.944-5.12-9.493-6.869-14.571-3.904c-5.12,2.944-6.869,9.472-3.904,14.571    l21.333,36.949c1.963,3.435,5.568,5.333,9.237,5.333c1.813,0,3.648-0.448,5.333-1.429    C373.12,454.848,374.869,448.32,371.904,443.221z\"><\/path>\n<\/g>\n<\/g><g><g><path d=\"M84.395,140.096l-36.949-21.333c-5.099-2.901-11.627-1.195-14.571,3.904c-2.965,5.099-1.216,11.627,3.904,14.571    l36.949,21.333c1.685,0.981,3.52,1.429,5.333,1.429c3.669,0,7.275-1.92,9.237-5.333C91.243,149.568,89.493,143.04,84.395,140.096z    \"><\/path>\n<\/g>\n<\/g><g><g><path d=\"M453.888,353.429l-36.949-21.333c-5.099-2.901-11.627-1.195-14.571,3.904s-1.195,11.627,3.904,14.571l36.949,21.333    c1.685,0.981,3.52,1.429,5.333,1.429c3.669,0,7.275-1.92,9.237-5.333C460.736,362.901,458.987,356.373,453.888,353.429z\"><\/path>\n<\/g>\n<\/g><g><g><path d=\"M88.299,336c-2.944-5.12-9.493-6.827-14.571-3.904l-36.949,21.333c-5.12,2.944-6.869,9.472-3.904,14.571    c1.963,3.413,5.568,5.333,9.237,5.333c1.813,0,3.648-0.448,5.333-1.429l36.949-21.333C89.515,347.627,91.264,341.099,88.299,336z\"><\/path>\n<\/g>\n<\/g><g><g><path d=\"M154.667,402.368c-5.12-2.923-11.648-1.216-14.571,3.904l-21.333,36.949c-2.944,5.099-1.195,11.627,3.904,14.571    c1.685,0.981,3.52,1.429,5.333,1.429c3.669,0,7.275-1.899,9.237-5.333l21.333-36.949    C161.515,411.84,159.765,405.312,154.667,402.368z\"><\/path>\n<\/g>\n<\/g><g><g><path d=\"M53.333,234.667H10.667C4.779,234.667,0,239.445,0,245.333S4.779,256,10.667,256h42.667C59.221,256,64,251.221,64,245.333    S59.221,234.667,53.333,234.667z\"><\/path>\n<\/g>\n<\/g><g><g><path d=\"M245.333,426.667c-5.888,0-10.667,4.779-10.667,10.667V480c0,5.888,4.779,10.667,10.667,10.667S256,485.888,256,480    v-42.667C256,431.445,251.221,426.667,245.333,426.667z\"><\/path>\n<\/g>\n<\/g><g><g><path d=\"M462.763,132.117l-45.824,26.453c-1.685,0.981-3.52,1.429-5.333,1.429c-3.669,0-7.275-1.92-9.237-5.333    c-2.965-5.099-1.216-11.627,3.904-14.571l45.739-26.411c-19.264-30.144-44.885-55.765-75.051-75.029l-26.411,45.739    c-1.963,3.435-5.568,5.333-9.237,5.333c-1.813,0-3.648-0.448-5.333-1.429c-5.099-2.944-6.848-9.472-3.904-14.571l26.453-45.803    C324.651,10.176,286.187,0,245.333,0c-5.888,0-10.667,4.779-10.667,10.667v234.667c0,5.888,4.779,10.667,10.667,10.667H480    c5.888,0,10.667-4.779,10.667-10.667C490.667,204.501,480.491,166.037,462.763,132.117z\"><\/path>\n<\/g>\n<\/g><\/svg><\/span>\n                      <p class=\"u-align-center u-text u-text-4\"> From \u20ac 7.5<\/p>\n                    <\/div>\n                  <\/div>\n                  <div class=\"u-container-style u-layout-cell u-size-30 u-layout-cell-3\">\n                    <div class=\"u-container-layout u-valign-bottom-lg u-valign-bottom-md u-valign-bottom-sm u-container-layout-3\">\n                      <a href=\"https:\/\/login.24pm.be\" class=\"u-align-center u-border-0 u-btn u-btn-round u-button-style u-hidden-md u-hidden-xs u-hover-palette-2-base u-palette-1-base u-radius-35 u-btn-1\" target=\"_blank\">See your rate by logging in<\/a>\n                      <a href=\"https:\/\/restore.24pm.be\/en\/metiers\/\" class=\"u-align-center-lg u-align-center-md u-align-center-sm u-align-center-xs u-btn u-btn-round u-button-style u-hidden-md u-hidden-xs u-hover-palette-4-base u-radius-50 u-btn-2\">See the other trades and shared services<\/a>\n                      <a href=\"https:\/\/restore.24pm.be\/en\/metiers\/\" class=\"u-active-none u-align-center-md u-align-center-sm u-align-center-xs u-border-2 u-border-palette-1-base u-btn u-btn-rectangle u-button-style u-hidden-lg u-hidden-sm u-hidden-xl u-hover-none u-none u-btn-3\">Other businesses and shared services<\/a>\n                      <a href=\"https:\/\/login.24pm.be\" class=\"u-active-none u-align-center-md u-align-center-sm u-align-center-xs u-border-2 u-border-palette-1-base u-btn u-btn-rectangle u-button-style u-hidden-lg u-hidden-sm u-hidden-xl u-hover-none u-none u-btn-4\">See your rate by logging in<\/a>\n                    <\/div>\n                  <\/div>\n                <\/div>\n              <\/div>\n            <\/div>\n          <\/div>\n        <\/div>\n      <\/div>\n    <\/section>\n    <section class=\"u-clearfix u-grey-5 u-section-5\" id=\"sec-0521\">\n      <div class=\"u-clearfix u-sheet u-valign-middle u-sheet-1\">\n        <div class=\"u-clearfix u-expanded-width-md u-expanded-width-sm u-expanded-width-xs u-gutter-0 u-layout-wrap u-layout-wrap-1\">\n          <div class=\"u-layout\">\n            <div class=\"u-layout-row\">\n              <div class=\"u-align-center-sm u-align-center-xs u-align-left-lg u-align-left-md u-align-left-xl u-container-style u-layout-cell u-left-cell u-size-13 u-layout-cell-1\">\n                <div class=\"u-container-layout u-valign-top u-container-layout-1\">\n                  <div alt=\"\" class=\"u-align-left u-image u-image-circle u-image-1\" src=\"\" data-image-width=\"852\" data-image-height=\"1280\"><\/div>\n                  <p class=\"u-align-center u-text u-text-1\"> Illustration<\/p>\n                <\/div>\n              <\/div>\n              <div class=\"u-align-center-sm u-align-center-xs u-align-left-lg u-align-left-md u-align-left-xl u-container-style u-layout-cell u-right-cell u-size-47 u-layout-cell-2\">\n                <div class=\"u-container-layout u-container-layout-2\">\n                  <h6 class=\"u-text u-text-2\">Typical profile of a 24PM employee<\/h6>\n                  <p class=\"u-text u-text-3\"> The typical profile is a multi-skilled worker at the end of his career\nwith experience in building management. <\/p>\n                <\/div>\n              <\/div>\n            <\/div>\n          <\/div>\n        <\/div>\n      <\/div>\n    <\/section>\n    <section class=\"u-clearfix u-white u-section-6\" id=\"sec-6b8b\">\n      <div class=\"u-clearfix u-sheet u-sheet-1\">\n        <h2 class=\"u-text u-text-1\">Not a 24PM member yet?<\/h2>\n        <p class=\"u-text u-text-2\"> Answer a few questions and benefit from our support for your projects starting next week:<\/p>\n        <div class=\"u-expanded-width u-shortcode u-shortcode-1\"><div class=\"frm_forms  with_frm_style frm_style_formidable-style\" id=\"frm_form_4_container\" >\n<form enctype=\"multipart\/form-data\" method=\"post\" class=\"frm-show-form  frm_js_validate  frm_ajax_submit  frm_pro_form  frm_ajax_submit  frm_slidein\" id=\"form_test24pm\" action=\"\" >\n<div class=\"frm_form_fields  frm_page_num_1\">\n<fieldset>\n<legend class=\"frm_screen_reader\">24PM Test<\/legend>\r\n\r\n<div class=\"frm_fields_container\">\n<div class=\"frm_rootline_group\"><ul class=\"frm_page_bar frm_rootline_8 frm_progress frm_progress_line frm_no_numbers\"><li class=\"frm_rootline_single frm_current_page\"><input type=\"button\" value=\"1\" data-page=\"\" class=\"frm_page_1\" disabled=\"disabled\" data-field=\"0\" aria-label=\"Page 1\"  \/><\/li><li class=\"frm_rootline_single\"><input type=\"button\" value=\"2\" data-page=\"2\" class=\"frm_page_skip frm_page_2\" data-field=\"48\" aria-label=\"Next\"  \/><\/li><li class=\"frm_rootline_single\"><input type=\"button\" value=\"3\" data-page=\"4\" class=\"frm_page_skip frm_page_3\" data-field=\"50\" aria-label=\"Next\"  \/><\/li><li class=\"frm_rootline_single\"><input type=\"button\" value=\"4\" data-page=\"6\" class=\"frm_page_skip frm_page_4\" data-field=\"54\" aria-label=\"Next\"  \/><\/li><li class=\"frm_rootline_single\"><input type=\"button\" value=\"5\" data-page=\"8\" class=\"frm_page_skip frm_page_5\" data-field=\"57\" aria-label=\"Next\"  \/><\/li><li class=\"frm_rootline_single\"><input type=\"button\" value=\"6\" data-page=\"10\" class=\"frm_page_skip frm_page_6\" data-field=\"60\" aria-label=\"Next\"  \/><\/li><li class=\"frm_rootline_single\"><input type=\"button\" value=\"7\" data-page=\"12\" class=\"frm_page_skip frm_page_7\" data-field=\"64\" aria-label=\"Next\"  \/><\/li><li class=\"frm_rootline_single\"><input type=\"button\" value=\"8\" data-page=\"14\" class=\"frm_page_skip frm_page_8\" data-field=\"68\" aria-label=\"Next\"  \/><\/li><\/ul><div class=\"frm_clearfix\"><\/div><\/div><input type=\"hidden\" name=\"frm_action\" value=\"create\" \/>\n<input type=\"hidden\" name=\"form_id\" value=\"4\" \/>\n<input type=\"hidden\" name=\"frm_hide_fields_4\" id=\"frm_hide_fields_4\" value=\"\" \/>\n<input type=\"hidden\" name=\"form_key\" value=\"test24pm\" \/>\n<input type=\"hidden\" name=\"item_meta[0]\" value=\"\" \/>\n<input type=\"hidden\" id=\"frm_submit_entry_4\" name=\"frm_submit_entry_4\" value=\"d0fef6ddb5\" \/><input type=\"hidden\" name=\"_wp_http_referer\" value=\"\/en\/wp-json\/wp\/v2\/pages\/597\" \/><div id=\"frm_field_46_container\" class=\"frm_form_field form-field  frm_top_container vertical_radio\">\r\n    <div  id=\"field_ax0e5_label\" class=\"frm_primary_label\">Which of the following defines your business? \r\n        <span class=\"frm_required\" aria-hidden=\"true\"><\/span>\r\n    <\/div>\r\n    <div class=\"frm_opt_container\" aria-labelledby=\"field_ax0e5_label\" role=\"radiogroup\">\t\t<div class=\"frm_radio\" id=\"frm_radio_46-0\">\t\t\t<label  for=\"field_ax0e5-0\">\n\t\t\t\t\t<input type=\"radio\" name=\"item_meta[46]\" id=\"field_ax0e5-0\" value=\"Ind\u00e9pendant(e)\"\n\t\t   data-invmsg=\"Laquelle de ces propositions d\u00e9finit votre activit\u00e9 ?  is invalid\"  \/> Self-employed<\/label><\/div>\n\t\t<div class=\"frm_radio\" id=\"frm_radio_46-1\">\t\t\t<label  for=\"field_ax0e5-1\">\n\t\t\t\t\t<input type=\"radio\" name=\"item_meta[46]\" id=\"field_ax0e5-1\" value=\"Entreprise priv\u00e9e\"\n\t\t   data-invmsg=\"Laquelle de ces propositions d\u00e9finit votre activit\u00e9 ?  is invalid\"  \/> Private company<\/label><\/div>\n\t\t<div class=\"frm_radio\" id=\"frm_radio_46-4\">\t\t\t<label  for=\"field_ax0e5-4\">\n\t\t\t\t\t<input type=\"radio\" name=\"item_meta[46]\" id=\"field_ax0e5-4\" value=\"Profession lib\u00e9rale\"\n\t\t   data-invmsg=\"Laquelle de ces propositions d\u00e9finit votre activit\u00e9 ?  is invalid\"  \/> Liberal profession<\/label><\/div>\n\t\t<div class=\"frm_radio\" id=\"frm_radio_46-3\">\t\t\t<label  for=\"field_ax0e5-3\">\n\t\t\t\t\t<input type=\"radio\" name=\"item_meta[46]\" id=\"field_ax0e5-3\" value=\"Secteur non-marchand public\"\n\t\t   data-invmsg=\"Laquelle de ces propositions d\u00e9finit votre activit\u00e9 ?  is invalid\"  \/> Public non-market sector<\/label><\/div>\n<\/div>\r\n    \r\n    \r\n<\/div>\n<input type=\"hidden\" name=\"frm_page_order_4\" id=\"frm_page_order_4\" value=\"2\" \/><input type=\"hidden\" name=\"item_meta[47]\" id=\"field_ckd4z-0\" value=\"\"     \/>\n<input type=\"hidden\" name=\"item_meta[50]\" id=\"field_v48ku\" value=\"\"     \/>\n<input type=\"hidden\" name=\"item_meta[51]\" id=\"field_8i9ai-0\" value=\"\"     \/>\n<input type=\"hidden\" name=\"item_meta[54]\" id=\"field_mnog7\" value=\"\"     \/>\n<input type=\"hidden\" name=\"item_meta[56]\" id=\"field_4cgcw-0\" value=\"\"     \/>\n<input type=\"hidden\" name=\"item_meta[57]\" id=\"field_ukq9v\" value=\"\"     \/>\n<input type=\"hidden\" name=\"item_meta[58]\" id=\"field_ekbdl-0\" value=\"\"     \/>\n<input type=\"hidden\" name=\"item_meta[60]\" id=\"field_v8y5v\" value=\"\"     \/>\n<input type=\"hidden\" name=\"item_meta[61]\" id=\"field_28sg3-0\" value=\"\"     \/>\n<input type=\"hidden\" name=\"item_meta[64]\" id=\"field_c0ig3\" value=\"\"     \/>\n<input type=\"hidden\" name=\"item_meta[62]\" id=\"field_t07pn-0\" value=\"\"     \/>\n<input type=\"hidden\" name=\"item_meta[68]\" id=\"field_r24mh\" value=\"\"     \/>\n<input type=\"hidden\" name=\"item_meta[69]\" id=\"field_fog2h\" value=\"\"     \/>\n<input type=\"hidden\" name=\"item_meta[72]\" id=\"field_qp9qn\" value=\"\"     \/>\n<input type=\"hidden\" name=\"item_meta[70]\" id=\"field_po0jy\" value=\"\"     \/>\n<input type=\"hidden\" name=\"item_meta[71]\" id=\"field_oskjh\" value=\"\"     \/>\n<input type=\"hidden\" name=\"item_meta[75]\" id=\"field_5o4yi-0\" value=\"\"     \/>\n\t<input type=\"hidden\" name=\"item_key\" value=\"\" \/>\n\t\t\t<div id=\"frm_field_132_container\">\n\t\t\t<label for=\"field_sv6eu\" >\n\t\t\t\tIf you are human, leave this field blank.\t\t\t<\/label>\n\t\t\t<input  id=\"field_sv6eu\" type=\"text\" class=\"frm_form_field form-field frm_verify\" name=\"item_meta[132]\" value=\"\"  \/>\n\t\t<\/div>\n\t\t<input name=\"frm_state\" type=\"hidden\" value=\"8f8spRLt6z5R6sIL1LgyniAW+AVKVSP2Ipqa\/AduLFk=\" \/><div class=\"frm_submit\">\r\n\r\n<button class=\"frm_button_submit\" type=\"submit\"  >Next<\/button>\r\n\r\n<\/div><\/div>\n<\/fieldset>\n<\/div>\n\n<p style=\"display: none !important;\" class=\"akismet-fields-container\" data-prefix=\"ak_\"><label>&#916;<textarea name=\"ak_hp_textarea\" cols=\"45\" rows=\"8\" maxlength=\"100\"><\/textarea><\/label><input type=\"hidden\" id=\"ak_js_1\" name=\"ak_js\" value=\"16\"\/><script>document.getElementById( \"ak_js_1\" ).setAttribute( \"value\", ( new Date() ).getTime() );<\/script><\/p><input type=\"hidden\" name=\"trp-form-language\" value=\"en\"\/><\/form>\n<\/div>\n<\/div>\n      <\/div>\n    <\/section>\n    <style class=\"u-overlap-style\">.u-overlap:not(.u-sticky-scroll) .u-header {\nbackground-color: #01334a !important\n}<\/style>","protected":false},"excerpt":{"rendered":"<p>Conciergerie et entretiens Les petits tracas de la vie professionnelle \u00catre rappel\u00e9 Que pouvons nous faire pour vous ? Nos ouvriers polyvalents sont s\u00e9lectionn\u00e9s pour leur curiosit\u00e9 aux d\u00e9fis de r\u00e9parer ce qui peut l\u2019\u00eatre et remplacer efficacement ce qui ne peut l\u2019\u00eatre, orient\u00e9s solutions vous pouvez leur demander de r\u00e9gler les diff\u00e9rents soucis que &hellip; <a href=\"https:\/\/restore.24pm.be\/en\/metier-ouvrier-conciergerie\/\" class=\"more-link\">Continue reading<span class=\"screen-reader-text\"> \u00ab\u00a0metier-ouvrier-conciergerie\u00a0\u00bb<\/span><\/a><\/p>","protected":false},"author":2,"featured_media":0,"parent":0,"menu_order":1,"comment_status":"closed","ping_status":"closed","template":"","meta":[],"_links":{"self":[{"href":"https:\/\/restore.24pm.be\/en\/wp-json\/wp\/v2\/pages\/597"}],"collection":[{"href":"https:\/\/restore.24pm.be\/en\/wp-json\/wp\/v2\/pages"}],"about":[{"href":"https:\/\/restore.24pm.be\/en\/wp-json\/wp\/v2\/types\/page"}],"author":[{"embeddable":true,"href":"https:\/\/restore.24pm.be\/en\/wp-json\/wp\/v2\/users\/2"}],"replies":[{"embeddable":true,"href":"https:\/\/restore.24pm.be\/en\/wp-json\/wp\/v2\/comments?post=597"}],"version-history":[{"count":2,"href":"https:\/\/restore.24pm.be\/en\/wp-json\/wp\/v2\/pages\/597\/revisions"}],"predecessor-version":[{"id":778,"href":"https:\/\/restore.24pm.be\/en\/wp-json\/wp\/v2\/pages\/597\/revisions\/778"}],"wp:attachment":[{"href":"https:\/\/restore.24pm.be\/en\/wp-json\/wp\/v2\/media?parent=597"}],"curies":[{"name":"wp","href":"https:\/\/api.w.org\/{rel}","templated":true}]}}