{"id":564,"date":"2021-05-16T20:16:25","date_gmt":"2021-05-16T18:16:25","guid":{"rendered":"https:\/\/new.24pm.be\/?page_id=564"},"modified":"2021-06-16T16:59:54","modified_gmt":"2021-06-16T14:59:54","slug":"metier-it-programmeur-web","status":"publish","type":"page","link":"https:\/\/restore.24pm.be\/en\/metier-it-programmeur-web\/","title":{"rendered":"metier-it-programmer-web"},"content":{"rendered":"<section class=\"u-align-center u-clearfix u-palette-1-base u-section-2\" id=\"sec-05ce\">\n      <div class=\"u-clearfix u-sheet u-valign-middle-lg u-valign-middle-md u-valign-middle-sm u-valign-middle-xs u-valign-top-xl u-sheet-1\">\n        <div class=\"u-clearfix u-expanded-width u-layout-wrap u-layout-wrap-1\">\n          <div class=\"u-layout\">\n            <div class=\"u-layout-row\">\n              <div class=\"u-container-style u-layout-cell u-size-30 u-layout-cell-1\">\n                <div class=\"u-container-layout u-container-layout-1\">\n                  <h1 class=\"u-text u-text-white u-text-1\">Web Programmer<br>\n                  <\/h1>\n                  <div class=\"u-border-7 u-border-palette-2-base u-line u-line-horizontal u-line-1\"><\/div>\n                  <h4 class=\"u-text u-text-white u-text-2\">The\nweb programming is the next step after site design<br>\n                  <\/h4>\n                  <a href=\"#sec-7453\" class=\"u-align-left u-border-2 u-border-white u-btn u-btn-round u-button-style u-dialog-link u-palette-1-base u-radius-50 u-btn-1\">Be called back<\/a>\n                <\/div>\n              <\/div>\n              <div class=\"u-container-style u-layout-cell u-size-30 u-layout-cell-2\">\n                <div class=\"u-container-layout u-container-layout-2\"><span class=\"u-align-center u-border-2 u-border-grey-75 u-icon u-icon-circle u-spacing-68 u-white u-icon-1\"><svg class=\"u-svg-link\" preserveaspectratio=\"xMidYMin slice\" viewbox=\"0 0 585.918 585.918\" style=\"\"><use xlink:href=\"#svg-fc09\"><\/use><\/svg><svg class=\"u-svg-content\" viewbox=\"0 0 585.918 585.918\" x=\"0px\" y=\"0px\" id=\"svg-fc09\" style=\"enable-background:new 0 0 585.918 585.918;\"><g><g><path d=\"M271.054,252.982c-4.829,0.095-8.082,0.676-9.804,1.25v35.428c2.021,0.529,4.507,0.704,7.932,0.704    c12.698-0.012,20.609-7.423,20.609-19.862C289.79,259.308,282.987,252.764,271.054,252.982z\"><\/path><path d=\"M74.444,255.99c-4.659,0.087-7.798,0.617-9.459,1.14v32.322c1.95,0.483,4.349,0.642,7.653,0.642    c12.252-0.011,19.884-6.772,19.884-18.121C92.522,261.761,85.959,255.791,74.444,255.99z\"><\/path>\n<\/g><path d=\"M537.12,48.969h-177.39c-0.782,0-1.563,0.077-2.33,0.113V0L11.171,46.206v492.311l346.23,47.401V535.33   c0.767,0.047,1.543,0.109,2.33,0.109h177.39c20.745,0,37.627-16.883,37.627-37.627V86.597   C574.748,65.854,557.865,48.969,537.12,48.969z M106.267,297.674c-8.052,8.063-19.85,11.601-33.483,11.496   c-3.002-0.022-5.713-0.21-7.797-0.547v39.146l-22.321-0.584V240.299c6.897-1.461,16.665-2.682,30.575-3.036   c14.247-0.367,24.53,2.331,31.476,8.121c6.674,5.494,11.223,14.725,11.223,25.701C115.939,282.061,112.493,291.374,106.267,297.674   z M214.667,349.965l-24.012-0.648V302.57l-38.381-0.095v45.819l-22.639-0.606V239.516l22.639-0.716v42.073l38.381-0.349v-42.93   l24.012-0.753V349.965z M304.035,298.672c-8.345,8.838-20.573,12.716-34.703,12.601c-3.111-0.024-5.921-0.23-8.081-0.6v42.908   l-23.134-0.64V235.784c7.148-1.601,17.272-2.94,31.689-3.328c14.766-0.402,25.424,2.555,32.623,8.901   c6.917,6.022,11.632,16.14,11.632,28.171C314.06,281.558,310.488,291.766,304.035,298.672z M553.245,497.821   c0,8.893-7.233,16.127-16.125,16.127h-177.39c-0.792,0-1.563-0.127-2.33-0.243V330.148l33.16-124.759h-21.75l-11.411,42.925V70.711   c0.767-0.113,1.532-0.236,2.33-0.236h177.39c8.892,0,16.125,7.236,16.125,16.126V497.821z\"><\/path><polygon points=\"408.325,254.732 488.214,292.767 488.214,293.244 408.325,331.272 408.325,356.632 511.691,303.996    511.691,282.006 408.325,229.374  \"><\/polygon>\n<\/g><\/svg><\/span>\n                <\/div>\n              <\/div>\n            <\/div>\n          <\/div>\n        <\/div>\n      <\/div>\n    <\/section>\n    <section class=\"u-align-center u-clearfix u-section-3\" id=\"carousel_4f02\">\n      <div class=\"u-expanded-width u-flip-vertical u-shape u-shape-svg u-text-palette-1-base u-shape-1\">\n        <svg class=\"u-svg-link\" preserveaspectratio=\"none\" viewbox=\"0 0 160 160\" style=\"\"><use xmlns:xlink=\"http:\/\/www.w3.org\/1999\/xlink\" xlink:href=\"#svg-4883\"><\/use><\/svg>\n        <svg class=\"u-svg-content\" viewbox=\"0 0 160 160\" x=\"0px\" y=\"0px\" id=\"svg-4883\"><path d=\"M155,160H5c-2.8,0-5-2.2-5-5.1V80.5c0-1.3,0.5-2.6,1.5-3.5l75-75.5c2-1.9,5.1-1.9,7,0l75,75.5c0.9,0.9,1.5,2.2,1.5,3.5v74.4\tC160,157.8,157.8,160,155,160z\"><\/path><\/svg>\n      <\/div>\n      <h2 class=\"u-align-center u-text u-text-body-alt-color u-text-1\">What can we do for you?<\/h2>\n      <div class=\"u-align-center u-border-4 u-border-palette-2-base u-line u-line-horizontal u-line-1\"><\/div>\n    <\/section>\n    <section class=\"u-clearfix u-section-4\" id=\"sec-b2b9\">\n      <div class=\"u-clearfix u-sheet u-sheet-1\">\n        <div class=\"u-clearfix u-expanded-width u-layout-wrap u-layout-wrap-1\">\n          <div class=\"u-layout\">\n            <div class=\"u-layout-row\">\n              <div class=\"u-size-27-lg u-size-27-md u-size-27-sm u-size-27-xs u-size-30-xl\">\n                <div class=\"u-layout-col\">\n                  <div class=\"u-container-style u-layout-cell u-size-60 u-layout-cell-1\">\n                    <div class=\"u-container-layout u-container-layout-1\">\n                      <p class=\"u-text u-text-1\"> Our programmers are proficient in several web programming\nprogramming languages (ASP, PHP, ColdFuson, CodeChargen Python, Java, Ruby, etc.).<br>\n                      <\/p>\n                      <p class=\"u-text u-text-2\"> At 24PM, we also specialize in the mastery of\nlanguages<span style=\"font-weight: 700;\"> 5th generation<\/span> enabling extremely fast production\npowerful systems: the <span style=\"font-weight: 700;\">WLanguage<\/span> from PCSOFT, enabling us to develop\ndevelop 10x faster on average, while still being able to output PHP code\ncode. \n                      <\/p>\n                      <p class=\"u-text u-text-3\"> Sample text. Lorem ipsum dolor sit amet, consectetur adipiscing elit nullam nunc justo sagittis suscipit ultrices.<\/p>\n                      <blockquote class=\"u-text u-text-4\"> Sample text. Lorem ipsum dolor sit amet, consectetur adipiscing elit nullam nunc justo sagittis suscipit ultrices.<\/blockquote>\n                    <\/div>\n                  <\/div>\n                <\/div>\n              <\/div>\n              <div class=\"u-size-30-xl u-size-33-lg u-size-33-md u-size-33-sm u-size-33-xs\">\n                <div class=\"u-layout-col\">\n                  <div class=\"u-container-style u-layout-cell u-size-30 u-layout-cell-2\">\n                    <div class=\"u-container-layout u-container-layout-2\"><span class=\"u-align-center u-icon u-icon-circle u-text-palette-1-base u-icon-1\"><svg class=\"u-svg-link\" preserveaspectratio=\"xMidYMin slice\" viewbox=\"0 0 490.667 490.667\" style=\"\"><use xmlns:xlink=\"http:\/\/www.w3.org\/1999\/xlink\" xlink:href=\"#svg-4307\"><\/use><\/svg><svg class=\"u-svg-content\" viewbox=\"0 0 490.667 490.667\" x=\"0px\" y=\"0px\" id=\"svg-4307\" style=\"enable-background:new 0 0 490.667 490.667;\"><g><g><path d=\"M158.571,73.728l-21.333-36.949c-2.944-5.141-9.493-6.848-14.571-3.904c-5.099,2.944-6.848,9.451-3.904,14.571    l21.333,36.949c1.963,3.435,5.568,5.333,9.237,5.333c1.813,0,3.648-0.469,5.333-1.429    C159.765,85.333,161.515,78.827,158.571,73.728z\"><\/path>\n<\/g>\n<\/g><g><g><path d=\"M371.904,443.221l-21.333-36.949c-2.944-5.12-9.493-6.869-14.571-3.904c-5.12,2.944-6.869,9.472-3.904,14.571    l21.333,36.949c1.963,3.435,5.568,5.333,9.237,5.333c1.813,0,3.648-0.448,5.333-1.429    C373.12,454.848,374.869,448.32,371.904,443.221z\"><\/path>\n<\/g>\n<\/g><g><g><path d=\"M84.395,140.096l-36.949-21.333c-5.099-2.901-11.627-1.195-14.571,3.904c-2.965,5.099-1.216,11.627,3.904,14.571    l36.949,21.333c1.685,0.981,3.52,1.429,5.333,1.429c3.669,0,7.275-1.92,9.237-5.333C91.243,149.568,89.493,143.04,84.395,140.096z    \"><\/path>\n<\/g>\n<\/g><g><g><path d=\"M453.888,353.429l-36.949-21.333c-5.099-2.901-11.627-1.195-14.571,3.904s-1.195,11.627,3.904,14.571l36.949,21.333    c1.685,0.981,3.52,1.429,5.333,1.429c3.669,0,7.275-1.92,9.237-5.333C460.736,362.901,458.987,356.373,453.888,353.429z\"><\/path>\n<\/g>\n<\/g><g><g><path d=\"M88.299,336c-2.944-5.12-9.493-6.827-14.571-3.904l-36.949,21.333c-5.12,2.944-6.869,9.472-3.904,14.571    c1.963,3.413,5.568,5.333,9.237,5.333c1.813,0,3.648-0.448,5.333-1.429l36.949-21.333C89.515,347.627,91.264,341.099,88.299,336z\"><\/path>\n<\/g>\n<\/g><g><g><path d=\"M154.667,402.368c-5.12-2.923-11.648-1.216-14.571,3.904l-21.333,36.949c-2.944,5.099-1.195,11.627,3.904,14.571    c1.685,0.981,3.52,1.429,5.333,1.429c3.669,0,7.275-1.899,9.237-5.333l21.333-36.949    C161.515,411.84,159.765,405.312,154.667,402.368z\"><\/path>\n<\/g>\n<\/g><g><g><path d=\"M53.333,234.667H10.667C4.779,234.667,0,239.445,0,245.333S4.779,256,10.667,256h42.667C59.221,256,64,251.221,64,245.333    S59.221,234.667,53.333,234.667z\"><\/path>\n<\/g>\n<\/g><g><g><path d=\"M245.333,426.667c-5.888,0-10.667,4.779-10.667,10.667V480c0,5.888,4.779,10.667,10.667,10.667S256,485.888,256,480    v-42.667C256,431.445,251.221,426.667,245.333,426.667z\"><\/path>\n<\/g>\n<\/g><g><g><path d=\"M462.763,132.117l-45.824,26.453c-1.685,0.981-3.52,1.429-5.333,1.429c-3.669,0-7.275-1.92-9.237-5.333    c-2.965-5.099-1.216-11.627,3.904-14.571l45.739-26.411c-19.264-30.144-44.885-55.765-75.051-75.029l-26.411,45.739    c-1.963,3.435-5.568,5.333-9.237,5.333c-1.813,0-3.648-0.448-5.333-1.429c-5.099-2.944-6.848-9.472-3.904-14.571l26.453-45.803    C324.651,10.176,286.187,0,245.333,0c-5.888,0-10.667,4.779-10.667,10.667v234.667c0,5.888,4.779,10.667,10.667,10.667H480    c5.888,0,10.667-4.779,10.667-10.667C490.667,204.501,480.491,166.037,462.763,132.117z\"><\/path>\n<\/g>\n<\/g><\/svg><\/span>\n                      <p class=\"u-align-center u-text u-text-5\"> From \u20ac 7.5<\/p>\n                    <\/div>\n                  <\/div>\n                  <div class=\"u-container-style u-layout-cell u-size-30 u-layout-cell-3\">\n                    <div class=\"u-container-layout u-valign-bottom-lg u-valign-bottom-md u-valign-bottom-sm u-container-layout-3\">\n                      <a href=\"https:\/\/login.24pm.be\" class=\"u-align-center u-border-0 u-btn u-btn-round u-button-style u-hidden-md u-hidden-xs u-hover-palette-2-base u-palette-1-base u-radius-35 u-btn-1\" target=\"_blank\">See your rate by logging in<\/a>\n                      <a href=\"https:\/\/restore.24pm.be\/en\/metiers\/\" class=\"u-align-center-lg u-align-center-md u-align-center-sm u-align-center-xs u-btn u-btn-round u-button-style u-hidden-md u-hidden-xs u-hover-palette-4-base u-radius-50 u-btn-2\">See the other trades and shared services<\/a>\n                      <a href=\"https:\/\/restore.24pm.be\/en\/metiers\/\" class=\"u-active-none u-align-center-md u-align-center-sm u-align-center-xs u-border-2 u-border-palette-1-base u-btn u-btn-rectangle u-button-style u-hidden-lg u-hidden-sm u-hidden-xl u-hover-none u-none u-btn-3\">Other businesses and shared services<\/a>\n                      <a href=\"https:\/\/login.24pm.be\" class=\"u-active-none u-align-center-md u-align-center-sm u-align-center-xs u-border-2 u-border-palette-1-base u-btn u-btn-rectangle u-button-style u-hidden-lg u-hidden-sm u-hidden-xl u-hover-none u-none u-btn-4\">See your rate by logging in<\/a>\n                    <\/div>\n                  <\/div>\n                <\/div>\n              <\/div>\n            <\/div>\n          <\/div>\n        <\/div>\n      <\/div>\n    <\/section>\n    <section class=\"u-clearfix u-section-5\" id=\"sec-2cdb\">\n      <div class=\"u-clearfix u-sheet u-sheet-1\">\n        <h4 class=\"u-text u-text-1\">Programming examples<br>\n        <\/h4>\n        <div class=\"u-border-3 u-border-palette-2-base u-line u-line-horizontal u-line-1\"><\/div>\n        <ul class=\"u-custom-list u-text u-text-2\">\n          <li>\n            <div class=\"u-list-icon u-list-icon-1\">\n              <svg class=\"u-svg-content\" viewbox=\"0 0 512 512\" id=\"svg-aaa6\"><path d=\"m202.6 478-202.6-186.6 70.5-76.6 121.5 111.9 239.4-292.7 80.6 65.9z\" fill=\"currentColor\"><\/path><\/svg>\n            <\/div><!--[if !supportLists]-->\n          <\/li>\n          <li>&nbsp; Dynamic websites&nbsp;<\/li>\n          <li>\n            <div class=\"u-list-icon u-list-icon-1\">\n              <svg class=\"u-svg-content\" viewbox=\"0 0 512 512\" id=\"svg-aaa6\"><path d=\"m202.6 478-202.6-186.6 70.5-76.6 121.5 111.9 239.4-292.7 80.6 65.9z\" fill=\"currentColor\"><\/path><\/svg>\n            <\/div>&nbsp;E-Commerce&nbsp;\n          <\/li>\n          <li>\n            <div class=\"u-list-icon u-list-icon-1\">\n              <svg class=\"u-svg-content\" viewbox=\"0 0 512 512\" id=\"svg-aaa6\"><path d=\"m202.6 478-202.6-186.6 70.5-76.6 121.5 111.9 239.4-292.7 80.6 65.9z\" fill=\"currentColor\"><\/path><\/svg>\n            <\/div>&nbsp;Community websites&nbsp;\n          <\/li>\n          <li>\n            <div class=\"u-list-icon u-list-icon-1\">\n              <svg class=\"u-svg-content\" viewbox=\"0 0 512 512\" id=\"svg-aaa6\"><path d=\"m202.6 478-202.6-186.6 70.5-76.6 121.5 111.9 239.4-292.7 80.6 65.9z\" fill=\"currentColor\"><\/path><\/svg>\n            <\/div>&nbsp;News media&nbsp;\n          <\/li>\n          <li>\n            <div class=\"u-list-icon u-list-icon-1\">\n              <svg class=\"u-svg-content\" viewbox=\"0 0 512 512\" id=\"svg-aaa6\"><path d=\"m202.6 478-202.6-186.6 70.5-76.6 121.5 111.9 239.4-292.7 80.6 65.9z\" fill=\"currentColor\"><\/path><\/svg>\n            <\/div>&nbsp;Directories\nIntranet&nbsp;\n          <\/li>\n          <li>\n            <div class=\"u-list-icon u-list-icon-1\">\n              <svg class=\"u-svg-content\" viewbox=\"0 0 512 512\" id=\"svg-aaa6\"><path d=\"m202.6 478-202.6-186.6 70.5-76.6 121.5 111.9 239.4-292.7 80.6 65.9z\" fill=\"currentColor\"><\/path><\/svg>\n            <\/div>&nbsp;Platforms&nbsp;\n          <\/li>\n          <li>\n            <div class=\"u-list-icon u-list-icon-1\">\n              <svg class=\"u-svg-content\" viewbox=\"0 0 512 512\" id=\"svg-aaa6\"><path d=\"m202.6 478-202.6-186.6 70.5-76.6 121.5 111.9 239.4-292.7 80.6 65.9z\" fill=\"currentColor\"><\/path><\/svg>\n            <\/div>&nbsp;Webservices&nbsp;\n          <\/li>\n          <li>\n            <div class=\"u-list-icon u-list-icon-1\">\n              <svg class=\"u-svg-content\" viewbox=\"0 0 512 512\" id=\"svg-aaa6\"><path d=\"m202.6 478-202.6-186.6 70.5-76.6 121.5 111.9 239.4-292.7 80.6 65.9z\" fill=\"currentColor\"><\/path><\/svg>\n            <\/div>Plugins\n          <\/li>\n          <li>\n            <div class=\"u-list-icon u-list-icon-1\">\n              <svg class=\"u-svg-content\" viewbox=\"0 0 512 512\" id=\"svg-aaa6\"><path d=\"m202.6 478-202.6-186.6 70.5-76.6 121.5 111.9 239.4-292.7 80.6 65.9z\" fill=\"currentColor\"><\/path><\/svg>\n            <\/div>...&nbsp;<br>\n          <\/li>\n        <\/ul>\n      <\/div>\n    <\/section>\n    <section class=\"u-clearfix u-grey-5 u-section-6\" id=\"sec-0521\">\n      <div class=\"u-clearfix u-sheet u-valign-middle u-sheet-1\">\n        <div class=\"u-clearfix u-expanded-width-md u-expanded-width-sm u-expanded-width-xs u-gutter-0 u-layout-wrap u-layout-wrap-1\">\n          <div class=\"u-layout\">\n            <div class=\"u-layout-row\">\n              <div class=\"u-align-center-sm u-align-center-xs u-align-left-lg u-align-left-md u-align-left-xl u-container-style u-layout-cell u-left-cell u-size-13 u-layout-cell-1\">\n                <div class=\"u-container-layout u-valign-top u-container-layout-1\">\n                  <div alt=\"\" class=\"u-align-left u-image u-image-circle u-image-1\" src=\"\" data-image-width=\"1280\" data-image-height=\"854\"><\/div>\n                  <p class=\"u-align-center u-text u-text-1\"> Illustration<\/p>\n                <\/div>\n              <\/div>\n              <div class=\"u-align-center-sm u-align-center-xs u-align-left-lg u-align-left-md u-align-left-xl u-container-style u-layout-cell u-right-cell u-size-47 u-layout-cell-2\">\n                <div class=\"u-container-layout u-container-layout-2\">\n                  <h6 class=\"u-text u-text-2\">Typical profile of a 24PM employee<\/h6>\n                  <p class=\"u-text u-text-3\"> The typical Web programmer is either self-taught or has a specific\nspecific diploma in his or her field, for critical developments we have\nwe have multi-disciplinary teams that tackle problems in a collegial manner.\nIndeed, for certain complex web applications, we prefer to advise one of our\none of our web architecture engineers to ensure that your projects\nand scalability. <br>\n                  <\/p>\n                <\/div>\n              <\/div>\n            <\/div>\n          <\/div>\n        <\/div>\n      <\/div>\n    <\/section>\n    <section class=\"u-clearfix u-white u-section-7\" id=\"sec-6b8b\">\n      <div class=\"u-clearfix u-sheet u-sheet-1\">\n        <h2 class=\"u-text u-text-1\">Not a 24PM member yet?<\/h2>\n        <p class=\"u-text u-text-2\"> Answer a few questions and benefit from our support for your projects starting next week:<\/p>\n        <div class=\"u-expanded-width u-shortcode u-shortcode-1\"><div class=\"frm_forms  with_frm_style frm_style_formidable-style\" id=\"frm_form_4_container\" >\n<form enctype=\"multipart\/form-data\" method=\"post\" class=\"frm-show-form  frm_js_validate  frm_ajax_submit  frm_pro_form  frm_ajax_submit  frm_slidein\" id=\"form_test24pm\" action=\"\" >\n<div class=\"frm_form_fields  frm_page_num_1\">\n<fieldset>\n<legend class=\"frm_screen_reader\">24PM Test<\/legend>\r\n\r\n<div class=\"frm_fields_container\">\n<div class=\"frm_rootline_group\"><ul class=\"frm_page_bar frm_rootline_8 frm_progress frm_progress_line frm_no_numbers\"><li class=\"frm_rootline_single frm_current_page\"><input type=\"button\" value=\"1\" data-page=\"\" class=\"frm_page_1\" disabled=\"disabled\" data-field=\"0\" aria-label=\"Page 1\"  \/><\/li><li class=\"frm_rootline_single\"><input type=\"button\" value=\"2\" data-page=\"2\" class=\"frm_page_skip frm_page_2\" data-field=\"48\" aria-label=\"Next\"  \/><\/li><li class=\"frm_rootline_single\"><input type=\"button\" value=\"3\" data-page=\"4\" class=\"frm_page_skip frm_page_3\" data-field=\"50\" aria-label=\"Next\"  \/><\/li><li class=\"frm_rootline_single\"><input type=\"button\" value=\"4\" data-page=\"6\" class=\"frm_page_skip frm_page_4\" data-field=\"54\" aria-label=\"Next\"  \/><\/li><li class=\"frm_rootline_single\"><input type=\"button\" value=\"5\" data-page=\"8\" class=\"frm_page_skip frm_page_5\" data-field=\"57\" aria-label=\"Next\"  \/><\/li><li class=\"frm_rootline_single\"><input type=\"button\" value=\"6\" data-page=\"10\" class=\"frm_page_skip frm_page_6\" data-field=\"60\" aria-label=\"Next\"  \/><\/li><li class=\"frm_rootline_single\"><input type=\"button\" value=\"7\" data-page=\"12\" class=\"frm_page_skip frm_page_7\" data-field=\"64\" aria-label=\"Next\"  \/><\/li><li class=\"frm_rootline_single\"><input type=\"button\" value=\"8\" data-page=\"14\" class=\"frm_page_skip frm_page_8\" data-field=\"68\" aria-label=\"Next\"  \/><\/li><\/ul><div class=\"frm_clearfix\"><\/div><\/div><input type=\"hidden\" name=\"frm_action\" value=\"create\" \/>\n<input type=\"hidden\" name=\"form_id\" value=\"4\" \/>\n<input type=\"hidden\" name=\"frm_hide_fields_4\" id=\"frm_hide_fields_4\" value=\"\" \/>\n<input type=\"hidden\" name=\"form_key\" value=\"test24pm\" \/>\n<input type=\"hidden\" name=\"item_meta[0]\" value=\"\" \/>\n<input type=\"hidden\" id=\"frm_submit_entry_4\" name=\"frm_submit_entry_4\" value=\"d0fef6ddb5\" \/><input type=\"hidden\" name=\"_wp_http_referer\" value=\"\/en\/wp-json\/wp\/v2\/pages\/564\" \/><div id=\"frm_field_46_container\" class=\"frm_form_field form-field  frm_top_container vertical_radio\">\r\n    <div  id=\"field_ax0e5_label\" class=\"frm_primary_label\">Which of the following defines your business? \r\n        <span class=\"frm_required\" aria-hidden=\"true\"><\/span>\r\n    <\/div>\r\n    <div class=\"frm_opt_container\" aria-labelledby=\"field_ax0e5_label\" role=\"radiogroup\">\t\t<div class=\"frm_radio\" id=\"frm_radio_46-0\">\t\t\t<label  for=\"field_ax0e5-0\">\n\t\t\t\t\t<input type=\"radio\" name=\"item_meta[46]\" id=\"field_ax0e5-0\" value=\"Ind\u00e9pendant(e)\"\n\t\t   data-invmsg=\"Laquelle de ces propositions d\u00e9finit votre activit\u00e9 ?  is invalid\"  \/> Self-employed<\/label><\/div>\n\t\t<div class=\"frm_radio\" id=\"frm_radio_46-1\">\t\t\t<label  for=\"field_ax0e5-1\">\n\t\t\t\t\t<input type=\"radio\" name=\"item_meta[46]\" id=\"field_ax0e5-1\" value=\"Entreprise priv\u00e9e\"\n\t\t   data-invmsg=\"Laquelle de ces propositions d\u00e9finit votre activit\u00e9 ?  is invalid\"  \/> Private company<\/label><\/div>\n\t\t<div class=\"frm_radio\" id=\"frm_radio_46-4\">\t\t\t<label  for=\"field_ax0e5-4\">\n\t\t\t\t\t<input type=\"radio\" name=\"item_meta[46]\" id=\"field_ax0e5-4\" value=\"Profession lib\u00e9rale\"\n\t\t   data-invmsg=\"Laquelle de ces propositions d\u00e9finit votre activit\u00e9 ?  is invalid\"  \/> Liberal profession<\/label><\/div>\n\t\t<div class=\"frm_radio\" id=\"frm_radio_46-3\">\t\t\t<label  for=\"field_ax0e5-3\">\n\t\t\t\t\t<input type=\"radio\" name=\"item_meta[46]\" id=\"field_ax0e5-3\" value=\"Secteur non-marchand public\"\n\t\t   data-invmsg=\"Laquelle de ces propositions d\u00e9finit votre activit\u00e9 ?  is invalid\"  \/> Public non-market sector<\/label><\/div>\n<\/div>\r\n    \r\n    \r\n<\/div>\n<input type=\"hidden\" name=\"frm_page_order_4\" id=\"frm_page_order_4\" value=\"2\" \/><input type=\"hidden\" name=\"item_meta[47]\" id=\"field_ckd4z-0\" value=\"\"     \/>\n<input type=\"hidden\" name=\"item_meta[50]\" id=\"field_v48ku\" value=\"\"     \/>\n<input type=\"hidden\" name=\"item_meta[51]\" id=\"field_8i9ai-0\" value=\"\"     \/>\n<input type=\"hidden\" name=\"item_meta[54]\" id=\"field_mnog7\" value=\"\"     \/>\n<input type=\"hidden\" name=\"item_meta[56]\" id=\"field_4cgcw-0\" value=\"\"     \/>\n<input type=\"hidden\" name=\"item_meta[57]\" id=\"field_ukq9v\" value=\"\"     \/>\n<input type=\"hidden\" name=\"item_meta[58]\" id=\"field_ekbdl-0\" value=\"\"     \/>\n<input type=\"hidden\" name=\"item_meta[60]\" id=\"field_v8y5v\" value=\"\"     \/>\n<input type=\"hidden\" name=\"item_meta[61]\" id=\"field_28sg3-0\" value=\"\"     \/>\n<input type=\"hidden\" name=\"item_meta[64]\" id=\"field_c0ig3\" value=\"\"     \/>\n<input type=\"hidden\" name=\"item_meta[62]\" id=\"field_t07pn-0\" value=\"\"     \/>\n<input type=\"hidden\" name=\"item_meta[68]\" id=\"field_r24mh\" value=\"\"     \/>\n<input type=\"hidden\" name=\"item_meta[69]\" id=\"field_fog2h\" value=\"\"     \/>\n<input type=\"hidden\" name=\"item_meta[72]\" id=\"field_qp9qn\" value=\"\"     \/>\n<input type=\"hidden\" name=\"item_meta[70]\" id=\"field_po0jy\" value=\"\"     \/>\n<input type=\"hidden\" name=\"item_meta[71]\" id=\"field_oskjh\" value=\"\"     \/>\n<input type=\"hidden\" name=\"item_meta[75]\" id=\"field_5o4yi-0\" value=\"\"     \/>\n\t<input type=\"hidden\" name=\"item_key\" value=\"\" \/>\n\t\t\t<div id=\"frm_field_132_container\">\n\t\t\t<label for=\"field_a7eln\" >\n\t\t\t\tIf you are human, leave this field blank.\t\t\t<\/label>\n\t\t\t<input  id=\"field_a7eln\" type=\"text\" class=\"frm_form_field form-field frm_verify\" name=\"item_meta[132]\" value=\"\"  \/>\n\t\t<\/div>\n\t\t<input name=\"frm_state\" type=\"hidden\" value=\"8f8spRLt6z5R6sIL1LgyniAW+AVKVSP2Ipqa\/AduLFk=\" \/><div class=\"frm_submit\">\r\n\r\n<button class=\"frm_button_submit\" type=\"submit\"  >Next<\/button>\r\n\r\n<\/div><\/div>\n<\/fieldset>\n<\/div>\n\n<p style=\"display: none !important;\" class=\"akismet-fields-container\" data-prefix=\"ak_\"><label>&#916;<textarea name=\"ak_hp_textarea\" cols=\"45\" rows=\"8\" maxlength=\"100\"><\/textarea><\/label><input type=\"hidden\" id=\"ak_js_1\" name=\"ak_js\" value=\"22\"\/><script>document.getElementById( \"ak_js_1\" ).setAttribute( \"value\", ( new Date() ).getTime() );<\/script><\/p><input type=\"hidden\" name=\"trp-form-language\" value=\"en\"\/><\/form>\n<\/div>\n<\/div>\n      <\/div>\n    <\/section>\n    <style class=\"u-overlap-style\">.u-overlap:not(.u-sticky-scroll) .u-header {\nbackground-color: #01334a !important\n}<\/style>","protected":false},"excerpt":{"rendered":"<p>Programmeur Web La programmation web est l\u2019\u00e9tape qui vient juste apr\u00e8s le design du site \u00catre rappel\u00e9 Que pouvons nous faire pour vous ? Nos programmeurs maitrisent plusieurs languages de programmation web (ASP, PHP, ColdFuson, CodeChargen Python, Java, Ruby,\u2026). Petite sp\u00e9cialit\u00e9 chez 24PM nous avons \u00e9galement la maitrise de langages de 5i\u00e8me g\u00e9n\u00e9ration permettant la &hellip; <a href=\"https:\/\/restore.24pm.be\/en\/metier-it-programmeur-web\/\" class=\"more-link\">Continue reading<span class=\"screen-reader-text\"> \u00ab\u00a0metier-it-programmeur-web\u00a0\u00bb<\/span><\/a><\/p>","protected":false},"author":2,"featured_media":0,"parent":0,"menu_order":1,"comment_status":"closed","ping_status":"closed","template":"","meta":[],"_links":{"self":[{"href":"https:\/\/restore.24pm.be\/en\/wp-json\/wp\/v2\/pages\/564"}],"collection":[{"href":"https:\/\/restore.24pm.be\/en\/wp-json\/wp\/v2\/pages"}],"about":[{"href":"https:\/\/restore.24pm.be\/en\/wp-json\/wp\/v2\/types\/page"}],"author":[{"embeddable":true,"href":"https:\/\/restore.24pm.be\/en\/wp-json\/wp\/v2\/users\/2"}],"replies":[{"embeddable":true,"href":"https:\/\/restore.24pm.be\/en\/wp-json\/wp\/v2\/comments?post=564"}],"version-history":[{"count":2,"href":"https:\/\/restore.24pm.be\/en\/wp-json\/wp\/v2\/pages\/564\/revisions"}],"predecessor-version":[{"id":775,"href":"https:\/\/restore.24pm.be\/en\/wp-json\/wp\/v2\/pages\/564\/revisions\/775"}],"wp:attachment":[{"href":"https:\/\/restore.24pm.be\/en\/wp-json\/wp\/v2\/media?parent=564"}],"curies":[{"name":"wp","href":"https:\/\/api.w.org\/{rel}","templated":true}]}}