{"id":562,"date":"2021-05-16T20:16:08","date_gmt":"2021-05-16T18:16:08","guid":{"rendered":"https:\/\/new.24pm.be\/?page_id=562"},"modified":"2021-06-16T16:58:43","modified_gmt":"2021-06-16T14:58:43","slug":"metier-it-programmeur-mobile","status":"publish","type":"page","link":"https:\/\/restore.24pm.be\/en\/metier-it-programmeur-mobile\/","title":{"rendered":"metier-it-programmer-mobile"},"content":{"rendered":"<section class=\"u-align-center u-clearfix u-palette-1-base u-section-2\" id=\"sec-05ce\">\n      <div class=\"u-clearfix u-sheet u-valign-middle-lg u-valign-middle-md u-valign-middle-sm u-valign-middle-xs u-valign-top-xl u-sheet-1\">\n        <div class=\"u-clearfix u-expanded-width u-layout-wrap u-layout-wrap-1\">\n          <div class=\"u-layout\">\n            <div class=\"u-layout-row\">\n              <div class=\"u-container-style u-layout-cell u-size-30 u-layout-cell-1\">\n                <div class=\"u-container-layout u-container-layout-1\">\n                  <h1 class=\"u-text u-text-white u-text-1\">Mobile application developer<br>\n                  <\/h1>\n                  <div class=\"u-border-7 u-border-palette-2-base u-line u-line-horizontal u-line-1\"><\/div>\n                  <h4 class=\"u-text u-text-white u-text-2\">Connect third parties to your business with a strong link.<br>\n                  <\/h4>\n                  <a href=\"#sec-7453\" class=\"u-align-left u-border-2 u-border-white u-btn u-btn-round u-button-style u-dialog-link u-palette-1-base u-radius-50 u-btn-1\">Be called back<\/a>\n                <\/div>\n              <\/div>\n              <div class=\"u-container-style u-layout-cell u-size-30 u-layout-cell-2\">\n                <div class=\"u-container-layout u-container-layout-2\"><span class=\"u-align-center u-border-2 u-border-grey-75 u-icon u-icon-circle u-spacing-68 u-white u-icon-1\"><svg class=\"u-svg-link\" preserveaspectratio=\"xMidYMin slice\" viewbox=\"0 0 480 480\" style=\"\"><use xlink:href=\"#svg-8776\"><\/use><\/svg><svg class=\"u-svg-content\" viewbox=\"0 0 480 480\" x=\"0px\" y=\"0px\" id=\"svg-8776\" style=\"enable-background:new 0 0 480 480;\"><g><g><path d=\"M328,0H152c-22.08,0.026-39.974,17.92-40,40v400c0.026,22.08,17.92,39.974,40,40h176c22.08-0.026,39.974-17.92,40-40V40    C367.974,17.92,350.08,0.026,328,0z M208.208,464H152c-13.255,0-24-10.745-24-24v-24h80.208    C197.267,430.13,197.267,449.87,208.208,464z M240,464c-13.255,0-24-10.745-24-24s10.745-24,24-24s24,10.745,24,24    S253.255,464,240,464z M352,440c0,13.255-10.745,24-24,24h-56.208c10.941-14.13,10.941-33.87,0-48H352V440z M352,400H128V88h224    V400z M352,72H128V40c0-13.255,10.745-24,24-24h176c13.255,0,24,10.745,24,24V72z\"><\/path>\n<\/g>\n<\/g><g><g><rect x=\"184\" y=\"40\" width=\"80\" height=\"16\"><\/rect>\n<\/g>\n<\/g><g><g><path d=\"M208,160h-32c-13.255,0-24,10.745-24,24v32c0,13.255,10.745,24,24,24h32c13.255,0,24-10.745,24-24v-32    C232,170.745,221.255,160,208,160z M216,216c0,4.418-3.582,8-8,8h-32c-4.418,0-8-3.582-8-8v-32c0-4.418,3.582-8,8-8h32    c4.418,0,8,3.582,8,8V216z\"><\/path>\n<\/g>\n<\/g><g><g><path d=\"M304,160h-32c-13.255,0-24,10.745-24,24v32c0,13.255,10.745,24,24,24h32c13.255,0,24-10.745,24-24v-32    C328,170.745,317.255,160,304,160z M312,216c0,4.418-3.582,8-8,8h-32c-4.418,0-8-3.582-8-8v-32c0-4.418,3.582-8,8-8h32    c4.418,0,8,3.582,8,8V216z\"><\/path>\n<\/g>\n<\/g><g><g><path d=\"M208,256h-32c-13.255,0-24,10.745-24,24v32c0,13.255,10.745,24,24,24h32c13.255,0,24-10.745,24-24v-32    C232,266.745,221.255,256,208,256z M216,312c0,4.418-3.582,8-8,8h-32c-4.418,0-8-3.582-8-8v-32c0-4.418,3.582-8,8-8h32    c4.418,0,8,3.582,8,8V312z\"><\/path>\n<\/g>\n<\/g><g><g><path d=\"M304,256h-32c-13.255,0-24,10.745-24,24v32c0,13.255,10.745,24,24,24h32c13.255,0,24-10.745,24-24v-32    C328,266.745,317.255,256,304,256z M312,312c0,4.418-3.582,8-8,8h-32c-4.418,0-8-3.582-8-8v-32c0-4.418,3.582-8,8-8h32    c4.418,0,8,3.582,8,8V312z\"><\/path>\n<\/g>\n<\/g><g><g><path d=\"M176,104h-24c-4.418,0-8,3.582-8,8v24c0,4.418,3.582,8,8,8s8-3.582,8-8v-16h16c4.418,0,8-3.582,8-8S180.418,104,176,104z\"><\/path>\n<\/g>\n<\/g><g><g><path d=\"M224,104h-16c-4.418,0-8,3.582-8,8s3.582,8,8,8h16c4.418,0,8-3.582,8-8S228.418,104,224,104z\"><\/path>\n<\/g>\n<\/g><g><g><rect x=\"280\" y=\"40\" width=\"16\" height=\"16\"><\/rect>\n<\/g>\n<\/g><\/svg><\/span>\n                <\/div>\n              <\/div>\n            <\/div>\n          <\/div>\n        <\/div>\n      <\/div>\n    <\/section>\n    <section class=\"u-align-center u-clearfix u-section-3\" id=\"carousel_4f02\">\n      <div class=\"u-expanded-width u-flip-vertical u-shape u-shape-svg u-text-palette-1-base u-shape-1\">\n        <svg class=\"u-svg-link\" preserveaspectratio=\"none\" viewbox=\"0 0 160 160\" style=\"\"><use xmlns:xlink=\"http:\/\/www.w3.org\/1999\/xlink\" xlink:href=\"#svg-4883\"><\/use><\/svg>\n        <svg class=\"u-svg-content\" viewbox=\"0 0 160 160\" x=\"0px\" y=\"0px\" id=\"svg-4883\"><path d=\"M155,160H5c-2.8,0-5-2.2-5-5.1V80.5c0-1.3,0.5-2.6,1.5-3.5l75-75.5c2-1.9,5.1-1.9,7,0l75,75.5c0.9,0.9,1.5,2.2,1.5,3.5v74.4\tC160,157.8,157.8,160,155,160z\"><\/path><\/svg>\n      <\/div>\n      <h2 class=\"u-align-center u-text u-text-body-alt-color u-text-1\">What can we do for you?<\/h2>\n      <div class=\"u-align-center u-border-4 u-border-palette-2-base u-line u-line-horizontal u-line-1\"><\/div>\n    <\/section>\n    <section class=\"u-clearfix u-section-4\" id=\"sec-b2b9\">\n      <div class=\"u-clearfix u-sheet u-sheet-1\">\n        <div class=\"u-clearfix u-expanded-width u-layout-wrap u-layout-wrap-1\">\n          <div class=\"u-layout\">\n            <div class=\"u-layout-row\">\n              <div class=\"u-size-27-lg u-size-27-md u-size-27-sm u-size-27-xs u-size-30-xl\">\n                <div class=\"u-layout-col\">\n                  <div class=\"u-container-style u-layout-cell u-size-60 u-layout-cell-1\">\n                    <div class=\"u-container-layout u-container-layout-1\">\n                      <p class=\"u-text u-text-1\">&nbsp;Our mobile application developers create and\nmaintain the tools that will keep your business responsive\nand connected to its customers and teams.&nbsp;&nbsp;<br>\n                      <\/p>\n                      <p class=\"u-text u-text-2\"> Together with our strategists, analysts, legal experts and graphic designers\nof 24PM, we develop mobile applications to enable you to\nfacilitate your customers' orders, manage your vacations, your team tasks,\ninventories, trade shows and events, etc. <\/p>\n                      <p class=\"u-text u-text-3\"> We develop for the 3 main platforms (iOS,\nAndroid &amp; Windows CE) and for easier maintenance, we can set up a telemetry\nset up a telemetry service to correct problems before they're even\nyou're aware of them. <\/p>\n                      <blockquote class=\"u-text u-text-4\"><i>Give your project manager clear objectives\nso that your mobile application can be released quickly.\nversion can be available within a month of the start of the project.\nwhat makes a successful mobile app: simple and practical... you don't need\nYou don't need 30,000 functions, just those that are useful to the user... Need more?\nThen create a second or third mobile app... but don't wait until you've got\nbut don't wait until you've got 25 to start\nquestion of rationalization, unless application development becomes your\nyour core business.<\/i>\n                      <\/blockquote>\n                    <\/div>\n                  <\/div>\n                <\/div>\n              <\/div>\n              <div class=\"u-size-30-xl u-size-33-lg u-size-33-md u-size-33-sm u-size-33-xs\">\n                <div class=\"u-layout-col\">\n                  <div class=\"u-container-style u-layout-cell u-size-30 u-layout-cell-2\">\n                    <div class=\"u-container-layout u-container-layout-2\"><span class=\"u-align-center u-icon u-icon-circle u-text-palette-1-base u-icon-1\"><svg class=\"u-svg-link\" preserveaspectratio=\"xMidYMin slice\" viewbox=\"0 0 490.667 490.667\" style=\"\"><use xmlns:xlink=\"http:\/\/www.w3.org\/1999\/xlink\" xlink:href=\"#svg-4307\"><\/use><\/svg><svg class=\"u-svg-content\" viewbox=\"0 0 490.667 490.667\" x=\"0px\" y=\"0px\" id=\"svg-4307\" style=\"enable-background:new 0 0 490.667 490.667;\"><g><g><path d=\"M158.571,73.728l-21.333-36.949c-2.944-5.141-9.493-6.848-14.571-3.904c-5.099,2.944-6.848,9.451-3.904,14.571    l21.333,36.949c1.963,3.435,5.568,5.333,9.237,5.333c1.813,0,3.648-0.469,5.333-1.429    C159.765,85.333,161.515,78.827,158.571,73.728z\"><\/path>\n<\/g>\n<\/g><g><g><path d=\"M371.904,443.221l-21.333-36.949c-2.944-5.12-9.493-6.869-14.571-3.904c-5.12,2.944-6.869,9.472-3.904,14.571    l21.333,36.949c1.963,3.435,5.568,5.333,9.237,5.333c1.813,0,3.648-0.448,5.333-1.429    C373.12,454.848,374.869,448.32,371.904,443.221z\"><\/path>\n<\/g>\n<\/g><g><g><path d=\"M84.395,140.096l-36.949-21.333c-5.099-2.901-11.627-1.195-14.571,3.904c-2.965,5.099-1.216,11.627,3.904,14.571    l36.949,21.333c1.685,0.981,3.52,1.429,5.333,1.429c3.669,0,7.275-1.92,9.237-5.333C91.243,149.568,89.493,143.04,84.395,140.096z    \"><\/path>\n<\/g>\n<\/g><g><g><path d=\"M453.888,353.429l-36.949-21.333c-5.099-2.901-11.627-1.195-14.571,3.904s-1.195,11.627,3.904,14.571l36.949,21.333    c1.685,0.981,3.52,1.429,5.333,1.429c3.669,0,7.275-1.92,9.237-5.333C460.736,362.901,458.987,356.373,453.888,353.429z\"><\/path>\n<\/g>\n<\/g><g><g><path d=\"M88.299,336c-2.944-5.12-9.493-6.827-14.571-3.904l-36.949,21.333c-5.12,2.944-6.869,9.472-3.904,14.571    c1.963,3.413,5.568,5.333,9.237,5.333c1.813,0,3.648-0.448,5.333-1.429l36.949-21.333C89.515,347.627,91.264,341.099,88.299,336z\"><\/path>\n<\/g>\n<\/g><g><g><path d=\"M154.667,402.368c-5.12-2.923-11.648-1.216-14.571,3.904l-21.333,36.949c-2.944,5.099-1.195,11.627,3.904,14.571    c1.685,0.981,3.52,1.429,5.333,1.429c3.669,0,7.275-1.899,9.237-5.333l21.333-36.949    C161.515,411.84,159.765,405.312,154.667,402.368z\"><\/path>\n<\/g>\n<\/g><g><g><path d=\"M53.333,234.667H10.667C4.779,234.667,0,239.445,0,245.333S4.779,256,10.667,256h42.667C59.221,256,64,251.221,64,245.333    S59.221,234.667,53.333,234.667z\"><\/path>\n<\/g>\n<\/g><g><g><path d=\"M245.333,426.667c-5.888,0-10.667,4.779-10.667,10.667V480c0,5.888,4.779,10.667,10.667,10.667S256,485.888,256,480    v-42.667C256,431.445,251.221,426.667,245.333,426.667z\"><\/path>\n<\/g>\n<\/g><g><g><path d=\"M462.763,132.117l-45.824,26.453c-1.685,0.981-3.52,1.429-5.333,1.429c-3.669,0-7.275-1.92-9.237-5.333    c-2.965-5.099-1.216-11.627,3.904-14.571l45.739-26.411c-19.264-30.144-44.885-55.765-75.051-75.029l-26.411,45.739    c-1.963,3.435-5.568,5.333-9.237,5.333c-1.813,0-3.648-0.448-5.333-1.429c-5.099-2.944-6.848-9.472-3.904-14.571l26.453-45.803    C324.651,10.176,286.187,0,245.333,0c-5.888,0-10.667,4.779-10.667,10.667v234.667c0,5.888,4.779,10.667,10.667,10.667H480    c5.888,0,10.667-4.779,10.667-10.667C490.667,204.501,480.491,166.037,462.763,132.117z\"><\/path>\n<\/g>\n<\/g><\/svg><\/span>\n                      <p class=\"u-align-center u-text u-text-5\"> From \u20ac 7.5<\/p>\n                    <\/div>\n                  <\/div>\n                  <div class=\"u-container-style u-layout-cell u-size-30 u-layout-cell-3\">\n                    <div class=\"u-container-layout u-valign-bottom-lg u-valign-bottom-md u-valign-bottom-sm u-container-layout-3\">\n                      <a href=\"https:\/\/login.24pm.be\" class=\"u-align-center u-border-0 u-btn u-btn-round u-button-style u-hidden-md u-hidden-xs u-hover-palette-2-base u-palette-1-base u-radius-35 u-btn-1\" target=\"_blank\">See your rate by logging in<\/a>\n                      <a href=\"https:\/\/restore.24pm.be\/en\/metiers\/\" class=\"u-align-center-lg u-align-center-md u-align-center-sm u-align-center-xs u-btn u-btn-round u-button-style u-hidden-md u-hidden-xs u-hover-palette-4-base u-radius-50 u-btn-2\">See the other trades and shared services<\/a>\n                      <a href=\"https:\/\/restore.24pm.be\/en\/metiers\/\" class=\"u-active-none u-align-center-md u-align-center-sm u-align-center-xs u-border-2 u-border-palette-1-base u-btn u-btn-rectangle u-button-style u-hidden-lg u-hidden-sm u-hidden-xl u-hover-none u-none u-btn-3\">Other businesses and shared services<\/a>\n                      <a href=\"https:\/\/login.24pm.be\" class=\"u-active-none u-align-center-md u-align-center-sm u-align-center-xs u-border-2 u-border-palette-1-base u-btn u-btn-rectangle u-button-style u-hidden-lg u-hidden-sm u-hidden-xl u-hover-none u-none u-btn-4\">See your rate by logging in<\/a>\n                    <\/div>\n                  <\/div>\n                <\/div>\n              <\/div>\n            <\/div>\n          <\/div>\n        <\/div>\n      <\/div>\n    <\/section>\n    <section class=\"u-clearfix u-section-5\" id=\"sec-2cdb\">\n      <div class=\"u-clearfix u-sheet u-sheet-1\">\n        <h4 class=\"u-text u-text-1\">Examples of applications developed<br>\n        <\/h4>\n        <div class=\"u-border-3 u-border-palette-2-base u-line u-line-horizontal u-line-1\"><\/div>\n        <ul class=\"u-custom-list u-text u-text-2\">\n          <li>\n            <div class=\"u-list-icon u-list-icon-1\">\n              <svg class=\"u-svg-content\" viewbox=\"0 0 512 512\" id=\"svg-aaa6\"><path d=\"m202.6 478-202.6-186.6 70.5-76.6 121.5 111.9 239.4-292.7 80.6 65.9z\" fill=\"currentColor\"><\/path><\/svg>\n            <\/div><!--[if !supportLists]-->\n          <\/li>\n          <li>&nbsp; Secure payment&nbsp;<\/li>\n          <li>\n            <div class=\"u-list-icon u-list-icon-1\">\n              <svg class=\"u-svg-content\" viewbox=\"0 0 512 512\" id=\"svg-aaa6\"><path d=\"m202.6 478-202.6-186.6 70.5-76.6 121.5 111.9 239.4-292.7 80.6 65.9z\" fill=\"currentColor\"><\/path><\/svg>\n            <\/div>&nbsp;Stock management&nbsp;\n          <\/li>\n          <li>\n            <div class=\"u-list-icon u-list-icon-1\">\n              <svg class=\"u-svg-content\" viewbox=\"0 0 512 512\" id=\"svg-aaa6\"><path d=\"m202.6 478-202.6-186.6 70.5-76.6 121.5 111.9 239.4-292.7 80.6 65.9z\" fill=\"currentColor\"><\/path><\/svg>\n            <\/div>&nbsp;Customer order management&nbsp;\n          <\/li>\n          <li>\n            <div class=\"u-list-icon u-list-icon-1\">\n              <svg class=\"u-svg-content\" viewbox=\"0 0 512 512\" id=\"svg-aaa6\"><path d=\"m202.6 478-202.6-186.6 70.5-76.6 121.5 111.9 239.4-292.7 80.6 65.9z\" fill=\"currentColor\"><\/path><\/svg>\n            <\/div>Reservations\nTodo list for employees&nbsp;\n          <\/li>\n          <li>\n            <div class=\"u-list-icon u-list-icon-1\">\n              <svg class=\"u-svg-content\" viewbox=\"0 0 512 512\" id=\"svg-aaa6\"><path d=\"m202.6 478-202.6-186.6 70.5-76.6 121.5 111.9 239.4-292.7 80.6 65.9z\" fill=\"currentColor\"><\/path><\/svg>\n            <\/div>&nbsp;Expense management&nbsp;\n          <\/li>\n          <li>\n            <div class=\"u-list-icon u-list-icon-1\">\n              <svg class=\"u-svg-content\" viewbox=\"0 0 512 512\" id=\"svg-aaa6\"><path d=\"m202.6 478-202.6-186.6 70.5-76.6 121.5 111.9 239.4-292.7 80.6 65.9z\" fill=\"currentColor\"><\/path><\/svg>\n            <\/div>&nbsp;Industrial site maintenance&nbsp;\n          <\/li>\n          <li>\n            <div class=\"u-list-icon u-list-icon-1\">\n              <svg class=\"u-svg-content\" viewbox=\"0 0 512 512\" id=\"svg-aaa6\"><path d=\"m202.6 478-202.6-186.6 70.5-76.6 121.5 111.9 239.4-292.7 80.6 65.9z\" fill=\"currentColor\"><\/path><\/svg>\n            <\/div>&nbsp;Contract generation for e-signature&nbsp;\n          <\/li>\n          <li>\n            <div class=\"u-list-icon u-list-icon-1\">\n              <svg class=\"u-svg-content\" viewbox=\"0 0 512 512\" id=\"svg-aaa6\"><path d=\"m202.6 478-202.6-186.6 70.5-76.6 121.5 111.9 239.4-292.7 80.6 65.9z\" fill=\"currentColor\"><\/path><\/svg>\n            <\/div>&nbsp;Sales presentation on tablet&nbsp;\n          <\/li>\n          <li>\n            <div class=\"u-list-icon u-list-icon-1\">\n              <svg class=\"u-svg-content\" viewbox=\"0 0 512 512\" id=\"svg-aaa6\"><path d=\"m202.6 478-202.6-186.6 70.5-76.6 121.5 111.9 239.4-292.7 80.6 65.9z\" fill=\"currentColor\"><\/path><\/svg>\n            <\/div>&nbsp;Contest terminals\nAppli chromebook\nAppli smartwatch&nbsp;&nbsp;<br>\n          <\/li>\n          <li>\n            <div class=\"u-list-icon u-list-icon-1\">\n              <svg class=\"u-svg-content\" viewbox=\"0 0 512 512\" id=\"svg-aaa6\"><path d=\"m202.6 478-202.6-186.6 70.5-76.6 121.5 111.9 239.4-292.7 80.6 65.9z\" fill=\"currentColor\"><\/path><\/svg>\n            <\/div>E-Learning, language learning\n          <\/li>\n        <\/ul>\n      <\/div>\n    <\/section>\n    <section class=\"u-clearfix u-grey-5 u-section-6\" id=\"sec-0521\">\n      <div class=\"u-clearfix u-sheet u-sheet-1\">\n        <div class=\"u-clearfix u-expanded-width-md u-expanded-width-sm u-expanded-width-xs u-gutter-0 u-layout-wrap u-layout-wrap-1\">\n          <div class=\"u-layout\">\n            <div class=\"u-layout-row\">\n              <div class=\"u-align-center-sm u-align-center-xs u-align-left-lg u-align-left-md u-align-left-xl u-container-style u-layout-cell u-left-cell u-size-13 u-layout-cell-1\">\n                <div class=\"u-container-layout u-valign-top u-container-layout-1\">\n                  <div alt=\"\" class=\"u-align-left u-image u-image-circle u-image-1\" src=\"\" data-image-width=\"1280\" data-image-height=\"853\"><\/div>\n                  <p class=\"u-align-center u-text u-text-1\"> Illustration<\/p>\n                <\/div>\n              <\/div>\n              <div class=\"u-align-center-sm u-align-center-xs u-align-left-lg u-align-left-md u-align-left-xl u-container-style u-layout-cell u-right-cell u-size-47 u-layout-cell-2\">\n                <div class=\"u-container-layout u-container-layout-2\">\n                  <h6 class=\"u-text u-text-2\">Typical profile of a 24PM employee<\/h6>\n                  <p class=\"u-text u-text-3\">The profile of a mobile developer is one trained by\nby 24PM and proficient in the proprietary development tools we use\nto deliver quality applications. <br> &nbsp; &nbsp; &nbsp;<br>\n                  <\/p>\n                <\/div>\n              <\/div>\n            <\/div>\n          <\/div>\n        <\/div>\n      <\/div>\n    <\/section>\n    <section class=\"u-clearfix u-white u-section-7\" id=\"sec-6b8b\">\n      <div class=\"u-clearfix u-sheet u-sheet-1\">\n        <h2 class=\"u-text u-text-1\">Not a 24PM member yet?<\/h2>\n        <p class=\"u-text u-text-2\"> Answer a few questions and benefit from our support for your projects starting next week:<\/p>\n        <div class=\"u-expanded-width u-shortcode u-shortcode-1\"><div class=\"frm_forms  with_frm_style frm_style_formidable-style\" id=\"frm_form_4_container\" >\n<form enctype=\"multipart\/form-data\" method=\"post\" class=\"frm-show-form  frm_js_validate  frm_ajax_submit  frm_pro_form  frm_ajax_submit  frm_slidein\" id=\"form_test24pm\" action=\"\" >\n<div class=\"frm_form_fields  frm_page_num_1\">\n<fieldset>\n<legend class=\"frm_screen_reader\">24PM Test<\/legend>\r\n\r\n<div class=\"frm_fields_container\">\n<div class=\"frm_rootline_group\"><ul class=\"frm_page_bar frm_rootline_8 frm_progress frm_progress_line frm_no_numbers\"><li class=\"frm_rootline_single frm_current_page\"><input type=\"button\" value=\"1\" data-page=\"\" class=\"frm_page_1\" disabled=\"disabled\" data-field=\"0\" aria-label=\"Page 1\"  \/><\/li><li class=\"frm_rootline_single\"><input type=\"button\" value=\"2\" data-page=\"2\" class=\"frm_page_skip frm_page_2\" data-field=\"48\" aria-label=\"Next\"  \/><\/li><li class=\"frm_rootline_single\"><input type=\"button\" value=\"3\" data-page=\"4\" class=\"frm_page_skip frm_page_3\" data-field=\"50\" aria-label=\"Next\"  \/><\/li><li class=\"frm_rootline_single\"><input type=\"button\" value=\"4\" data-page=\"6\" class=\"frm_page_skip frm_page_4\" data-field=\"54\" aria-label=\"Next\"  \/><\/li><li class=\"frm_rootline_single\"><input type=\"button\" value=\"5\" data-page=\"8\" class=\"frm_page_skip frm_page_5\" data-field=\"57\" aria-label=\"Next\"  \/><\/li><li class=\"frm_rootline_single\"><input type=\"button\" value=\"6\" data-page=\"10\" class=\"frm_page_skip frm_page_6\" data-field=\"60\" aria-label=\"Next\"  \/><\/li><li class=\"frm_rootline_single\"><input type=\"button\" value=\"7\" data-page=\"12\" class=\"frm_page_skip frm_page_7\" data-field=\"64\" aria-label=\"Next\"  \/><\/li><li class=\"frm_rootline_single\"><input type=\"button\" value=\"8\" data-page=\"14\" class=\"frm_page_skip frm_page_8\" data-field=\"68\" aria-label=\"Next\"  \/><\/li><\/ul><div class=\"frm_clearfix\"><\/div><\/div><input type=\"hidden\" name=\"frm_action\" value=\"create\" \/>\n<input type=\"hidden\" name=\"form_id\" value=\"4\" \/>\n<input type=\"hidden\" name=\"frm_hide_fields_4\" id=\"frm_hide_fields_4\" value=\"\" \/>\n<input type=\"hidden\" name=\"form_key\" value=\"test24pm\" \/>\n<input type=\"hidden\" name=\"item_meta[0]\" value=\"\" \/>\n<input type=\"hidden\" id=\"frm_submit_entry_4\" name=\"frm_submit_entry_4\" value=\"d0fef6ddb5\" \/><input type=\"hidden\" name=\"_wp_http_referer\" value=\"\/en\/wp-json\/wp\/v2\/pages\/562\" \/><div id=\"frm_field_46_container\" class=\"frm_form_field form-field  frm_top_container vertical_radio\">\r\n    <div  id=\"field_ax0e5_label\" class=\"frm_primary_label\">Which of the following defines your business? \r\n        <span class=\"frm_required\" aria-hidden=\"true\"><\/span>\r\n    <\/div>\r\n    <div class=\"frm_opt_container\" aria-labelledby=\"field_ax0e5_label\" role=\"radiogroup\">\t\t<div class=\"frm_radio\" id=\"frm_radio_46-0\">\t\t\t<label  for=\"field_ax0e5-0\">\n\t\t\t\t\t<input type=\"radio\" name=\"item_meta[46]\" id=\"field_ax0e5-0\" value=\"Ind\u00e9pendant(e)\"\n\t\t   data-invmsg=\"Laquelle de ces propositions d\u00e9finit votre activit\u00e9 ?  is invalid\"  \/> Self-employed<\/label><\/div>\n\t\t<div class=\"frm_radio\" id=\"frm_radio_46-1\">\t\t\t<label  for=\"field_ax0e5-1\">\n\t\t\t\t\t<input type=\"radio\" name=\"item_meta[46]\" id=\"field_ax0e5-1\" value=\"Entreprise priv\u00e9e\"\n\t\t   data-invmsg=\"Laquelle de ces propositions d\u00e9finit votre activit\u00e9 ?  is invalid\"  \/> Private company<\/label><\/div>\n\t\t<div class=\"frm_radio\" id=\"frm_radio_46-4\">\t\t\t<label  for=\"field_ax0e5-4\">\n\t\t\t\t\t<input type=\"radio\" name=\"item_meta[46]\" id=\"field_ax0e5-4\" value=\"Profession lib\u00e9rale\"\n\t\t   data-invmsg=\"Laquelle de ces propositions d\u00e9finit votre activit\u00e9 ?  is invalid\"  \/> Liberal profession<\/label><\/div>\n\t\t<div class=\"frm_radio\" id=\"frm_radio_46-3\">\t\t\t<label  for=\"field_ax0e5-3\">\n\t\t\t\t\t<input type=\"radio\" name=\"item_meta[46]\" id=\"field_ax0e5-3\" value=\"Secteur non-marchand public\"\n\t\t   data-invmsg=\"Laquelle de ces propositions d\u00e9finit votre activit\u00e9 ?  is invalid\"  \/> Public non-market sector<\/label><\/div>\n<\/div>\r\n    \r\n    \r\n<\/div>\n<input type=\"hidden\" name=\"frm_page_order_4\" id=\"frm_page_order_4\" value=\"2\" \/><input type=\"hidden\" name=\"item_meta[47]\" id=\"field_ckd4z-0\" value=\"\"     \/>\n<input type=\"hidden\" name=\"item_meta[50]\" id=\"field_v48ku\" value=\"\"     \/>\n<input type=\"hidden\" name=\"item_meta[51]\" id=\"field_8i9ai-0\" value=\"\"     \/>\n<input type=\"hidden\" name=\"item_meta[54]\" id=\"field_mnog7\" value=\"\"     \/>\n<input type=\"hidden\" name=\"item_meta[56]\" id=\"field_4cgcw-0\" value=\"\"     \/>\n<input type=\"hidden\" name=\"item_meta[57]\" id=\"field_ukq9v\" value=\"\"     \/>\n<input type=\"hidden\" name=\"item_meta[58]\" id=\"field_ekbdl-0\" value=\"\"     \/>\n<input type=\"hidden\" name=\"item_meta[60]\" id=\"field_v8y5v\" value=\"\"     \/>\n<input type=\"hidden\" name=\"item_meta[61]\" id=\"field_28sg3-0\" value=\"\"     \/>\n<input type=\"hidden\" name=\"item_meta[64]\" id=\"field_c0ig3\" value=\"\"     \/>\n<input type=\"hidden\" name=\"item_meta[62]\" id=\"field_t07pn-0\" value=\"\"     \/>\n<input type=\"hidden\" name=\"item_meta[68]\" id=\"field_r24mh\" value=\"\"     \/>\n<input type=\"hidden\" name=\"item_meta[69]\" id=\"field_fog2h\" value=\"\"     \/>\n<input type=\"hidden\" name=\"item_meta[72]\" id=\"field_qp9qn\" value=\"\"     \/>\n<input type=\"hidden\" name=\"item_meta[70]\" id=\"field_po0jy\" value=\"\"     \/>\n<input type=\"hidden\" name=\"item_meta[71]\" id=\"field_oskjh\" value=\"\"     \/>\n<input type=\"hidden\" name=\"item_meta[75]\" id=\"field_5o4yi-0\" value=\"\"     \/>\n\t<input type=\"hidden\" name=\"item_key\" value=\"\" \/>\n\t\t\t<div id=\"frm_field_132_container\">\n\t\t\t<label for=\"field_drpjj\" >\n\t\t\t\tIf you are human, leave this field blank.\t\t\t<\/label>\n\t\t\t<input  id=\"field_drpjj\" type=\"text\" class=\"frm_form_field form-field frm_verify\" name=\"item_meta[132]\" value=\"\"  \/>\n\t\t<\/div>\n\t\t<input name=\"frm_state\" type=\"hidden\" value=\"8f8spRLt6z5R6sIL1LgyniAW+AVKVSP2Ipqa\/AduLFk=\" \/><div class=\"frm_submit\">\r\n\r\n<button class=\"frm_button_submit\" type=\"submit\"  >Next<\/button>\r\n\r\n<\/div><\/div>\n<\/fieldset>\n<\/div>\n\n<p style=\"display: none !important;\" class=\"akismet-fields-container\" data-prefix=\"ak_\"><label>&#916;<textarea name=\"ak_hp_textarea\" cols=\"45\" rows=\"8\" maxlength=\"100\"><\/textarea><\/label><input type=\"hidden\" id=\"ak_js_1\" name=\"ak_js\" value=\"137\"\/><script>document.getElementById( \"ak_js_1\" ).setAttribute( \"value\", ( new Date() ).getTime() );<\/script><\/p><input type=\"hidden\" name=\"trp-form-language\" value=\"en\"\/><\/form>\n<\/div>\n<\/div>\n      <\/div>\n    <\/section>\n    <style class=\"u-overlap-style\">.u-overlap:not(.u-sticky-scroll) .u-header {\nbackground-color: #01334a !important\n}<\/style>","protected":false},"excerpt":{"rendered":"<p>D\u00e9veloppeur d&rsquo;applications mobiles Connectez les tiers \u00e0 votre business avec un lien fort. \u00catre rappel\u00e9 Que pouvons nous faire pour vous ? &nbsp;Nos d\u00e9veloppeurs d\u2019applications mobile cr\u00e9ent et maintiennent les outils qui permettrons \u00e0 votre entreprise de rester r\u00e9active et connect\u00e9e \u00e0 sa client\u00e8le et \u00e0 ses \u00e9quipes.&nbsp;&nbsp; En coh\u00e9sion avec les strat\u00e8ges, analystes, juristes &hellip; <a href=\"https:\/\/restore.24pm.be\/en\/metier-it-programmeur-mobile\/\" class=\"more-link\">Continue reading<span class=\"screen-reader-text\"> \u00ab\u00a0metier-it-programmeur-mobile\u00a0\u00bb<\/span><\/a><\/p>","protected":false},"author":2,"featured_media":0,"parent":0,"menu_order":1,"comment_status":"closed","ping_status":"closed","template":"","meta":[],"_links":{"self":[{"href":"https:\/\/restore.24pm.be\/en\/wp-json\/wp\/v2\/pages\/562"}],"collection":[{"href":"https:\/\/restore.24pm.be\/en\/wp-json\/wp\/v2\/pages"}],"about":[{"href":"https:\/\/restore.24pm.be\/en\/wp-json\/wp\/v2\/types\/page"}],"author":[{"embeddable":true,"href":"https:\/\/restore.24pm.be\/en\/wp-json\/wp\/v2\/users\/2"}],"replies":[{"embeddable":true,"href":"https:\/\/restore.24pm.be\/en\/wp-json\/wp\/v2\/comments?post=562"}],"version-history":[{"count":3,"href":"https:\/\/restore.24pm.be\/en\/wp-json\/wp\/v2\/pages\/562\/revisions"}],"predecessor-version":[{"id":774,"href":"https:\/\/restore.24pm.be\/en\/wp-json\/wp\/v2\/pages\/562\/revisions\/774"}],"wp:attachment":[{"href":"https:\/\/restore.24pm.be\/en\/wp-json\/wp\/v2\/media?parent=562"}],"curies":[{"name":"wp","href":"https:\/\/api.w.org\/{rel}","templated":true}]}}