{"id":560,"date":"2021-05-16T20:15:50","date_gmt":"2021-05-16T18:15:50","guid":{"rendered":"https:\/\/new.24pm.be\/?page_id=560"},"modified":"2021-06-16T16:56:42","modified_gmt":"2021-06-16T14:56:42","slug":"metier-it-analyste","status":"publish","type":"page","link":"https:\/\/restore.24pm.be\/en\/metier-it-analyste\/","title":{"rendered":"metier-it-analyst"},"content":{"rendered":"<section class=\"u-align-center u-clearfix u-palette-1-base u-section-2\" id=\"sec-05ce\">\n      <div class=\"u-clearfix u-sheet u-valign-middle-lg u-valign-middle-md u-valign-middle-sm u-valign-middle-xs u-valign-top-xl u-sheet-1\">\n        <div class=\"u-clearfix u-expanded-width u-layout-wrap u-layout-wrap-1\">\n          <div class=\"u-layout\">\n            <div class=\"u-layout-row\">\n              <div class=\"u-container-style u-layout-cell u-size-30 u-layout-cell-1\">\n                <div class=\"u-container-layout u-container-layout-1\">\n                  <h1 class=\"u-text u-text-white u-text-1\">Programmer Analyst <br>\n                  <\/h1>\n                  <div class=\"u-border-7 u-border-palette-2-base u-line u-line-horizontal u-line-1\"><\/div>\n                  <h4 class=\"u-text u-text-white u-text-2\">Functional analysis, U.M.L., M.L.D., Merise,...<br>\n                  <\/h4>\n                  <a href=\"#sec-7453\" class=\"u-align-left u-border-2 u-border-white u-btn u-btn-round u-button-style u-dialog-link u-palette-1-base u-radius-50 u-btn-1\">Be called back<\/a>\n                <\/div>\n              <\/div>\n              <div class=\"u-container-style u-layout-cell u-size-30 u-layout-cell-2\">\n                <div class=\"u-container-layout u-container-layout-2\"><span class=\"u-align-center u-border-2 u-border-grey-75 u-icon u-icon-circle u-spacing-68 u-white u-icon-1\"><svg class=\"u-svg-link\" preserveaspectratio=\"xMidYMin slice\" viewbox=\"0 0 480.084 480.084\" style=\"\"><use xlink:href=\"#svg-deb9\"><\/use><\/svg><svg class=\"u-svg-content\" viewbox=\"0 0 480.084 480.084\" x=\"0px\" y=\"0px\" id=\"svg-deb9\" style=\"enable-background:new 0 0 480.084 480.084;\"><g><g><path d=\"M456.042,208h-32v-56c0-4.418-3.582-8-8-8H337.33l-89.288-29.76V96h56c13.255,0,24-10.745,24-24V24    c0-13.255-10.745-24-24-24h-128c-13.255,0-24,10.745-24,24v48c0,13.255,10.745,24,24,24h56v18.24l-90.528,30.176    c-4.197,1.38-6.482,5.901-5.102,10.098c0.794,2.415,2.687,4.308,5.102,5.102l90.528,30.144V208h-32c-13.255,0-24,10.745-24,24v8    h-48v-8c0-13.255-10.745-24-24-24h-80c-13.255,0-24,10.745-24,24v32c0,13.255,10.745,24,24,24h32v80.64    C25.425,373.016,4.153,401.383,8.529,432c4.376,30.617,32.743,51.889,63.36,47.513c24.636-3.521,43.992-22.878,47.513-47.513    h65.28c4.418,30.611,32.815,51.844,63.426,47.426c30.611-4.418,51.844-32.815,47.426-63.426s-32.815-51.844-63.426-47.426    c-24.574,3.547-43.879,22.852-47.426,47.426h-65.28c-3.566-24.528-22.832-43.794-47.36-47.36V288h32c13.255,0,24-10.745,24-24v-8    h48v8c0,13.255,10.745,24,24,24h80c13.255,0,24-10.745,24-24v-8h48v8c0,13.255,10.745,24,24,24h32v80.64    c-30.611,4.418-51.844,32.815-47.426,63.426s32.815,51.844,63.426,47.426s51.844-32.815,47.426-63.426    c-3.547-24.574-22.852-43.879-47.426-47.426V288h32c13.255,0,24-10.745,24-24v-32C480.042,218.745,469.297,208,456.042,208z     M240.042,384c22.091,0,40,17.909,40,40c0,22.091-17.909,40-40,40c-22.091,0-40-17.909-40-40    C200.068,401.92,217.961,384.026,240.042,384z M104.042,424c0,22.091-17.909,40-40,40s-40-17.909-40-40c0-22.091,17.909-40,40-40    C86.122,384.026,104.015,401.92,104.042,424z M112.042,264c0,4.418-3.582,8-8,8h-80c-4.418,0-8-3.582-8-8v-32c0-4.418,3.582-8,8-8    h80c4.418,0,8,3.582,8,8V264z M176.042,80c-4.418,0-8-3.582-8-8V24c0-4.418,3.582-8,8-8h128c4.418,0,8,3.582,8,8v48    c0,4.418-3.582,8-8,8H176.042z M169.338,152l70.704-23.568L310.746,152l-70.704,23.568L169.338,152z M288.042,264    c0,4.418-3.582,8-8,8h-80c-4.418,0-8-3.582-8-8v-32c0-4.418,3.582-8,8-8h80c4.418,0,8,3.582,8,8V264z M352.042,232v8h-48v-8    c0-13.255-10.745-24-24-24h-32v-18.24L337.33,160h70.712v48h-32C362.787,208,352.042,218.745,352.042,232z M456.042,424    c0,22.091-17.909,40-40,40c-22.091,0-40-17.909-40-40c0-22.091,17.909-40,40-40C438.122,384.026,456.015,401.92,456.042,424z     M464.042,264c0,4.418-3.582,8-8,8h-80c-4.418,0-8-3.582-8-8v-32c0-4.418,3.582-8,8-8h80c4.418,0,8,3.582,8,8V264z\"><\/path>\n<\/g>\n<\/g><\/svg><\/span>\n                <\/div>\n              <\/div>\n            <\/div>\n          <\/div>\n        <\/div>\n      <\/div>\n    <\/section>\n    <section class=\"u-align-center u-clearfix u-section-3\" id=\"carousel_4f02\">\n      <div class=\"u-expanded-width u-flip-vertical u-shape u-shape-svg u-text-palette-1-base u-shape-1\">\n        <svg class=\"u-svg-link\" preserveaspectratio=\"none\" viewbox=\"0 0 160 160\" style=\"\"><use xmlns:xlink=\"http:\/\/www.w3.org\/1999\/xlink\" xlink:href=\"#svg-4883\"><\/use><\/svg>\n        <svg class=\"u-svg-content\" viewbox=\"0 0 160 160\" x=\"0px\" y=\"0px\" id=\"svg-4883\"><path d=\"M155,160H5c-2.8,0-5-2.2-5-5.1V80.5c0-1.3,0.5-2.6,1.5-3.5l75-75.5c2-1.9,5.1-1.9,7,0l75,75.5c0.9,0.9,1.5,2.2,1.5,3.5v74.4\tC160,157.8,157.8,160,155,160z\"><\/path><\/svg>\n      <\/div>\n      <h2 class=\"u-align-center u-text u-text-body-alt-color u-text-1\">What can we do for you?<\/h2>\n      <div class=\"u-align-center u-border-4 u-border-palette-2-base u-line u-line-horizontal u-line-1\"><\/div>\n    <\/section>\n    <section class=\"u-clearfix u-section-4\" id=\"sec-b2b9\">\n      <div class=\"u-clearfix u-sheet u-sheet-1\">\n        <div class=\"u-clearfix u-expanded-width u-layout-wrap u-layout-wrap-1\">\n          <div class=\"u-layout\">\n            <div class=\"u-layout-row\">\n              <div class=\"u-size-27-lg u-size-27-md u-size-27-sm u-size-27-xs u-size-30-xl\">\n                <div class=\"u-layout-col\">\n                  <div class=\"u-container-style u-layout-cell u-size-60 u-layout-cell-1\">\n                    <div class=\"u-container-layout u-container-layout-1\">\n                      <h6 class=\"u-text u-text-1\">The business<br>\n                      <\/h6>\n                      <p class=\"u-text u-text-2\"> The 24PM analyst carries out a dual study of your development project.\nhis job is to make sure that we've thought of (almost) everything at the\nat the pre-conception stage of the project, his work is essential to limiting\nlimiting budgetary slippage and meeting deadlines. <\/p>\n                      <h6 class=\"u-text u-text-3\">Objectives<\/h6>\n                      <p class=\"u-text u-text-4\"> His work can result in a set of requirements for you to validate.\nbut also a data schema (UML) and a procedure schema (MLD) to help you\n(MLD) to help you validate your project's various processes.\nprocesses. <\/p>\n                      <blockquote class=\"u-text u-text-5\"><i>Although it is technically possible to dispense with an\nfor small projects, we strongly recommend that you involve an analyst\nfor projects with a development budget in excess of \u20ac50,000, as the average\nthe average cost of the analyst represents 15% of the overall budget if he or she\nperforms all 3 parts of the analysis.<\/i>\n                      <\/blockquote>\n                    <\/div>\n                  <\/div>\n                <\/div>\n              <\/div>\n              <div class=\"u-size-30-xl u-size-33-lg u-size-33-md u-size-33-sm u-size-33-xs\">\n                <div class=\"u-layout-col\">\n                  <div class=\"u-container-style u-layout-cell u-size-30 u-layout-cell-2\">\n                    <div class=\"u-container-layout u-container-layout-2\"><span class=\"u-align-center u-icon u-icon-circle u-text-palette-1-base u-icon-1\"><svg class=\"u-svg-link\" preserveaspectratio=\"xMidYMin slice\" viewbox=\"0 0 490.667 490.667\" style=\"\"><use xmlns:xlink=\"http:\/\/www.w3.org\/1999\/xlink\" xlink:href=\"#svg-4307\"><\/use><\/svg><svg class=\"u-svg-content\" viewbox=\"0 0 490.667 490.667\" x=\"0px\" y=\"0px\" id=\"svg-4307\" style=\"enable-background:new 0 0 490.667 490.667;\"><g><g><path d=\"M158.571,73.728l-21.333-36.949c-2.944-5.141-9.493-6.848-14.571-3.904c-5.099,2.944-6.848,9.451-3.904,14.571    l21.333,36.949c1.963,3.435,5.568,5.333,9.237,5.333c1.813,0,3.648-0.469,5.333-1.429    C159.765,85.333,161.515,78.827,158.571,73.728z\"><\/path>\n<\/g>\n<\/g><g><g><path d=\"M371.904,443.221l-21.333-36.949c-2.944-5.12-9.493-6.869-14.571-3.904c-5.12,2.944-6.869,9.472-3.904,14.571    l21.333,36.949c1.963,3.435,5.568,5.333,9.237,5.333c1.813,0,3.648-0.448,5.333-1.429    C373.12,454.848,374.869,448.32,371.904,443.221z\"><\/path>\n<\/g>\n<\/g><g><g><path d=\"M84.395,140.096l-36.949-21.333c-5.099-2.901-11.627-1.195-14.571,3.904c-2.965,5.099-1.216,11.627,3.904,14.571    l36.949,21.333c1.685,0.981,3.52,1.429,5.333,1.429c3.669,0,7.275-1.92,9.237-5.333C91.243,149.568,89.493,143.04,84.395,140.096z    \"><\/path>\n<\/g>\n<\/g><g><g><path d=\"M453.888,353.429l-36.949-21.333c-5.099-2.901-11.627-1.195-14.571,3.904s-1.195,11.627,3.904,14.571l36.949,21.333    c1.685,0.981,3.52,1.429,5.333,1.429c3.669,0,7.275-1.92,9.237-5.333C460.736,362.901,458.987,356.373,453.888,353.429z\"><\/path>\n<\/g>\n<\/g><g><g><path d=\"M88.299,336c-2.944-5.12-9.493-6.827-14.571-3.904l-36.949,21.333c-5.12,2.944-6.869,9.472-3.904,14.571    c1.963,3.413,5.568,5.333,9.237,5.333c1.813,0,3.648-0.448,5.333-1.429l36.949-21.333C89.515,347.627,91.264,341.099,88.299,336z\"><\/path>\n<\/g>\n<\/g><g><g><path d=\"M154.667,402.368c-5.12-2.923-11.648-1.216-14.571,3.904l-21.333,36.949c-2.944,5.099-1.195,11.627,3.904,14.571    c1.685,0.981,3.52,1.429,5.333,1.429c3.669,0,7.275-1.899,9.237-5.333l21.333-36.949    C161.515,411.84,159.765,405.312,154.667,402.368z\"><\/path>\n<\/g>\n<\/g><g><g><path d=\"M53.333,234.667H10.667C4.779,234.667,0,239.445,0,245.333S4.779,256,10.667,256h42.667C59.221,256,64,251.221,64,245.333    S59.221,234.667,53.333,234.667z\"><\/path>\n<\/g>\n<\/g><g><g><path d=\"M245.333,426.667c-5.888,0-10.667,4.779-10.667,10.667V480c0,5.888,4.779,10.667,10.667,10.667S256,485.888,256,480    v-42.667C256,431.445,251.221,426.667,245.333,426.667z\"><\/path>\n<\/g>\n<\/g><g><g><path d=\"M462.763,132.117l-45.824,26.453c-1.685,0.981-3.52,1.429-5.333,1.429c-3.669,0-7.275-1.92-9.237-5.333    c-2.965-5.099-1.216-11.627,3.904-14.571l45.739-26.411c-19.264-30.144-44.885-55.765-75.051-75.029l-26.411,45.739    c-1.963,3.435-5.568,5.333-9.237,5.333c-1.813,0-3.648-0.448-5.333-1.429c-5.099-2.944-6.848-9.472-3.904-14.571l26.453-45.803    C324.651,10.176,286.187,0,245.333,0c-5.888,0-10.667,4.779-10.667,10.667v234.667c0,5.888,4.779,10.667,10.667,10.667H480    c5.888,0,10.667-4.779,10.667-10.667C490.667,204.501,480.491,166.037,462.763,132.117z\"><\/path>\n<\/g>\n<\/g><\/svg><\/span>\n                      <p class=\"u-align-center u-text u-text-6\"> From \u20ac 7.5<\/p>\n                    <\/div>\n                  <\/div>\n                  <div class=\"u-container-style u-layout-cell u-size-30 u-layout-cell-3\">\n                    <div class=\"u-container-layout u-valign-bottom-lg u-valign-bottom-md u-valign-bottom-sm u-container-layout-3\">\n                      <a href=\"https:\/\/login.24pm.be\" class=\"u-align-center u-border-0 u-btn u-btn-round u-button-style u-hidden-md u-hidden-xs u-hover-palette-2-base u-palette-1-base u-radius-35 u-btn-1\" target=\"_blank\">See your rate by logging in<\/a>\n                      <a href=\"https:\/\/restore.24pm.be\/en\/metiers\/\" class=\"u-align-center-lg u-align-center-md u-align-center-sm u-align-center-xs u-btn u-btn-round u-button-style u-hidden-md u-hidden-xs u-hover-palette-4-base u-radius-50 u-btn-2\">See the other trades and shared services<\/a>\n                      <a href=\"https:\/\/restore.24pm.be\/en\/metiers\/\" class=\"u-active-none u-align-center-md u-align-center-sm u-align-center-xs u-border-2 u-border-palette-1-base u-btn u-btn-rectangle u-button-style u-hidden-lg u-hidden-sm u-hidden-xl u-hover-none u-none u-btn-3\">Other businesses and shared services<\/a>\n                      <a href=\"https:\/\/login.24pm.be\" class=\"u-active-none u-align-center-md u-align-center-sm u-align-center-xs u-border-2 u-border-palette-1-base u-btn u-btn-rectangle u-button-style u-hidden-lg u-hidden-sm u-hidden-xl u-hover-none u-none u-btn-4\">See your rate by logging in<\/a>\n                    <\/div>\n                  <\/div>\n                <\/div>\n              <\/div>\n            <\/div>\n          <\/div>\n        <\/div>\n      <\/div>\n    <\/section>\n    <section class=\"u-clearfix u-section-5\" id=\"sec-2cdb\">\n      <div class=\"u-clearfix u-sheet u-sheet-1\">\n        <h4 class=\"u-text u-text-1\"> As an example... here's a thumbnail of the data schema\nof 24PM's internal tools <\/h4>\n        <div class=\"u-border-3 u-border-palette-2-base u-line u-line-horizontal u-line-1\"><\/div>\n        <img src=\"https:\/\/restore.24pm.be\/wp-content\/uploads\/2021\/05\/UML.png\" alt=\"\" class=\"u-image u-image-default u-image-1\" data-image-width=\"512\" data-image-height=\"375\">\n      <\/div>\n    <\/section>\n    <section class=\"u-clearfix u-grey-5 u-section-6\" id=\"sec-0521\">\n      <div class=\"u-clearfix u-sheet u-valign-middle u-sheet-1\">\n        <div class=\"u-clearfix u-expanded-width-md u-expanded-width-sm u-expanded-width-xs u-gutter-0 u-layout-wrap u-layout-wrap-1\">\n          <div class=\"u-layout\">\n            <div class=\"u-layout-row\">\n              <div class=\"u-align-center-sm u-align-center-xs u-align-left-lg u-align-left-md u-align-left-xl u-container-style u-layout-cell u-left-cell u-size-13 u-layout-cell-1\">\n                <div class=\"u-container-layout u-valign-top u-container-layout-1\">\n                  <div alt=\"\" class=\"u-align-left u-image u-image-circle u-image-1\" src=\"\" data-image-width=\"1280\" data-image-height=\"854\"><\/div>\n                  <p class=\"u-align-center u-text u-text-1\"> Illustration<\/p>\n                <\/div>\n              <\/div>\n              <div class=\"u-align-center-sm u-align-center-xs u-align-left-lg u-align-left-md u-align-left-xl u-container-style u-layout-cell u-right-cell u-size-47 u-layout-cell-2\">\n                <div class=\"u-container-layout u-container-layout-2\">\n                  <h6 class=\"u-text u-text-2\">Typical profile of a 24PM employee<\/h6>\n                  <p class=\"u-text u-text-3\"> 24PM's typical programmer-analyst is an employee who has\ntrained in development and business management.\nthat enables them to understand project implications from the point of view of the\nfrom the point of view of the project owner, users, developers and the\nschedule. <\/p>\n                <\/div>\n              <\/div>\n            <\/div>\n          <\/div>\n        <\/div>\n      <\/div>\n    <\/section>\n    <section class=\"u-clearfix u-white u-section-7\" id=\"sec-6b8b\">\n      <div class=\"u-clearfix u-sheet u-sheet-1\">\n        <h2 class=\"u-text u-text-1\">Not a 24PM member yet?<\/h2>\n        <p class=\"u-text u-text-2\"> Answer a few questions and benefit from our support for your projects starting next week:<\/p>\n        <div class=\"u-expanded-width u-shortcode u-shortcode-1\"><div class=\"frm_forms  with_frm_style frm_style_formidable-style\" id=\"frm_form_4_container\" >\n<form enctype=\"multipart\/form-data\" method=\"post\" class=\"frm-show-form  frm_js_validate  frm_ajax_submit  frm_pro_form  frm_ajax_submit  frm_slidein\" id=\"form_test24pm\" action=\"\" >\n<div class=\"frm_form_fields  frm_page_num_1\">\n<fieldset>\n<legend class=\"frm_screen_reader\">24PM Test<\/legend>\r\n\r\n<div class=\"frm_fields_container\">\n<div class=\"frm_rootline_group\"><ul class=\"frm_page_bar frm_rootline_8 frm_progress frm_progress_line frm_no_numbers\"><li class=\"frm_rootline_single frm_current_page\"><input type=\"button\" value=\"1\" data-page=\"\" class=\"frm_page_1\" disabled=\"disabled\" data-field=\"0\" aria-label=\"Page 1\"  \/><\/li><li class=\"frm_rootline_single\"><input type=\"button\" value=\"2\" data-page=\"2\" class=\"frm_page_skip frm_page_2\" data-field=\"48\" aria-label=\"Next\"  \/><\/li><li class=\"frm_rootline_single\"><input type=\"button\" value=\"3\" data-page=\"4\" class=\"frm_page_skip frm_page_3\" data-field=\"50\" aria-label=\"Next\"  \/><\/li><li class=\"frm_rootline_single\"><input type=\"button\" value=\"4\" data-page=\"6\" class=\"frm_page_skip frm_page_4\" data-field=\"54\" aria-label=\"Next\"  \/><\/li><li class=\"frm_rootline_single\"><input type=\"button\" value=\"5\" data-page=\"8\" class=\"frm_page_skip frm_page_5\" data-field=\"57\" aria-label=\"Next\"  \/><\/li><li class=\"frm_rootline_single\"><input type=\"button\" value=\"6\" data-page=\"10\" class=\"frm_page_skip frm_page_6\" data-field=\"60\" aria-label=\"Next\"  \/><\/li><li class=\"frm_rootline_single\"><input type=\"button\" value=\"7\" data-page=\"12\" class=\"frm_page_skip frm_page_7\" data-field=\"64\" aria-label=\"Next\"  \/><\/li><li class=\"frm_rootline_single\"><input type=\"button\" value=\"8\" data-page=\"14\" class=\"frm_page_skip frm_page_8\" data-field=\"68\" aria-label=\"Next\"  \/><\/li><\/ul><div class=\"frm_clearfix\"><\/div><\/div><input type=\"hidden\" name=\"frm_action\" value=\"create\" \/>\n<input type=\"hidden\" name=\"form_id\" value=\"4\" \/>\n<input type=\"hidden\" name=\"frm_hide_fields_4\" id=\"frm_hide_fields_4\" value=\"\" \/>\n<input type=\"hidden\" name=\"form_key\" value=\"test24pm\" \/>\n<input type=\"hidden\" name=\"item_meta[0]\" value=\"\" \/>\n<input type=\"hidden\" id=\"frm_submit_entry_4\" name=\"frm_submit_entry_4\" value=\"d0fef6ddb5\" \/><input type=\"hidden\" name=\"_wp_http_referer\" value=\"\/en\/wp-json\/wp\/v2\/pages\/560\" \/><div id=\"frm_field_46_container\" class=\"frm_form_field form-field  frm_top_container vertical_radio\">\r\n    <div  id=\"field_ax0e5_label\" class=\"frm_primary_label\">Which of the following defines your business? \r\n        <span class=\"frm_required\" aria-hidden=\"true\"><\/span>\r\n    <\/div>\r\n    <div class=\"frm_opt_container\" aria-labelledby=\"field_ax0e5_label\" role=\"radiogroup\">\t\t<div class=\"frm_radio\" id=\"frm_radio_46-0\">\t\t\t<label  for=\"field_ax0e5-0\">\n\t\t\t\t\t<input type=\"radio\" name=\"item_meta[46]\" id=\"field_ax0e5-0\" value=\"Ind\u00e9pendant(e)\"\n\t\t   data-invmsg=\"Laquelle de ces propositions d\u00e9finit votre activit\u00e9 ?  is invalid\"  \/> Self-employed<\/label><\/div>\n\t\t<div class=\"frm_radio\" id=\"frm_radio_46-1\">\t\t\t<label  for=\"field_ax0e5-1\">\n\t\t\t\t\t<input type=\"radio\" name=\"item_meta[46]\" id=\"field_ax0e5-1\" value=\"Entreprise priv\u00e9e\"\n\t\t   data-invmsg=\"Laquelle de ces propositions d\u00e9finit votre activit\u00e9 ?  is invalid\"  \/> Private company<\/label><\/div>\n\t\t<div class=\"frm_radio\" id=\"frm_radio_46-4\">\t\t\t<label  for=\"field_ax0e5-4\">\n\t\t\t\t\t<input type=\"radio\" name=\"item_meta[46]\" id=\"field_ax0e5-4\" value=\"Profession lib\u00e9rale\"\n\t\t   data-invmsg=\"Laquelle de ces propositions d\u00e9finit votre activit\u00e9 ?  is invalid\"  \/> Liberal profession<\/label><\/div>\n\t\t<div class=\"frm_radio\" id=\"frm_radio_46-3\">\t\t\t<label  for=\"field_ax0e5-3\">\n\t\t\t\t\t<input type=\"radio\" name=\"item_meta[46]\" id=\"field_ax0e5-3\" value=\"Secteur non-marchand public\"\n\t\t   data-invmsg=\"Laquelle de ces propositions d\u00e9finit votre activit\u00e9 ?  is invalid\"  \/> Public non-market sector<\/label><\/div>\n<\/div>\r\n    \r\n    \r\n<\/div>\n<input type=\"hidden\" name=\"frm_page_order_4\" id=\"frm_page_order_4\" value=\"2\" \/><input type=\"hidden\" name=\"item_meta[47]\" id=\"field_ckd4z-0\" value=\"\"     \/>\n<input type=\"hidden\" name=\"item_meta[50]\" id=\"field_v48ku\" value=\"\"     \/>\n<input type=\"hidden\" name=\"item_meta[51]\" id=\"field_8i9ai-0\" value=\"\"     \/>\n<input type=\"hidden\" name=\"item_meta[54]\" id=\"field_mnog7\" value=\"\"     \/>\n<input type=\"hidden\" name=\"item_meta[56]\" id=\"field_4cgcw-0\" value=\"\"     \/>\n<input type=\"hidden\" name=\"item_meta[57]\" id=\"field_ukq9v\" value=\"\"     \/>\n<input type=\"hidden\" name=\"item_meta[58]\" id=\"field_ekbdl-0\" value=\"\"     \/>\n<input type=\"hidden\" name=\"item_meta[60]\" id=\"field_v8y5v\" value=\"\"     \/>\n<input type=\"hidden\" name=\"item_meta[61]\" id=\"field_28sg3-0\" value=\"\"     \/>\n<input type=\"hidden\" name=\"item_meta[64]\" id=\"field_c0ig3\" value=\"\"     \/>\n<input type=\"hidden\" name=\"item_meta[62]\" id=\"field_t07pn-0\" value=\"\"     \/>\n<input type=\"hidden\" name=\"item_meta[68]\" id=\"field_r24mh\" value=\"\"     \/>\n<input type=\"hidden\" name=\"item_meta[69]\" id=\"field_fog2h\" value=\"\"     \/>\n<input type=\"hidden\" name=\"item_meta[72]\" id=\"field_qp9qn\" value=\"\"     \/>\n<input type=\"hidden\" name=\"item_meta[70]\" id=\"field_po0jy\" value=\"\"     \/>\n<input type=\"hidden\" name=\"item_meta[71]\" id=\"field_oskjh\" value=\"\"     \/>\n<input type=\"hidden\" name=\"item_meta[75]\" id=\"field_5o4yi-0\" value=\"\"     \/>\n\t<input type=\"hidden\" name=\"item_key\" value=\"\" \/>\n\t\t\t<div id=\"frm_field_132_container\">\n\t\t\t<label for=\"field_a0dk3\" >\n\t\t\t\tIf you are human, leave this field blank.\t\t\t<\/label>\n\t\t\t<input  id=\"field_a0dk3\" type=\"text\" class=\"frm_form_field form-field frm_verify\" name=\"item_meta[132]\" value=\"\"  \/>\n\t\t<\/div>\n\t\t<input name=\"frm_state\" type=\"hidden\" value=\"8f8spRLt6z5R6sIL1LgyniAW+AVKVSP2Ipqa\/AduLFk=\" \/><div class=\"frm_submit\">\r\n\r\n<button class=\"frm_button_submit\" type=\"submit\"  >Next<\/button>\r\n\r\n<\/div><\/div>\n<\/fieldset>\n<\/div>\n\n<p style=\"display: none !important;\" class=\"akismet-fields-container\" data-prefix=\"ak_\"><label>&#916;<textarea name=\"ak_hp_textarea\" cols=\"45\" rows=\"8\" maxlength=\"100\"><\/textarea><\/label><input type=\"hidden\" id=\"ak_js_1\" name=\"ak_js\" value=\"100\"\/><script>document.getElementById( \"ak_js_1\" ).setAttribute( \"value\", ( new Date() ).getTime() );<\/script><\/p><input type=\"hidden\" name=\"trp-form-language\" value=\"en\"\/><\/form>\n<\/div>\n<\/div>\n      <\/div>\n    <\/section>\n    <style class=\"u-overlap-style\">.u-overlap:not(.u-sticky-scroll) .u-header {\nbackground-color: #01334a !important\n}<\/style>","protected":false},"excerpt":{"rendered":"<p>Programmeur Analyste Analyses fonctionnelles, U.M.L., M.L.D., Merise,&#8230; \u00catre rappel\u00e9 Que pouvons nous faire pour vous ? Le m\u00e9tier L\u2019analyste 24PM r\u00e9alise une \u00e9tude double sur votre projet de d\u00e9veloppement, son m\u00e9tier est de s\u2019assurer que l\u2019on a (presque) pens\u00e9 \u00e0 tout au moment de la pr\u00e9-conception du projet, son travail est essentiel au fait de &hellip; <a href=\"https:\/\/restore.24pm.be\/en\/metier-it-analyste\/\" class=\"more-link\">Continue reading<span class=\"screen-reader-text\"> \u00ab\u00a0metier-it-analyste\u00a0\u00bb<\/span><\/a><\/p>","protected":false},"author":2,"featured_media":0,"parent":0,"menu_order":1,"comment_status":"closed","ping_status":"closed","template":"","meta":[],"_links":{"self":[{"href":"https:\/\/restore.24pm.be\/en\/wp-json\/wp\/v2\/pages\/560"}],"collection":[{"href":"https:\/\/restore.24pm.be\/en\/wp-json\/wp\/v2\/pages"}],"about":[{"href":"https:\/\/restore.24pm.be\/en\/wp-json\/wp\/v2\/types\/page"}],"author":[{"embeddable":true,"href":"https:\/\/restore.24pm.be\/en\/wp-json\/wp\/v2\/users\/2"}],"replies":[{"embeddable":true,"href":"https:\/\/restore.24pm.be\/en\/wp-json\/wp\/v2\/comments?post=560"}],"version-history":[{"count":4,"href":"https:\/\/restore.24pm.be\/en\/wp-json\/wp\/v2\/pages\/560\/revisions"}],"predecessor-version":[{"id":772,"href":"https:\/\/restore.24pm.be\/en\/wp-json\/wp\/v2\/pages\/560\/revisions\/772"}],"wp:attachment":[{"href":"https:\/\/restore.24pm.be\/en\/wp-json\/wp\/v2\/media?parent=560"}],"curies":[{"name":"wp","href":"https:\/\/api.w.org\/{rel}","templated":true}]}}