{"id":534,"date":"2021-05-15T22:42:30","date_gmt":"2021-05-15T20:42:30","guid":{"rendered":"https:\/\/new.24pm.be\/?page_id=534"},"modified":"2021-06-16T16:25:25","modified_gmt":"2021-06-16T14:25:25","slug":"metier-coaching","status":"publish","type":"page","link":"https:\/\/restore.24pm.be\/en\/metier-coaching\/","title":{"rendered":"metier-coaching"},"content":{"rendered":"<section class=\"u-align-center u-clearfix u-palette-1-base u-section-2\" id=\"sec-05ce\">\n      <div class=\"u-clearfix u-sheet u-valign-middle-lg u-valign-middle-md u-valign-middle-sm u-valign-middle-xs u-valign-top-xl u-sheet-1\">\n        <div class=\"u-clearfix u-expanded-width u-layout-wrap u-layout-wrap-1\">\n          <div class=\"u-layout\">\n            <div class=\"u-layout-row\">\n              <div class=\"u-container-style u-layout-cell u-size-30 u-layout-cell-1\">\n                <div class=\"u-container-layout u-container-layout-1\">\n                  <h1 class=\"u-text u-text-white u-text-1\">The Coach<br>\n                  <\/h1>\n                  <div class=\"u-border-7 u-border-palette-2-base u-line u-line-horizontal u-line-1\"><\/div>\n                  <h4 class=\"u-text u-text-white u-text-2\">Coaching provides support to teams and managers, helping them to make the changes they need or want to make.<br>\n                  <\/h4>\n                  <a href=\"#sec-7453\" class=\"u-align-left u-border-2 u-border-white u-btn u-btn-round u-button-style u-dialog-link u-palette-1-base u-radius-50 u-btn-1\">Be called back<\/a>\n                <\/div>\n              <\/div>\n              <div class=\"u-container-style u-layout-cell u-size-30 u-layout-cell-2\">\n                <div class=\"u-container-layout u-container-layout-2\"><span class=\"u-align-center u-border-2 u-border-grey-75 u-icon u-icon-circle u-spacing-68 u-white u-icon-1\"><svg class=\"u-svg-link\" preserveaspectratio=\"xMidYMin slice\" viewbox=\"0 0 511.996 511.996\" style=\"\"><use xlink:href=\"#svg-b22a\"><\/use><\/svg><svg class=\"u-svg-content\" viewbox=\"0 0 511.996 511.996\" x=\"0px\" y=\"0px\" id=\"svg-b22a\" style=\"enable-background:new 0 0 511.996 511.996;\"><g><g><path d=\"M471.841,26.171H194.95c-5.993,0-10.853,4.859-10.853,10.853v52.998c8.683,4.973,16.123,11.867,21.705,20.11V47.876    h255.185v183.502H228.862c-32.812,20.373-31.563,19.828-35.795,21.53c1.506,0.264-14.501,0.174,278.773,0.174    c5.993,0,10.853-4.859,10.853-10.853V37.023C482.693,31.03,477.834,26.171,471.841,26.171z\"><\/path>\n<\/g>\n<\/g><g><g><path d=\"M99.064,5.644c-22.426,0-40.607,18.18-40.607,40.607c0.001,22.552,18.333,40.607,40.607,40.607    c22.277,0,40.607-18.067,40.607-40.607C139.671,23.824,121.49,5.644,99.064,5.644z\"><\/path>\n<\/g>\n<\/g><g><g><path d=\"M264.974,164.247c-5.707-9.192-17.785-12.02-26.981-6.311l-39.506,24.529v-36.527    c-0.128-25.438-21.09-46.134-46.728-46.134h-40.781c0.179,0.175,0.339,0.374,0.47,0.596c0.518,0.877,0.535,1.962,0.045,2.855    c-5.835,10.614-3.368,6.126-7.068,12.855c4.495,8.174,3.444,6.265,7.966,14.487c0.945,1.717,1.24,3.717,0.833,5.634    l-12.642,59.548c-0.399,1.88-3.105,1.864-3.48-0.023c-1.396-7.03-10.621-53.496-11.829-59.577    c-0.374-1.886-0.071-3.843,0.855-5.528l7.98-14.514l-7.083-12.884c-0.49-0.893-0.474-1.978,0.045-2.855    c0.131-0.222,0.29-0.421,0.47-0.596c-14.639,0-26.892,0-41.172,0c-25.439,0-46.239,20.695-46.367,46.232v143.944    c0,10.822,8.772,19.594,19.593,19.594s19.593-8.772,19.593-19.593V146.134c0.011-2.144,1.755-3.874,3.898-3.867    c2.143,0.006,3.876,1.745,3.876,3.888l0.009,226.706c5.112-21.575,24.124-37.822,47.024-38.718V287.57h10.151v47.192    c23.913,3.912,42.221,24.709,42.221,49.711c0,10.657-3.335,20.544-9.004,28.694c3.452,0,7.752-0.125,13.807,1.106    c0-173.31-0.417-71.268-0.427-268.215c0-2.359,1.909-4.274,4.269-4.281c2.36-0.007,4.28,1.896,4.293,4.256    c0,0.001,0,0.002,0,0.002v71.657c0,15.393,16.959,24.698,29.928,16.646l69.434-43.111    C267.856,185.52,270.682,173.439,264.974,164.247z\"><\/path>\n<\/g>\n<\/g><g><g><path d=\"M263.934,102.478l4.213-4.213c3.179-3.179,3.179-8.332,0-11.511c-3.18-3.179-8.332-3.179-11.512,0l-4.212,4.212    l-4.212-4.212c-3.18-3.179-8.332-3.179-11.512,0c-3.179,3.178-3.179,8.332,0,11.511l4.213,4.213l-4.213,4.213    c-3.179,3.179-3.179,8.332,0,11.511c3.18,3.179,8.332,3.179,11.512,0l4.212-4.212l4.212,4.212c3.18,3.179,8.332,3.179,11.512,0    c3.179-3.179,3.179-8.332,0-11.511L263.934,102.478z\"><\/path>\n<\/g>\n<\/g><g><g><path d=\"M424.274,89.035l4.213-4.213c3.179-3.179,3.179-8.332,0-11.511c-3.18-3.179-8.332-3.179-11.512,0l-4.212,4.213    l-4.213-4.213c-3.179-3.179-8.332-3.179-11.512,0c-3.179,3.179-3.179,8.332,0,11.511l4.213,4.213l-4.213,4.213    c-3.178,3.179-3.178,8.332,0,11.511c3.18,3.179,8.332,3.179,11.512,0l4.213-4.212l4.212,4.212c3.18,3.179,8.332,3.179,11.512,0    c3.179-3.179,3.179-8.332,0-11.511L424.274,89.035z\"><\/path>\n<\/g>\n<\/g><g><g><path d=\"M399.614,192.127c-0.715-4.437-4.888-7.448-9.333-6.738c-29.408,4.75-43.626,0.262-55.512-39.859    C320.026,95.775,283.83,98.358,282.3,98.496c-4.478,0.392-7.79,4.341-7.397,8.819c0.394,4.478,4.346,7.791,8.82,7.397    c0.24-0.019,24.432-1.699,35.437,35.444c13.199,44.547,32.493,57.96,73.716,51.304    C397.314,200.744,400.33,196.565,399.614,192.127z\"><\/path>\n<\/g>\n<\/g><g><g><circle cx=\"398.619\" cy=\"159.209\" r=\"13.597\"><\/circle>\n<\/g>\n<\/g><g><g><path d=\"M100.139,350.624c-20.305-2.495-38.256,13.354-38.256,33.848c0,11.459,5.725,22.287,15.683,28.694    c5.314,3.418,11.632,5.409,18.419,5.409c18.232,0,33.143-14.322,34.058-32.347C130.96,368.079,117.65,352.773,100.139,350.624z\"><\/path>\n<\/g>\n<\/g><g><g><path d=\"M262.391,350.37c-18.824,0-34.102,15.256-34.102,34.102c0,18.845,15.276,34.102,34.102,34.102    c18.707,0,34.102-15.158,34.102-34.102C296.493,365.535,281.1,350.37,262.391,350.37z\"><\/path>\n<\/g>\n<\/g><g><g><path d=\"M428.797,350.37c-18.739,0-34.102,15.187-34.102,34.102c0,18.93,15.381,34.102,34.102,34.102    c18.815,0,34.102-15.243,34.102-34.102C462.899,365.63,447.634,350.37,428.797,350.37z\"><\/path>\n<\/g>\n<\/g><g><g><path d=\"M472.965,429.444c-76.044,0-10.518,0-88.337,0c-21.476,0-38.928,17.541-39.035,38.744    c-0.107-21.308-17.65-38.744-39.035-38.744c-87.1,0-85.573,0-88.337,0c-21.392,0-38.927,17.41-39.035,38.744    c-0.108-21.449-17.768-38.744-39.035-38.744c-2.763,0-85.573,0-88.337,0c-21.289,0-38.927,17.32-39.035,38.744v38.159h32.815    l0.189-37.614c0.027-5.075,6.622-4.545,6.622-0.363c0,13.378,0,24.574,0,37.978h87.157c0-0.52-0.038-38.133,0.067-38.643    c0.777-3.792,6.535-3.362,6.553,0.65c0.116,22.996,0.076,15.048,0.191,37.993c8.634,0,58.414,0,65.628,0l0.191-37.993    c0.019-4.368,6.62-4.31,6.62,0.017v37.978c11.668,0,85.06,0,87.157,0v-37.977c0-4.236,6.597-4.629,6.622,0.363l0.188,37.614    c7.68,0,57.442,0,65.627,0c0.101-20.112,0.089-17.716,0.191-37.993c0.026-4.318,6.62-4.427,6.62,0.017v37.978    c2.221,0,75.533,0,87.157,0v-37.977c0-4.412,6.601-4.263,6.62-0.017c0.099,19.758,0.09,17.92,0.191,37.993h32.813v-38.159    C511.893,446.829,494.333,429.444,472.965,429.444z\"><\/path>\n<\/g>\n<\/g><\/svg><\/span>\n                <\/div>\n              <\/div>\n            <\/div>\n          <\/div>\n        <\/div>\n      <\/div>\n    <\/section>\n    <section class=\"u-align-center u-clearfix u-section-3\" id=\"carousel_4f02\">\n      <div class=\"u-expanded-width u-flip-vertical u-shape u-shape-svg u-text-palette-1-base u-shape-1\">\n        <svg class=\"u-svg-link\" preserveaspectratio=\"none\" viewbox=\"0 0 160 160\" style=\"\"><use xmlns:xlink=\"http:\/\/www.w3.org\/1999\/xlink\" xlink:href=\"#svg-4883\"><\/use><\/svg>\n        <svg class=\"u-svg-content\" viewbox=\"0 0 160 160\" x=\"0px\" y=\"0px\" id=\"svg-4883\"><path d=\"M155,160H5c-2.8,0-5-2.2-5-5.1V80.5c0-1.3,0.5-2.6,1.5-3.5l75-75.5c2-1.9,5.1-1.9,7,0l75,75.5c0.9,0.9,1.5,2.2,1.5,3.5v74.4\tC160,157.8,157.8,160,155,160z\"><\/path><\/svg>\n      <\/div>\n      <h2 class=\"u-align-center u-text u-text-body-alt-color u-text-1\">What can we do for you?<\/h2>\n      <div class=\"u-align-center u-border-4 u-border-palette-2-base u-line u-line-horizontal u-line-1\"><\/div>\n    <\/section>\n    <section class=\"u-clearfix u-section-4\" id=\"sec-b2b9\">\n      <div class=\"u-clearfix u-sheet u-sheet-1\">\n        <div class=\"u-clearfix u-expanded-width u-layout-wrap u-layout-wrap-1\">\n          <div class=\"u-layout\">\n            <div class=\"u-layout-row\">\n              <div class=\"u-size-27-lg u-size-27-md u-size-27-sm u-size-27-xs u-size-30-xl\">\n                <div class=\"u-layout-col\">\n                  <div class=\"u-container-style u-layout-cell u-size-60 u-layout-cell-1\">\n                    <div class=\"u-container-layout u-valign-top u-container-layout-1\">\n                      <h6 class=\"u-text u-text-1\">The benefits of coaching<\/h6>\n                      <ul class=\"u-text u-text-2\">\n                        <li>Feeling less alone when making decisions<\/li>\n                        <li>Gain height more easily<\/li>\n                        <li>Change your leadership posture if it's no longer appropriate<\/li>\n                        <li>Gaining agility to support your organization&nbsp;<\/li>\n                        <li>Rediscover performance<\/li>\n                        <li>Fighting exhaustion.<\/li>\n                      <\/ul>\n                      <blockquote class=\"u-text u-text-3\">Coaching is for teams, managers and shareholders. Talk to your project manager about your challenges.<br>\n                      <\/blockquote>\n                    <\/div>\n                  <\/div>\n                <\/div>\n              <\/div>\n              <div class=\"u-size-30-xl u-size-33-lg u-size-33-md u-size-33-sm u-size-33-xs\">\n                <div class=\"u-layout-col\">\n                  <div class=\"u-container-style u-layout-cell u-size-30 u-layout-cell-2\">\n                    <div class=\"u-container-layout u-container-layout-2\"><span class=\"u-align-center u-icon u-icon-circle u-text-palette-1-base u-icon-1\"><svg class=\"u-svg-link\" preserveaspectratio=\"xMidYMin slice\" viewbox=\"0 0 490.667 490.667\" style=\"\"><use xmlns:xlink=\"http:\/\/www.w3.org\/1999\/xlink\" xlink:href=\"#svg-4307\"><\/use><\/svg><svg class=\"u-svg-content\" viewbox=\"0 0 490.667 490.667\" x=\"0px\" y=\"0px\" id=\"svg-4307\" style=\"enable-background:new 0 0 490.667 490.667;\"><g><g><path d=\"M158.571,73.728l-21.333-36.949c-2.944-5.141-9.493-6.848-14.571-3.904c-5.099,2.944-6.848,9.451-3.904,14.571    l21.333,36.949c1.963,3.435,5.568,5.333,9.237,5.333c1.813,0,3.648-0.469,5.333-1.429    C159.765,85.333,161.515,78.827,158.571,73.728z\"><\/path>\n<\/g>\n<\/g><g><g><path d=\"M371.904,443.221l-21.333-36.949c-2.944-5.12-9.493-6.869-14.571-3.904c-5.12,2.944-6.869,9.472-3.904,14.571    l21.333,36.949c1.963,3.435,5.568,5.333,9.237,5.333c1.813,0,3.648-0.448,5.333-1.429    C373.12,454.848,374.869,448.32,371.904,443.221z\"><\/path>\n<\/g>\n<\/g><g><g><path d=\"M84.395,140.096l-36.949-21.333c-5.099-2.901-11.627-1.195-14.571,3.904c-2.965,5.099-1.216,11.627,3.904,14.571    l36.949,21.333c1.685,0.981,3.52,1.429,5.333,1.429c3.669,0,7.275-1.92,9.237-5.333C91.243,149.568,89.493,143.04,84.395,140.096z    \"><\/path>\n<\/g>\n<\/g><g><g><path d=\"M453.888,353.429l-36.949-21.333c-5.099-2.901-11.627-1.195-14.571,3.904s-1.195,11.627,3.904,14.571l36.949,21.333    c1.685,0.981,3.52,1.429,5.333,1.429c3.669,0,7.275-1.92,9.237-5.333C460.736,362.901,458.987,356.373,453.888,353.429z\"><\/path>\n<\/g>\n<\/g><g><g><path d=\"M88.299,336c-2.944-5.12-9.493-6.827-14.571-3.904l-36.949,21.333c-5.12,2.944-6.869,9.472-3.904,14.571    c1.963,3.413,5.568,5.333,9.237,5.333c1.813,0,3.648-0.448,5.333-1.429l36.949-21.333C89.515,347.627,91.264,341.099,88.299,336z\"><\/path>\n<\/g>\n<\/g><g><g><path d=\"M154.667,402.368c-5.12-2.923-11.648-1.216-14.571,3.904l-21.333,36.949c-2.944,5.099-1.195,11.627,3.904,14.571    c1.685,0.981,3.52,1.429,5.333,1.429c3.669,0,7.275-1.899,9.237-5.333l21.333-36.949    C161.515,411.84,159.765,405.312,154.667,402.368z\"><\/path>\n<\/g>\n<\/g><g><g><path d=\"M53.333,234.667H10.667C4.779,234.667,0,239.445,0,245.333S4.779,256,10.667,256h42.667C59.221,256,64,251.221,64,245.333    S59.221,234.667,53.333,234.667z\"><\/path>\n<\/g>\n<\/g><g><g><path d=\"M245.333,426.667c-5.888,0-10.667,4.779-10.667,10.667V480c0,5.888,4.779,10.667,10.667,10.667S256,485.888,256,480    v-42.667C256,431.445,251.221,426.667,245.333,426.667z\"><\/path>\n<\/g>\n<\/g><g><g><path d=\"M462.763,132.117l-45.824,26.453c-1.685,0.981-3.52,1.429-5.333,1.429c-3.669,0-7.275-1.92-9.237-5.333    c-2.965-5.099-1.216-11.627,3.904-14.571l45.739-26.411c-19.264-30.144-44.885-55.765-75.051-75.029l-26.411,45.739    c-1.963,3.435-5.568,5.333-9.237,5.333c-1.813,0-3.648-0.448-5.333-1.429c-5.099-2.944-6.848-9.472-3.904-14.571l26.453-45.803    C324.651,10.176,286.187,0,245.333,0c-5.888,0-10.667,4.779-10.667,10.667v234.667c0,5.888,4.779,10.667,10.667,10.667H480    c5.888,0,10.667-4.779,10.667-10.667C490.667,204.501,480.491,166.037,462.763,132.117z\"><\/path>\n<\/g>\n<\/g><\/svg><\/span>\n                      <p class=\"u-align-center u-text u-text-4\"> From 15 \u20ac onwards<\/p>\n                      <p class=\"u-align-center u-text u-text-5\"> Possible packages<\/p>\n                    <\/div>\n                  <\/div>\n                  <div class=\"u-container-style u-layout-cell u-size-30 u-layout-cell-3\">\n                    <div class=\"u-container-layout u-valign-bottom-lg u-valign-bottom-md u-valign-bottom-sm u-container-layout-3\">\n                      <a href=\"https:\/\/login.24pm.be\" class=\"u-align-center u-border-0 u-btn u-btn-round u-button-style u-hidden-md u-hidden-xs u-hover-palette-2-base u-palette-1-base u-radius-35 u-btn-1\" target=\"_blank\">See your rate by logging in<\/a>\n                      <a href=\"https:\/\/restore.24pm.be\/en\/metiers\/\" class=\"u-align-center-lg u-align-center-md u-align-center-sm u-align-center-xs u-btn u-btn-round u-button-style u-hidden-md u-hidden-xs u-hover-palette-4-base u-radius-50 u-btn-2\">See the other trades and shared services<\/a>\n                      <a href=\"https:\/\/restore.24pm.be\/en\/metiers\/\" class=\"u-active-none u-align-center-md u-align-center-sm u-align-center-xs u-border-2 u-border-palette-1-base u-btn u-btn-rectangle u-button-style u-hidden-lg u-hidden-sm u-hidden-xl u-hover-none u-none u-btn-3\">Other businesses and shared services<\/a>\n                      <a href=\"https:\/\/login.24pm.be\" class=\"u-active-none u-align-center-md u-align-center-sm u-align-center-xs u-border-2 u-border-palette-1-base u-btn u-btn-rectangle u-button-style u-hidden-lg u-hidden-sm u-hidden-xl u-hover-none u-none u-btn-4\">See your rate by logging in<\/a>\n                    <\/div>\n                  <\/div>\n                <\/div>\n              <\/div>\n            <\/div>\n          <\/div>\n        <\/div>\n      <\/div>\n    <\/section>\n    <section class=\"u-clearfix u-grey-5 u-section-5\" id=\"sec-0521\">\n      <div class=\"u-clearfix u-sheet u-valign-middle u-sheet-1\">\n        <div class=\"u-clearfix u-expanded-width-md u-expanded-width-sm u-expanded-width-xs u-gutter-0 u-layout-wrap u-layout-wrap-1\">\n          <div class=\"u-layout\">\n            <div class=\"u-layout-row\">\n              <div class=\"u-align-center-sm u-align-center-xs u-align-left-lg u-align-left-md u-align-left-xl u-container-style u-layout-cell u-left-cell u-size-13 u-layout-cell-1\">\n                <div class=\"u-container-layout u-valign-middle-sm u-valign-middle-xs u-valign-top-lg u-valign-top-xl u-container-layout-1\">\n                  <div alt=\"\" class=\"u-align-left u-expanded-width-lg u-expanded-width-md u-expanded-width-xl u-image u-image-circle u-image-1\" src=\"\" data-image-width=\"853\" data-image-height=\"1280\"><\/div>\n                  <p class=\"u-align-center u-text u-text-1\"> Illustration<\/p>\n                <\/div>\n              <\/div>\n              <div class=\"u-align-center-sm u-align-center-xs u-align-left-lg u-align-left-md u-align-left-xl u-container-style u-layout-cell u-right-cell u-size-47 u-layout-cell-2\">\n                <div class=\"u-container-layout u-container-layout-2\">\n                  <h6 class=\"u-text u-text-2\">Typical profile of a 24PM employee<\/h6>\n                  <p class=\"u-text u-text-3\">The coach is a 24PM associate who has himself or herself undergone a complete turnaround during his or her career. Our associate coaches are all members of professional institutes and are monitored by an internal 24PM ethics committee.&nbsp;<br>\n                  <\/p>\n                  <p class=\"u-text u-text-4\">We also work with holders of Masters degrees in Business Psychology.<\/p>\n                <\/div>\n              <\/div>\n            <\/div>\n          <\/div>\n        <\/div>\n      <\/div>\n    <\/section>\n    <section class=\"u-clearfix u-white u-section-6\" id=\"sec-6b8b\">\n      <div class=\"u-clearfix u-sheet u-sheet-1\">\n        <h2 class=\"u-text u-text-1\">Not a 24PM member yet?<\/h2>\n        <p class=\"u-text u-text-2\"> Answer a few questions and benefit from our support for your projects starting next week:<\/p>\n        <div class=\"u-expanded-width u-shortcode u-shortcode-1\"><div class=\"frm_forms  with_frm_style frm_style_formidable-style\" id=\"frm_form_4_container\" >\n<form enctype=\"multipart\/form-data\" method=\"post\" class=\"frm-show-form  frm_js_validate  frm_ajax_submit  frm_pro_form  frm_ajax_submit  frm_slidein\" id=\"form_test24pm\" action=\"\" >\n<div class=\"frm_form_fields  frm_page_num_1\">\n<fieldset>\n<legend class=\"frm_screen_reader\">24PM Test<\/legend>\r\n\r\n<div class=\"frm_fields_container\">\n<div class=\"frm_rootline_group\"><ul class=\"frm_page_bar frm_rootline_8 frm_progress frm_progress_line frm_no_numbers\"><li class=\"frm_rootline_single frm_current_page\"><input type=\"button\" value=\"1\" data-page=\"\" class=\"frm_page_1\" disabled=\"disabled\" data-field=\"0\" aria-label=\"Page 1\"  \/><\/li><li class=\"frm_rootline_single\"><input type=\"button\" value=\"2\" data-page=\"2\" class=\"frm_page_skip frm_page_2\" data-field=\"48\" aria-label=\"Next\"  \/><\/li><li class=\"frm_rootline_single\"><input type=\"button\" value=\"3\" data-page=\"4\" class=\"frm_page_skip frm_page_3\" data-field=\"50\" aria-label=\"Next\"  \/><\/li><li class=\"frm_rootline_single\"><input type=\"button\" value=\"4\" data-page=\"6\" class=\"frm_page_skip frm_page_4\" data-field=\"54\" aria-label=\"Next\"  \/><\/li><li class=\"frm_rootline_single\"><input type=\"button\" value=\"5\" data-page=\"8\" class=\"frm_page_skip frm_page_5\" data-field=\"57\" aria-label=\"Next\"  \/><\/li><li class=\"frm_rootline_single\"><input type=\"button\" value=\"6\" data-page=\"10\" class=\"frm_page_skip frm_page_6\" data-field=\"60\" aria-label=\"Next\"  \/><\/li><li class=\"frm_rootline_single\"><input type=\"button\" value=\"7\" data-page=\"12\" class=\"frm_page_skip frm_page_7\" data-field=\"64\" aria-label=\"Next\"  \/><\/li><li class=\"frm_rootline_single\"><input type=\"button\" value=\"8\" data-page=\"14\" class=\"frm_page_skip frm_page_8\" data-field=\"68\" aria-label=\"Next\"  \/><\/li><\/ul><div class=\"frm_clearfix\"><\/div><\/div><input type=\"hidden\" name=\"frm_action\" value=\"create\" \/>\n<input type=\"hidden\" name=\"form_id\" value=\"4\" \/>\n<input type=\"hidden\" name=\"frm_hide_fields_4\" id=\"frm_hide_fields_4\" value=\"\" \/>\n<input type=\"hidden\" name=\"form_key\" value=\"test24pm\" \/>\n<input type=\"hidden\" name=\"item_meta[0]\" value=\"\" \/>\n<input type=\"hidden\" id=\"frm_submit_entry_4\" name=\"frm_submit_entry_4\" value=\"d0fef6ddb5\" \/><input type=\"hidden\" name=\"_wp_http_referer\" value=\"\/en\/wp-json\/wp\/v2\/pages\/534\" \/><div id=\"frm_field_46_container\" class=\"frm_form_field form-field  frm_top_container vertical_radio\">\r\n    <div  id=\"field_ax0e5_label\" class=\"frm_primary_label\">Which of the following defines your business? \r\n        <span class=\"frm_required\" aria-hidden=\"true\"><\/span>\r\n    <\/div>\r\n    <div class=\"frm_opt_container\" aria-labelledby=\"field_ax0e5_label\" role=\"radiogroup\">\t\t<div class=\"frm_radio\" id=\"frm_radio_46-0\">\t\t\t<label  for=\"field_ax0e5-0\">\n\t\t\t\t\t<input type=\"radio\" name=\"item_meta[46]\" id=\"field_ax0e5-0\" value=\"Ind\u00e9pendant(e)\"\n\t\t   data-invmsg=\"Laquelle de ces propositions d\u00e9finit votre activit\u00e9 ?  is invalid\"  \/> Self-employed<\/label><\/div>\n\t\t<div class=\"frm_radio\" id=\"frm_radio_46-1\">\t\t\t<label  for=\"field_ax0e5-1\">\n\t\t\t\t\t<input type=\"radio\" name=\"item_meta[46]\" id=\"field_ax0e5-1\" value=\"Entreprise priv\u00e9e\"\n\t\t   data-invmsg=\"Laquelle de ces propositions d\u00e9finit votre activit\u00e9 ?  is invalid\"  \/> Private company<\/label><\/div>\n\t\t<div class=\"frm_radio\" id=\"frm_radio_46-4\">\t\t\t<label  for=\"field_ax0e5-4\">\n\t\t\t\t\t<input type=\"radio\" name=\"item_meta[46]\" id=\"field_ax0e5-4\" value=\"Profession lib\u00e9rale\"\n\t\t   data-invmsg=\"Laquelle de ces propositions d\u00e9finit votre activit\u00e9 ?  is invalid\"  \/> Liberal profession<\/label><\/div>\n\t\t<div class=\"frm_radio\" id=\"frm_radio_46-3\">\t\t\t<label  for=\"field_ax0e5-3\">\n\t\t\t\t\t<input type=\"radio\" name=\"item_meta[46]\" id=\"field_ax0e5-3\" value=\"Secteur non-marchand public\"\n\t\t   data-invmsg=\"Laquelle de ces propositions d\u00e9finit votre activit\u00e9 ?  is invalid\"  \/> Public non-market sector<\/label><\/div>\n<\/div>\r\n    \r\n    \r\n<\/div>\n<input type=\"hidden\" name=\"frm_page_order_4\" id=\"frm_page_order_4\" value=\"2\" \/><input type=\"hidden\" name=\"item_meta[47]\" id=\"field_ckd4z-0\" value=\"\"     \/>\n<input type=\"hidden\" name=\"item_meta[50]\" id=\"field_v48ku\" value=\"\"     \/>\n<input type=\"hidden\" name=\"item_meta[51]\" id=\"field_8i9ai-0\" value=\"\"     \/>\n<input type=\"hidden\" name=\"item_meta[54]\" id=\"field_mnog7\" value=\"\"     \/>\n<input type=\"hidden\" name=\"item_meta[56]\" id=\"field_4cgcw-0\" value=\"\"     \/>\n<input type=\"hidden\" name=\"item_meta[57]\" id=\"field_ukq9v\" value=\"\"     \/>\n<input type=\"hidden\" name=\"item_meta[58]\" id=\"field_ekbdl-0\" value=\"\"     \/>\n<input type=\"hidden\" name=\"item_meta[60]\" id=\"field_v8y5v\" value=\"\"     \/>\n<input type=\"hidden\" name=\"item_meta[61]\" id=\"field_28sg3-0\" value=\"\"     \/>\n<input type=\"hidden\" name=\"item_meta[64]\" id=\"field_c0ig3\" value=\"\"     \/>\n<input type=\"hidden\" name=\"item_meta[62]\" id=\"field_t07pn-0\" value=\"\"     \/>\n<input type=\"hidden\" name=\"item_meta[68]\" id=\"field_r24mh\" value=\"\"     \/>\n<input type=\"hidden\" name=\"item_meta[69]\" id=\"field_fog2h\" value=\"\"     \/>\n<input type=\"hidden\" name=\"item_meta[72]\" id=\"field_qp9qn\" value=\"\"     \/>\n<input type=\"hidden\" name=\"item_meta[70]\" id=\"field_po0jy\" value=\"\"     \/>\n<input type=\"hidden\" name=\"item_meta[71]\" id=\"field_oskjh\" value=\"\"     \/>\n<input type=\"hidden\" name=\"item_meta[75]\" id=\"field_5o4yi-0\" value=\"\"     \/>\n\t<input type=\"hidden\" name=\"item_key\" value=\"\" \/>\n\t\t\t<div id=\"frm_field_132_container\">\n\t\t\t<label for=\"field_1pw20\" >\n\t\t\t\tIf you are human, leave this field blank.\t\t\t<\/label>\n\t\t\t<input  id=\"field_1pw20\" type=\"text\" class=\"frm_form_field form-field frm_verify\" name=\"item_meta[132]\" value=\"\"  \/>\n\t\t<\/div>\n\t\t<input name=\"frm_state\" type=\"hidden\" value=\"8f8spRLt6z5R6sIL1LgyniAW+AVKVSP2Ipqa\/AduLFk=\" \/><div class=\"frm_submit\">\r\n\r\n<button class=\"frm_button_submit\" type=\"submit\"  >Next<\/button>\r\n\r\n<\/div><\/div>\n<\/fieldset>\n<\/div>\n\n<p style=\"display: none !important;\" class=\"akismet-fields-container\" data-prefix=\"ak_\"><label>&#916;<textarea name=\"ak_hp_textarea\" cols=\"45\" rows=\"8\" maxlength=\"100\"><\/textarea><\/label><input type=\"hidden\" id=\"ak_js_1\" name=\"ak_js\" value=\"220\"\/><script>document.getElementById( \"ak_js_1\" ).setAttribute( \"value\", ( new Date() ).getTime() );<\/script><\/p><input type=\"hidden\" name=\"trp-form-language\" value=\"en\"\/><\/form>\n<\/div>\n<\/div>\n      <\/div>\n    <\/section>\n    <style class=\"u-overlap-style\">.u-overlap:not(.u-sticky-scroll) .u-header {\nbackground-color: #01334a !important\n}<\/style>","protected":false},"excerpt":{"rendered":"<p>Le Coach Le coaching permet d&rsquo;apporter un support aux \u00e9quipes et dirigeants pour les accompagner dans les changements qu&rsquo;ils doivent ou souhaitent op\u00e9rer. \u00catre rappel\u00e9 Que pouvons nous faire pour vous ? Ce qu&rsquo;apporte le coaching Se sentir moins seul pour prendre des d\u00e9cisions Pouvoir prendre de la hauteur plus facilement Changer sa posture de &hellip; <a href=\"https:\/\/restore.24pm.be\/en\/metier-coaching\/\" class=\"more-link\">Continue reading<span class=\"screen-reader-text\"> \u00ab\u00a0metier-coaching\u00a0\u00bb<\/span><\/a><\/p>","protected":false},"author":2,"featured_media":0,"parent":0,"menu_order":1,"comment_status":"closed","ping_status":"closed","template":"","meta":[],"_links":{"self":[{"href":"https:\/\/restore.24pm.be\/en\/wp-json\/wp\/v2\/pages\/534"}],"collection":[{"href":"https:\/\/restore.24pm.be\/en\/wp-json\/wp\/v2\/pages"}],"about":[{"href":"https:\/\/restore.24pm.be\/en\/wp-json\/wp\/v2\/types\/page"}],"author":[{"embeddable":true,"href":"https:\/\/restore.24pm.be\/en\/wp-json\/wp\/v2\/users\/2"}],"replies":[{"embeddable":true,"href":"https:\/\/restore.24pm.be\/en\/wp-json\/wp\/v2\/comments?post=534"}],"version-history":[{"count":3,"href":"https:\/\/restore.24pm.be\/en\/wp-json\/wp\/v2\/pages\/534\/revisions"}],"predecessor-version":[{"id":752,"href":"https:\/\/restore.24pm.be\/en\/wp-json\/wp\/v2\/pages\/534\/revisions\/752"}],"wp:attachment":[{"href":"https:\/\/restore.24pm.be\/en\/wp-json\/wp\/v2\/media?parent=534"}],"curies":[{"name":"wp","href":"https:\/\/api.w.org\/{rel}","templated":true}]}}