{"id":528,"date":"2021-05-15T21:38:14","date_gmt":"2021-05-15T19:38:14","guid":{"rendered":"https:\/\/new.24pm.be\/?page_id=528"},"modified":"2021-06-16T17:22:36","modified_gmt":"2021-06-16T15:22:36","slug":"metier-stratege","status":"publish","type":"page","link":"https:\/\/restore.24pm.be\/en\/metier-stratege\/","title":{"rendered":"metier-stratege"},"content":{"rendered":"<section class=\"u-align-center u-clearfix u-palette-1-base u-section-2\" id=\"sec-05ce\">\n      <div class=\"u-clearfix u-sheet u-valign-middle-lg u-valign-middle-md u-valign-middle-sm u-valign-middle-xs u-valign-top-xl u-sheet-1\">\n        <div class=\"u-clearfix u-expanded-width u-layout-wrap u-layout-wrap-1\">\n          <div class=\"u-layout\">\n            <div class=\"u-layout-row\">\n              <div class=\"u-container-style u-layout-cell u-size-30 u-layout-cell-1\">\n                <div class=\"u-container-layout u-container-layout-1\">\n                  <h1 class=\"u-text u-text-white u-text-1\">The strategist<br>\n                  <\/h1>\n                  <div class=\"u-border-7 u-border-palette-2-base u-line u-line-horizontal u-line-1\"><\/div>\n                  <h4 class=\"u-text u-text-white u-text-2\">Giving everyone access to the strategic resources of major companies is the promise 24PM has made to itself.<br>\n                  <\/h4>\n                  <a href=\"#sec-7453\" class=\"u-align-left u-border-2 u-border-white u-btn u-btn-round u-button-style u-dialog-link u-palette-1-base u-radius-50 u-btn-1\">Be called back<\/a>\n                <\/div>\n              <\/div>\n              <div class=\"u-container-style u-layout-cell u-size-30 u-layout-cell-2\">\n                <div class=\"u-container-layout u-container-layout-2\"><span class=\"u-align-center u-border-2 u-border-grey-75 u-icon u-icon-circle u-spacing-68 u-white u-icon-1\"><svg class=\"u-svg-link\" preserveaspectratio=\"xMidYMin slice\" viewbox=\"0 0 491.312 491.312\" style=\"\"><use xlink:href=\"#svg-de97\"><\/use><\/svg><svg class=\"u-svg-content\" viewbox=\"0 0 491.312 491.312\" x=\"0px\" y=\"0px\" id=\"svg-de97\" style=\"enable-background:new 0 0 491.312 491.312;\"><g><g><path d=\"M285.656,297.112c-30.872,0-56,25.128-56,56s25.128,56,56,56s56-25.128,56-56S316.528,297.112,285.656,297.112z     M285.656,393.112c-22.056,0-40-17.944-40-40c0-22.056,17.944-40,40-40c22.056,0,40,17.944,40,40    C325.656,375.168,307.712,393.112,285.656,393.112z\"><\/path>\n<\/g>\n<\/g><g><g><path d=\"M381.656,153.112c-30.872,0-56,25.128-56,56s25.128,56,56,56s56-25.128,56-56S412.528,153.112,381.656,153.112z     M381.656,249.112c-22.056,0-40-17.944-40-40c0-22.056,17.944-40,40-40c22.056,0,40,17.944,40,40    C421.656,231.168,403.712,249.112,381.656,249.112z\"><\/path>\n<\/g>\n<\/g><g><g><path d=\"M101.656,137.112c-30.872,0-56,25.128-56,56s25.128,56,56,56s56-25.128,56-56S132.528,137.112,101.656,137.112z     M101.656,233.112c-22.056,0-40-17.944-40-40c0-22.056,17.944-40,40-40c22.056,0,40,17.944,40,40    C141.656,215.168,123.712,233.112,101.656,233.112z\"><\/path>\n<\/g>\n<\/g><g><g><polygon points=\"491.312,326.768 480,315.456 445.656,349.8 411.312,315.456 400,326.768 434.344,361.112 400,395.456     411.312,406.768 445.656,372.424 480,406.768 491.312,395.456 456.968,361.112   \"><\/polygon>\n<\/g>\n<\/g><g><g><polygon points=\"91.312,14.768 80,3.456 45.656,37.8 11.312,3.456 0,14.768 34.344,49.112 0,83.456 11.312,94.768 45.656,60.424     80,94.768 91.312,83.456 56.968,49.112   \"><\/polygon>\n<\/g>\n<\/g><g><g><polygon points=\"459.312,54.768 448,43.456 413.656,77.8 379.312,43.456 368,54.768 402.344,89.112 368,123.456 379.312,134.768     413.656,100.424 448,134.768 459.312,123.456 424.968,89.112   \"><\/polygon>\n<\/g>\n<\/g><g><g><path d=\"M297.24,137.96l-48-24c-2.08-1.04-4.496-1.12-6.64-0.232s-3.8,2.664-4.52,4.856l-16,48l15.168,5.064l9.944-29.84    c0.76,1.52,1.456,2.896,2.032,3.968c4.56,8.52,6.232,18.128,5.584,32.104c-1.44,31.104-12.528,62.44-31.232,88.24    c-3.728,5.136-8.48,10.112-13.432,15.176c-14.672,15.016-33.424,25.688-53.28,36.984C128.608,334.36,99.608,351.136,83,381.352    c-6.592-2.72-13.792-4.24-21.344-4.24c-30.872,0-56,25.128-56,56s25.128,56,56,56s56-25.128,56-56    c0-17.608-8.184-33.32-20.928-43.592c14.368-26.552,40.408-41.6,68.048-57.328c19.944-11.352,40.568-23.088,56.816-39.704    c5.384-5.512,10.576-10.96,14.936-16.976c20.512-28.296,32.688-62.712,34.264-96.896c0.512-11.096,0.12-25.552-7.048-39.512    l26.336,13.168L297.24,137.96z M101.656,433.112c0,22.056-17.944,40-40,40c-22.056,0-40-17.944-40-40c0-22.056,17.944-40,40-40    C83.712,393.112,101.656,411.056,101.656,433.112z\"><\/path>\n<\/g>\n<\/g><g><g><path d=\"M190.384,2.2l-12.776,9.608c2.256,3.016,5.2,7.376,8.512,12.624l13.528-8.544C196.064,10.208,192.944,5.6,190.384,2.2z\"><\/path>\n<\/g>\n<\/g><g><g><path d=\"M238.6,87l-14.496,6.768c2.632,5.648,4.672,10.408,6.072,14.144l14.976-5.6C243.616,98.184,241.408,93.04,238.6,87z\"><\/path>\n<\/g>\n<\/g><g><g><path d=\"M208.096,29.792L194.32,37.92c2.576,4.384,5.232,9.008,7.888,13.744l13.952-7.832    C213.456,39,210.736,34.272,208.096,29.792z\"><\/path>\n<\/g>\n<\/g><g><g><path d=\"M223.936,58.04l-14.104,7.528c2.536,4.768,5.016,9.504,7.336,14.064l14.264-7.248    C229.064,67.728,226.544,62.896,223.936,58.04z\"><\/path>\n<\/g>\n<\/g><\/svg><\/span>\n                <\/div>\n              <\/div>\n            <\/div>\n          <\/div>\n        <\/div>\n      <\/div>\n    <\/section>\n    <section class=\"u-align-center u-clearfix u-section-3\" id=\"carousel_4f02\">\n      <div class=\"u-expanded-width u-flip-vertical u-shape u-shape-svg u-text-palette-1-base u-shape-1\">\n        <svg class=\"u-svg-link\" preserveaspectratio=\"none\" viewbox=\"0 0 160 160\" style=\"\"><use xmlns:xlink=\"http:\/\/www.w3.org\/1999\/xlink\" xlink:href=\"#svg-4883\"><\/use><\/svg>\n        <svg class=\"u-svg-content\" viewbox=\"0 0 160 160\" x=\"0px\" y=\"0px\" id=\"svg-4883\"><path d=\"M155,160H5c-2.8,0-5-2.2-5-5.1V80.5c0-1.3,0.5-2.6,1.5-3.5l75-75.5c2-1.9,5.1-1.9,7,0l75,75.5c0.9,0.9,1.5,2.2,1.5,3.5v74.4\tC160,157.8,157.8,160,155,160z\"><\/path><\/svg>\n      <\/div>\n      <h2 class=\"u-align-center u-text u-text-body-alt-color u-text-1\" data-animation-name=\"zoomIn\" data-animation-duration=\"1000\" data-animation-delay=\"0\" data-animation-direction=\"\">Your consultation is available<\/h2>\n      <div class=\"u-align-center u-border-4 u-border-palette-2-base u-line u-line-horizontal u-line-1\"><\/div>\n    <\/section>\n    <section class=\"u-clearfix u-section-4\" id=\"sec-b2b9\">\n      <div class=\"u-clearfix u-sheet u-sheet-1\">\n        <div class=\"u-clearfix u-expanded-width u-layout-wrap u-layout-wrap-1\">\n          <div class=\"u-layout\">\n            <div class=\"u-layout-row\">\n              <div class=\"u-size-27-lg u-size-27-md u-size-27-sm u-size-27-xs u-size-30-xl\">\n                <div class=\"u-layout-col\">\n                  <div class=\"u-container-style u-layout-cell u-size-60 u-layout-cell-1\">\n                    <div class=\"u-container-layout u-container-layout-1\">\n                      <p class=\"u-text u-text-1\">Our mission is to give SMEs access to the strategic advice and tactical plans of the biggest names.<br>\n                        <br>\n                      <\/p>\n                      <p class=\"u-text u-text-2\">Our co-op has chosen to approach the strategy differently. 24PM wishes to make this discipline accessible to VSE and SME managers. Our strategists will bring an external viewpoint to the company and to the people who work in it internally.<br>\n                        <br>It is important to be able to put forward objectives from the point of view of customers (market share), market position (economic situation), service quality (SLA) and company growth (Overview).<br>\n                        <br>Depending on a company's situation, strategies for growth, avoidance, innovation, merger or divestiture will also be discussed.<br>\n                        <br>24PM focuses on the 8 axes of strategy in order to obtain a 360\u00b0 view of the company's strategic structure and business plan.\n                      <\/p>\n                    <\/div>\n                  <\/div>\n                <\/div>\n              <\/div>\n              <div class=\"u-size-30-xl u-size-33-lg u-size-33-md u-size-33-sm u-size-33-xs\">\n                <div class=\"u-layout-col\">\n                  <div class=\"u-container-style u-layout-cell u-size-30 u-layout-cell-2\">\n                    <div class=\"u-container-layout u-container-layout-2\"><span class=\"u-align-center u-icon u-icon-circle u-icon-1\"><svg class=\"u-svg-link\" preserveaspectratio=\"xMidYMin slice\" viewbox=\"0 0 512 512\" style=\"\"><use xlink:href=\"#svg-705f\"><\/use><\/svg><svg class=\"u-svg-content\" viewbox=\"0 0 512 512\" x=\"0px\" y=\"0px\" id=\"svg-705f\" style=\"enable-background:new 0 0 512 512;\"><g><g><g><path d=\"M384.018,429.101l23.825,32.034c11.541-8.584,22.439-18.215,32.39-28.626l-28.86-27.584     C402.968,413.718,393.764,421.853,384.018,429.101z\"><\/path><path d=\"M319.227,462.011l11.784,38.143c13.747-4.247,27.234-9.71,40.083-16.239l-18.084-35.591     C342.178,453.827,330.812,458.432,319.227,462.011z\"><\/path><path d=\"M434.284,376.505l33.081,22.346c8.072-11.95,15.167-24.657,21.091-37.768l-36.382-16.435     C447.079,355.704,441.094,366.422,434.284,376.505z\"><\/path><polygon points=\"236.538,236.039 124.756,236.039 124.756,275.961 276.46,275.961 276.46,76.351 236.538,76.351    \"><\/polygon><path d=\"M472.078,46.409v73.931c-18.771-29.961-43.63-55.786-73.296-75.913C356.423,15.689,306.878,0.499,255.501,0.499     c-68.247,0-132.408,26.577-180.667,74.834C26.577,123.592,0,187.753,0,256s26.577,132.408,74.834,180.667     c48.259,48.257,112.42,74.834,180.667,74.834c11.111,0,22.295-0.722,33.241-2.145l-5.146-39.589     c-9.246,1.202-18.697,1.812-28.094,1.812c-118.871,0-215.579-96.708-215.579-215.579S136.631,40.421,255.502,40.421     c77.157,0,147.175,40.696,185.604,105.793h-68.833v39.922H512V46.409H472.078z\"><\/path><path d=\"M470.321,273.965c-0.178,2.129-0.39,4.248-0.627,6.36l0.019,0.001c-1.136,10.102-2.976,20.143-5.511,29.925     l38.646,10.013c3.605-13.911,6.045-28.256,7.251-42.634l-0.029-0.002c0.106-1.22,0.212-2.439,0.297-3.663H470.321z\"><\/path>\n<\/g>\n<\/g>\n<\/g><\/svg><\/span>\n                      <p class=\"u-align-center u-text u-text-3\">250 package<\/p>\n                      <p class=\"u-align-center u-text u-text-4\"> 20% discount with standard support plan<\/p>\n                      <p class=\"u-align-center u-text u-text-5\"> 2 strategists for 45 minutes or 1 strategist for 1.5 hours<\/p>\n                      <p class=\"u-align-center u-text u-text-6\"> Free unlimited&nbsp;<br>\n                        <span style=\"font-weight: 400; font-size: 0.875rem;\">in the partner support plan<\/span>\n                      <\/p>\n                      <p class=\"u-align-center u-text u-text-7\">800 package, excluding support plan<\/p>\n                    <\/div>\n                  <\/div>\n                  <div class=\"u-container-style u-layout-cell u-size-30 u-layout-cell-3\">\n                    <div class=\"u-container-layout u-valign-bottom-lg u-valign-bottom-md u-valign-bottom-sm u-container-layout-3\">\n                      <a href=\"https:\/\/login.24pm.be\" class=\"u-align-center u-border-0 u-btn u-btn-round u-button-style u-hidden-md u-hidden-xs u-hover-palette-2-base u-palette-1-base u-radius-35 u-btn-1\" target=\"_blank\">Request a follow-up meeting<\/a>\n                      <a href=\"https:\/\/restore.24pm.be\/en\/metiers\/\" class=\"u-align-center-lg u-align-center-md u-align-center-sm u-align-center-xs u-btn u-btn-round u-button-style u-hidden-md u-hidden-xs u-hover-palette-4-base u-radius-50 u-btn-2\">See the other trades and shared services<\/a>\n                      <a href=\"https:\/\/restore.24pm.be\/en\/metiers\/\" class=\"u-active-none u-align-center-md u-align-center-sm u-align-center-xs u-border-2 u-border-palette-1-base u-btn u-btn-rectangle u-button-style u-hidden-lg u-hidden-sm u-hidden-xl u-hover-none u-none u-btn-3\">Other businesses and shared services<\/a>\n                      <a href=\"https:\/\/login.24pm.be\" class=\"u-active-none u-align-center-md u-align-center-sm u-align-center-xs u-border-2 u-border-palette-1-base u-btn u-btn-rectangle u-button-style u-hidden-lg u-hidden-sm u-hidden-xl u-hover-none u-none u-btn-4\">See your rate by logging in<\/a>\n                    <\/div>\n                  <\/div>\n                <\/div>\n              <\/div>\n            <\/div>\n          <\/div>\n        <\/div>\n      <\/div>\n    <\/section>\n    <section class=\"u-clearfix u-section-5\" id=\"sec-080d\">\n      <div class=\"u-clearfix u-sheet u-sheet-1\">\n        <h4 class=\"u-text u-text-1\">The 8 axes of the 24pm strategy<br>\n        <\/h4>\n        <div class=\"u-border-3 u-border-palette-2-base u-line u-line-horizontal u-line-1\"><\/div>\n        <div class=\"u-clearfix u-expanded-width u-layout-wrap u-layout-wrap-1\">\n          <div class=\"u-layout\">\n            <div class=\"u-layout-row\">\n              <div class=\"u-container-style u-layout-cell u-size-37 u-layout-cell-1\">\n                <div class=\"u-container-layout u-container-layout-1\">\n                  <p class=\"u-text u-text-default u-text-2\">Strategic management also includes human resources management, training, the creation of methodologies, shareholder management and market research.<\/p>\n                  <ul class=\"u-text u-text-3\">\n                    <li> Product development strategy<\/li>\n                    <li>Communication Strategy<\/li>\n                    <li>Management strategy<\/li>\n                    <li>Acquisition strategy (external growth)<\/li>\n                    <li>Sales strategy<\/li>\n                    <li>Information systems strategy<\/li>\n                    <li>HR Strategy<\/li>\n                    <li>\n                      <span style=\"font-style: italic;\">Logistics strategy<\/span>\n                    <\/li>\n                  <\/ul>\n                <\/div>\n              <\/div>\n              <div class=\"u-container-style u-layout-cell u-size-23 u-layout-cell-2\">\n                <div class=\"u-container-layout u-valign-bottom u-container-layout-2\">\n                  <img class=\"u-image u-image-1\" src=\"https:\/\/restore.24pm.be\/wp-content\/uploads\/2021\/05\/Services.ZONE_Contenu.CELL_CentreAccomp.IMG_Accompagnementstratgique_illustration.png\" data-image-width=\"500\" data-image-height=\"500\">\n                <\/div>\n              <\/div>\n            <\/div>\n          <\/div>\n        <\/div>\n      <\/div>\n    <\/section>\n    <section class=\"u-clearfix u-grey-5 u-section-6\" id=\"sec-0521\">\n      <div class=\"u-clearfix u-sheet u-valign-middle u-sheet-1\">\n        <div class=\"u-clearfix u-expanded-width-md u-expanded-width-sm u-expanded-width-xs u-gutter-0 u-layout-wrap u-layout-wrap-1\">\n          <div class=\"u-layout\">\n            <div class=\"u-layout-row\">\n              <div class=\"u-align-center-sm u-align-center-xs u-align-left-lg u-align-left-md u-align-left-xl u-container-style u-layout-cell u-left-cell u-size-13 u-layout-cell-1\">\n                <div class=\"u-container-layout u-valign-top u-container-layout-1\">\n                  <div alt=\"\" class=\"u-align-left u-expanded-width-lg u-expanded-width-md u-expanded-width-xl u-image u-image-circle u-image-1\" src=\"\" data-image-width=\"640\" data-image-height=\"640\"><\/div>\n                  <p class=\"u-align-center u-text u-text-1\"> Pierre Morelle<br>Founder and strategist\n                  <\/p>\n                <\/div>\n              <\/div>\n              <div class=\"u-align-center-sm u-align-center-xs u-align-left-lg u-align-left-md u-align-left-xl u-container-style u-layout-cell u-right-cell u-size-47 u-layout-cell-2\">\n                <div class=\"u-container-layout u-valign-top u-container-layout-2\">\n                  <h6 class=\"u-text u-text-2\">Typical profile of a strategist<\/h6>\n                  <p class=\"u-text u-text-3\">With a minimum of 10 years' cumulative experience, our strategists will accompany you, without any taboos, in a 360\u00b0 and disruptive thinking process. Whatever your problem, our job is to make possible what everyone thinks is impossible.<br>\n                  <\/p>\n                  <p class=\"u-text u-text-4\">24PM enables you to gradually gain strategic support, taking your company under our wing from the unstructured project stage, then bringing structure and finally additional maturity.<\/p>\n                  <p class=\"u-text u-text-5\"> Strategy is a passion, to solve the unsolvable. Challenge us!<\/p>\n                <\/div>\n              <\/div>\n            <\/div>\n          <\/div>\n        <\/div>\n      <\/div>\n    <\/section>\n    <section class=\"u-clearfix u-white u-section-7\" id=\"sec-6b8b\">\n      <div class=\"u-clearfix u-sheet u-sheet-1\">\n        <h2 class=\"u-text u-text-1\">Not a 24PM member yet?<\/h2>\n        <p class=\"u-text u-text-2\"> Answer a few questions and benefit from our support for your projects starting next week:<\/p>\n        <div class=\"u-expanded-width u-shortcode u-shortcode-1\"><div class=\"frm_forms  with_frm_style frm_style_formidable-style\" id=\"frm_form_4_container\" >\n<form enctype=\"multipart\/form-data\" method=\"post\" class=\"frm-show-form  frm_js_validate  frm_ajax_submit  frm_pro_form  frm_ajax_submit  frm_slidein\" id=\"form_test24pm\" action=\"\" >\n<div class=\"frm_form_fields  frm_page_num_1\">\n<fieldset>\n<legend class=\"frm_screen_reader\">24PM Test<\/legend>\r\n\r\n<div class=\"frm_fields_container\">\n<div class=\"frm_rootline_group\"><ul class=\"frm_page_bar frm_rootline_8 frm_progress frm_progress_line frm_no_numbers\"><li class=\"frm_rootline_single frm_current_page\"><input type=\"button\" value=\"1\" data-page=\"\" class=\"frm_page_1\" disabled=\"disabled\" data-field=\"0\" aria-label=\"Page 1\"  \/><\/li><li class=\"frm_rootline_single\"><input type=\"button\" value=\"2\" data-page=\"2\" class=\"frm_page_skip frm_page_2\" data-field=\"48\" aria-label=\"Next\"  \/><\/li><li class=\"frm_rootline_single\"><input type=\"button\" value=\"3\" data-page=\"4\" class=\"frm_page_skip frm_page_3\" data-field=\"50\" aria-label=\"Next\"  \/><\/li><li class=\"frm_rootline_single\"><input type=\"button\" value=\"4\" data-page=\"6\" class=\"frm_page_skip frm_page_4\" data-field=\"54\" aria-label=\"Next\"  \/><\/li><li class=\"frm_rootline_single\"><input type=\"button\" value=\"5\" data-page=\"8\" class=\"frm_page_skip frm_page_5\" data-field=\"57\" aria-label=\"Next\"  \/><\/li><li class=\"frm_rootline_single\"><input type=\"button\" value=\"6\" data-page=\"10\" class=\"frm_page_skip frm_page_6\" data-field=\"60\" aria-label=\"Next\"  \/><\/li><li class=\"frm_rootline_single\"><input type=\"button\" value=\"7\" data-page=\"12\" class=\"frm_page_skip frm_page_7\" data-field=\"64\" aria-label=\"Next\"  \/><\/li><li class=\"frm_rootline_single\"><input type=\"button\" value=\"8\" data-page=\"14\" class=\"frm_page_skip frm_page_8\" data-field=\"68\" aria-label=\"Next\"  \/><\/li><\/ul><div class=\"frm_clearfix\"><\/div><\/div><input type=\"hidden\" name=\"frm_action\" value=\"create\" \/>\n<input type=\"hidden\" name=\"form_id\" value=\"4\" \/>\n<input type=\"hidden\" name=\"frm_hide_fields_4\" id=\"frm_hide_fields_4\" value=\"\" \/>\n<input type=\"hidden\" name=\"form_key\" value=\"test24pm\" \/>\n<input type=\"hidden\" name=\"item_meta[0]\" value=\"\" \/>\n<input type=\"hidden\" id=\"frm_submit_entry_4\" name=\"frm_submit_entry_4\" value=\"d0fef6ddb5\" \/><input type=\"hidden\" name=\"_wp_http_referer\" value=\"\/en\/wp-json\/wp\/v2\/pages\/528\" \/><div id=\"frm_field_46_container\" class=\"frm_form_field form-field  frm_top_container vertical_radio\">\r\n    <div  id=\"field_ax0e5_label\" class=\"frm_primary_label\">Which of the following defines your business? \r\n        <span class=\"frm_required\" aria-hidden=\"true\"><\/span>\r\n    <\/div>\r\n    <div class=\"frm_opt_container\" aria-labelledby=\"field_ax0e5_label\" role=\"radiogroup\">\t\t<div class=\"frm_radio\" id=\"frm_radio_46-0\">\t\t\t<label  for=\"field_ax0e5-0\">\n\t\t\t\t\t<input type=\"radio\" name=\"item_meta[46]\" id=\"field_ax0e5-0\" value=\"Ind\u00e9pendant(e)\"\n\t\t   data-invmsg=\"Laquelle de ces propositions d\u00e9finit votre activit\u00e9 ?  is invalid\"  \/> Self-employed<\/label><\/div>\n\t\t<div class=\"frm_radio\" id=\"frm_radio_46-1\">\t\t\t<label  for=\"field_ax0e5-1\">\n\t\t\t\t\t<input type=\"radio\" name=\"item_meta[46]\" id=\"field_ax0e5-1\" value=\"Entreprise priv\u00e9e\"\n\t\t   data-invmsg=\"Laquelle de ces propositions d\u00e9finit votre activit\u00e9 ?  is invalid\"  \/> Private company<\/label><\/div>\n\t\t<div class=\"frm_radio\" id=\"frm_radio_46-4\">\t\t\t<label  for=\"field_ax0e5-4\">\n\t\t\t\t\t<input type=\"radio\" name=\"item_meta[46]\" id=\"field_ax0e5-4\" value=\"Profession lib\u00e9rale\"\n\t\t   data-invmsg=\"Laquelle de ces propositions d\u00e9finit votre activit\u00e9 ?  is invalid\"  \/> Liberal profession<\/label><\/div>\n\t\t<div class=\"frm_radio\" id=\"frm_radio_46-3\">\t\t\t<label  for=\"field_ax0e5-3\">\n\t\t\t\t\t<input type=\"radio\" name=\"item_meta[46]\" id=\"field_ax0e5-3\" value=\"Secteur non-marchand public\"\n\t\t   data-invmsg=\"Laquelle de ces propositions d\u00e9finit votre activit\u00e9 ?  is invalid\"  \/> Public non-market sector<\/label><\/div>\n<\/div>\r\n    \r\n    \r\n<\/div>\n<input type=\"hidden\" name=\"frm_page_order_4\" id=\"frm_page_order_4\" value=\"2\" \/><input type=\"hidden\" name=\"item_meta[47]\" id=\"field_ckd4z-0\" value=\"\"     \/>\n<input type=\"hidden\" name=\"item_meta[50]\" id=\"field_v48ku\" value=\"\"     \/>\n<input type=\"hidden\" name=\"item_meta[51]\" id=\"field_8i9ai-0\" value=\"\"     \/>\n<input type=\"hidden\" name=\"item_meta[54]\" id=\"field_mnog7\" value=\"\"     \/>\n<input type=\"hidden\" name=\"item_meta[56]\" id=\"field_4cgcw-0\" value=\"\"     \/>\n<input type=\"hidden\" name=\"item_meta[57]\" id=\"field_ukq9v\" value=\"\"     \/>\n<input type=\"hidden\" name=\"item_meta[58]\" id=\"field_ekbdl-0\" value=\"\"     \/>\n<input type=\"hidden\" name=\"item_meta[60]\" id=\"field_v8y5v\" value=\"\"     \/>\n<input type=\"hidden\" name=\"item_meta[61]\" id=\"field_28sg3-0\" value=\"\"     \/>\n<input type=\"hidden\" name=\"item_meta[64]\" id=\"field_c0ig3\" value=\"\"     \/>\n<input type=\"hidden\" name=\"item_meta[62]\" id=\"field_t07pn-0\" value=\"\"     \/>\n<input type=\"hidden\" name=\"item_meta[68]\" id=\"field_r24mh\" value=\"\"     \/>\n<input type=\"hidden\" name=\"item_meta[69]\" id=\"field_fog2h\" value=\"\"     \/>\n<input type=\"hidden\" name=\"item_meta[72]\" id=\"field_qp9qn\" value=\"\"     \/>\n<input type=\"hidden\" name=\"item_meta[70]\" id=\"field_po0jy\" value=\"\"     \/>\n<input type=\"hidden\" name=\"item_meta[71]\" id=\"field_oskjh\" value=\"\"     \/>\n<input type=\"hidden\" name=\"item_meta[75]\" id=\"field_5o4yi-0\" value=\"\"     \/>\n\t<input type=\"hidden\" name=\"item_key\" value=\"\" \/>\n\t\t\t<div id=\"frm_field_132_container\">\n\t\t\t<label for=\"field_bg8ae\" >\n\t\t\t\tIf you are human, leave this field blank.\t\t\t<\/label>\n\t\t\t<input  id=\"field_bg8ae\" type=\"text\" class=\"frm_form_field form-field frm_verify\" name=\"item_meta[132]\" value=\"\"  \/>\n\t\t<\/div>\n\t\t<input name=\"frm_state\" type=\"hidden\" value=\"8f8spRLt6z5R6sIL1LgyniAW+AVKVSP2Ipqa\/AduLFk=\" \/><div class=\"frm_submit\">\r\n\r\n<button class=\"frm_button_submit\" type=\"submit\"  >Next<\/button>\r\n\r\n<\/div><\/div>\n<\/fieldset>\n<\/div>\n\n<p style=\"display: none !important;\" class=\"akismet-fields-container\" data-prefix=\"ak_\"><label>&#916;<textarea name=\"ak_hp_textarea\" cols=\"45\" rows=\"8\" maxlength=\"100\"><\/textarea><\/label><input type=\"hidden\" id=\"ak_js_1\" name=\"ak_js\" value=\"199\"\/><script>document.getElementById( \"ak_js_1\" ).setAttribute( \"value\", ( new Date() ).getTime() );<\/script><\/p><input type=\"hidden\" name=\"trp-form-language\" value=\"en\"\/><\/form>\n<\/div>\n<\/div>\n      <\/div>\n    <\/section>\n    <style class=\"u-overlap-style\">.u-overlap:not(.u-sticky-scroll) .u-header {\nbackground-color: #01334a !important\n}<\/style>","protected":false},"excerpt":{"rendered":"<p>Le strat\u00e8ge Donner les moyens strat\u00e9giques des grandes entreprises \u00e0 tous est la promesse que s&rsquo;est faite 24PM \u00catre rappel\u00e9 Votre consultation est disponible Notre mission est de donner aux PME, un acc\u00e8s aux conseils en strat\u00e9gie et aux plans tactiques des plus grands. Notre coop\u00e9rative a choisi d\u2019aborder la strat\u00e9gie diff\u00e9remment. 24PM souhaite rendre &hellip; <a href=\"https:\/\/restore.24pm.be\/en\/metier-stratege\/\" class=\"more-link\">Continue reading<span class=\"screen-reader-text\"> \u00ab\u00a0metier-stratege\u00a0\u00bb<\/span><\/a><\/p>","protected":false},"author":2,"featured_media":0,"parent":0,"menu_order":1,"comment_status":"closed","ping_status":"closed","template":"","meta":[],"_links":{"self":[{"href":"https:\/\/restore.24pm.be\/en\/wp-json\/wp\/v2\/pages\/528"}],"collection":[{"href":"https:\/\/restore.24pm.be\/en\/wp-json\/wp\/v2\/pages"}],"about":[{"href":"https:\/\/restore.24pm.be\/en\/wp-json\/wp\/v2\/types\/page"}],"author":[{"embeddable":true,"href":"https:\/\/restore.24pm.be\/en\/wp-json\/wp\/v2\/users\/2"}],"replies":[{"embeddable":true,"href":"https:\/\/restore.24pm.be\/en\/wp-json\/wp\/v2\/comments?post=528"}],"version-history":[{"count":6,"href":"https:\/\/restore.24pm.be\/en\/wp-json\/wp\/v2\/pages\/528\/revisions"}],"predecessor-version":[{"id":790,"href":"https:\/\/restore.24pm.be\/en\/wp-json\/wp\/v2\/pages\/528\/revisions\/790"}],"wp:attachment":[{"href":"https:\/\/restore.24pm.be\/en\/wp-json\/wp\/v2\/media?parent=528"}],"curies":[{"name":"wp","href":"https:\/\/api.w.org\/{rel}","templated":true}]}}