{"id":520,"date":"2021-05-15T18:56:33","date_gmt":"2021-05-15T16:56:33","guid":{"rendered":"https:\/\/new.24pm.be\/?page_id=520"},"modified":"2021-06-16T17:19:33","modified_gmt":"2021-06-16T15:19:33","slug":"metier-prospection-b2c","status":"publish","type":"page","link":"https:\/\/restore.24pm.be\/en\/metier-prospection-b2c\/","title":{"rendered":"metier-prospection-b2c"},"content":{"rendered":"<section class=\"u-align-center u-clearfix u-palette-1-base u-section-2\" id=\"sec-05ce\">\n      <div class=\"u-clearfix u-sheet u-valign-middle-lg u-valign-middle-md u-valign-middle-sm u-valign-middle-xs u-valign-top-xl u-sheet-1\">\n        <div class=\"u-clearfix u-expanded-width u-layout-wrap u-layout-wrap-1\">\n          <div class=\"u-layout\">\n            <div class=\"u-layout-row\">\n              <div class=\"u-container-style u-layout-cell u-size-30 u-layout-cell-1\">\n                <div class=\"u-container-layout u-container-layout-1\">\n                  <h1 class=\"u-text u-text-white u-text-1\">B2C prospecting<\/h1>\n                  <div class=\"u-border-7 u-border-palette-2-base u-line u-line-horizontal u-line-1\"><\/div>\n                  <h4 class=\"u-text u-text-white u-text-2\">Our sales force to help you grow<\/h4>\n                  <a href=\"#sec-7453\" class=\"u-align-left u-border-2 u-border-white u-btn u-btn-round u-button-style u-dialog-link u-palette-1-base u-radius-50 u-btn-1\">Be called back<\/a>\n                <\/div>\n              <\/div>\n              <div class=\"u-container-style u-layout-cell u-size-30 u-layout-cell-2\">\n                <div class=\"u-container-layout u-valign-top u-container-layout-2\"><span class=\"u-align-center u-border-2 u-border-grey-75 u-icon u-icon-circle u-spacing-68 u-white u-icon-1\"><svg class=\"u-svg-link\" preserveaspectratio=\"xMidYMin slice\" viewbox=\"-24 0 511 511.997\" style=\"\"><use xlink:href=\"#svg-473e\"><\/use><\/svg><svg class=\"u-svg-content\" viewbox=\"-24 0 511 511.997\" id=\"svg-473e\"><path d=\"m452.707031 267.480469c-23.527343-23.421875-50.726562-1.5-50.726562-1.5v-123.300781c0-4.140626-3.355469-7.5-7.496094-7.5-4.144531 0-7.5 3.359374-7.5 7.5v133.851562s-35.761719 28.191406-51.132813 35.082031v-222.007812c0-10.320313 8.394532-18.714844 18.714844-18.714844h13.703125c10.320313 0 18.714844 8.394531 18.714844 18.714844v22.371093c0 4.144532 3.355469 7.5 7.5 7.5 4.140625 0 7.496094-3.355468 7.496094-7.5v-22.371093c0-18.589844-15.121094-33.710938-33.710938-33.710938h-13.703125c-18.589844 0-33.714844 15.121094-33.714844 33.710938v227.953125c-4.472656 1.253906-9.0625 2.105468-13.726562 2.554687v-158.113281c0-18.683594-15.199219-33.882812-33.878906-33.882812h-13.371094c-18.679688 0-33.878906 15.199218-33.878906 33.882812v76.414062l-13.730469 7.289063v-25.429687c0-16.820313-13.683594-30.503907-30.5-30.503907h-20.125c-16.820313 0-30.5 13.683594-30.5 30.503907v68.492187l-24.488281 12.996094-68.765625 19.652343c-11.964844 3.417969-21.957031 11.253907-28.128907 22.058594-6.175781 10.808594-7.851562 23.394532-4.71875 35.4375l7.691407 29.59375c1.039062 4.007813 5.132812 6.410156 9.144531 5.371094 4.007812-1.042969 6.414062-5.136719 5.371094-9.148438l-7.691406-29.589843c-4.460938-17.164063 5.402343-34.429688 22.457031-39.300781l62.871093-17.96875 47.253907 126.117187c3.164062 8.445313 2.664062 32.539063-22.332031 41.417969l-47.511719 10.792968c-16.558594 3.757813-32.875-6.167968-37.148438-22.605468l-9.644531-37.113282c-1.042969-4.007812-5.136719-6.414062-9.144531-5.375-4.011719 1.042969-6.414063 5.136719-5.375 9.148438l9.648437 37.117188c5.421875 20.851562 23.945313 34.628906 44.566406 34.628906 15.152344 0 57.933594-11.96875 57.933594-11.96875 13.019532-2.953125 24.121094-11.390625 30.453125-23.140625 5.226563-9.695313 6.777344-20.851563 4.535157-31.480469l164.375-40.242188c13.59375-3.332031 26.5-9.789062 37.3125-18.675781l79.992187-65.726562c24.386719-21.628907 10.082031-46.144531 2.910156-53.28125zm-192.832031-124.363281h13.371094c10.410156 0 18.878906 8.472656 18.878906 18.882812v158.488281l-47.324219-.019531c-4.347656-.039062-1.339843-2.910156-1.101562-3.105469l13.628906-11.039062c12.714844-10.300781 21.019531-24.621094 24.679687-42.570313 2.324219-11.386718-2.019531-22.785156-11.328124-29.746094-8.695313-6.5-19.878907-7.75-29.683594-3.453124v-68.554688c0-10.410156 8.46875-18.882812 18.878906-18.882812zm-113.734375 77.15625c0-8.546876 6.953125-15.503907 15.5-15.503907h20.125c8.546875 0 15.503906 6.957031 15.503906 15.503907v33.390624l-51.132812 27.140626v-60.53125zm294.136719 88.902343-79.996094 65.726563c-9.085938 7.46875-19.929688 12.894531-31.355469 15.691406l-165.585937 40.542969-44.53125-118.839844 127.148437-67.492187c5.167969-2.746094 11.054688-2.289063 15.738281 1.214843 4.683594 3.503907 6.785157 9.011719 5.617188 14.738281-2.949219 14.449219-9.484375 25.859376-19.425781 33.910157l-13.628907 11.042969c-5.585937 4.523437-7.644531 11.824218-5.246093 18.601562 2.398437 6.773438 8.59375 11.15625 15.78125 11.15625l54.644531.023438h.039062c19.453126 0 38.148438-5.914063 54.0625-17.105469l61.070313-42.945313c8.550781-6.015625 20.0625-4.953125 27.367187 2.523438 4.207032 4.296875 12.441407 17.066406-1.699218 31.210937zm0 0\"><\/path><path d=\"m123.414062 448.789062c0-16.292968-13.253906-29.550781-29.546874-29.550781-16.292969 0-29.546876 13.257813-29.546876 29.550781 0 16.289063 13.253907 29.546876 29.546876 29.546876 16.292968 0 29.546874-13.257813 29.546874-29.546876zm-44.09375 0c0-8.023437 6.523438-14.550781 14.546876-14.550781 8.019531 0 14.546874 6.527344 14.546874 14.550781 0 8.019532-6.523437 14.546876-14.546874 14.546876-8.023438 0-14.546876-6.527344-14.546876-14.546876zm0 0\"><\/path><path d=\"m39.933594 235.480469 109.023437-109.863281 24.523438 12.683593c8.785156 4.542969 19.476562 2.988281 26.601562-3.871093l59.34375-57.125s-1.632812 29.339843 23.074219 29.339843c12.71875 0 23.070312-10.351562 23.070312-23.074219v-60.5c0-.070312-.003906-.144531-.003906-.21875-.082031-15.785156-11.625-22.851562-23.066406-22.851562h-59.972656c-12.722656 0-23.070313 10.351562-23.070313 23.070312 0 25.359376 25.808594 23.070313 25.808594 23.070313l-45.273437 43.578125-24.878907-12.867188c-8.996093-4.65625-19.835937-2.949218-26.976562 4.238282l-120.953125 121.886718c-8.960938 9.03125-8.90625 23.667969.125 32.628907 4.351562 4.316406 19.210937 13.289062 32.625-.125zm-22.105469-21.9375 120.953125-121.886719c1.5625-1.570312 4.070312-4.320312 9.441406-1.480469l29.652344 15.335938c2.855469 1.476562 6.332031.972656 8.648438-1.257813l62.546874-60.207031c2.203126-2.121094 2.898438-5.371094 1.753907-8.207031-1.144531-2.839844-3.894531-4.695313-6.957031-4.695313h-21.339844c-4.449219 0-8.070313-3.621093-8.070313-8.074219 0-4.449218 3.621094-8.070312 8.070313-8.070312h59.972656c2.207031 0 8.066406 0 8.066406 8.023438 0 .066406.003906.132812.003906.203124v60.34375c0 4.449219-3.621093 8.070313-8.070312 8.070313-4.453125 0-8.074219-3.621094-8.074219-8.070313v-23.894531c0-3.007812-1.796875-5.726562-4.5625-6.902343-2.765625-1.179688-5.96875-.585938-8.136719 1.5l-72.046874 69.351562c-2.492188 2.398438-6.234376 2.945312-9.304688 1.355469l-29.414062-15.214844c-2.910157-1.503906-6.460938-.945313-8.769532 1.378906l-112.902344 113.769531c-4.921874 4.921876-9.894531 1.554688-11.417968.042969-3.15625-3.136719-3.175782-8.257812-.042969-11.414062zm0 0\"><\/path><\/svg><\/span>\n                <\/div>\n              <\/div>\n            <\/div>\n          <\/div>\n        <\/div>\n      <\/div>\n    <\/section>\n    <section class=\"u-align-center u-clearfix u-section-3\" id=\"carousel_4f02\">\n      <div class=\"u-expanded-width u-flip-vertical u-shape u-shape-svg u-text-palette-1-base u-shape-1\">\n        <svg class=\"u-svg-link\" preserveaspectratio=\"none\" viewbox=\"0 0 160 160\" style=\"\"><use xmlns:xlink=\"http:\/\/www.w3.org\/1999\/xlink\" xlink:href=\"#svg-4883\"><\/use><\/svg>\n        <svg class=\"u-svg-content\" viewbox=\"0 0 160 160\" x=\"0px\" y=\"0px\" id=\"svg-4883\"><path d=\"M155,160H5c-2.8,0-5-2.2-5-5.1V80.5c0-1.3,0.5-2.6,1.5-3.5l75-75.5c2-1.9,5.1-1.9,7,0l75,75.5c0.9,0.9,1.5,2.2,1.5,3.5v74.4\tC160,157.8,157.8,160,155,160z\"><\/path><\/svg>\n      <\/div>\n      <h2 class=\"u-align-center u-text u-text-body-alt-color u-text-1\">What can we do for you?<\/h2>\n      <div class=\"u-align-center u-border-4 u-border-palette-2-base u-line u-line-horizontal u-line-1\"><\/div>\n    <\/section>\n    <section class=\"u-clearfix u-section-4\" id=\"sec-4041\">\n      <div class=\"u-clearfix u-sheet u-sheet-1\">\n        <div class=\"u-clearfix u-expanded-width u-layout-wrap u-layout-wrap-1\">\n          <div class=\"u-layout\">\n            <div class=\"u-layout-row\">\n              <div class=\"u-size-27-lg u-size-27-md u-size-27-sm u-size-27-xs u-size-30-xl\">\n                <div class=\"u-layout-col\">\n                  <div class=\"u-container-style u-layout-cell u-size-60 u-layout-cell-1\">\n                    <div class=\"u-container-layout u-container-layout-1\">\n                      <h6 class=\"u-text u-text-1\">Preparation<\/h6>\n                      <p class=\"u-text u-text-2\"> The first step in this type of assignment is to prepare by learning the sales method, or creating one if none exists, and then choosing reporting tools.<\/p>\n                      <h6 class=\"u-text u-text-3\">Employee profiles: hunters<\/h6>\n                      <p class=\"u-text u-text-4\"> For B2C prospecting, we hire what are known in sales jargon as hunters, i.e. salespeople who like to take to the road with their pilgrim's staff (<span style=\"font-style: italic;\">see, go door to door<\/span>)\n                      <\/p>\n                      <blockquote class=\"u-text u-text-5\">In line with 24PM's Code of Ethics, we don't prospect aggressively, and we encourage you to implement a long-term strategy where the customers who join you are customers who stay for a long time.<\/blockquote>\n                    <\/div>\n                  <\/div>\n                <\/div>\n              <\/div>\n              <div class=\"u-size-30-xl u-size-33-lg u-size-33-md u-size-33-sm u-size-33-xs\">\n                <div class=\"u-layout-col\">\n                  <div class=\"u-container-style u-layout-cell u-size-30 u-layout-cell-2\">\n                    <div class=\"u-container-layout u-container-layout-2\"><span class=\"u-align-center u-icon u-icon-circle u-text-palette-1-base u-icon-1\"><svg class=\"u-svg-link\" preserveaspectratio=\"xMidYMin slice\" viewbox=\"0 0 490.667 490.667\" style=\"\"><use xmlns:xlink=\"http:\/\/www.w3.org\/1999\/xlink\" xlink:href=\"#svg-4307\"><\/use><\/svg><svg class=\"u-svg-content\" viewbox=\"0 0 490.667 490.667\" x=\"0px\" y=\"0px\" id=\"svg-4307\" style=\"enable-background:new 0 0 490.667 490.667;\"><g><g><path d=\"M158.571,73.728l-21.333-36.949c-2.944-5.141-9.493-6.848-14.571-3.904c-5.099,2.944-6.848,9.451-3.904,14.571    l21.333,36.949c1.963,3.435,5.568,5.333,9.237,5.333c1.813,0,3.648-0.469,5.333-1.429    C159.765,85.333,161.515,78.827,158.571,73.728z\"><\/path>\n<\/g>\n<\/g><g><g><path d=\"M371.904,443.221l-21.333-36.949c-2.944-5.12-9.493-6.869-14.571-3.904c-5.12,2.944-6.869,9.472-3.904,14.571    l21.333,36.949c1.963,3.435,5.568,5.333,9.237,5.333c1.813,0,3.648-0.448,5.333-1.429    C373.12,454.848,374.869,448.32,371.904,443.221z\"><\/path>\n<\/g>\n<\/g><g><g><path d=\"M84.395,140.096l-36.949-21.333c-5.099-2.901-11.627-1.195-14.571,3.904c-2.965,5.099-1.216,11.627,3.904,14.571    l36.949,21.333c1.685,0.981,3.52,1.429,5.333,1.429c3.669,0,7.275-1.92,9.237-5.333C91.243,149.568,89.493,143.04,84.395,140.096z    \"><\/path>\n<\/g>\n<\/g><g><g><path d=\"M453.888,353.429l-36.949-21.333c-5.099-2.901-11.627-1.195-14.571,3.904s-1.195,11.627,3.904,14.571l36.949,21.333    c1.685,0.981,3.52,1.429,5.333,1.429c3.669,0,7.275-1.92,9.237-5.333C460.736,362.901,458.987,356.373,453.888,353.429z\"><\/path>\n<\/g>\n<\/g><g><g><path d=\"M88.299,336c-2.944-5.12-9.493-6.827-14.571-3.904l-36.949,21.333c-5.12,2.944-6.869,9.472-3.904,14.571    c1.963,3.413,5.568,5.333,9.237,5.333c1.813,0,3.648-0.448,5.333-1.429l36.949-21.333C89.515,347.627,91.264,341.099,88.299,336z\"><\/path>\n<\/g>\n<\/g><g><g><path d=\"M154.667,402.368c-5.12-2.923-11.648-1.216-14.571,3.904l-21.333,36.949c-2.944,5.099-1.195,11.627,3.904,14.571    c1.685,0.981,3.52,1.429,5.333,1.429c3.669,0,7.275-1.899,9.237-5.333l21.333-36.949    C161.515,411.84,159.765,405.312,154.667,402.368z\"><\/path>\n<\/g>\n<\/g><g><g><path d=\"M53.333,234.667H10.667C4.779,234.667,0,239.445,0,245.333S4.779,256,10.667,256h42.667C59.221,256,64,251.221,64,245.333    S59.221,234.667,53.333,234.667z\"><\/path>\n<\/g>\n<\/g><g><g><path d=\"M245.333,426.667c-5.888,0-10.667,4.779-10.667,10.667V480c0,5.888,4.779,10.667,10.667,10.667S256,485.888,256,480    v-42.667C256,431.445,251.221,426.667,245.333,426.667z\"><\/path>\n<\/g>\n<\/g><g><g><path d=\"M462.763,132.117l-45.824,26.453c-1.685,0.981-3.52,1.429-5.333,1.429c-3.669,0-7.275-1.92-9.237-5.333    c-2.965-5.099-1.216-11.627,3.904-14.571l45.739-26.411c-19.264-30.144-44.885-55.765-75.051-75.029l-26.411,45.739    c-1.963,3.435-5.568,5.333-9.237,5.333c-1.813,0-3.648-0.448-5.333-1.429c-5.099-2.944-6.848-9.472-3.904-14.571l26.453-45.803    C324.651,10.176,286.187,0,245.333,0c-5.888,0-10.667,4.779-10.667,10.667v234.667c0,5.888,4.779,10.667,10.667,10.667H480    c5.888,0,10.667-4.779,10.667-10.667C490.667,204.501,480.491,166.037,462.763,132.117z\"><\/path>\n<\/g>\n<\/g><\/svg><\/span>\n                      <p class=\"u-align-center u-text u-text-6\"> From \u20ac 7.50<\/p>\n                      <p class=\"u-align-center u-text u-text-7\"> + Commissions<\/p>\n                    <\/div>\n                  <\/div>\n                  <div class=\"u-container-style u-layout-cell u-size-30 u-layout-cell-3\">\n                    <div class=\"u-container-layout u-valign-bottom-lg u-valign-bottom-md u-valign-bottom-sm u-container-layout-3\">\n                      <a href=\"https:\/\/login.24pm.be\" class=\"u-align-center u-border-0 u-btn u-btn-round u-button-style u-hidden-md u-hidden-xs u-hover-palette-2-base u-palette-1-base u-radius-35 u-btn-1\" target=\"_blank\">See your rate by logging in<\/a>\n                      <a href=\"\/en\/722721749\/\" class=\"u-align-center-lg u-align-center-md u-align-center-sm u-align-center-xs u-btn u-btn-round u-button-style u-hidden-md u-hidden-xs u-hover-palette-4-base u-radius-50 u-btn-2\">See the other trades and shared services<\/a>\n                      <a href=\"\/en\/722721749\/\" class=\"u-active-none u-align-center-md u-align-center-sm u-align-center-xs u-border-2 u-border-palette-1-base u-btn u-btn-rectangle u-button-style u-hidden-lg u-hidden-sm u-hidden-xl u-hover-none u-none u-btn-3\">Other businesses and shared services<\/a>\n                      <a href=\"https:\/\/login.24pm.be\" class=\"u-active-none u-align-center-md u-align-center-sm u-align-center-xs u-border-2 u-border-palette-1-base u-btn u-btn-rectangle u-button-style u-hidden-lg u-hidden-sm u-hidden-xl u-hover-none u-none u-btn-4\">See your rate by logging in<\/a>\n                    <\/div>\n                  <\/div>\n                <\/div>\n              <\/div>\n            <\/div>\n          <\/div>\n        <\/div>\n      <\/div>\n    <\/section>\n    <section class=\"u-clearfix u-grey-5 u-section-5\" id=\"sec-55a9\">\n      <div class=\"u-clearfix u-sheet u-valign-middle u-sheet-1\">\n        <div class=\"u-clearfix u-expanded-width-md u-expanded-width-sm u-expanded-width-xs u-gutter-0 u-layout-wrap u-layout-wrap-1\">\n          <div class=\"u-layout\">\n            <div class=\"u-layout-row\">\n              <div class=\"u-align-center-sm u-align-center-xs u-align-left-lg u-align-left-md u-align-left-xl u-container-style u-layout-cell u-left-cell u-size-13 u-layout-cell-1\">\n                <div class=\"u-container-layout u-valign-top u-container-layout-1\">\n                  <div alt=\"\" class=\"u-align-left u-expanded-width-lg u-expanded-width-md u-expanded-width-xl u-image u-image-circle u-image-1\" src=\"\" data-image-width=\"944\" data-image-height=\"1280\"><\/div>\n                  <p class=\"u-align-center u-text u-text-1\"> Illustration<\/p>\n                <\/div>\n              <\/div>\n              <div class=\"u-align-center-sm u-align-center-xs u-align-left-lg u-align-left-md u-align-left-xl u-container-style u-layout-cell u-right-cell u-size-47 u-layout-cell-2\">\n                <div class=\"u-container-layout u-valign-top u-container-layout-2\">\n                  <h6 class=\"u-text u-text-2\">Typical profile of a 24PM employee<\/h6>\n                  <p class=\"u-text u-text-3\">This type of mission is carried out by experienced field sales people and sales managers to implement a strategy that delivers results.<br>\n                    <br>Entrusting us with a part of your company's distribution is a responsibility that our teams will accept with the determination necessary for commercial success, in a spirit of satisfying your new customers as well as, if not above all...\n                  <\/p>\n                <\/div>\n              <\/div>\n            <\/div>\n          <\/div>\n        <\/div>\n      <\/div>\n    <\/section>\n    <section class=\"u-clearfix u-white u-section-6\" id=\"sec-6b8b\">\n      <div class=\"u-clearfix u-sheet u-sheet-1\">\n        <h2 class=\"u-text u-text-1\">Not a 24PM member yet?<\/h2>\n        <p class=\"u-text u-text-2\"> Answer a few questions and benefit from our support for your projects starting next week:<\/p>\n        <div class=\"u-expanded-width u-shortcode u-shortcode-1\"><div class=\"frm_forms  with_frm_style frm_style_formidable-style\" id=\"frm_form_4_container\" >\n<form enctype=\"multipart\/form-data\" method=\"post\" class=\"frm-show-form  frm_js_validate  frm_ajax_submit  frm_pro_form  frm_ajax_submit  frm_slidein\" id=\"form_test24pm\" action=\"\" >\n<div class=\"frm_form_fields  frm_page_num_1\">\n<fieldset>\n<legend class=\"frm_screen_reader\">24PM Test<\/legend>\r\n\r\n<div class=\"frm_fields_container\">\n<div class=\"frm_rootline_group\"><ul class=\"frm_page_bar frm_rootline_8 frm_progress frm_progress_line frm_no_numbers\"><li class=\"frm_rootline_single frm_current_page\"><input type=\"button\" value=\"1\" data-page=\"\" class=\"frm_page_1\" disabled=\"disabled\" data-field=\"0\" aria-label=\"Page 1\"  \/><\/li><li class=\"frm_rootline_single\"><input type=\"button\" value=\"2\" data-page=\"2\" class=\"frm_page_skip frm_page_2\" data-field=\"48\" aria-label=\"Next\"  \/><\/li><li class=\"frm_rootline_single\"><input type=\"button\" value=\"3\" data-page=\"4\" class=\"frm_page_skip frm_page_3\" data-field=\"50\" aria-label=\"Next\"  \/><\/li><li class=\"frm_rootline_single\"><input type=\"button\" value=\"4\" data-page=\"6\" class=\"frm_page_skip frm_page_4\" data-field=\"54\" aria-label=\"Next\"  \/><\/li><li class=\"frm_rootline_single\"><input type=\"button\" value=\"5\" data-page=\"8\" class=\"frm_page_skip frm_page_5\" data-field=\"57\" aria-label=\"Next\"  \/><\/li><li class=\"frm_rootline_single\"><input type=\"button\" value=\"6\" data-page=\"10\" class=\"frm_page_skip frm_page_6\" data-field=\"60\" aria-label=\"Next\"  \/><\/li><li class=\"frm_rootline_single\"><input type=\"button\" value=\"7\" data-page=\"12\" class=\"frm_page_skip frm_page_7\" data-field=\"64\" aria-label=\"Next\"  \/><\/li><li class=\"frm_rootline_single\"><input type=\"button\" value=\"8\" data-page=\"14\" class=\"frm_page_skip frm_page_8\" data-field=\"68\" aria-label=\"Next\"  \/><\/li><\/ul><div class=\"frm_clearfix\"><\/div><\/div><input type=\"hidden\" name=\"frm_action\" value=\"create\" \/>\n<input type=\"hidden\" name=\"form_id\" value=\"4\" \/>\n<input type=\"hidden\" name=\"frm_hide_fields_4\" id=\"frm_hide_fields_4\" value=\"\" \/>\n<input type=\"hidden\" name=\"form_key\" value=\"test24pm\" \/>\n<input type=\"hidden\" name=\"item_meta[0]\" value=\"\" \/>\n<input type=\"hidden\" id=\"frm_submit_entry_4\" name=\"frm_submit_entry_4\" value=\"d0fef6ddb5\" \/><input type=\"hidden\" name=\"_wp_http_referer\" value=\"\/en\/wp-json\/wp\/v2\/pages\/520\" \/><div id=\"frm_field_46_container\" class=\"frm_form_field form-field  frm_top_container vertical_radio\">\r\n    <div  id=\"field_ax0e5_label\" class=\"frm_primary_label\">Which of the following defines your business? \r\n        <span class=\"frm_required\" aria-hidden=\"true\"><\/span>\r\n    <\/div>\r\n    <div class=\"frm_opt_container\" aria-labelledby=\"field_ax0e5_label\" role=\"radiogroup\">\t\t<div class=\"frm_radio\" id=\"frm_radio_46-0\">\t\t\t<label  for=\"field_ax0e5-0\">\n\t\t\t\t\t<input type=\"radio\" name=\"item_meta[46]\" id=\"field_ax0e5-0\" value=\"Ind\u00e9pendant(e)\"\n\t\t   data-invmsg=\"Laquelle de ces propositions d\u00e9finit votre activit\u00e9 ?  is invalid\"  \/> Self-employed<\/label><\/div>\n\t\t<div class=\"frm_radio\" id=\"frm_radio_46-1\">\t\t\t<label  for=\"field_ax0e5-1\">\n\t\t\t\t\t<input type=\"radio\" name=\"item_meta[46]\" id=\"field_ax0e5-1\" value=\"Entreprise priv\u00e9e\"\n\t\t   data-invmsg=\"Laquelle de ces propositions d\u00e9finit votre activit\u00e9 ?  is invalid\"  \/> Private company<\/label><\/div>\n\t\t<div class=\"frm_radio\" id=\"frm_radio_46-4\">\t\t\t<label  for=\"field_ax0e5-4\">\n\t\t\t\t\t<input type=\"radio\" name=\"item_meta[46]\" id=\"field_ax0e5-4\" value=\"Profession lib\u00e9rale\"\n\t\t   data-invmsg=\"Laquelle de ces propositions d\u00e9finit votre activit\u00e9 ?  is invalid\"  \/> Liberal profession<\/label><\/div>\n\t\t<div class=\"frm_radio\" id=\"frm_radio_46-3\">\t\t\t<label  for=\"field_ax0e5-3\">\n\t\t\t\t\t<input type=\"radio\" name=\"item_meta[46]\" id=\"field_ax0e5-3\" value=\"Secteur non-marchand public\"\n\t\t   data-invmsg=\"Laquelle de ces propositions d\u00e9finit votre activit\u00e9 ?  is invalid\"  \/> Public non-market sector<\/label><\/div>\n<\/div>\r\n    \r\n    \r\n<\/div>\n<input type=\"hidden\" name=\"frm_page_order_4\" id=\"frm_page_order_4\" value=\"2\" \/><input type=\"hidden\" name=\"item_meta[47]\" id=\"field_ckd4z-0\" value=\"\"     \/>\n<input type=\"hidden\" name=\"item_meta[50]\" id=\"field_v48ku\" value=\"\"     \/>\n<input type=\"hidden\" name=\"item_meta[51]\" id=\"field_8i9ai-0\" value=\"\"     \/>\n<input type=\"hidden\" name=\"item_meta[54]\" id=\"field_mnog7\" value=\"\"     \/>\n<input type=\"hidden\" name=\"item_meta[56]\" id=\"field_4cgcw-0\" value=\"\"     \/>\n<input type=\"hidden\" name=\"item_meta[57]\" id=\"field_ukq9v\" value=\"\"     \/>\n<input type=\"hidden\" name=\"item_meta[58]\" id=\"field_ekbdl-0\" value=\"\"     \/>\n<input type=\"hidden\" name=\"item_meta[60]\" id=\"field_v8y5v\" value=\"\"     \/>\n<input type=\"hidden\" name=\"item_meta[61]\" id=\"field_28sg3-0\" value=\"\"     \/>\n<input type=\"hidden\" name=\"item_meta[64]\" id=\"field_c0ig3\" value=\"\"     \/>\n<input type=\"hidden\" name=\"item_meta[62]\" id=\"field_t07pn-0\" value=\"\"     \/>\n<input type=\"hidden\" name=\"item_meta[68]\" id=\"field_r24mh\" value=\"\"     \/>\n<input type=\"hidden\" name=\"item_meta[69]\" id=\"field_fog2h\" value=\"\"     \/>\n<input type=\"hidden\" name=\"item_meta[72]\" id=\"field_qp9qn\" value=\"\"     \/>\n<input type=\"hidden\" name=\"item_meta[70]\" id=\"field_po0jy\" value=\"\"     \/>\n<input type=\"hidden\" name=\"item_meta[71]\" id=\"field_oskjh\" value=\"\"     \/>\n<input type=\"hidden\" name=\"item_meta[75]\" id=\"field_5o4yi-0\" value=\"\"     \/>\n\t<input type=\"hidden\" name=\"item_key\" value=\"\" \/>\n\t\t\t<div id=\"frm_field_132_container\">\n\t\t\t<label for=\"field_ulkvy\" >\n\t\t\t\tIf you are human, leave this field blank.\t\t\t<\/label>\n\t\t\t<input  id=\"field_ulkvy\" type=\"text\" class=\"frm_form_field form-field frm_verify\" name=\"item_meta[132]\" value=\"\"  \/>\n\t\t<\/div>\n\t\t<input name=\"frm_state\" type=\"hidden\" value=\"8f8spRLt6z5R6sIL1LgyniAW+AVKVSP2Ipqa\/AduLFk=\" \/><div class=\"frm_submit\">\r\n\r\n<button class=\"frm_button_submit\" type=\"submit\"  >Next<\/button>\r\n\r\n<\/div><\/div>\n<\/fieldset>\n<\/div>\n\n<p style=\"display: none !important;\" class=\"akismet-fields-container\" data-prefix=\"ak_\"><label>&#916;<textarea name=\"ak_hp_textarea\" cols=\"45\" rows=\"8\" maxlength=\"100\"><\/textarea><\/label><input type=\"hidden\" id=\"ak_js_1\" name=\"ak_js\" value=\"170\"\/><script>document.getElementById( \"ak_js_1\" ).setAttribute( \"value\", ( new Date() ).getTime() );<\/script><\/p><input type=\"hidden\" name=\"trp-form-language\" value=\"en\"\/><\/form>\n<\/div>\n<\/div>\n      <\/div>\n    <\/section>\n    <style class=\"u-overlap-style\">.u-overlap:not(.u-sticky-scroll) .u-header {\nbackground-color: #01334a !important\n}<\/style>","protected":false},"excerpt":{"rendered":"<p>Prospection B2C Notre force de vente au service de votre croissance \u00catre rappel\u00e9 Que pouvons nous faire pour vous ? La pr\u00e9paration La premi\u00e8re \u00e9tape de ce type de mission est la pr\u00e9paration par l&rsquo;apprentissage de la m\u00e9thode de vente ou sa cr\u00e9ation si inexistante, ensuite le choix d&rsquo;outils de reporting. Profils des collaborateurs : &hellip; <a href=\"https:\/\/restore.24pm.be\/en\/metier-prospection-b2c\/\" class=\"more-link\">Continue reading<span class=\"screen-reader-text\"> \u00ab\u00a0metier-prospection-b2c\u00a0\u00bb<\/span><\/a><\/p>","protected":false},"author":2,"featured_media":0,"parent":0,"menu_order":1,"comment_status":"closed","ping_status":"closed","template":"","meta":[],"_links":{"self":[{"href":"https:\/\/restore.24pm.be\/en\/wp-json\/wp\/v2\/pages\/520"}],"collection":[{"href":"https:\/\/restore.24pm.be\/en\/wp-json\/wp\/v2\/pages"}],"about":[{"href":"https:\/\/restore.24pm.be\/en\/wp-json\/wp\/v2\/types\/page"}],"author":[{"embeddable":true,"href":"https:\/\/restore.24pm.be\/en\/wp-json\/wp\/v2\/users\/2"}],"replies":[{"embeddable":true,"href":"https:\/\/restore.24pm.be\/en\/wp-json\/wp\/v2\/comments?post=520"}],"version-history":[{"count":3,"href":"https:\/\/restore.24pm.be\/en\/wp-json\/wp\/v2\/pages\/520\/revisions"}],"predecessor-version":[{"id":786,"href":"https:\/\/restore.24pm.be\/en\/wp-json\/wp\/v2\/pages\/520\/revisions\/786"}],"wp:attachment":[{"href":"https:\/\/restore.24pm.be\/en\/wp-json\/wp\/v2\/media?parent=520"}],"curies":[{"name":"wp","href":"https:\/\/api.w.org\/{rel}","templated":true}]}}