{"id":453,"date":"2021-05-14T23:44:00","date_gmt":"2021-05-14T21:44:00","guid":{"rendered":"https:\/\/new.24pm.be\/?page_id=453"},"modified":"2021-06-16T16:45:57","modified_gmt":"2021-06-16T14:45:57","slug":"metier-gestion-agenda","status":"publish","type":"page","link":"https:\/\/restore.24pm.be\/en\/metier-gestion-agenda\/","title":{"rendered":"metier-gestion-agenda"},"content":{"rendered":"<section class=\"u-align-center u-clearfix u-palette-1-base u-section-2\" id=\"sec-05ce\">\n      <div class=\"u-clearfix u-sheet u-valign-middle-lg u-valign-middle-md u-valign-middle-sm u-valign-middle-xs u-valign-top-xl u-sheet-1\">\n        <div class=\"u-clearfix u-expanded-width u-layout-wrap u-layout-wrap-1\">\n          <div class=\"u-layout\">\n            <div class=\"u-layout-row\">\n              <div class=\"u-container-style u-layout-cell u-size-30 u-layout-cell-1\">\n                <div class=\"u-container-layout u-container-layout-1\">\n                  <h1 class=\"u-text u-text-white u-text-1\">Management of high-stress agendas<br>\n                  <\/h1>\n                  <div class=\"u-border-7 u-border-palette-2-base u-line u-line-horizontal u-line-1\"><\/div>\n                  <h4 class=\"u-text u-text-white u-text-2\">Arrange multiple schedules within your company with the help of a planning assistant<br>\n                  <\/h4>\n                  <a href=\"#sec-7453\" class=\"u-align-left u-border-2 u-border-white u-btn u-btn-round u-button-style u-dialog-link u-palette-1-base u-radius-50 u-btn-1\">Be called back<\/a>\n                <\/div>\n              <\/div>\n              <div class=\"u-container-style u-layout-cell u-size-30 u-layout-cell-2\">\n                <div class=\"u-container-layout u-container-layout-2\"><span class=\"u-align-center u-border-2 u-border-grey-75 u-icon u-icon-circle u-spacing-68 u-white u-icon-1\"><svg class=\"u-svg-link\" preserveaspectratio=\"xMidYMin slice\" viewbox=\"0 0 64 64\" style=\"\"><use xlink:href=\"#svg-1c5f\"><\/use><\/svg><svg class=\"u-svg-content\" viewbox=\"0 0 64 64\" id=\"svg-1c5f\"><g><path d=\"m15 16.816c1.161-.414 2-1.514 2-2.816 0-1.654-1.346-3-3-3-.462 0-.894.113-1.285.301l-3.008-3.008-1.414 1.414 3.008 3.008c-.188.391-.301.823-.301 1.285 0 1.302.839 2.402 2 2.816v2.184h2zm-1-3.816c.552 0 1 .448 1 1s-.448 1-1 1-1-.448-1-1 .448-1 1-1z\"><\/path><path d=\"m13 47h2v2h-2z\"><\/path><path d=\"m13 43h2v2h-2z\"><\/path><path d=\"m13 39h2v2h-2z\"><\/path><path d=\"m13 35h2v2h-2z\"><\/path><path d=\"m60 19h-34.003c.644-1.54 1.003-3.229 1.003-5 0-7.168-5.832-13-13-13s-13 5.832-13 13c0 4.59 2.398 8.623 6 10.937v27.299l4.658 9.317c.447.892 1.345 1.447 2.342 1.447h46c1.654 0 3-1.346 3-3v-38c0-1.654-1.346-3-3-3zm0 2c.552 0 1 .448 1 1v5h-40v-2.063c1.579-1.014 2.922-2.358 3.937-3.937zm-41 30h-10v-18h10zm-6-28v1.949c-2.283-.207-4.366-1.111-6.034-2.501l1.377-1.377-1.414-1.414-1.377 1.377c-1.391-1.668-2.294-3.751-2.501-6.034h1.949v-2h-1.949c.207-2.283 1.111-4.366 2.501-6.034l1.377 1.377 1.414-1.414-1.377-1.377c1.668-1.391 3.751-2.294 6.034-2.501v1.949h2v-1.949c2.283.207 4.366 1.111 6.034 2.501l-1.377 1.377 1.414 1.414 1.377-1.377c1.391 1.667 2.294 3.751 2.501 6.034h-1.949v2h1.949c-.207 2.283-1.111 4.366-2.501 6.034l-1.377-1.377-1.414 1.414 1.377 1.377c-1.667 1.391-3.751 2.294-6.034 2.501v-1.949zm1 4c1.771 0 3.46-.359 5-1.003v5.003h-10v-5.003c1.54.644 3.229 1.003 5 1.003zm-.553 33.658-3.829-7.658h8.764l-3.829 7.657c-.211.424-.895.423-1.106.001zm46.553.342h-43.382l4.382-8.764v-23.236h40v31c0 .552-.448 1-1 1z\"><\/path><path d=\"m25 39h10v-8h-10zm2-6h6v4h-6z\"><\/path><path d=\"m37 39h10v-8h-10zm2-6h6v4h-6z\"><\/path><path d=\"m25 49h10v-8h-10zm2-6h6v4h-6z\"><\/path><path d=\"m37 49h10v-8h-10zm2-6h6v4h-6z\"><\/path><path d=\"m25 59h10v-8h-10zm2-6h6v4h-6z\"><\/path><path d=\"m37 59h10v-8h-10zm2-6h6v4h-6z\"><\/path><path d=\"m59 31h-10v8h10zm-2 6h-6v-4h6z\"><\/path><path d=\"m53 45.586-1.293-1.293-1.414 1.414 2.707 2.707 6.707-6.707-1.414-1.414z\"><\/path><path d=\"m53 56.586-1.293-1.293-1.414 1.414 2.707 2.707 6.707-6.707-1.414-1.414z\"><\/path>\n<\/g><\/svg><\/span>\n                <\/div>\n              <\/div>\n            <\/div>\n          <\/div>\n        <\/div>\n      <\/div>\n    <\/section>\n    <section class=\"u-align-center u-clearfix u-section-3\" id=\"carousel_4f02\">\n      <div class=\"u-expanded-width u-flip-vertical u-shape u-shape-svg u-text-palette-1-base u-shape-1\">\n        <svg class=\"u-svg-link\" preserveaspectratio=\"none\" viewbox=\"0 0 160 160\" style=\"\"><use xmlns:xlink=\"http:\/\/www.w3.org\/1999\/xlink\" xlink:href=\"#svg-4883\"><\/use><\/svg>\n        <svg class=\"u-svg-content\" viewbox=\"0 0 160 160\" x=\"0px\" y=\"0px\" id=\"svg-4883\"><path d=\"M155,160H5c-2.8,0-5-2.2-5-5.1V80.5c0-1.3,0.5-2.6,1.5-3.5l75-75.5c2-1.9,5.1-1.9,7,0l75,75.5c0.9,0.9,1.5,2.2,1.5,3.5v74.4\tC160,157.8,157.8,160,155,160z\"><\/path><\/svg>\n      <\/div>\n      <h2 class=\"u-align-center u-text u-text-body-alt-color u-text-1\">What can we do for you?<\/h2>\n      <div class=\"u-align-center u-border-4 u-border-palette-2-base u-line u-line-horizontal u-line-1\"><\/div>\n    <\/section>\n    <section class=\"u-clearfix u-section-4\" id=\"sec-b2b9\">\n      <div class=\"u-clearfix u-sheet u-sheet-1\">\n        <div class=\"u-clearfix u-expanded-width u-layout-wrap u-layout-wrap-1\">\n          <div class=\"u-layout\">\n            <div class=\"u-layout-row\">\n              <div class=\"u-size-27-lg u-size-27-md u-size-27-sm u-size-27-xs u-size-30-xl\">\n                <div class=\"u-layout-col\">\n                  <div class=\"u-container-style u-layout-cell u-size-60 u-layout-cell-1\">\n                    <div class=\"u-container-layout u-container-layout-1\">\n                      <h6 class=\"u-text u-text-1\">The problem to be solved<br>\n                      <\/h6>\n                      <p class=\"u-text u-text-2\">Numerous appointments, opportunities not to be missed, and less and less time available, other than calling on 24PM to free up time, you can also ask one of our planning assistants to help you \"bend time\" to meet a maximum number of requests without disrupting your schedule.<br>\n                      <\/p>\n                      <h6 class=\"u-text u-text-3\">The business<br>\n                      <\/h6>\n                      <p class=\"u-text u-text-4\">The planning assistant masters planning, retro-planning and project tools (gantt, etc...) to manage the constraints of your schedule, confirm your appointments, anticipate schedule conflicts and reorganize your time when necessary.<br>\n                      <\/p>\n                      <blockquote class=\"u-text u-text-5\">The use of certain IT tools is essential to exploit the full potential of this service.<br>\n                      <\/blockquote>\n                    <\/div>\n                  <\/div>\n                <\/div>\n              <\/div>\n              <div class=\"u-size-30-xl u-size-33-lg u-size-33-md u-size-33-sm u-size-33-xs\">\n                <div class=\"u-layout-col\">\n                  <div class=\"u-container-style u-layout-cell u-size-30 u-layout-cell-2\">\n                    <div class=\"u-container-layout u-container-layout-2\"><span class=\"u-align-center u-icon u-icon-circle u-text-palette-1-base u-icon-1\"><svg class=\"u-svg-link\" preserveaspectratio=\"xMidYMin slice\" viewbox=\"0 0 490.667 490.667\" style=\"\"><use xmlns:xlink=\"http:\/\/www.w3.org\/1999\/xlink\" xlink:href=\"#svg-4307\"><\/use><\/svg><svg class=\"u-svg-content\" viewbox=\"0 0 490.667 490.667\" x=\"0px\" y=\"0px\" id=\"svg-4307\" style=\"enable-background:new 0 0 490.667 490.667;\"><g><g><path d=\"M158.571,73.728l-21.333-36.949c-2.944-5.141-9.493-6.848-14.571-3.904c-5.099,2.944-6.848,9.451-3.904,14.571    l21.333,36.949c1.963,3.435,5.568,5.333,9.237,5.333c1.813,0,3.648-0.469,5.333-1.429    C159.765,85.333,161.515,78.827,158.571,73.728z\"><\/path>\n<\/g>\n<\/g><g><g><path d=\"M371.904,443.221l-21.333-36.949c-2.944-5.12-9.493-6.869-14.571-3.904c-5.12,2.944-6.869,9.472-3.904,14.571    l21.333,36.949c1.963,3.435,5.568,5.333,9.237,5.333c1.813,0,3.648-0.448,5.333-1.429    C373.12,454.848,374.869,448.32,371.904,443.221z\"><\/path>\n<\/g>\n<\/g><g><g><path d=\"M84.395,140.096l-36.949-21.333c-5.099-2.901-11.627-1.195-14.571,3.904c-2.965,5.099-1.216,11.627,3.904,14.571    l36.949,21.333c1.685,0.981,3.52,1.429,5.333,1.429c3.669,0,7.275-1.92,9.237-5.333C91.243,149.568,89.493,143.04,84.395,140.096z    \"><\/path>\n<\/g>\n<\/g><g><g><path d=\"M453.888,353.429l-36.949-21.333c-5.099-2.901-11.627-1.195-14.571,3.904s-1.195,11.627,3.904,14.571l36.949,21.333    c1.685,0.981,3.52,1.429,5.333,1.429c3.669,0,7.275-1.92,9.237-5.333C460.736,362.901,458.987,356.373,453.888,353.429z\"><\/path>\n<\/g>\n<\/g><g><g><path d=\"M88.299,336c-2.944-5.12-9.493-6.827-14.571-3.904l-36.949,21.333c-5.12,2.944-6.869,9.472-3.904,14.571    c1.963,3.413,5.568,5.333,9.237,5.333c1.813,0,3.648-0.448,5.333-1.429l36.949-21.333C89.515,347.627,91.264,341.099,88.299,336z\"><\/path>\n<\/g>\n<\/g><g><g><path d=\"M154.667,402.368c-5.12-2.923-11.648-1.216-14.571,3.904l-21.333,36.949c-2.944,5.099-1.195,11.627,3.904,14.571    c1.685,0.981,3.52,1.429,5.333,1.429c3.669,0,7.275-1.899,9.237-5.333l21.333-36.949    C161.515,411.84,159.765,405.312,154.667,402.368z\"><\/path>\n<\/g>\n<\/g><g><g><path d=\"M53.333,234.667H10.667C4.779,234.667,0,239.445,0,245.333S4.779,256,10.667,256h42.667C59.221,256,64,251.221,64,245.333    S59.221,234.667,53.333,234.667z\"><\/path>\n<\/g>\n<\/g><g><g><path d=\"M245.333,426.667c-5.888,0-10.667,4.779-10.667,10.667V480c0,5.888,4.779,10.667,10.667,10.667S256,485.888,256,480    v-42.667C256,431.445,251.221,426.667,245.333,426.667z\"><\/path>\n<\/g>\n<\/g><g><g><path d=\"M462.763,132.117l-45.824,26.453c-1.685,0.981-3.52,1.429-5.333,1.429c-3.669,0-7.275-1.92-9.237-5.333    c-2.965-5.099-1.216-11.627,3.904-14.571l45.739-26.411c-19.264-30.144-44.885-55.765-75.051-75.029l-26.411,45.739    c-1.963,3.435-5.568,5.333-9.237,5.333c-1.813,0-3.648-0.448-5.333-1.429c-5.099-2.944-6.848-9.472-3.904-14.571l26.453-45.803    C324.651,10.176,286.187,0,245.333,0c-5.888,0-10.667,4.779-10.667,10.667v234.667c0,5.888,4.779,10.667,10.667,10.667H480    c5.888,0,10.667-4.779,10.667-10.667C490.667,204.501,480.491,166.037,462.763,132.117z\"><\/path>\n<\/g>\n<\/g><\/svg><\/span>\n                      <p class=\"u-align-center u-text u-text-6\"> From \u20ac18<\/p>\n                      <p class=\"u-align-center u-text u-text-palette-1-base u-text-7\"><span class=\"u-icon\"><svg class=\"u-svg-content\" viewbox=\"0 0 511 511\" style=\"width: 1em; height: 1em;\"><path d=\"m114.59375 491.140625c-5.609375 0-11.179688-1.75-15.933594-5.1875-8.855468-6.417969-12.992187-17.449219-10.582031-28.09375l32.9375-145.089844-111.703125-97.960937c-8.210938-7.167969-11.347656-18.519532-7.976562-28.90625 3.371093-10.367188 12.542968-17.707032 23.402343-18.710938l147.796875-13.417968 58.433594-136.746094c4.308594-10.046875 14.121094-16.535156 25.023438-16.535156 10.902343 0 20.714843 6.488281 25.023437 16.511718l58.433594 136.769532 147.773437 13.417968c10.882813.980469 20.054688 8.34375 23.425782 18.710938 3.371093 10.367187.253906 21.738281-7.957032 28.90625l-111.703125 97.941406 32.9375 145.085938c2.414063 10.667968-1.726562 21.699218-10.578125 28.097656-8.832031 6.398437-20.609375 6.890625-29.910156 1.300781l-127.445312-76.160156-127.445313 76.203125c-4.308594 2.558594-9.109375 3.863281-13.953125 3.863281zm141.398438-112.875c4.84375 0 9.640624 1.300781 13.953124 3.859375l120.277344 71.9375-31.085937-136.941406c-2.21875-9.746094 1.089843-19.921875 8.621093-26.515625l105.472657-92.5-139.542969-12.671875c-10.046875-.917969-18.6875-7.234375-22.613281-16.492188l-55.082031-129.046875-55.148438 129.066407c-3.882812 9.195312-12.523438 15.511718-22.546875 16.429687l-139.5625 12.671875 105.46875 92.5c7.554687 6.613281 10.859375 16.769531 8.621094 26.539062l-31.0625 136.9375 120.277343-71.914062c4.308594-2.558594 9.109376-3.859375 13.953126-3.859375zm-84.585938-221.847656s0 .023437-.023438.042969zm169.128906-.0625.023438.042969c0-.023438 0-.023438-.023438-.042969zm0 0\"><\/path><\/svg><img><\/span>&nbsp; Possible packages<br>\n                      <\/p>\n                    <\/div>\n                  <\/div>\n                  <div class=\"u-container-style u-layout-cell u-size-30 u-layout-cell-3\">\n                    <div class=\"u-container-layout u-valign-bottom-lg u-valign-bottom-md u-valign-bottom-sm u-container-layout-3\">\n                      <a href=\"https:\/\/login.24pm.be\" class=\"u-align-center u-border-0 u-btn u-btn-round u-button-style u-hidden-md u-hidden-xs u-hover-palette-2-base u-palette-1-base u-radius-35 u-btn-1\" target=\"_blank\">See your rate by logging in<\/a>\n                      <a href=\"https:\/\/restore.24pm.be\/en\/metiers\/\" class=\"u-align-center-lg u-align-center-md u-align-center-sm u-align-center-xs u-btn u-btn-round u-button-style u-hidden-md u-hidden-xs u-hover-palette-4-base u-radius-50 u-btn-2\">See the other trades and shared services<\/a>\n                      <a href=\"https:\/\/restore.24pm.be\/en\/metiers\/\" class=\"u-active-none u-align-center-md u-align-center-sm u-align-center-xs u-border-2 u-border-palette-1-base u-btn u-btn-rectangle u-button-style u-hidden-lg u-hidden-sm u-hidden-xl u-hover-none u-none u-btn-3\">Other businesses and shared services<\/a>\n                      <a href=\"https:\/\/login.24pm.be\" class=\"u-active-none u-align-center-md u-align-center-sm u-align-center-xs u-border-2 u-border-palette-1-base u-btn u-btn-rectangle u-button-style u-hidden-lg u-hidden-sm u-hidden-xl u-hover-none u-none u-btn-4\">See your rate by logging in<\/a>\n                    <\/div>\n                  <\/div>\n                <\/div>\n              <\/div>\n            <\/div>\n          <\/div>\n        <\/div>\n      <\/div>\n    <\/section>\n    <section class=\"u-clearfix u-white u-section-5\" id=\"sec-6b8b\">\n      <div class=\"u-clearfix u-sheet u-sheet-1\">\n        <h2 class=\"u-text u-text-1\">Not a 24PM member yet?<\/h2>\n        <p class=\"u-text u-text-2\"> Answer a few questions and benefit from our support for your projects starting next week:<\/p>\n        <div class=\"u-expanded-width u-shortcode u-shortcode-1\"><div class=\"frm_forms  with_frm_style frm_style_formidable-style\" id=\"frm_form_4_container\" >\n<form enctype=\"multipart\/form-data\" method=\"post\" class=\"frm-show-form  frm_js_validate  frm_ajax_submit  frm_pro_form  frm_ajax_submit  frm_slidein\" id=\"form_test24pm\" action=\"\" >\n<div class=\"frm_form_fields  frm_page_num_1\">\n<fieldset>\n<legend class=\"frm_screen_reader\">24PM Test<\/legend>\r\n\r\n<div class=\"frm_fields_container\">\n<div class=\"frm_rootline_group\"><ul class=\"frm_page_bar frm_rootline_8 frm_progress frm_progress_line frm_no_numbers\"><li class=\"frm_rootline_single frm_current_page\"><input type=\"button\" value=\"1\" data-page=\"\" class=\"frm_page_1\" disabled=\"disabled\" data-field=\"0\" aria-label=\"Page 1\"  \/><\/li><li class=\"frm_rootline_single\"><input type=\"button\" value=\"2\" data-page=\"2\" class=\"frm_page_skip frm_page_2\" data-field=\"48\" aria-label=\"Next\"  \/><\/li><li class=\"frm_rootline_single\"><input type=\"button\" value=\"3\" data-page=\"4\" class=\"frm_page_skip frm_page_3\" data-field=\"50\" aria-label=\"Next\"  \/><\/li><li class=\"frm_rootline_single\"><input type=\"button\" value=\"4\" data-page=\"6\" class=\"frm_page_skip frm_page_4\" data-field=\"54\" aria-label=\"Next\"  \/><\/li><li class=\"frm_rootline_single\"><input type=\"button\" value=\"5\" data-page=\"8\" class=\"frm_page_skip frm_page_5\" data-field=\"57\" aria-label=\"Next\"  \/><\/li><li class=\"frm_rootline_single\"><input type=\"button\" value=\"6\" data-page=\"10\" class=\"frm_page_skip frm_page_6\" data-field=\"60\" aria-label=\"Next\"  \/><\/li><li class=\"frm_rootline_single\"><input type=\"button\" value=\"7\" data-page=\"12\" class=\"frm_page_skip frm_page_7\" data-field=\"64\" aria-label=\"Next\"  \/><\/li><li class=\"frm_rootline_single\"><input type=\"button\" value=\"8\" data-page=\"14\" class=\"frm_page_skip frm_page_8\" data-field=\"68\" aria-label=\"Next\"  \/><\/li><\/ul><div class=\"frm_clearfix\"><\/div><\/div><input type=\"hidden\" name=\"frm_action\" value=\"create\" \/>\n<input type=\"hidden\" name=\"form_id\" value=\"4\" \/>\n<input type=\"hidden\" name=\"frm_hide_fields_4\" id=\"frm_hide_fields_4\" value=\"\" \/>\n<input type=\"hidden\" name=\"form_key\" value=\"test24pm\" \/>\n<input type=\"hidden\" name=\"item_meta[0]\" value=\"\" \/>\n<input type=\"hidden\" id=\"frm_submit_entry_4\" name=\"frm_submit_entry_4\" value=\"d0fef6ddb5\" \/><input type=\"hidden\" name=\"_wp_http_referer\" value=\"\/en\/wp-json\/wp\/v2\/pages\/453\" \/><div id=\"frm_field_46_container\" class=\"frm_form_field form-field  frm_top_container vertical_radio\">\r\n    <div  id=\"field_ax0e5_label\" class=\"frm_primary_label\">Which of the following defines your business? \r\n        <span class=\"frm_required\" aria-hidden=\"true\"><\/span>\r\n    <\/div>\r\n    <div class=\"frm_opt_container\" aria-labelledby=\"field_ax0e5_label\" role=\"radiogroup\">\t\t<div class=\"frm_radio\" id=\"frm_radio_46-0\">\t\t\t<label  for=\"field_ax0e5-0\">\n\t\t\t\t\t<input type=\"radio\" name=\"item_meta[46]\" id=\"field_ax0e5-0\" value=\"Ind\u00e9pendant(e)\"\n\t\t   data-invmsg=\"Laquelle de ces propositions d\u00e9finit votre activit\u00e9 ?  is invalid\"  \/> Self-employed<\/label><\/div>\n\t\t<div class=\"frm_radio\" id=\"frm_radio_46-1\">\t\t\t<label  for=\"field_ax0e5-1\">\n\t\t\t\t\t<input type=\"radio\" name=\"item_meta[46]\" id=\"field_ax0e5-1\" value=\"Entreprise priv\u00e9e\"\n\t\t   data-invmsg=\"Laquelle de ces propositions d\u00e9finit votre activit\u00e9 ?  is invalid\"  \/> Private company<\/label><\/div>\n\t\t<div class=\"frm_radio\" id=\"frm_radio_46-4\">\t\t\t<label  for=\"field_ax0e5-4\">\n\t\t\t\t\t<input type=\"radio\" name=\"item_meta[46]\" id=\"field_ax0e5-4\" value=\"Profession lib\u00e9rale\"\n\t\t   data-invmsg=\"Laquelle de ces propositions d\u00e9finit votre activit\u00e9 ?  is invalid\"  \/> Liberal profession<\/label><\/div>\n\t\t<div class=\"frm_radio\" id=\"frm_radio_46-3\">\t\t\t<label  for=\"field_ax0e5-3\">\n\t\t\t\t\t<input type=\"radio\" name=\"item_meta[46]\" id=\"field_ax0e5-3\" value=\"Secteur non-marchand public\"\n\t\t   data-invmsg=\"Laquelle de ces propositions d\u00e9finit votre activit\u00e9 ?  is invalid\"  \/> Public non-market sector<\/label><\/div>\n<\/div>\r\n    \r\n    \r\n<\/div>\n<input type=\"hidden\" name=\"frm_page_order_4\" id=\"frm_page_order_4\" value=\"2\" \/><input type=\"hidden\" name=\"item_meta[47]\" id=\"field_ckd4z-0\" value=\"\"     \/>\n<input type=\"hidden\" name=\"item_meta[50]\" id=\"field_v48ku\" value=\"\"     \/>\n<input type=\"hidden\" name=\"item_meta[51]\" id=\"field_8i9ai-0\" value=\"\"     \/>\n<input type=\"hidden\" name=\"item_meta[54]\" id=\"field_mnog7\" value=\"\"     \/>\n<input type=\"hidden\" name=\"item_meta[56]\" id=\"field_4cgcw-0\" value=\"\"     \/>\n<input type=\"hidden\" name=\"item_meta[57]\" id=\"field_ukq9v\" value=\"\"     \/>\n<input type=\"hidden\" name=\"item_meta[58]\" id=\"field_ekbdl-0\" value=\"\"     \/>\n<input type=\"hidden\" name=\"item_meta[60]\" id=\"field_v8y5v\" value=\"\"     \/>\n<input type=\"hidden\" name=\"item_meta[61]\" id=\"field_28sg3-0\" value=\"\"     \/>\n<input type=\"hidden\" name=\"item_meta[64]\" id=\"field_c0ig3\" value=\"\"     \/>\n<input type=\"hidden\" name=\"item_meta[62]\" id=\"field_t07pn-0\" value=\"\"     \/>\n<input type=\"hidden\" name=\"item_meta[68]\" id=\"field_r24mh\" value=\"\"     \/>\n<input type=\"hidden\" name=\"item_meta[69]\" id=\"field_fog2h\" value=\"\"     \/>\n<input type=\"hidden\" name=\"item_meta[72]\" id=\"field_qp9qn\" value=\"\"     \/>\n<input type=\"hidden\" name=\"item_meta[70]\" id=\"field_po0jy\" value=\"\"     \/>\n<input type=\"hidden\" name=\"item_meta[71]\" id=\"field_oskjh\" value=\"\"     \/>\n<input type=\"hidden\" name=\"item_meta[75]\" id=\"field_5o4yi-0\" value=\"\"     \/>\n\t<input type=\"hidden\" name=\"item_key\" value=\"\" \/>\n\t\t\t<div id=\"frm_field_132_container\">\n\t\t\t<label for=\"field_dtgfr\" >\n\t\t\t\tIf you are human, leave this field blank.\t\t\t<\/label>\n\t\t\t<input  id=\"field_dtgfr\" type=\"text\" class=\"frm_form_field form-field frm_verify\" name=\"item_meta[132]\" value=\"\"  \/>\n\t\t<\/div>\n\t\t<input name=\"frm_state\" type=\"hidden\" value=\"8f8spRLt6z5R6sIL1LgyniAW+AVKVSP2Ipqa\/AduLFk=\" \/><div class=\"frm_submit\">\r\n\r\n<button class=\"frm_button_submit\" type=\"submit\"  >Next<\/button>\r\n\r\n<\/div><\/div>\n<\/fieldset>\n<\/div>\n\n<p style=\"display: none !important;\" class=\"akismet-fields-container\" data-prefix=\"ak_\"><label>&#916;<textarea name=\"ak_hp_textarea\" cols=\"45\" rows=\"8\" maxlength=\"100\"><\/textarea><\/label><input type=\"hidden\" id=\"ak_js_1\" name=\"ak_js\" value=\"118\"\/><script>document.getElementById( \"ak_js_1\" ).setAttribute( \"value\", ( new Date() ).getTime() );<\/script><\/p><input type=\"hidden\" name=\"trp-form-language\" value=\"en\"\/><\/form>\n<\/div>\n<\/div>\n      <\/div>\n    <\/section>\n    <style class=\"u-overlap-style\">.u-overlap:not(.u-sticky-scroll) .u-header {\nbackground-color: #01334a !important\n}<\/style>","protected":false},"excerpt":{"rendered":"<p>Gestion des agendas a forte contraintes Agencer des agenda multiples au sein de votre entreprise se fait \u00e0 l&rsquo;aide d&rsquo;une assistante de planning \u00catre rappel\u00e9 Que pouvons nous faire pour vous ? Le probl\u00e8me \u00e0 r\u00e9soudre De nombreux rendez-vous, des opportunit\u00e9s \u00e0 ne pas rater, et de moins en moins de temps disponible, autre le &hellip; <a href=\"https:\/\/restore.24pm.be\/en\/metier-gestion-agenda\/\" class=\"more-link\">Continue reading<span class=\"screen-reader-text\"> \u00ab\u00a0metier-gestion-agenda\u00a0\u00bb<\/span><\/a><\/p>","protected":false},"author":2,"featured_media":0,"parent":0,"menu_order":1,"comment_status":"closed","ping_status":"closed","template":"","meta":[],"_links":{"self":[{"href":"https:\/\/restore.24pm.be\/en\/wp-json\/wp\/v2\/pages\/453"}],"collection":[{"href":"https:\/\/restore.24pm.be\/en\/wp-json\/wp\/v2\/pages"}],"about":[{"href":"https:\/\/restore.24pm.be\/en\/wp-json\/wp\/v2\/types\/page"}],"author":[{"embeddable":true,"href":"https:\/\/restore.24pm.be\/en\/wp-json\/wp\/v2\/users\/2"}],"replies":[{"embeddable":true,"href":"https:\/\/restore.24pm.be\/en\/wp-json\/wp\/v2\/comments?post=453"}],"version-history":[{"count":3,"href":"https:\/\/restore.24pm.be\/en\/wp-json\/wp\/v2\/pages\/453\/revisions"}],"predecessor-version":[{"id":764,"href":"https:\/\/restore.24pm.be\/en\/wp-json\/wp\/v2\/pages\/453\/revisions\/764"}],"wp:attachment":[{"href":"https:\/\/restore.24pm.be\/en\/wp-json\/wp\/v2\/media?parent=453"}],"curies":[{"name":"wp","href":"https:\/\/api.w.org\/{rel}","templated":true}]}}