{"id":369,"date":"2021-05-13T14:58:18","date_gmt":"2021-05-13T12:58:18","guid":{"rendered":"http:\/\/new.24pm.be\/?page_id=369"},"modified":"2021-05-13T20:28:23","modified_gmt":"2021-05-13T18:28:23","slug":"services-pubicite","status":"publish","type":"page","link":"https:\/\/restore.24pm.be\/en\/services-pubicite\/","title":{"rendered":"services-pubicite"},"content":{"rendered":"<section class=\"u-align-center u-clearfix u-palette-1-base u-section-2\" id=\"sec-05ce\">\n      <div class=\"u-clearfix u-sheet u-valign-middle-lg u-valign-middle-md u-valign-middle-sm u-valign-middle-xs u-valign-top-xl u-sheet-1\">\n        <div class=\"u-clearfix u-expanded-width u-layout-wrap u-layout-wrap-1\">\n          <div class=\"u-layout\">\n            <div class=\"u-layout-row\">\n              <div class=\"u-container-style u-layout-cell u-size-30 u-layout-cell-1\">\n                <div class=\"u-container-layout u-container-layout-1\">\n                  <h1 class=\"u-text u-text-white u-text-1\">Shared advertising<\/h1>\n                  <div class=\"u-border-7 u-border-palette-2-base u-line u-line-horizontal u-line-1\"><\/div>\n                  <h4 class=\"u-text u-text-white u-text-2\">Benefit from volume discounts thanks to the negotiating power of a group of companies.<\/h4>\n                  <a href=\"https:\/\/restore.24pm.be\/en\/contact\/\" class=\"u-align-left u-border-2 u-border-white u-btn u-btn-round u-button-style u-palette-1-base u-radius-50 u-btn-1\">Be called back<\/a>\n                <\/div>\n              <\/div>\n              <div class=\"u-container-style u-layout-cell u-size-30 u-layout-cell-2\">\n                <div class=\"u-container-layout u-container-layout-2\"><span class=\"u-align-center u-border-2 u-border-grey-75 u-icon u-icon-circle u-spacing-68 u-white u-icon-1\"><svg class=\"u-svg-link\" preserveaspectratio=\"xMidYMin slice\" viewbox=\"0 0 24 24\" style=\"\"><use xlink:href=\"#svg-d451\"><\/use><\/svg><svg class=\"u-svg-content\" viewbox=\"0 0 24 24\" id=\"svg-d451\"><path d=\"m23.25 1.5h-9.5c-.414 0-.75-.336-.75-.75s.336-.75.75-.75h9.5c.414 0 .75.336.75.75s-.336.75-.75.75z\"><\/path><path d=\"m23.25 4.5h-9.5c-.414 0-.75-.336-.75-.75s.336-.75.75-.75h9.5c.414 0 .75.336.75.75s-.336.75-.75.75z\"><\/path><path d=\"m10.25 1.5h-9.5c-.414 0-.75-.336-.75-.75s.336-.75.75-.75h9.5c.414 0 .75.336.75.75s-.336.75-.75.75z\"><\/path><path d=\"m10.25 4.5h-9.5c-.414 0-.75-.336-.75-.75s.336-.75.75-.75h9.5c.414 0 .75.336.75.75s-.336.75-.75.75z\"><\/path><path d=\"m23.25 7.5h-9.5c-.414 0-.75-.336-.75-.75s.336-.75.75-.75h9.5c.414 0 .75.336.75.75s-.336.75-.75.75z\"><\/path><path d=\"m23.25 10.5h-9.5c-.414 0-.75-.336-.75-.75s.336-.75.75-.75h9.5c.414 0 .75.336.75.75s-.336.75-.75.75z\"><\/path><path d=\"m10.25 7.5h-9.5c-.414 0-.75-.336-.75-.75s.336-.75.75-.75h9.5c.414 0 .75.336.75.75s-.336.75-.75.75z\"><\/path><path d=\"m10.25 10.5h-9.5c-.414 0-.75-.336-.75-.75s.336-.75.75-.75h9.5c.414 0 .75.336.75.75s-.336.75-.75.75z\"><\/path><path d=\"m11.5 16.5v3c.827 0 1.5-.673 1.5-1.5s-.673-1.5-1.5-1.5z\"><\/path><path d=\"m22.25 12h-20.5c-.965 0-1.75.785-1.75 1.75v8.5c0 .965.785 1.75 1.75 1.75h20.5c.965 0 1.75-.785 1.75-1.75v-8.5c0-.965-.785-1.75-1.75-1.75zm-14.25 8.25c0 .414-.336.75-.75.75s-.75-.336-.75-.75v-.75h-1v.75c0 .414-.336.75-.75.75s-.75-.336-.75-.75v-3.25c0-1.103.897-2 2-2s2 .897 2 2zm3.5.75h-.75c-.414 0-.75-.336-.75-.75v-4.5c0-.414.336-.75.75-.75h.75c1.654 0 3 1.346 3 3s-1.346 3-3 3zm6.292-3.75h.417c.988 0 1.792.841 1.792 1.875s-.805 1.875-1.793 1.875h-1.458c-.414 0-.75-.336-.75-.75s.336-.75.75-.75h1.458c.158 0 .292-.172.292-.375s-.133-.375-.292-.375h-.417c-.988 0-1.792-.841-1.792-1.875s.805-1.875 1.793-1.875h1.458c.414 0 .75.336.75.75s-.336.75-.75.75h-1.458c-.158 0-.292.172-.292.375s.133.375.292.375z\"><\/path><path d=\"m6 16.5c-.276 0-.5.224-.5.5v1h1v-1c0-.276-.224-.5-.5-.5z\"><\/path><\/svg><\/span>\n                <\/div>\n              <\/div>\n            <\/div>\n          <\/div>\n        <\/div>\n      <\/div>\n    <\/section>\n    <section class=\"u-align-center u-clearfix u-section-3\" id=\"carousel_4f02\">\n      <div class=\"u-expanded-width u-flip-vertical u-shape u-shape-svg u-text-palette-1-base u-shape-1\">\n        <svg class=\"u-svg-link\" preserveaspectratio=\"none\" viewbox=\"0 0 160 160\" style=\"\"><use xmlns:xlink=\"http:\/\/www.w3.org\/1999\/xlink\" xlink:href=\"#svg-4883\"><\/use><\/svg>\n        <svg class=\"u-svg-content\" viewbox=\"0 0 160 160\" x=\"0px\" y=\"0px\" id=\"svg-4883\"><path d=\"M155,160H5c-2.8,0-5-2.2-5-5.1V80.5c0-1.3,0.5-2.6,1.5-3.5l75-75.5c2-1.9,5.1-1.9,7,0l75,75.5c0.9,0.9,1.5,2.2,1.5,3.5v74.4\tC160,157.8,157.8,160,155,160z\"><\/path><\/svg>\n      <\/div>\n      <h2 class=\"u-align-center u-text u-text-body-alt-color u-text-1\">What can we do for you?<\/h2>\n      <div class=\"u-align-center u-border-4 u-border-palette-2-base u-line u-line-horizontal u-line-1\"><\/div>\n    <\/section>\n    <section class=\"u-clearfix u-section-4\" id=\"sec-b2b9\">\n      <div class=\"u-clearfix u-sheet u-sheet-1\">\n        <div class=\"u-clearfix u-expanded-width u-layout-wrap u-layout-wrap-1\">\n          <div class=\"u-layout\">\n            <div class=\"u-layout-row\">\n              <div class=\"u-size-27-lg u-size-27-md u-size-27-sm u-size-27-xs u-size-30-xl\">\n                <div class=\"u-layout-col\">\n                  <div class=\"u-container-style u-layout-cell u-size-60 u-layout-cell-1\">\n                    <div class=\"u-container-layout u-valign-top u-container-layout-1\">\n                      <p class=\"u-text u-text-1\">How do we achieve good discounts? Quite simply, we don't ask our fuel partners for a commission, preferring to give the discount directly to our members.<br>\n                        <br>What average savings are we talking about?&nbsp;<br>\n                        <br>Discount volumes depend on various criteria, such as the type of media (radio, press, online, etc.).<br>\n                        <br>Some media refuse to share space, but this is becoming increasingly rare.<br>\n                        <br><b> Note: it's a good idea to ask your Project Manager to draw up a media plan, for better budget and financial predictability.<\/b>\n                        <br>\n                      <\/p>\n                    <\/div>\n                  <\/div>\n                <\/div>\n              <\/div>\n              <div class=\"u-size-30-xl u-size-33-lg u-size-33-md u-size-33-sm u-size-33-xs\">\n                <div class=\"u-layout-col\">\n                  <div class=\"u-container-style u-layout-cell u-size-30 u-layout-cell-2\">\n                    <div class=\"u-container-layout u-container-layout-2\"><span class=\"u-align-center u-icon u-icon-circle u-icon-1\"><svg class=\"u-svg-link\" preserveaspectratio=\"xMidYMin slice\" viewbox=\"0 0 512 512\" style=\"\"><use xlink:href=\"#svg-16be\"><\/use><\/svg><svg class=\"u-svg-content\" viewbox=\"0 0 512 512\" id=\"svg-16be\"><title><\/title><circle cx=\"124.691\" cy=\"476.542\" r=\"4.646\"><\/circle><path d=\"M334.355,362.5l19.9-10.722a24.155,24.155,0,0,0-22.928.672c-.047.027-.094.054-.142.08l-8.227,4.474A38.682,38.682,0,0,1,334.355,362.5Z\"><\/path><path d=\"M160.7,496,120,362.5H77.984L94.264,496Zm-36.006-36.1a16.646,16.646,0,1,1-16.646,16.646A16.665,16.665,0,0,1,124.691,459.9Z\"><\/path><path d=\"M348.307,380.32l1.507-.8,42.266-22.8c-4.549-3.735-11.012-5.552-16.217-2.953L343.348,371.29A38.782,38.782,0,0,1,348.307,380.32Z\"><\/path><path d=\"M350.877,392.531c.025.59.045,1.182.045,1.778a6,6,0,0,1-6,6c-.09,0-.182,0-.272-.007L306.941,398.6a180.864,180.864,0,0,0-32.875,1.518,6,6,0,1,1-1.644-11.886,192.882,192.882,0,0,1,35.062-1.62L338.172,388a26.915,26.915,0,0,0-26.119-20.558H267.844a58.893,58.893,0,0,1-25.492-5.841l-4.559-2.205a67.3,67.3,0,0,0-69.848,6.7l-10.82,9.632a49.151,49.151,0,0,1-17.5,10.028l21.017,68.941,29.334-18.544c.09-.057.184-.112.278-.165a30.588,30.588,0,0,1,22.273-3.029l66.262,12.2a74.989,74.989,0,0,0,45.934-6.359l109.289-75.041a20.608,20.608,0,0,0-23.93-3.107l-54.625,29.469Z\"><\/path><polygon points=\"222.484 147.085 218.002 163.547 226.969 163.547 222.484 147.085\"><\/polygon><path d=\"M270.131,166.722V148.491c0-4.339-1.963-6.539-5.836-6.539h-5.764v31.309H264.3C268.168,173.261,270.131,171.061,270.131,166.722Z\"><\/path><path d=\"M243.283,235.648a74.434,74.434,0,1,0-74.433-74.434A74.52,74.52,0,0,0,243.283,235.648Zm3.268-100.46c0-2.171,2.271-3.809,5.285-3.809H264.3c11.488,0,17.816,6.078,17.816,17.112v18.231c0,11.034-6.328,17.111-17.816,17.111H251.836c-3.014,0-5.285-1.637-5.285-3.808Zm-44.824,42.745,13.1-42.962c.768-2.44,3.774-4.014,7.658-4.014s6.891,1.574,7.657,4.01l13.166,42.941a4.122,4.122,0,0,1,.162.921c0,3.055-4.465,5-7.539,5-2.8,0-3.758-1.307-4.071-2.4l-2.3-8.435H215.477l-2.293,8.429c-.315,1.1-1.276,2.41-4.073,2.41-3.074,0-7.539-1.949-7.539-5A3.931,3.931,0,0,1,201.727,177.933Z\"><\/path><path d=\"M246.709,258.864a6,6,0,0,0-6,6v37.79a16.6,16.6,0,1,0,12,0v-37.79A6,6,0,0,0,246.709,258.864Z\"><\/path><path d=\"M240.709,48.062V64.65a6,6,0,1,0,12,0V48.062a16.6,16.6,0,1,0-12,0Z\"><\/path><path d=\"M333.748,164.757a6,6,0,0,0,6,6h37.791a16.6,16.6,0,1,0,0-12H339.748A6,6,0,0,0,333.748,164.757Z\"><\/path><path d=\"M120.912,181.358a16.615,16.615,0,0,0,15.463-10.6h16.588a6,6,0,1,0,0-12H136.375a16.594,16.594,0,1,0-15.463,22.6Z\"><\/path><path d=\"M125.424,56.892a16.562,16.562,0,0,0,6.7-1.417l40.848,40.848a6,6,0,1,0,8.484-8.486L140.6,46.981a16.583,16.583,0,1,0-15.174,9.911Z\"><\/path><path d=\"M345.758,238.712l-11.731-11.73a6,6,0,1,0-8.484,8.486l11.721,11.721a16.616,16.616,0,1,0,8.494-8.477Z\"><\/path><path d=\"M174.387,233.192a6,6,0,0,0-8.485,0L139.189,259.9a16.592,16.592,0,1,0,5.04,26.923h0a16.614,16.614,0,0,0,3.437-18.429l26.721-26.722A6,6,0,0,0,174.387,233.192Z\"><\/path><path d=\"M323.424,104.29a5.985,5.985,0,0,0,4.244-1.758l11.721-11.721a16.6,16.6,0,1,0-5.041-26.923h0a16.617,16.617,0,0,0-3.438,18.428l-11.728,11.73a6,6,0,0,0,4.242,10.243Z\"><\/path><\/svg><\/span>\n                      <p class=\"u-align-center u-text u-text-2\">Group rate on media too<\/p>\n                    <\/div>\n                  <\/div>\n                  <div class=\"u-container-style u-layout-cell u-size-30 u-layout-cell-3\">\n                    <div class=\"u-container-layout u-valign-bottom-lg u-valign-bottom-md u-valign-bottom-sm u-container-layout-3\">\n                      <a href=\"https:\/\/login.24pm.be\" class=\"u-align-center u-border-0 u-btn u-btn-round u-button-style u-hidden-md u-hidden-xs u-hover-palette-2-base u-palette-1-base u-radius-35 u-btn-1\" target=\"_blank\">start saving now<\/a>\n                      <a href=\"https:\/\/restore.24pm.be\/en\/metiers\/\" class=\"u-align-center-lg u-align-center-md u-align-center-sm u-align-center-xs u-btn u-btn-round u-button-style u-hidden-md u-hidden-xs u-hover-palette-4-base u-radius-50 u-btn-2\">See the other trades and shared services<\/a>\n                      <a href=\"https:\/\/restore.24pm.be\/en\/metiers\/\" class=\"u-active-none u-align-center-md u-align-center-sm u-align-center-xs u-border-2 u-border-palette-1-base u-btn u-btn-rectangle u-button-style u-hidden-lg u-hidden-sm u-hidden-xl u-hover-none u-none u-btn-3\">Other businesses and shared services<\/a>\n                      <a href=\"https:\/\/login.24pm.be\" class=\"u-active-none u-align-center-md u-align-center-sm u-align-center-xs u-border-2 u-border-palette-1-base u-btn u-btn-rectangle u-button-style u-hidden-lg u-hidden-sm u-hidden-xl u-hover-none u-none u-btn-4\">See your rate by logging in<\/a>\n                    <\/div>\n                  <\/div>\n                <\/div>\n              <\/div>\n            <\/div>\n          <\/div>\n        <\/div>\n        <h4 class=\"u-text u-text-3\">Examples of media<br>\n        <\/h4>\n        <div class=\"u-border-3 u-border-palette-2-base u-line u-line-horizontal u-line-1\"><\/div>\n        <p class=\"u-text u-text-4\"> You can also ask 24PM staff to prepare your content (DTP, Voice Studio, Advertising Clips, etc.).<\/p>\n        <div class=\"u-expanded-width u-list u-list-1\">\n          <div class=\"u-repeater u-repeater-1\">\n            <div class=\"u-align-center u-container-style u-list-item u-repeater-item\">\n              <div class=\"u-container-layout u-similar-container u-container-layout-4\"><span class=\"u-align-center u-icon u-icon-circle u-icon-2\"><svg class=\"u-svg-link\" preserveaspectratio=\"xMidYMin slice\" viewbox=\"0 0 512 512\" style=\"\"><use xlink:href=\"#svg-b2fb\"><\/use><\/svg><svg class=\"u-svg-content\" viewbox=\"0 0 512 512\" x=\"0px\" y=\"0px\" id=\"svg-b2fb\" style=\"enable-background:new 0 0 512 512;\"><g><g><path d=\"M336.655,202.803c33.946-30.949,79.852-72.806,84.036-172.803H451V0H61v30h30.309    c4.184,99.997,50.09,141.854,84.036,172.803C198.116,223.564,211,236.271,211,256s-12.884,32.436-35.655,53.197    C141.399,340.146,95.493,382.003,91.309,482H61v30h390v-30h-30.309c-4.184-99.997-50.09-141.854-84.036-172.803    C313.884,288.436,301,275.729,301,256S313.884,223.564,336.655,202.803z M241,368.438c-4.633,0.956-9.21,2.347-13.677,4.195    l-91.877,38.019c15.004-38.15,39.17-60.193,60.111-79.285C218.927,310.06,241,289.935,241,256V368.438z M316.443,331.367    c20.941,19.092,45.106,41.135,60.111,79.284l-91.877-38.019c-4.467-1.848-9.044-3.239-13.677-4.195V256    C271,289.935,293.073,310.06,316.443,331.367z M134.919,100c-7.253-18.899-12.262-41.718-13.573-70h269.307    c-1.311,28.282-6.319,51.101-13.573,70H134.919z\"><\/path>\n<\/g>\n<\/g><\/svg><\/span>\n                <h6 class=\"u-text u-text-5\">Press<\/h6>\n                <p class=\"u-text u-text-6\"> Magazines, trade press, newspapers, newsletters<\/p>\n              <\/div>\n            <\/div>\n            <div class=\"u-align-center u-container-style u-list-item u-repeater-item\">\n              <div class=\"u-container-layout u-similar-container u-container-layout-5\"><span class=\"u-align-center u-icon u-icon-circle u-icon-3\"><svg class=\"u-svg-link\" preserveaspectratio=\"xMidYMin slice\" viewbox=\"0 0 512 512\" style=\"\"><use xlink:href=\"#svg-6fa4\"><\/use><\/svg><svg class=\"u-svg-content\" viewbox=\"0 0 512 512\" id=\"svg-6fa4\"><path d=\"m456 192a8 8 0 0 0 8-8v-24h8a8 8 0 0 0 8-8v-16h16a8 8 0 0 0 8-8v-40a8 8 0 0 0 -5.7-7.66l-240-72a8.006 8.006 0 0 0 -4.6 0l-240 72a8 8 0 0 0 -5.7 7.66v40a8 8 0 0 0 8 8h16v16a8 8 0 0 0 8 8h8v24a8 8 0 0 0 8 8h8v192h-8a8 8 0 0 0 -8 8v24h-8a8 8 0 0 0 -8 8v16h-16a8 8 0 0 0 -8 8v48a8 8 0 0 0 8 8h480a8 8 0 0 0 8-8v-48a8 8 0 0 0 -8-8h-16v-16a8 8 0 0 0 -8-8h-8v-24a8 8 0 0 0 -8-8h-8v-192zm-432-72v-26.05l232-69.6 232 69.6v26.05zm24 24v-8h416v8zm400 256v16h-80v-16zm-64-16v-192h48v192zm-16 0h-8a8 8 0 0 0 -8 8v24h-40v-24a8 8 0 0 0 -8-8h-8v-192h8a8 8 0 0 0 8-8v-24h40v24a8 8 0 0 0 8 8h8zm-216 0h-8v-192h8a8 8 0 0 0 8-8v-24h40v24a8 8 0 0 0 8 8h8v192h-8a8 8 0 0 0 -8 8v24h-40v-24a8 8 0 0 0 -8-8zm-88-208v-16h80v16zm64 16v192h-48v-192zm88 208h80v16h-80zm16-16v-192h48v192zm-16-208v-16h80v16zm-152 224h80v16h-80zm424 56v32h-464v-32zm-24-24v8h-416v-8zm-96-256v-16h80v16z\"><\/path><\/svg><\/span>\n                <h6 class=\"u-text u-text-7\">Radio<\/h6>\n                <p class=\"u-text u-text-8\"> Classic, DAB or intrenet radio broadcasting<\/p>\n              <\/div>\n            <\/div>\n            <div class=\"u-align-center u-container-style u-list-item u-repeater-item\">\n              <div class=\"u-container-layout u-similar-container u-container-layout-6\"><span class=\"u-align-center u-icon u-icon-circle u-icon-4\"><svg class=\"u-svg-link\" preserveaspectratio=\"xMidYMin slice\" viewbox=\"0 0 512 512\" style=\"\"><use xlink:href=\"#svg-1964\"><\/use><\/svg><svg class=\"u-svg-content\" viewbox=\"0 0 512 512\" x=\"0px\" y=\"0px\" id=\"svg-1964\" style=\"enable-background:new 0 0 512 512;\"><g><g><path d=\"M482,54h-49.667c-5.523,0-10,4.477-10,10s4.477,10,10,10H482c5.514,0,10,4.486,10,10v256c0,5.514-4.486,10-10,10H30    c-5.514,0-10-4.486-10-10v-9.607l64.571-64.571c3.905-3.905,3.905-10.237,0-14.143c-3.905-3.905-10.237-3.905-14.143,0L20,302.107    V84c0-5.514,4.486-10,10-10h137.857L61.846,180.012c-3.905,3.905-3.905,10.237,0,14.143c1.953,1.953,4.512,2.929,7.071,2.929    c2.559,0,5.119-0.976,7.071-2.929L193.654,76.488c0.751-0.751,1.354-1.593,1.816-2.488h146.899c5.523,0,10-4.477,10-10    s-4.477-10-10-10H30C13.458,54,0,67.458,0,84v256c0,16.542,13.458,30,30,30h188v28h-34c-16.542,0-30,13.458-30,30v20    c0,5.523,4.477,10,10,10h184c5.523,0,10-4.477,10-10v-20c0-16.542-13.458-30-30-30h-34v-28h188c16.542,0,30-13.458,30-30V84    C512,67.458,498.542,54,482,54z M238,370h36v28h-36V370z M328,418c5.514,0,10,4.486,10,10v10H174v-10c0-5.514,4.486-10,10-10H328z    \"><\/path>\n<\/g>\n<\/g><g><g><path d=\"M398.07,56.93C396.21,55.07,393.63,54,391,54s-5.21,1.07-7.07,2.93C382.07,58.79,381,61.37,381,64s1.07,5.21,2.93,7.07    c1.86,1.86,4.44,2.93,7.07,2.93s5.21-1.07,7.07-2.93c1.86-1.86,2.93-4.44,2.93-7.07S399.93,58.79,398.07,56.93z\"><\/path>\n<\/g>\n<\/g><g><g><path d=\"M346.357,162.83c-5.066-2.203-10.956,0.118-13.159,5.182l-25.962,59.699l-28.104-59.956c-2.344-5-8.297-7.156-13.299-4.81    c-5,2.344-7.154,8.298-4.81,13.299l37.5,80c1.648,3.516,5.179,5.755,9.054,5.755c0.047,0,0.095,0,0.142-0.001    c3.93-0.055,7.462-2.407,9.03-6.011l34.791-80C353.742,170.923,351.422,165.032,346.357,162.83z\"><\/path>\n<\/g>\n<\/g><g><g><path d=\"M221.396,162h-48.889c-5.523,0-10,4.477-10,10s4.477,10,10,10h14.444v70c0,5.523,4.477,10,10,10s10-4.477,10-10v-70    h14.445c5.523,0,10-4.477,10-10S226.919,162,221.396,162z\"><\/path>\n<\/g>\n<\/g><g><g><path d=\"M113.07,223.18c-1.86-1.86-4.44-2.93-7.07-2.93s-5.21,1.07-7.07,2.93S96,227.62,96,230.25s1.07,5.21,2.93,7.07    s4.44,2.93,7.07,2.93s5.21-1.07,7.07-2.93s2.93-4.44,2.93-7.07S114.93,225.04,113.07,223.18z\"><\/path>\n<\/g>\n<\/g><\/svg><\/span>\n                <h6 class=\"u-text u-text-9\">TV<\/h6>\n                <p class=\"u-text u-text-10\"> Clips broadcast on TV, IPTV, YouTube, Multi channels, Cinema...<\/p>\n              <\/div>\n            <\/div>\n            <div class=\"u-align-center u-container-style u-list-item u-repeater-item\">\n              <div class=\"u-container-layout u-similar-container u-container-layout-7\"><span class=\"u-align-center u-icon u-icon-circle u-icon-5\"><svg class=\"u-svg-link\" preserveaspectratio=\"xMidYMin slice\" viewbox=\"0 0 512 512\" style=\"\"><use xlink:href=\"#svg-8d63\"><\/use><\/svg><svg class=\"u-svg-content\" viewbox=\"0 0 512 512\" id=\"svg-8d63\"><g><g><g><path d=\"m415.432 52.214c-53.248 0-96.568 43.32-96.568 96.568 0 7.436.846 14.677 2.445 21.634h-303.25c-9.958.001-18.059 8.102-18.059 18.06v175.528c0 4.135 3.352 7.487 7.487 7.487s7.487-3.352 7.487-7.487v-175.528c0-1.701 1.384-3.085 3.085-3.085h.819l140.649 148.721-140.027 110.699h-1.441c-1.701 0-3.085-1.384-3.085-3.085v-43.17c0-4.135-3.352-7.487-7.487-7.487s-7.487 3.352-7.487 7.487v43.17c0 9.958 8.101 18.059 18.059 18.059h392.104c9.958 0 18.059-8.101 18.059-18.059v-197.224c47.224-6.277 83.778-46.808 83.778-95.72 0-53.248-43.32-96.568-96.568-96.568zm-375.944 133.177h286.59c5.991 14.57 15.456 27.352 27.344 37.338l-139.286 147.28c-.017.003-.033.002-.049 0zm4.158 259.42 126.21-99.777 33.862 35.805c.209.22.43.428.663.622 2.819 2.335 6.273 3.502 9.729 3.502 3.455 0 6.911-1.168 9.729-3.502.233-.194.455-.401.664-.622l33.862-35.805 126.21 99.777zm369.602-3.085c0 1.701-1.384 3.085-3.085 3.085h-1.441l-140.027-110.699 97.016-102.583c13.949 8.414 30.183 13.407 47.537 13.794zm2.184-211.35c-44.991 0-81.594-36.602-81.594-81.594 0-44.991 36.603-81.593 81.594-81.593s81.594 36.603 81.594 81.593c0 44.991-36.603 81.594-81.594 81.594z\"><\/path><path d=\"m459.359 102.661c-1.429-.467-3.006-.469-4.422.038-.372.133-86.923 31.117-86.923 31.117-5.247 1.878-9.006 6.471-9.808 11.986-.803 5.515 1.49 10.989 5.984 14.285l24.766 18.167 18.167 24.766c2.86 3.9 7.361 6.142 12.105 6.142 6.278 0 12.039-4.033 14.166-9.966 0-.001 3.723-10.387 3.723-10.387 1.41-3.887-.599-8.181-4.486-9.591-3.886-1.409-8.181.6-9.591 4.486l-3.733 10.466c-.024.014-.084.023-.108-.007l-15.048-20.514 35.022-35.022-4.539 12.681c-1.394 3.893.632 8.179 4.525 9.572 3.895 1.395 8.18-.633 9.573-4.525 0 0 15.898-44.433 15.945-44.611.377-1.429.256-2.954-.292-4.333-.887-2.224-2.767-4.012-5.026-4.75zm-65.801 60.401-20.535-15.047c-.007-.027.002-.088.037-.102l55.522-19.876z\"><\/path>\n<\/g>\n<\/g>\n<\/g><\/svg><\/span>\n                <h6 class=\"u-text u-text-11\">E-Mailing<\/h6>\n                <p class=\"u-text u-text-12\"> Database rental and routing, optimization of your mailings on proprietary files<\/p>\n              <\/div>\n            <\/div>\n            <div class=\"u-align-center u-container-style u-list-item u-repeater-item\">\n              <div class=\"u-container-layout u-similar-container u-container-layout-8\"><span class=\"u-align-center u-icon u-icon-circle u-icon-6\"><svg class=\"u-svg-link\" preserveaspectratio=\"xMidYMin slice\" viewbox=\"0 0 496 496\" style=\"\"><use xlink:href=\"#svg-d3fb\"><\/use><\/svg><svg class=\"u-svg-content\" viewbox=\"0 0 496 496\" x=\"0px\" y=\"0px\" id=\"svg-d3fb\" style=\"enable-background:new 0 0 496 496;\"><g><g><path d=\"M472,112H288V40c0-22.056-17.944-40-40-40H40C17.944,0,0,17.944,0,40v416c0,22.056,17.944,40,40,40h208    c22.056,0,40-17.944,40-40V336h-16v80H16V80h256v32h-72c-13.232,0-24,10.768-24,24v116.688L108.688,320H472    c13.232,0,24-10.768,24-24V136C496,122.768,485.232,112,472,112z M272,432v24c0,13.232-10.768,24-24,24H40    c-13.232,0-24-10.768-24-24v-24H272z M16,64V40c0-13.232,10.768-24,24-24h208c13.232,0,24,10.768,24,24v24H16z M480,296    c0,4.416-3.584,8-8,8H147.312L192,259.312V136c0-4.416,3.584-8,8-8h272c4.416,0,8,3.584,8,8V296z\"><\/path>\n<\/g>\n<\/g><g><g><path d=\"M416,208c-8.824,0-16-7.176-16-16c0-8.824,7.176-16,16-16c8.824,0,16,7.176,16,16h16c0-17.648-14.352-32-32-32    s-32,14.352-32,32s14.352,32,32,32c8.824,0,16,7.176,16,16c0,8.824-7.176,16-16,16c-8.824,0-16-7.176-16-16h-16    c0,17.648,14.352,32,32,32s32-14.352,32-32S433.648,208,416,208z\"><\/path>\n<\/g>\n<\/g><g><g><path d=\"M256,208c-8.824,0-16-7.176-16-16c0-8.824,7.176-16,16-16c8.824,0,16,7.176,16,16h16c0-17.648-14.352-32-32-32    s-32,14.352-32,32s14.352,32,32,32c8.824,0,16,7.176,16,16c0,8.824-7.176,16-16,16c-8.824,0-16-7.176-16-16h-16    c0,17.648,14.352,32,32,32s32-14.352,32-32S273.648,208,256,208z\"><\/path>\n<\/g>\n<\/g><g><g><polygon points=\"345.752,160 336,199.016 326.248,160 304,160 304,264 320,264 320,200.984 336,264.984 352,200.984 352,264     368,264 368,160   \"><\/polygon>\n<\/g>\n<\/g><g><g><rect x=\"112\" y=\"448\" width=\"64\" height=\"16\"><\/rect>\n<\/g>\n<\/g><g><g><rect x=\"240\" y=\"336\" width=\"16\" height=\"16\"><\/rect>\n<\/g>\n<\/g><g><g><rect x=\"208\" y=\"336\" width=\"16\" height=\"16\"><\/rect>\n<\/g>\n<\/g><g><g><rect x=\"176\" y=\"336\" width=\"16\" height=\"16\"><\/rect>\n<\/g>\n<\/g><g><g><rect x=\"144\" y=\"336\" width=\"16\" height=\"16\"><\/rect>\n<\/g>\n<\/g><\/svg><\/span>\n                <h6 class=\"u-text u-text-13\">SMS Marketing<\/h6>\n                <p class=\"u-text u-text-14\"> SRP routing with no risk of blacklisting at operator level, with reporting for your loyalty and prospecting operations in partnership with partner bases<\/p>\n              <\/div>\n            <\/div>\n          <\/div>\n        <\/div>\n      <\/div>\n    <\/section>\n    <section class=\"u-clearfix u-grey-5 u-section-5\" id=\"sec-0521\">\n      <div class=\"u-clearfix u-sheet u-valign-middle u-sheet-1\">\n        <div class=\"u-clearfix u-expanded-width-md u-expanded-width-sm u-expanded-width-xs u-gutter-0 u-layout-wrap u-layout-wrap-1\">\n          <div class=\"u-layout\">\n            <div class=\"u-layout-row\">\n              <div class=\"u-align-center-sm u-align-center-xs u-align-left-lg u-align-left-md u-align-left-xl u-container-style u-layout-cell u-left-cell u-size-13 u-layout-cell-1\">\n                <div class=\"u-container-layout u-valign-top u-container-layout-1\">\n                  <img class=\"u-expanded-width u-image u-image-round u-radius-50 u-image-1\" src=\"https:\/\/restore.24pm.be\/wp-content\/uploads\/2021\/05\/369-0.jpeg\" data-image-width=\"150\" data-image-height=\"100\">\n                <\/div>\n              <\/div>\n              <div class=\"u-align-center-sm u-align-center-xs u-align-left-lg u-align-left-md u-align-left-xl u-container-style u-layout-cell u-right-cell u-size-47 u-layout-cell-2\">\n                <div class=\"u-container-layout u-container-layout-2\">\n                  <p class=\"u-text u-text-1\">\n                    <span style=\"font-weight: 700;\">Example: SMS Marketing<\/span>\n                    <br>\n                    <br>A member who uses a high-end platform to route his SMS messages must not only rent the platform and spend thousands of euros each year on it, but also rent the sending credits. With 24PM, he benefits from SRP routing without the risk of being blocked by telecom operators, and offers a better customer experience thanks to professional campaign scenarios.<br>\n                    <br>For a cost corresponding to the routing, he benefits from all the rest as a member.\n                  <\/p>\n                <\/div>\n              <\/div>\n            <\/div>\n          <\/div>\n        <\/div>\n      <\/div>\n    <\/section>\n    <section class=\"u-clearfix u-white u-section-6\" id=\"sec-6b8b\">\n      <div class=\"u-clearfix u-sheet u-sheet-1\">\n        <h2 class=\"u-text u-text-1\">Not a 24PM member yet?<\/h2>\n        <p class=\"u-text u-text-2\"> Answer a few questions and benefit from our support for your projects starting next week:<\/p>\n        <div class=\"u-expanded-width u-shortcode u-shortcode-1\">[tqb_quiz id='332']<\/div>\n      <\/div>\n    <\/section>\n    <style class=\"u-overlap-style\">.u-overlap:not(.u-sticky-scroll) .u-header {\nbackground-color: #01334a !important\n}<\/style>","protected":false},"excerpt":{"rendered":"<p>Publicit\u00e9 partag\u00e9e B\u00e9n\u00e9ficiez des remises en volume gr\u00e2ce \u00e0 la force de n\u00e9gociation d&rsquo;un groupement d&rsquo;entreprise. \u00catre rappel\u00e9 Que pouvons nous faire pour vous ? Comment arrivons nous \u00e0 de bonnes remises ? Simplement en ne demandant pas de commission commerciale \u00e0 nos partenaires carburant, nous pr\u00e9f\u00e9rons que la remise soit donn\u00e9e directement \u00e0 nos &hellip; <a href=\"https:\/\/restore.24pm.be\/en\/services-pubicite\/\" class=\"more-link\">Continue reading<span class=\"screen-reader-text\"> \u00ab\u00a0services-pubicite\u00a0\u00bb<\/span><\/a><\/p>","protected":false},"author":2,"featured_media":0,"parent":0,"menu_order":1,"comment_status":"closed","ping_status":"closed","template":"","meta":[],"_links":{"self":[{"href":"https:\/\/restore.24pm.be\/en\/wp-json\/wp\/v2\/pages\/369"}],"collection":[{"href":"https:\/\/restore.24pm.be\/en\/wp-json\/wp\/v2\/pages"}],"about":[{"href":"https:\/\/restore.24pm.be\/en\/wp-json\/wp\/v2\/types\/page"}],"author":[{"embeddable":true,"href":"https:\/\/restore.24pm.be\/en\/wp-json\/wp\/v2\/users\/2"}],"replies":[{"embeddable":true,"href":"https:\/\/restore.24pm.be\/en\/wp-json\/wp\/v2\/comments?post=369"}],"version-history":[{"count":3,"href":"https:\/\/restore.24pm.be\/en\/wp-json\/wp\/v2\/pages\/369\/revisions"}],"predecessor-version":[{"id":387,"href":"https:\/\/restore.24pm.be\/en\/wp-json\/wp\/v2\/pages\/369\/revisions\/387"}],"wp:attachment":[{"href":"https:\/\/restore.24pm.be\/en\/wp-json\/wp\/v2\/media?parent=369"}],"curies":[{"name":"wp","href":"https:\/\/api.w.org\/{rel}","templated":true}]}}