{"id":358,"date":"2021-05-13T14:53:59","date_gmt":"2021-05-13T12:53:59","guid":{"rendered":"http:\/\/new.24pm.be\/?page_id=358"},"modified":"2021-05-13T17:58:52","modified_gmt":"2021-05-13T15:58:52","slug":"services-formations","status":"publish","type":"page","link":"https:\/\/restore.24pm.be\/en\/services-formations\/","title":{"rendered":"services-training"},"content":{"rendered":"<section class=\"u-align-center u-clearfix u-palette-1-base u-section-2\" id=\"sec-05ce\">\n      <div class=\"u-clearfix u-sheet u-valign-middle-lg u-valign-middle-md u-valign-middle-sm u-valign-middle-xs u-valign-top-xl u-sheet-1\">\n        <div class=\"u-clearfix u-expanded-width u-layout-wrap u-layout-wrap-1\">\n          <div class=\"u-layout\">\n            <div class=\"u-layout-row\">\n              <div class=\"u-container-style u-layout-cell u-size-30 u-layout-cell-1\">\n                <div class=\"u-container-layout u-container-layout-1\">\n                  <h1 class=\"u-text u-text-white u-text-1\">Training<\/h1>\n                  <div class=\"u-border-7 u-border-palette-2-base u-line u-line-horizontal u-line-1\"><\/div>\n                  <h4 class=\"u-text u-text-white u-text-2\">Training in all fields at group rates, combine staff training with budget control<\/h4>\n                  <a href=\"https:\/\/restore.24pm.be\/en\/contact\/\" class=\"u-align-left u-border-2 u-border-white u-btn u-btn-round u-button-style u-palette-1-base u-radius-50 u-btn-1\">Be called back<\/a>\n                <\/div>\n              <\/div>\n              <div class=\"u-container-style u-layout-cell u-size-30 u-layout-cell-2\">\n                <div class=\"u-container-layout u-container-layout-2\"><span class=\"u-align-center u-border-2 u-border-grey-75 u-icon u-icon-circle u-spacing-68 u-white u-icon-1\"><svg class=\"u-svg-link\" preserveaspectratio=\"xMidYMin slice\" viewbox=\"0 0 512 512\" style=\"\"><use xlink:href=\"#svg-fe3a\"><\/use><\/svg><svg class=\"u-svg-content\" viewbox=\"0 0 512 512\" id=\"svg-fe3a\"><g><circle cx=\"197\" cy=\"347\" r=\"45\"><\/circle><circle cx=\"45\" cy=\"77\" r=\"45\"><\/circle><path d=\"m242 137v-15h-197c-24.814 0-45 20.186-45 45v345h90v-300h77c41.353 0 75-33.647 75-75z\"><\/path><circle cx=\"317\" cy=\"347\" r=\"45\"><\/circle><circle cx=\"437\" cy=\"347\" r=\"45\"><\/circle><path d=\"m437 392c-24.62 0-46.318 12.085-60 30.463-13.682-18.378-35.38-30.463-60-30.463s-46.318 12.085-60 30.463c-13.682-18.378-35.38-30.463-60-30.463-41.353 0-75 33.647-75 75v45h390v-45c0-41.353-33.647-75-75-75z\"><\/path><path d=\"m122 0v92h150v45c0 57.891-47.109 105-105 105h-45v30h390v-272zm360 182h-180v-30h180zm0-60h-180v-30h180zm0-60h-270v-30h270z\"><\/path>\n<\/g><\/svg><\/span>\n                <\/div>\n              <\/div>\n            <\/div>\n          <\/div>\n        <\/div>\n      <\/div>\n    <\/section>\n    <section class=\"u-align-center u-clearfix u-section-3\" id=\"carousel_4f02\">\n      <div class=\"u-expanded-width u-flip-vertical u-shape u-shape-svg u-text-palette-1-base u-shape-1\">\n        <svg class=\"u-svg-link\" preserveaspectratio=\"none\" viewbox=\"0 0 160 160\" style=\"\"><use xmlns:xlink=\"http:\/\/www.w3.org\/1999\/xlink\" xlink:href=\"#svg-4883\"><\/use><\/svg>\n        <svg class=\"u-svg-content\" viewbox=\"0 0 160 160\" x=\"0px\" y=\"0px\" id=\"svg-4883\"><path d=\"M155,160H5c-2.8,0-5-2.2-5-5.1V80.5c0-1.3,0.5-2.6,1.5-3.5l75-75.5c2-1.9,5.1-1.9,7,0l75,75.5c0.9,0.9,1.5,2.2,1.5,3.5v74.4\tC160,157.8,157.8,160,155,160z\"><\/path><\/svg>\n      <\/div>\n      <h2 class=\"u-align-center u-text u-text-body-alt-color u-text-1\">What can we do for you?<\/h2>\n      <div class=\"u-align-center u-border-4 u-border-palette-2-base u-line u-line-horizontal u-line-1\"><\/div>\n    <\/section>\n    <section class=\"u-clearfix u-section-4\" id=\"sec-b2b9\">\n      <div class=\"u-clearfix u-sheet u-sheet-1\">\n        <div class=\"u-clearfix u-expanded-width u-layout-wrap u-layout-wrap-1\">\n          <div class=\"u-layout\">\n            <div class=\"u-layout-row\">\n              <div class=\"u-size-27-lg u-size-27-md u-size-27-sm u-size-27-xs u-size-30-xl\">\n                <div class=\"u-layout-col\">\n                  <div class=\"u-container-style u-layout-cell u-size-60 u-layout-cell-1\">\n                    <div class=\"u-container-layout u-valign-top u-container-layout-1\">\n                      <p class=\"u-text u-text-1\">The basic principle is simple:&nbsp;<br>\n                        <br>If one of our members requests training for him\/herself or his\/her staff, we will look for qualified trainers and negotiate an offer for a shared course.<br>\n                        <br>As the teacher's hourly rate does not change, the cost of the course is divided between the participants.<br>\n                        <br>Practical example: a course on RGPD awareness given by a lawyer lasting 4 hours, the professional asks for a fixed price of \u20ac1,000 including rental of the premises and organization costs. If there are 25 participants, the price could drop to \u20ac40 per person, i.e. <span style=\"font-weight: 700;\">10 \u20ac\/Hour<\/span> training.\n                      <\/p>\n                    <\/div>\n                  <\/div>\n                <\/div>\n              <\/div>\n              <div class=\"u-size-30-xl u-size-33-lg u-size-33-md u-size-33-sm u-size-33-xs\">\n                <div class=\"u-layout-col\">\n                  <div class=\"u-container-style u-layout-cell u-size-30 u-layout-cell-2\">\n                    <div class=\"u-container-layout u-container-layout-2\"><span class=\"u-align-center u-icon u-icon-circle u-icon-1\"><svg class=\"u-svg-link\" preserveaspectratio=\"xMidYMin slice\" viewbox=\"0 0 512 512\" style=\"\"><use xlink:href=\"#svg-65e7\"><\/use><\/svg><svg class=\"u-svg-content\" viewbox=\"0 0 512 512\" id=\"svg-65e7\"><path d=\"m505.506 264.86c-4.111-.562-7.895 2.316-8.456 6.425-3.624 26.54-16.758 50.954-36.984 68.743-20.408 17.949-46.631 27.834-73.842 27.834-14.805 0-29.185-2.844-42.741-8.454-.225-.093-.485-.184-.719-.255-.159-.048-16.156-5.045-39.975-23.953-3.249-2.579-7.972-2.035-10.551 1.213-2.578 3.249-2.035 7.972 1.213 10.551 24.436 19.396 41.604 25.482 44.597 26.449 15.295 6.282 31.501 9.468 48.176 9.468 30.863 0 60.61-11.214 83.761-31.575 22.937-20.173 37.833-47.87 41.946-77.988.56-4.111-2.316-7.897-6.425-8.458z\"><\/path><path d=\"m324.771 307.98c15.938 14.208 35.76 28.732 61.956 28.731h.026c44.487-.017 80.679-36.223 80.679-80.711 0-44.504-36.206-80.71-80.71-80.71-.002 0 0 0-.001 0-30.684 0-51.602 17.818-66.395 33.34-21.646 22.714-70.736 80.957-72.52 83.214-47.065 59.567-75.018 66.74-76.548 67.091-.638.083-1.027.218-1.637.471-12.092 5.004-24.896 7.816-38.054 8.357l-4.763.096c-30.004-.02-58.169-11.757-79.311-33.054-21.158-21.313-32.69-49.597-32.47-79.643.217-29.791 12.127-57.786 33.535-78.827 21.152-20.79 48.927-32.197 78.329-32.197.376 0 .756.002 1.132.005 13.914.139 27.465 2.8 40.282 7.912.791.315 1.582.625 2.38.924 3.909 1.462 38.367 15.38 77.154 64.616 0 0-16.665 20.353-20.519 24.929-7.561-8.237-21.807-23.194-38.982-38.505-15.938-14.208-35.759-28.731-61.954-28.731-.008 0-.02 0-.027 0-2.678 0-5.383.134-8.038.398-4.127.411-7.14 4.088-6.73 8.215s4.096 7.136 8.215 6.73c2.165-.215 4.37-.325 6.557-.325h.028c11.872 0 27.33 2.97 51.955 24.922 17.506 15.607 32.174 31.172 39.132 38.797-10.999 12.653-22.775 25.559-35.566 38.98-18.905 19.837-36.029 28.684-55.524 28.684-36.222 0-65.692-29.47-65.692-65.692 0-22.019 10.954-42.468 29.302-54.702 3.451-2.301 4.383-6.963 2.082-10.414-2.3-3.45-6.962-4.382-10.414-2.082-22.535 15.029-35.989 40.15-35.989 67.201 0 44.503 36.206 80.71 80.71 80.711 30.687 0 51.603-17.818 66.396-33.341 21.646-22.714 73.856-84.901 73.856-84.901.032-.038.063-.077.094-.115 46.203-57.919 73.607-64.943 75.118-65.29.638-.082 1.026-.218 1.637-.471 12.092-5.004 24.895-7.816 38.054-8.358l4.761-.096c26.799.018 52.712 9.655 72.973 27.141 20.074 17.324 33.377 41.207 37.459 67.25.642 4.097 4.484 6.895 8.582 6.256 4.097-.643 6.898-4.485 6.256-8.582-4.633-29.553-19.72-56.647-42.484-76.293-23.006-19.855-52.432-30.79-82.859-30.79-.05 0-.101 0-.152.001l-4.917.099c-.051.001-.102.002-.153.005-14.706.596-29.025 3.693-42.574 9.207-6.283 1.4-34.814 10.605-80.83 67.311-39.585-49.277-74.741-64.244-81.658-66.83-.698-.261-1.391-.533-2.08-.808-14.544-5.801-29.917-8.822-45.693-8.979-33.863-.354-65.849 12.625-90.138 36.498-24.274 23.86-37.779 55.62-38.026 89.43-.248 34.078 12.831 66.158 36.83 90.333 24.001 24.177 55.98 37.492 90.046 37.492.05 0 .101 0 .152-.001l4.917-.099c.051-.001.102-.002.153-.005 14.705-.596 29.025-3.693 42.573-9.207 6.207-1.381 34.049-10.358 78.963-65.024 4.292 4.904 8.646 9.625 13.002 14.084 2.898 2.966 7.652 3.022 10.619.125 2.967-2.898 3.023-7.652.125-10.619-4.728-4.84-9.461-10.004-14.11-15.391 3.944-4.759 18.659-22.693 22.515-27.271 7.558 8.235 21.809 23.197 38.983 38.508zm6.427-88.988c18.905-19.838 36.029-28.684 55.524-28.683 36.222 0 65.692 29.469 65.692 65.692 0 36.209-29.458 65.678-65.667 65.692-.009 0-.017 0-.026 0-11.872 0-27.332-2.97-51.957-24.923-17.509-15.61-32.178-31.178-39.133-38.802 10.998-12.65 22.778-25.557 35.567-38.976z\"><\/path><\/svg><\/span>\n                      <p class=\"u-align-center u-text u-text-2\"> Unlimited possibilities<\/p>\n                    <\/div>\n                  <\/div>\n                  <div class=\"u-container-style u-layout-cell u-size-30 u-layout-cell-3\">\n                    <div class=\"u-container-layout u-valign-bottom-lg u-valign-bottom-md u-valign-bottom-sm u-container-layout-3\">\n                      <a href=\"https:\/\/login.24pm.be\" class=\"u-align-center u-border-0 u-btn u-btn-round u-button-style u-hidden-md u-hidden-xs u-hover-palette-2-base u-palette-1-base u-radius-35 u-btn-1\" target=\"_blank\">Request training<\/a>\n                      <a href=\"https:\/\/restore.24pm.be\/en\/metiers\/\" class=\"u-align-center-lg u-align-center-md u-align-center-sm u-align-center-xs u-btn u-btn-round u-button-style u-hidden-md u-hidden-xs u-hover-palette-4-base u-radius-50 u-btn-2\">See the other trades and shared services<\/a>\n                      <a href=\"https:\/\/restore.24pm.be\/en\/metiers\/\" class=\"u-active-none u-align-center-md u-align-center-sm u-align-center-xs u-border-2 u-border-palette-1-base u-btn u-btn-rectangle u-button-style u-hidden-lg u-hidden-sm u-hidden-xl u-hover-none u-none u-btn-3\">Other businesses and shared services<\/a>\n                      <a href=\"https:\/\/login.24pm.be\" class=\"u-active-none u-align-center-md u-align-center-sm u-align-center-xs u-border-2 u-border-palette-1-base u-btn u-btn-rectangle u-button-style u-hidden-lg u-hidden-sm u-hidden-xl u-hover-none u-none u-btn-4\">See your rate by logging in<\/a>\n                    <\/div>\n                  <\/div>\n                <\/div>\n              <\/div>\n            <\/div>\n          <\/div>\n        <\/div>\n        <h4 class=\"u-text u-text-3\">All courses meet the following criteria<br>\n        <\/h4>\n        <div class=\"u-border-3 u-border-palette-2-base u-line u-line-horizontal u-line-1\"><\/div>\n        <div class=\"u-expanded-width u-list u-list-1\">\n          <div class=\"u-repeater u-repeater-1\">\n            <div class=\"u-align-center u-container-style u-list-item u-repeater-item\">\n              <div class=\"u-container-layout u-similar-container u-container-layout-4\"><span class=\"u-align-center u-icon u-icon-circle u-icon-2\"><svg class=\"u-svg-link\" preserveaspectratio=\"xMidYMin slice\" viewbox=\"0 0 511 511\" style=\"\"><use xlink:href=\"#svg-749a\"><\/use><\/svg><svg class=\"u-svg-content\" viewbox=\"0 0 511 511\" x=\"0px\" y=\"0px\" id=\"svg-749a\" style=\"enable-background:new 0 0 511 511;\"><g><rect x=\"128\" y=\"392\" width=\"16\" height=\"15\"><\/rect><path d=\"M312,296h-57v-25c0-12.958-10.042-23-23-23h-24v43.894L196.894,304H175v-16H0v15h160v121H0v15h175v-32h13.894l32,32H335   V319C335,306.042,324.958,296,312,296z M320,424h-92.894l-32-32H175v-73h28.106L223,298.106V263h9c4.687,0,8,3.314,8,8v40h72   c4.687,0,8,3.314,8,8V424z\"><\/path><path d=\"M272,72v175h24v32h19.106l32-32H511V72H272z M496,232H340.894L311,260.894V232h-24V87h209V232z\"><\/path><path d=\"M458.606,135L424,100.394l-48,48l-24-24L317.394,159L376,217.606L458.606,135z M352,145.606l24,24l48-48L437.394,135   L376,196.394L338.606,159L352,145.606z\"><\/path>\n<\/g><\/svg><\/span>\n                <h6 class=\"u-text u-text-4\">Professional trainers<\/h6>\n                <p class=\"u-text u-text-5\"> We don't entrust your employees to amateurs, but to experienced professionals.<\/p>\n              <\/div>\n            <\/div>\n            <div class=\"u-align-center u-container-style u-list-item u-repeater-item\">\n              <div class=\"u-container-layout u-similar-container u-container-layout-5\"><span class=\"u-align-center u-icon u-icon-circle u-icon-3\"><svg class=\"u-svg-link\" preserveaspectratio=\"xMidYMin slice\" viewbox=\"0 0 512 512\" style=\"\"><use xlink:href=\"#svg-7712\"><\/use><\/svg><svg class=\"u-svg-content\" viewbox=\"0 0 512 512\" id=\"svg-7712\"><g><path d=\"m476 240h-172v-12a28.043 28.043 0 0 0 -24-27.71v-40.29h32a8 8 0 0 0 8-8v-24h16a8 8 0 0 0 8-8v-24h40a8 8 0 0 0 0-16h-288a8 8 0 0 0 0 16h72v24a8 8 0 0 0 8 8h16v24a8 8 0 0 0 8 8h32v40.29a28.043 28.043 0 0 0 -24 27.71v12h-19a95.781 95.781 0 0 0 -106 0h-47a28.031 28.031 0 0 0 -28 28v104a28.031 28.031 0 0 0 28 28h4v12a28.031 28.031 0 0 0 28 28h376a28.031 28.031 0 0 0 28-28v-12h4a28.031 28.031 0 0 0 28-28v-104a28.031 28.031 0 0 0 -28-28zm-292-128v-16h144v16zm24 32v-16h96v16zm56 16v40h-16v-40zm-40 68a12.01 12.01 0 0 1 12-12h40a12.01 12.01 0 0 1 12 12v12h-64zm-88 12a80 80 0 1 1 -80 80 80.093 80.093 0 0 1 80-80zm-100 144a12.01 12.01 0 0 1 -12-12v-104a12.01 12.01 0 0 1 12-12h28.51a95.813 95.813 0 0 0 0 128zm420 28a12.01 12.01 0 0 1 -12 12h-376a12.01 12.01 0 0 1 -12-12v-12h27a95.781 95.781 0 0 0 106 0h267zm32-40a12.01 12.01 0 0 1 -12 12h-268.51a95.813 95.813 0 0 0 0-128h268.51a12.01 12.01 0 0 1 12 12z\"><\/path><path d=\"m136 384a64 64 0 1 0 -64-64 64.072 64.072 0 0 0 64 64zm0-112a48 48 0 1 1 -48 48 48.054 48.054 0 0 1 48-48z\"><\/path><path d=\"m464 280h-48a8 8 0 0 0 -8 8v64a8 8 0 0 0 8 8h48a8 8 0 0 0 8-8v-64a8 8 0 0 0 -8-8zm-8 64h-32v-48h32z\"><\/path><path d=\"m392 280h-80a8 8 0 0 0 0 16h80a8 8 0 0 0 0-16z\"><\/path><path d=\"m392 312h-80a8 8 0 0 0 0 16h80a8 8 0 0 0 0-16z\"><\/path><path d=\"m392 344h-80a8 8 0 0 0 0 16h80a8 8 0 0 0 0-16z\"><\/path><path d=\"m408 96h8a8 8 0 0 0 0-16h-8a8 8 0 0 0 0 16z\"><\/path>\n<\/g><\/svg><\/span>\n                <h6 class=\"u-text u-text-6\">Equipped sites<\/h6>\n                <p class=\"u-text u-text-7\"> Our training facilities are equipped with the latest equipment to ensure optimal learning.<\/p>\n              <\/div>\n            <\/div>\n            <div class=\"u-align-center u-container-style u-list-item u-repeater-item\">\n              <div class=\"u-container-layout u-similar-container u-container-layout-6\"><span class=\"u-align-center u-icon u-icon-circle u-text-palette-1-base u-icon-4\"><svg class=\"u-svg-link\" preserveaspectratio=\"xMidYMin slice\" viewbox=\"0 0 512 512\" style=\"\"><use xlink:href=\"#svg-f4e6\"><\/use><\/svg><svg class=\"u-svg-content\" viewbox=\"0 0 512 512\" id=\"svg-f4e6\"><g><path d=\"M476,40H36A28.031,28.031,0,0,0,8,68V380a28.031,28.031,0,0,0,28,28H196.18l-9.6,24H152a8,8,0,0,0-8,8v24a8,8,0,0,0,8,8H360a8,8,0,0,0,8-8V440a8,8,0,0,0-8-8H325.42l-9.6-24H476a28.031,28.031,0,0,0,28-28V68A28.031,28.031,0,0,0,476,40ZM352,448v8H160v-8ZM203.82,432l9.6-24h85.16l9.6,24ZM488,380a12.01,12.01,0,0,1-12,12H36a12.01,12.01,0,0,1-12-12V368H488Zm0-28H24V304H488ZM126.35,160.28c12.94,0,32.94-2.34,57.65-12.79V176a32,32,0,0,1-64,0V160.08C121.88,160.2,123.99,160.28,126.35,160.28ZM120,144.04V144a32.036,32.036,0,0,1,32-32c12.65,0,23.86,8.04,29.01,19.34-19.84,8.84-36.12,11.77-46.71,12.62A92.371,92.371,0,0,1,120,144.04Zm40,79.28V232a8,8,0,0,1-16,0v-8.68a47.4,47.4,0,0,0,16,0ZM152,256a24.031,24.031,0,0,0,22.62-16H184a32.036,32.036,0,0,1,32,32v16H200v-8a8,8,0,0,0-16,0v8H120v-8a8,8,0,0,0-16,0v8H88V272a32.036,32.036,0,0,1,32-32h9.38A24.031,24.031,0,0,0,152,256Zm336,32H232V272a48.051,48.051,0,0,0-48-48h-8v-6.46A48.012,48.012,0,0,0,200,176V144c0-.23-.01-.45-.03-.68a49.189,49.189,0,0,0-13.93-32.66A47.054,47.054,0,0,0,152,96a48.051,48.051,0,0,0-48,48v32a48.012,48.012,0,0,0,24,41.54V224h-8a48.051,48.051,0,0,0-48,48v16H24V68A12.01,12.01,0,0,1,36,56H476a12.01,12.01,0,0,1,12,12Z\"><\/path><path d=\"M240,208h24v24a8,8,0,0,0,13.657,5.657L307.313,208H432a8,8,0,0,0,8-8V72a8,8,0,0,0-8-8H240a8,8,0,0,0-8,8V200A8,8,0,0,0,240,208Zm8-128H424V192H304a8,8,0,0,0-5.657,2.343L280,212.686V200a8,8,0,0,0-8-8H248Z\"><\/path><path d=\"M368,320H200a8,8,0,0,0-16,0H144a8,8,0,0,0,0,16h40a8,8,0,0,0,16,0H368a8,8,0,0,0,0-16Z\"><\/path>\n<\/g><\/svg><\/span>\n                <h6 class=\"u-text u-text-8\">Teletraining<\/h6>\n                <p class=\"u-text u-text-9\"> For remote training (webinars, etc.), the selected technologies ensure an optimal experience.<\/p>\n              <\/div>\n            <\/div>\n            <div class=\"u-align-center u-container-style u-list-item u-repeater-item\">\n              <div class=\"u-container-layout u-similar-container u-container-layout-7\"><span class=\"u-align-center u-icon u-icon-circle u-text-palette-1-base u-icon-5\"><svg class=\"u-svg-link\" preserveaspectratio=\"xMidYMin slice\" viewbox=\"0 0 512 512\" style=\"\"><use xlink:href=\"#svg-3fe4\"><\/use><\/svg><svg class=\"u-svg-content\" viewbox=\"0 0 512 512\" id=\"svg-3fe4\"><g id=\"outline\"><circle cx=\"200\" cy=\"302.944\" r=\"17\"><\/circle><circle cx=\"313\" cy=\"302.944\" r=\"17\"><\/circle><path d=\"M309.8,383.408a195.655,195.655,0,0,1-107.6,0,8,8,0,0,0-4.4,15.385,211.642,211.642,0,0,0,116.4,0,8,8,0,0,0-4.4-15.385Z\"><\/path><path d=\"M309.8,423.251a195.662,195.662,0,0,1-107.606,0,8,8,0,0,0-4.394,15.385,211.66,211.66,0,0,0,116.394,0,8,8,0,0,0-4.394-15.385Z\"><\/path><path d=\"M431.7,293.24A186.812,186.812,0,0,0,310.557,44.522l-35.15-10.251a122.621,122.621,0,0,0-119.99,29.955l-11.5,5.111A123.3,123.3,0,0,0,72.03,166.2,239.011,239.011,0,0,0,90.783,292.9l3.513,7.9a47.965,47.965,0,0,0,29.244,81.922,135.958,135.958,0,0,0,264.92,0A47.972,47.972,0,0,0,424.994,310ZM105.4,286.406a223,223,0,0,1-17.5-118.222,107.218,107.218,0,0,1,62.509-84.226l12.833-5.7a8.008,8.008,0,0,0,2.408-1.653,106.62,106.62,0,0,1,105.27-26.97l35.149,10.252A170.809,170.809,0,0,1,416.843,287.3l-3.789,9.472A47.782,47.782,0,0,0,392,287.623V262.944a8,8,0,0,0-8-8H363.629a234.007,234.007,0,0,1-173.683-77.352,8,8,0,0,0-12.5.764l-56,80A8,8,0,0,0,120,262.944v24.679a47.571,47.571,0,0,0-12.34,3.857Zm243.3,55.925-15.225-2.369a503.226,503.226,0,0,0-154.964,0l-14.307,2.226L136,292.819V265.466L184.9,195.6a250.07,250.07,0,0,0,178.726,75.34H376v23.625ZM120,365.932a32.005,32.005,0,0,1,0-61.976ZM136,352V325.069l16,28v58.966A119.748,119.748,0,0,1,136,352ZM319.6,453.76A120.242,120.242,0,0,1,168,433.655V357.792l12.979-2.021a487.235,487.235,0,0,1,150.042,0L344,357.792v75.863A121.017,121.017,0,0,1,319.6,453.76ZM360,412.035V354.819l16-28V352A119.748,119.748,0,0,1,360,412.035Zm32-46.1V303.956a32.005,32.005,0,0,1,0,61.976Z\"><\/path>\n<\/g><\/svg><\/span>\n                <h6 class=\"u-text u-text-10\">Covid-Safe<\/h6>\n                <p class=\"u-text u-text-11\"> Hygiene and social distancing are important to us, as they are to your employees.<\/p>\n              <\/div>\n            <\/div>\n          <\/div>\n        <\/div>\n      <\/div>\n    <\/section>\n    <section class=\"u-clearfix u-grey-5 u-section-5\" id=\"sec-0521\">\n      <div class=\"u-clearfix u-sheet u-valign-middle u-sheet-1\">\n        <div class=\"u-clearfix u-expanded-width-md u-expanded-width-sm u-expanded-width-xs u-gutter-0 u-layout-wrap u-layout-wrap-1\">\n          <div class=\"u-layout\">\n            <div class=\"u-layout-row\">\n              <div class=\"u-align-center-sm u-align-center-xs u-align-left-lg u-align-left-md u-align-left-xl u-container-style u-layout-cell u-left-cell u-size-13 u-layout-cell-1\">\n                <div class=\"u-container-layout u-valign-top u-container-layout-1\">\n                  <img class=\"u-expanded-width u-image u-image-round u-radius-50 u-image-1\" src=\"https:\/\/restore.24pm.be\/wp-content\/uploads\/2021\/05\/358-0.jpeg\" data-image-width=\"150\" data-image-height=\"100\">\n                <\/div>\n              <\/div>\n              <div class=\"u-align-center-sm u-align-center-xs u-align-left-lg u-align-left-md u-align-left-xl u-container-style u-layout-cell u-right-cell u-size-47 u-layout-cell-2\">\n                <div class=\"u-container-layout u-container-layout-2\">\n                  <p class=\"u-text u-text-1\">\n                    <span style=\"font-weight: 700;\">The ideal case: An online training course on Covid-19 crisis communication<\/span>\n                    <br>\n                    <br>24PM recruits an employment lawyer, a public relations expert and a 24PM strategist to join the training session.<br>\n                    <br>With a capacity of 50 people per 2-hour session, including a 1-hour Q&amp;A session, each training session can drop to <span style=\"font-weight: 700;\">5 \u20ac<\/span>\n                  <\/p>\n                <\/div>\n              <\/div>\n            <\/div>\n          <\/div>\n        <\/div>\n      <\/div>\n    <\/section>\n    <section class=\"u-clearfix u-white u-section-6\" id=\"sec-6b8b\">\n      <div class=\"u-clearfix u-sheet u-sheet-1\">\n        <h2 class=\"u-text u-text-1\">Not a 24PM member yet?<\/h2>\n        <p class=\"u-text u-text-2\"> Answer a few questions and benefit from our support for your projects starting next week:<\/p>\n        <div class=\"u-expanded-width u-shortcode u-shortcode-1\">[tqb_quiz id='332']<\/div>\n      <\/div>\n    <\/section>\n    <style class=\"u-overlap-style\">.u-overlap:not(.u-sticky-scroll) .u-header {\nbackground-color: #01334a !important\n}<\/style>","protected":false},"excerpt":{"rendered":"<p>Formations Des formations dans tous les domaines \u00e0 tarif group\u00e9, conjuguez formation de votre personnel avec budget maitris\u00e9 \u00catre rappel\u00e9 Que pouvons nous faire pour vous ? Le principe de base est simple :&nbsp; Si un de nos membres demande une formation pour son personnel ou lui\/elle-m\u00eame nous nous mettons \u00e0 la recherche de formateurs &hellip; <a href=\"https:\/\/restore.24pm.be\/en\/services-formations\/\" class=\"more-link\">Continue reading<span class=\"screen-reader-text\"> \u00ab\u00a0services-formations\u00a0\u00bb<\/span><\/a><\/p>","protected":false},"author":2,"featured_media":0,"parent":0,"menu_order":1,"comment_status":"closed","ping_status":"closed","template":"","meta":[],"_links":{"self":[{"href":"https:\/\/restore.24pm.be\/en\/wp-json\/wp\/v2\/pages\/358"}],"collection":[{"href":"https:\/\/restore.24pm.be\/en\/wp-json\/wp\/v2\/pages"}],"about":[{"href":"https:\/\/restore.24pm.be\/en\/wp-json\/wp\/v2\/types\/page"}],"author":[{"embeddable":true,"href":"https:\/\/restore.24pm.be\/en\/wp-json\/wp\/v2\/users\/2"}],"replies":[{"embeddable":true,"href":"https:\/\/restore.24pm.be\/en\/wp-json\/wp\/v2\/comments?post=358"}],"version-history":[{"count":2,"href":"https:\/\/restore.24pm.be\/en\/wp-json\/wp\/v2\/pages\/358\/revisions"}],"predecessor-version":[{"id":374,"href":"https:\/\/restore.24pm.be\/en\/wp-json\/wp\/v2\/pages\/358\/revisions\/374"}],"wp:attachment":[{"href":"https:\/\/restore.24pm.be\/en\/wp-json\/wp\/v2\/media?parent=358"}],"curies":[{"name":"wp","href":"https:\/\/api.w.org\/{rel}","templated":true}]}}