{"id":349,"date":"2021-05-12T17:43:35","date_gmt":"2021-05-12T15:43:35","guid":{"rendered":"http:\/\/new.24pm.be\/?page_id=349"},"modified":"2021-05-14T19:08:28","modified_gmt":"2021-05-14T17:08:28","slug":"backup","status":"publish","type":"page","link":"https:\/\/restore.24pm.be\/en\/backup\/","title":{"rendered":"service-backup"},"content":{"rendered":"<section class=\"u-align-center u-clearfix u-palette-1-base u-section-2\" id=\"sec-05ce\">\n      <div class=\"u-clearfix u-sheet u-valign-middle-lg u-valign-middle-md u-valign-middle-sm u-valign-middle-xs u-valign-top-xl u-sheet-1\">\n        <div class=\"u-clearfix u-expanded-width u-layout-wrap u-layout-wrap-1\">\n          <div class=\"u-layout\">\n            <div class=\"u-layout-row\">\n              <div class=\"u-container-style u-layout-cell u-size-30 u-layout-cell-1\">\n                <div class=\"u-container-layout u-container-layout-1\">\n                  <h1 class=\"u-text u-text-white u-text-1\">Backup solutions<\/h1>\n                  <div class=\"u-border-7 u-border-palette-2-base u-line u-line-horizontal u-line-1\"><\/div>\n                  <h4 class=\"u-text u-text-white u-text-2\">Your backups at 24PM from 0.50 EUR per month and per 10 Gigabytes of backed-up data<\/h4>\n                  <a href=\"https:\/\/restore.24pm.be\/en\/contact\/\" class=\"u-align-left u-border-2 u-border-white u-btn u-btn-round u-button-style u-palette-1-base u-radius-50 u-btn-1\">Be called back<\/a>\n                <\/div>\n              <\/div>\n              <div class=\"u-container-style u-layout-cell u-size-30 u-layout-cell-2\">\n                <div class=\"u-container-layout u-container-layout-2\"><span class=\"u-align-center u-border-2 u-border-palette-1-base u-icon u-icon-circle u-spacing-68 u-text-palette-1-base u-white u-icon-1\"><svg class=\"u-svg-link\" preserveaspectratio=\"xMidYMin slice\" viewbox=\"0 0 512.004 512.004\" style=\"\"><use xlink:href=\"#svg-fb85\"><\/use><\/svg><svg class=\"u-svg-content\" viewbox=\"0 0 512.004 512.004\" id=\"svg-fb85\"><g><path d=\"m475.192 84.548c1.669-8.208-6.391-15.053-14.23-12.065l-11.912 4.549c-36.007-45.184-107.67-33.223-127.242 20.884-1.409 3.895.606 8.194 4.502 9.604 3.892 1.409 8.194-.605 9.604-4.502 14.809-40.938 67.968-52.419 98.214-20.287l-8.076 3.084c-7.827 2.988-9.288 13.466-2.569 18.479l27.97 20.868c0 .001.001.001.001.001 6.266 4.672 15.246 1.227 16.8-6.415zm-20.275 24.484-16.121-12.028 20.122-7.684z\"><\/path><path d=\"m456.246 138.538c-3.895-1.405-8.194.608-9.602 4.506-15.058 41.686-69.511 52.466-99.192 19.297l7.957-3.039c7.824-2.988 9.29-13.466 2.569-18.478-.001 0-27.972-20.871-27.973-20.871-6.259-4.67-15.246-1.227-16.798 6.417l-6.94 34.197c-1.669 8.212 6.401 15.057 14.23 12.066l12.171-4.648c35.49 46.324 108.318 34.871 128.083-19.847 1.408-3.893-.609-8.192-4.505-9.6zm-133.704 17.26 4.001-19.713 16.121 12.028z\"><\/path><path d=\"m331.154 18.376c-120.892-34.672-331.154-11.066-331.154 51.388v372.613c0 43.812 102.729 67.451 199.388 67.451s199.388-23.64 199.388-67.451c0-16.035 0-94.465 0-108.854 0-4.143-3.357-7.5-7.5-7.5s-7.5 3.357-7.5 7.5v15.701c0 23.974-74.305 52.451-184.388 52.451-110.08 0-184.388-28.477-184.388-52.451v-66.162c64.9 53.697 303.901 53.676 368.775 0v15.461c0 4.143 3.357 7.5 7.5 7.5s7.5-3.357 7.5-7.5c0-10.906 0-43.486 0-54.99 18.418-1.145 36.384-6.488 52.368-15.633 3.595-2.057 4.842-6.639 2.785-10.234s-6.639-4.843-10.234-2.785c-70.12 40.117-157.136-10.832-158.13-90.493-.738-58.965 47.016-107.075 105.711-107.075 58.299 0 105.729 47.43 105.729 105.729 0 26.521-9.865 51.886-27.777 71.423-2.799 3.053-2.594 7.798.46 10.597 3.052 2.799 7.796 2.593 10.597-.46 20.455-22.312 31.721-51.276 31.721-81.56-.001-92.568-100.639-150.921-180.851-104.666zm52.621 357.851v66.15c0 23.974-74.305 52.451-184.388 52.451-110.079.001-184.387-28.477-184.387-52.451v-66.15c64.903 53.677 303.887 53.665 368.775 0zm-67.003-158.172c19.225 15.133 42.452 23.991 67.003 25.487v12.528c0 23.979-74.324 52.452-184.388 52.452-110.063.001-184.387-28.473-184.387-52.451v-66.149c47.391 39.194 198.344 52.611 301.772 28.133zm-13.511-12.389c-129.482 26.565-288.261-5.294-288.261-42.748v-66.151c44.868 37.122 170.047 46.849 255.956 36.197 2.2 27.248 13.491 52.69 32.305 72.702zm-32.606-87.801c-128.383 16.353-255.655-15.286-255.655-48.101 0-39.421 172.624-70.936 299.817-40.188-26.046 21.213-42.655 52.715-44.162 88.289z\"><\/path>\n<\/g><\/svg><\/span>\n                <\/div>\n              <\/div>\n            <\/div>\n          <\/div>\n        <\/div>\n      <\/div>\n    <\/section>\n    <section class=\"u-align-center u-clearfix u-section-3\" id=\"carousel_4f02\">\n      <div class=\"u-expanded-width u-flip-vertical u-shape u-shape-svg u-text-palette-1-base u-shape-1\">\n        <svg class=\"u-svg-link\" preserveaspectratio=\"none\" viewbox=\"0 0 160 160\" style=\"\"><use xmlns:xlink=\"http:\/\/www.w3.org\/1999\/xlink\" xlink:href=\"#svg-4883\"><\/use><\/svg>\n        <svg class=\"u-svg-content\" viewbox=\"0 0 160 160\" x=\"0px\" y=\"0px\" id=\"svg-4883\"><path d=\"M155,160H5c-2.8,0-5-2.2-5-5.1V80.5c0-1.3,0.5-2.6,1.5-3.5l75-75.5c2-1.9,5.1-1.9,7,0l75,75.5c0.9,0.9,1.5,2.2,1.5,3.5v74.4\tC160,157.8,157.8,160,155,160z\"><\/path><\/svg>\n      <\/div>\n      <h2 class=\"u-align-center u-text u-text-body-alt-color u-text-1\">What can we do for you?<\/h2>\n      <div class=\"u-align-center u-border-4 u-border-palette-2-base u-line u-line-horizontal u-line-1\"><\/div>\n    <\/section>\n    <section class=\"u-clearfix u-section-4\" id=\"sec-b2b9\">\n      <div class=\"u-clearfix u-sheet u-sheet-1\">\n        <div class=\"u-clearfix u-expanded-width u-layout-wrap u-layout-wrap-1\">\n          <div class=\"u-layout\">\n            <div class=\"u-layout-row\">\n              <div class=\"u-size-27-lg u-size-27-md u-size-27-sm u-size-27-xs u-size-30-xl\">\n                <div class=\"u-layout-col\">\n                  <div class=\"u-container-style u-layout-cell u-size-60 u-layout-cell-1\">\n                    <div class=\"u-container-layout u-container-layout-1\">\n                      <p class=\"u-text u-text-default u-text-1\">After configuring the appropriate tools for the laptops, smartphones, servers, etc. you need to back up, backup solutions automatically take care of backing up and\/or synchronizing your vital data.<br>\n                        <br>Be careful, though: always have a remote backup and a local backup. Neither you nor we at 100% are protected against fire, etc...<br>\n                        <br>For the most demanding members in terms of security requirements, 24PM backup can be carried out on highly redundant infrastructures, making data loss a mathematical probability of almost zero.\n                      <\/p>\n                    <\/div>\n                  <\/div>\n                <\/div>\n              <\/div>\n              <div class=\"u-size-30-xl u-size-33-lg u-size-33-md u-size-33-sm u-size-33-xs\">\n                <div class=\"u-layout-col\">\n                  <div class=\"u-container-style u-layout-cell u-size-30 u-layout-cell-2\">\n                    <div class=\"u-container-layout u-container-layout-2\"><span class=\"u-align-center u-icon u-icon-circle u-icon-1\"><svg class=\"u-svg-link\" preserveaspectratio=\"xMidYMin slice\" viewbox=\"0 0 512 512\" style=\"\"><use xlink:href=\"#svg-84f4\"><\/use><\/svg><svg class=\"u-svg-content\" viewbox=\"0 0 512 512\" x=\"0px\" y=\"0px\" id=\"svg-84f4\" style=\"enable-background:new 0 0 512 512;\"><g><g><g><path d=\"M42.667,192h384c23.521,0,42.667-19.135,42.667-42.667v-64c0-23.531-19.146-42.667-42.667-42.667h-384     C19.146,42.667,0,61.802,0,85.333v64C0,172.865,19.146,192,42.667,192z M384,96c11.771,0,21.333,9.573,21.333,21.333     c0,11.76-9.563,21.333-21.333,21.333c-11.771,0-21.333-9.573-21.333-21.333C362.667,105.573,372.229,96,384,96z M320,96     c11.771,0,21.333,9.573,21.333,21.333c0,11.76-9.563,21.333-21.333,21.333s-21.333-9.573-21.333-21.333     C298.667,105.573,308.229,96,320,96z M149.333,96c0-5.896,4.771-10.667,10.667-10.667S170.667,90.104,170.667,96v42.667     c0,5.896-4.771,10.667-10.667,10.667s-10.667-4.771-10.667-10.667V96z M106.667,96c0-5.896,4.771-10.667,10.667-10.667     C123.229,85.333,128,90.104,128,96v42.667c0,5.896-4.771,10.667-10.667,10.667c-5.896,0-10.667-4.771-10.667-10.667V96z M64,96     c0-5.896,4.771-10.667,10.667-10.667c5.896,0,10.667,4.771,10.667,10.667v42.667c0,5.896-4.771,10.667-10.667,10.667     c-5.896,0-10.667-4.771-10.667-10.667V96z\"><\/path><path d=\"M323.521,233.146c4.125-2.469,6.083-7.375,4.792-11.99c-1.271-4.625-5.479-7.823-10.271-7.823H42.667     C19.146,213.333,0,232.469,0,256v64c0,23.531,19.146,42.667,42.667,42.667h202.667c5.896,0,10.667-4.771,10.667-10.667     C256,302.948,281.25,258.521,323.521,233.146z M85.333,309.333c0,5.896-4.771,10.667-10.667,10.667     C68.771,320,64,315.229,64,309.333v-42.667C64,260.771,68.771,256,74.667,256c5.896,0,10.667,4.771,10.667,10.667V309.333z      M128,309.333c0,5.896-4.771,10.667-10.667,10.667c-5.896,0-10.667-4.771-10.667-10.667v-42.667     c0-5.896,4.771-10.667,10.667-10.667c5.896,0,10.667,4.771,10.667,10.667V309.333z M170.667,309.333     c0,5.896-4.771,10.667-10.667,10.667s-10.667-4.771-10.667-10.667v-42.667c0-5.896,4.771-10.667,10.667-10.667     s10.667,4.771,10.667,10.667V309.333z\"><\/path><path d=\"M394.667,234.667c-64.688,0-117.333,52.635-117.333,117.333s52.646,117.333,117.333,117.333S512,416.698,512,352     S459.354,234.667,394.667,234.667z M330.677,362.667l-0.001-0.001l-0.009,0.001c-5.896,0-10.667-4.771-10.667-10.667     c0-41.167,33.5-74.667,74.667-74.667c24.844,0,47.99,12.302,61.906,32.917c3.302,4.875,2.021,11.51-2.865,14.802     c-4.865,3.313-11.521,2.01-14.802-2.865c-9.958-14.729-26.49-23.521-44.24-23.521c-15.227,0-28.893,6.493-38.621,16.762     l11.392,5.697c3.396,1.698,5.635,5.083,5.875,8.875c0.24,3.802-1.563,7.438-4.729,9.542l-32,21.333     c-0.195,0.129-0.431,0.077-0.63,0.191c-1.572,0.921-3.301,1.587-5.255,1.594C330.698,362.66,330.684,362.667,330.677,362.667z      M394.667,426.667c-24.844,0-47.99-12.302-61.906-32.917c-3.302-4.875-2.021-11.51,2.865-14.802     c4.854-3.302,11.51-2.021,14.802,2.865c9.958,14.729,26.49,23.521,44.24,23.521c15.227,0,28.893-6.494,38.621-16.762     l-11.392-5.697c-3.396-1.698-5.635-5.083-5.875-8.875c-0.24-3.802,1.563-7.438,4.729-9.542l32-21.333     c0.246-0.165,0.333-0.025,0.552-0.138c1.599-0.956,3.365-1.654,5.365-1.654c5.896,0,10.667,4.771,10.667,10.667     C469.333,393.167,435.833,426.667,394.667,426.667z\"><\/path>\n<\/g>\n<\/g>\n<\/g><\/svg><\/span>\n                      <p class=\"u-align-center u-text u-text-2\"> 1 GB free<\/p>\n                    <\/div>\n                  <\/div>\n                  <div class=\"u-container-style u-layout-cell u-size-30 u-layout-cell-3\">\n                    <div class=\"u-container-layout u-valign-bottom-lg u-valign-bottom-md u-valign-bottom-sm u-container-layout-3\">\n                      <a href=\"https:\/\/login.24pm.be\" class=\"u-align-center u-border-0 u-btn u-btn-round u-button-style u-hidden-md u-hidden-xs u-hover-palette-2-base u-palette-1-base u-radius-35 u-btn-1\" target=\"_blank\">I am interested in<\/a>\n                      <a href=\"https:\/\/restore.24pm.be\/en\/metiers\/\" class=\"u-align-center-lg u-align-center-md u-align-center-sm u-align-center-xs u-btn u-btn-round u-button-style u-hidden-md u-hidden-xs u-hover-palette-4-base u-radius-50 u-btn-2\">See the other trades and shared services<\/a>\n                      <a href=\"https:\/\/restore.24pm.be\/en\/metiers\/\" class=\"u-active-none u-align-center-md u-align-center-sm u-align-center-xs u-border-2 u-border-palette-1-base u-btn u-btn-rectangle u-button-style u-hidden-lg u-hidden-sm u-hidden-xl u-hover-none u-none u-btn-3\">Other businesses and shared services<\/a>\n                      <a href=\"https:\/\/login.24pm.be\" class=\"u-active-none u-align-center-md u-align-center-sm u-align-center-xs u-border-2 u-border-palette-1-base u-btn u-btn-rectangle u-button-style u-hidden-lg u-hidden-sm u-hidden-xl u-hover-none u-none u-btn-4\">See your rate by logging in<\/a>\n                    <\/div>\n                  <\/div>\n                <\/div>\n              <\/div>\n            <\/div>\n          <\/div>\n        <\/div>\n        <h4 class=\"u-text u-text-3\">This solution includes <br>\n        <\/h4>\n        <div class=\"u-border-3 u-border-palette-2-base u-line u-line-horizontal u-line-1\"><\/div>\n        <div class=\"u-expanded-width u-list u-list-1\">\n          <div class=\"u-repeater u-repeater-1\">\n            <div class=\"u-container-style u-list-item u-repeater-item\">\n              <div class=\"u-container-layout u-similar-container u-container-layout-4\"><span class=\"u-align-center u-icon u-icon-circle u-icon-2\"><svg class=\"u-svg-link\" preserveaspectratio=\"xMidYMin slice\" viewbox=\"0 0 466.705 466.705\" style=\"\"><use xlink:href=\"#svg-40d1\"><\/use><\/svg><svg class=\"u-svg-content\" viewbox=\"0 0 466.705 466.705\" id=\"svg-40d1\"><g><path d=\"m248.353 0v89.89l105.313 63.612 75.1-41.732z\"><\/path><path d=\"m338.353 195.564-90 46.888v99.316l90-54.364z\"><\/path><path d=\"m368.353 179.661v107.383l75 41.677v-190.737z\"><\/path><path d=\"m233.213 216.513 89.528-46.643-89.388-53.994-91.216 55.098z\"><\/path><path d=\"m218.353 242.623-90-45v89.781l90 54.364z\"><\/path><path d=\"m218.353 376.816-105.315-63.613-75.099 41.733 180.414 111.769z\"><\/path><path d=\"m353.667 313.203-105.314 63.613v89.889l180.413-111.769z\"><\/path><path d=\"m111.149 154.644 107.204-64.754v-89.89l-180.195 111.634z\"><\/path><path d=\"m98.353 287.044v-105.119l-75-44.193v190.99z\"><\/path>\n<\/g><\/svg><\/span>\n                <h6 class=\"u-align-center u-text u-text-4\">Backup software<\/h6>\n                <p class=\"u-text u-text-5\"> Backup software to manage your backups<\/p>\n              <\/div>\n            <\/div>\n            <div class=\"u-container-style u-list-item u-repeater-item\">\n              <div class=\"u-container-layout u-similar-container u-container-layout-5\"><span class=\"u-align-center u-icon u-icon-circle u-icon-3\"><svg class=\"u-svg-link\" preserveaspectratio=\"xMidYMin slice\" viewbox=\"0 0 24 24\" style=\"\"><use xlink:href=\"#svg-0b7c\"><\/use><\/svg><svg class=\"u-svg-content\" viewbox=\"0 0 24 24\" id=\"svg-0b7c\"><path d=\"m16.25 21c-.414 0-.75-.336-.75-.75v-4.5c0-.414.336-.75.75-.75h1.25c1.103 0 2 .897 2 2s-.897 2-2 2h-.5v1.25c0 .414-.336.75-.75.75zm.75-3.5h.5c.275 0 .5-.225.5-.5s-.225-.5-.5-.5h-.5z\"><\/path><path d=\"m6.25 16.5h1.5c.414 0 .75-.336.75-.75s-.336-.75-.75-.75h-1.5c-.965 0-1.75.785-1.75 1.75v3.5c0 .414.336.75.75.75s.75-.336.75-.75v-1.25h1.75c.414 0 .75-.336.75-.75s-.336-.75-.75-.75h-1.75v-.75c0-.138.112-.25.25-.25z\"><\/path><path d=\"m13.75 15h-3.5c-.414 0-.75.336-.75.75s.336.75.75.75h1v3.75c0 .414.336.75.75.75s.75-.336.75-.75v-3.75h1c.414 0 .75-.336.75-.75s-.336-.75-.75-.75z\"><\/path><path d=\"m18.673 6.927c-1.312-2.4-3.885-3.927-6.673-3.927-3.545 0-6.619 2.466-7.397 5.828-2.583.273-4.603 2.443-4.603 5.072 0 1.848 1.009 3.455 2.5 4.349v-1.5c0-2.066 1.683-3.749 3.75-3.749h1.5c.452 0 .873.12 1.25.315.377-.195.798-.315 1.25-.315h3.5c.452 0 .873.12 1.25.315.377-.195.798-.315 1.25-.315h1.25c2.206 0 4 1.794 4 4 0 .309-.046.605-.112.894 1.577-1.099 2.612-2.911 2.612-4.96 0-3.067-2.307-5.625-5.327-6.007z\"><\/path><\/svg><\/span>\n                <h6 class=\"u-align-center u-text u-text-6\">FTP access<\/h6>\n                <p class=\"u-text u-text-7\"> FTP access to your data<\/p>\n              <\/div>\n            <\/div>\n            <div class=\"u-container-style u-list-item u-repeater-item\">\n              <div class=\"u-container-layout u-similar-container u-container-layout-6\"><span class=\"u-align-center u-icon u-icon-circle u-icon-4\"><svg class=\"u-svg-link\" preserveaspectratio=\"xMidYMin slice\" viewbox=\"0 0 512 512\" style=\"\"><use xlink:href=\"#svg-6829\"><\/use><\/svg><svg class=\"u-svg-content\" viewbox=\"0 0 512 512\" id=\"svg-6829\"><g><path d=\"m497 437h-182v-30c0-8.284-6.716-15-15-15h-29v-62h165c8.284 0 15-6.716 15-15v-240c0-8.284-6.716-15-15-15h-200.723l-25.806-51.699c-2.539-5.087-7.736-8.301-13.421-8.301h-120.05c-8.284 0-15 6.716-15 15v300c0 8.284 6.716 15 15 15h165v62h-31c-8.284 0-15 6.716-15 15v30h-180c-8.284 0-15 6.716-15 15s6.716 15 15 15h180v30c0 8.284 6.716 15 15 15h90c8.284 0 15-6.716 15-15v-30h182c8.284 0 15-6.716 15-15s-6.716-15-15-15zm-406-407h95.772l25.807 51.699c2.539 5.087 7.735 8.301 13.421 8.301h195v210h-330zm194 452h-60v-60h60z\"><\/path><path d=\"m207.106 141.943c-5.737-6.331-15.664-6.648-21.762-.549l-29.95 29.95c-5.858 5.858-5.858 15.355 0 21.213 5.857 5.858 15.355 5.858 21.213 0l4.394-4.393v52.836c0 8.284 6.716 15 15 15s15-6.716 15-15v-52.737l4.344 4.344c5.857 5.858 15.355 5.859 21.213 0 5.858-5.858 5.858-15.355 0-21.213z\"><\/path><path d=\"m335.394 200.443-4.394 4.394v-52.837c0-8.284-6.716-15-15-15s-15 6.716-15 15v52.737l-4.344-4.344c-5.857-5.858-15.355-5.858-21.213 0s-5.858 15.355 0 21.213l29.451 29.451c5.818 6.421 15.756 6.556 21.762.549l29.95-29.95c5.858-5.858 5.858-15.355 0-21.213-5.857-5.858-15.355-5.858-21.212 0z\"><\/path>\n<\/g><\/svg><\/span>\n                <h6 class=\"u-align-center u-text u-text-8\">Mapping windows<\/h6>\n                <p class=\"u-text u-text-9\"> You can map your 24PM backup to your PC as an external drive.<\/p>\n              <\/div>\n            <\/div>\n            <div class=\"u-container-style u-list-item u-repeater-item\">\n              <div class=\"u-container-layout u-similar-container u-container-layout-7\"><span class=\"u-align-center u-icon u-icon-circle u-icon-5\"><svg class=\"u-svg-link\" preserveaspectratio=\"xMidYMin slice\" viewbox=\"0 0 512 512\" style=\"\"><use xlink:href=\"#svg-4c43\"><\/use><\/svg><svg class=\"u-svg-content\" viewbox=\"0 0 512 512\" x=\"0px\" y=\"0px\" id=\"svg-4c43\" style=\"enable-background:new 0 0 512 512;\"><g><g><path d=\"M452,40h-24V0h-40v40H124V0H84v40H60C26.916,40,0,66.916,0,100v352c0,33.084,26.916,60,60,60h392    c33.084,0,60-26.916,60-60V100C512,66.916,485.084,40,452,40z M472,452c0,11.028-8.972,20-20,20H60c-11.028,0-20-8.972-20-20V188    h432V452z M472,148H40v-48c0-11.028,8.972-20,20-20h24v40h40V80h264v40h40V80h24c11.028,0,20,8.972,20,20V148z\"><\/path>\n<\/g>\n<\/g><g><g><rect x=\"76\" y=\"230\" width=\"40\" height=\"40\"><\/rect>\n<\/g>\n<\/g><g><g><rect x=\"156\" y=\"230\" width=\"40\" height=\"40\"><\/rect>\n<\/g>\n<\/g><g><g><rect x=\"236\" y=\"230\" width=\"40\" height=\"40\"><\/rect>\n<\/g>\n<\/g><g><g><rect x=\"316\" y=\"230\" width=\"40\" height=\"40\"><\/rect>\n<\/g>\n<\/g><g><g><rect x=\"396\" y=\"230\" width=\"40\" height=\"40\"><\/rect>\n<\/g>\n<\/g><g><g><rect x=\"76\" y=\"310\" width=\"40\" height=\"40\"><\/rect>\n<\/g>\n<\/g><g><g><rect x=\"156\" y=\"310\" width=\"40\" height=\"40\"><\/rect>\n<\/g>\n<\/g><g><g><rect x=\"236\" y=\"310\" width=\"40\" height=\"40\"><\/rect>\n<\/g>\n<\/g><g><g><rect x=\"316\" y=\"310\" width=\"40\" height=\"40\"><\/rect>\n<\/g>\n<\/g><g><g><rect x=\"76\" y=\"390\" width=\"40\" height=\"40\"><\/rect>\n<\/g>\n<\/g><g><g><rect x=\"156\" y=\"390\" width=\"40\" height=\"40\"><\/rect>\n<\/g>\n<\/g><g><g><rect x=\"236\" y=\"390\" width=\"40\" height=\"40\"><\/rect>\n<\/g>\n<\/g><g><g><rect x=\"316\" y=\"390\" width=\"40\" height=\"40\"><\/rect>\n<\/g>\n<\/g><g><g><rect x=\"396\" y=\"310\" width=\"40\" height=\"40\"><\/rect>\n<\/g>\n<\/g><\/svg><\/span>\n                <h6 class=\"u-align-center u-text u-text-10\">Backup rotation<\/h6>\n                <p class=\"u-text u-text-11\"> Overwrite the oldest backups and keep several days of history.<\/p>\n              <\/div>\n            <\/div>\n          <\/div>\n        <\/div>\n      <\/div>\n    <\/section>\n    <section class=\"u-clearfix u-grey-5 u-section-5\" id=\"sec-0521\">\n      <div class=\"u-clearfix u-sheet u-valign-middle u-sheet-1\">\n        <div class=\"u-clearfix u-expanded-width-md u-expanded-width-sm u-expanded-width-xs u-gutter-0 u-layout-wrap u-layout-wrap-1\">\n          <div class=\"u-layout\">\n            <div class=\"u-layout-row\">\n              <div class=\"u-align-center-sm u-align-center-xs u-align-left-lg u-align-left-md u-align-left-xl u-container-style u-layout-cell u-left-cell u-size-13 u-layout-cell-1\">\n                <div class=\"u-container-layout u-valign-top u-container-layout-1\">\n                  <img class=\"u-expanded-width u-image u-image-round u-radius-50 u-image-1\" src=\"https:\/\/restore.24pm.be\/wp-content\/uploads\/2021\/05\/5ef1caf534e571cd01b3d93834714b5d4901855cbb2a3868ac4ce11ba4670ab8c0ad946cb8c78e6a8b36b6ac4c2b2e7f4926a9f053be06bfee9777_1280.jpg\" data-image-width=\"1280\" data-image-height=\"960\">\n                <\/div>\n              <\/div>\n              <div class=\"u-align-center-sm u-align-center-xs u-align-left-lg u-align-left-md u-align-left-xl u-container-style u-layout-cell u-right-cell u-size-47 u-layout-cell-2\">\n                <div class=\"u-container-layout u-valign-top u-container-layout-2\">\n                  <p class=\"u-text u-text-1\">\n                    <span style=\"font-weight: 700;\">Ideal location:&nbsp;<\/span>\n                    <br>\n                    <br>A member has little data to back up, and his first GB is more than enough. After several years, he increases his capacity to spend less than 0.05 \u20ac\/GB backed up, thus making significant savings compared to the traditional backup market.\n                  <\/p>\n                <\/div>\n              <\/div>\n            <\/div>\n          <\/div>\n        <\/div>\n      <\/div>\n    <\/section>\n    <section class=\"u-clearfix u-white u-section-6\" id=\"sec-6b8b\">\n      <div class=\"u-clearfix u-sheet u-sheet-1\">\n        <h2 class=\"u-text u-text-1\">Not a 24PM member yet?<\/h2>\n        <p class=\"u-text u-text-2\"> Answer a few questions and benefit from our support for your projects starting next week:<\/p>\n        <div class=\"u-expanded-width u-shortcode u-shortcode-1\">[tqb_quiz id='332']<\/div>\n      <\/div>\n    <\/section>\n    <style class=\"u-overlap-style\">.u-overlap:not(.u-sticky-scroll) .u-header {\nbackground-color: #01334a !important\n}<\/style>","protected":false},"excerpt":{"rendered":"<p>Solutions de backup Vos sauvegardes chez 24PM \u00e0 partir de 0.50 EUR par mois et par 10 Giga-octet de donn\u00e9es sauvegard\u00e9es \u00catre rappel\u00e9 Que pouvons nous faire pour vous ? Apr\u00e8s configuration des outils appropri\u00e9s \u00e0 vos ordinateursc portables, smartphone, serveurs, etc&#8230; que vous avez besoin de sauvegarder, les solutions de backup prennent automatiquement en &hellip; <a href=\"https:\/\/restore.24pm.be\/en\/backup\/\" class=\"more-link\">Continue reading<span class=\"screen-reader-text\"> \u00ab\u00a0service-backup\u00a0\u00bb<\/span><\/a><\/p>","protected":false},"author":2,"featured_media":0,"parent":0,"menu_order":1,"comment_status":"closed","ping_status":"closed","template":"","meta":[],"_links":{"self":[{"href":"https:\/\/restore.24pm.be\/en\/wp-json\/wp\/v2\/pages\/349"}],"collection":[{"href":"https:\/\/restore.24pm.be\/en\/wp-json\/wp\/v2\/pages"}],"about":[{"href":"https:\/\/restore.24pm.be\/en\/wp-json\/wp\/v2\/types\/page"}],"author":[{"embeddable":true,"href":"https:\/\/restore.24pm.be\/en\/wp-json\/wp\/v2\/users\/2"}],"replies":[{"embeddable":true,"href":"https:\/\/restore.24pm.be\/en\/wp-json\/wp\/v2\/comments?post=349"}],"version-history":[{"count":4,"href":"https:\/\/restore.24pm.be\/en\/wp-json\/wp\/v2\/pages\/349\/revisions"}],"predecessor-version":[{"id":394,"href":"https:\/\/restore.24pm.be\/en\/wp-json\/wp\/v2\/pages\/349\/revisions\/394"}],"wp:attachment":[{"href":"https:\/\/restore.24pm.be\/en\/wp-json\/wp\/v2\/media?parent=349"}],"curies":[{"name":"wp","href":"https:\/\/api.w.org\/{rel}","templated":true}]}}