{"id":295,"date":"2021-05-11T19:21:45","date_gmt":"2021-05-11T17:21:45","guid":{"rendered":"http:\/\/new.24pm.be\/gdpr\/"},"modified":"2021-06-15T20:16:13","modified_gmt":"2021-06-15T18:16:13","slug":"gdpr","status":"publish","type":"page","link":"https:\/\/restore.24pm.be\/en\/gdpr\/","title":{"rendered":"GDPR"},"content":{"rendered":"<section class=\"u-align-center u-clearfix u-palette-1-base u-section-2\" id=\"sec-05ce\">\n      <div class=\"u-clearfix u-sheet u-valign-middle u-sheet-1\">\n        <div class=\"u-clearfix u-expanded-width u-layout-wrap u-layout-wrap-1\">\n          <div class=\"u-layout\">\n            <div class=\"u-layout-row\">\n              <div class=\"u-container-style u-layout-cell u-size-30 u-layout-cell-1\">\n                <div class=\"u-container-layout u-container-layout-1\">\n                  <h1 class=\"u-text u-text-white u-text-1\">GDPR Policy<\/h1>\n                  <div class=\"u-border-7 u-border-palette-2-base u-line u-line-horizontal u-line-1\"><\/div>\n                  <h4 class=\"u-text u-text-white u-text-2\">Your privacy is our priority, find out more about our GDPR policy here.<br>\n                  <\/h4>\n                  <a href=\"#\" class=\"u-btn u-button-style u-none u-text-body-alt-color u-text-hover-palette-2-base u-btn-1\">Request the deletion of your data&nbsp;<span class=\"u-icon\"><svg class=\"u-svg-content\" viewbox=\"0 -32 426.66667 426\" style=\"width: 1em; height: 1em;\"><path d=\"m213.332031 181.667969c0 4.265625-1.277343 8.53125-3.625 11.730469l-106.667969 160c-3.839843 5.761718-10.238281 9.601562-17.707031 9.601562h-64c-11.730469 0-21.332031-9.601562-21.332031-21.332031 0-4.269531 1.28125-8.535157 3.625-11.734375l98.773438-148.265625-98.773438-148.269531c-2.34375-3.199219-3.625-7.464844-3.625-11.730469 0-11.734375 9.601562-21.335938 21.332031-21.335938h64c7.46875 0 13.867188 3.839844 17.707031 9.601563l106.667969 160c2.347657 3.199218 3.625 7.464844 3.625 11.734375zm0 0\"><\/path><path d=\"m426.667969 181.667969c0 4.265625-1.28125 8.53125-3.628907 11.730469l-106.664062 160c-3.839844 5.761718-10.242188 9.601562-17.707031 9.601562h-64c-11.734375 0-21.335938-9.601562-21.335938-21.332031 0-4.269531 1.28125-8.535157 3.628907-11.734375l98.773437-148.265625-98.773437-148.269531c-2.347657-3.199219-3.628907-7.464844-3.628907-11.730469 0-11.734375 9.601563-21.335938 21.335938-21.335938h64c7.464843 0 13.867187 3.839844 17.707031 9.601563l106.664062 160c2.347657 3.199218 3.628907 7.464844 3.628907 11.734375zm0 0\"><\/path><\/svg><img><\/span>\n                  <\/a>\n                <\/div>\n              <\/div>\n              <div class=\"u-container-style u-layout-cell u-size-30 u-layout-cell-2\">\n                <div class=\"u-container-layout u-container-layout-2\">\n                  <img src=\"https:\/\/restore.24pm.be\/wp-content\/uploads\/2021\/05\/761524994-0-1.png\" alt=\"\" class=\"u-image u-image-contain u-image-default u-image-1\" data-image-width=\"150\" data-image-height=\"96\">\n                <\/div>\n              <\/div>\n            <\/div>\n          <\/div>\n        <\/div>\n      <\/div>\n    <\/section>\n    <section class=\"u-align-center u-clearfix u-grey-5 u-section-3\" id=\"carousel_4f02\">\n      <div class=\"u-expanded-width u-flip-vertical u-shape u-shape-svg u-text-palette-1-base u-shape-1\">\n        <svg class=\"u-svg-link\" preserveaspectratio=\"none\" viewbox=\"0 0 160 160\" style=\"\"><use xmlns:xlink=\"http:\/\/www.w3.org\/1999\/xlink\" xlink:href=\"#svg-4883\"><\/use><\/svg>\n        <svg class=\"u-svg-content\" viewbox=\"0 0 160 160\" x=\"0px\" y=\"0px\" id=\"svg-4883\"><path d=\"M155,160H5c-2.8,0-5-2.2-5-5.1V80.5c0-1.3,0.5-2.6,1.5-3.5l75-75.5c2-1.9,5.1-1.9,7,0l75,75.5c0.9,0.9,1.5,2.2,1.5,3.5v74.4\tC160,157.8,157.8,160,155,160z\"><\/path><\/svg>\n      <\/div>\n    <\/section>\n    <section class=\"u-clearfix u-grey-5 u-section-4\" id=\"sec-9760\">\n      <div class=\"u-clearfix u-sheet u-sheet-1\">\n        <h3 class=\"u-align-center u-text u-text-1\">GDPR Policy<\/h3>\n        <div class=\"u-align-center u-border-4 u-border-palette-2-base u-line u-line-horizontal u-line-1\"><\/div>\n        <p class=\"u-align-justify u-text u-text-2\">From May 25, 2018 a regulation called \"GDPR\" or \"RGPD\"\nprovides a stricter framework for the processing of personal data.\npersonal data, this page summarizes the types of processing\napplied to the data you entrust to us in a succinct manner, for further\nfurther information, a free helpdesk is available by\ne-mail on support@24pm.freshdesk.com.<br>\n          <br>Basic principle : <br>\n          <br>24PM\n stores and entrusts its data only in europe or to suppliers outside\n GDPR compliant\" suppliers and encrypts personal data for security reasons.\npersonal data, for security reasons, encrypted backups using\nencrypted backups using 2048-bit AES algorithms and 128-loop encryption\nmay be stored outside Europe.<br>\n          <br>24PM keeps at the disposal of the supervisory authorities, in accordance with the RGPD :<br>\n          <br>- the processing register ;<br>- data protection impact assessments ;<br>- supervision of data transfers outside the European Union;<br>-\n information, models for obtaining the consent of the persons concerned\nconsent, and the procedures in place for exercising rights\nrights;<br>- Contracts with subcontractors who have been awarded public contracts;<br>- internal procedures in the event of a data breach ;<br>-\n proof that data subjects have given their consent when the\nconsent when their data is processed on this basis.\nconsent.<br>\n          <br>Statistical data on visitors to company websites: <br>\n          <br>The\n raw statistical data on visitors, collected by third-party systems\nthird-party systems, which can be used to identify visitors via, among other\nvisitors is aggregated as soon as realistically possible in order to retain only\ntrends, and will never be aggregated for the purpose of retaining\nof a particular user, which would be contrary to the policy of\npolicy of 24PM.<br>\n          <br>Shelf life :<br>\n          <br>Data is only\nonly for as long as is necessary to process it and for the purpose\nand for the purpose entrusted to us by the user (e.g. a job application will be\napplication will be kept for future use in the event of a new\nselection process, unless the candidate requests otherwise\n or will be kept for the length of time required by the unemployment office\nin order to meet legal requirements).<br>\n          <br>Data processed on behalf of our affiliates and members : <br>\n          <br>The\n data processed on behalf of our affiliates is subject to specific\nspecific processing on their respective parts, with 24PM ensuring that\npractices are maintained.<br>\n          <br>Right to be forgotten and consultation :<br>\n          <br>Any\n any private individual who wishes to obtain copies of the data\nby registered mail to the company's head office, enclosing proof of identity.\ncompany headquarters, enclosing proof of identity.<br>\n          <br>The same\nsame applies to any request for deletion, it being understood that 24PM may, in the event of a\n request for deletion, aggregate the data of this private individual by\nperson's data by anonymizing it, inter alia if a legal obligation\nto do so.<br>\n          <br>This policy will evolve in line with changes in case law\n jurisprudence and the instructions of the supervisory authorities\nauthorities. Please visit this page regularly.<br>\n          <br>Cookie policy<br>\n          <br>This page is part of our Privacy Policy and describes the use of cookies on our website.<br>\n          <br>The\n websites you visit will use cookies to enhance your user experience\nto enhance your user experience by enabling that website to \"remember\nto \"remember\" you, either for the duration of your visit (using a \"session\nvisit (using a \"session cookie\"), or for repeated visits (\"persistent cookie\").\n(\"persistent cookie\"). This policy explains our\n use of cookies.<br>\n          <br>Some websites will also use\ncookies to enable them to target their advertising or marketing messages\nmarketing messages based, for example, on your place of residence and\/or your\nyour browsing habits.<br>\n          <br>What is a cookie? <br>\n          <br>The\n are small data files (usually numbers and letters) that a website\nletters) that a website places on your computer or mobile device\ndevice on your first visit. The cookie will help that website, or\nrecognize your device the next time you visit.\nnext visit. Web beacons or similar files can also do the same.\nfiles can also do the same thing. In this policy,\nwe use the term \"cookies\" to refer to all files that retrieve\nfiles that retrieve information in this way.<br>\n          <br>Cookies have\na number of functions, such as enabling you to navigate more\nmore efficiently, store your preferences and improve your overall\noverall website experience. Thanks to cookies, interaction\nbetween the website and you is faster and easier. If a website\n doesn't use cookies, it will think you're a new visitor every time you\n every time you go to a new page on the site -- for example,\n when you enter your login and password and go to another page\ngo to another page, it won't recognize you and you won't be able to\nstay logged in.<br>\n          <br>Some cookies contain personal\npersonal information -- for example, if you click on \"remember me\" when\nremember me\" when you log in, a cookie will store your username.\nusername. Most cookies will not retrieve personally identifiable\npersonally identifiable information, but rather retrieve more general\n more general information: how a user arrives at a web site, what he or she\n site, how it's used, or a user's place of residence.\n user's place of residence. \n        <\/p>\n      <\/div>\n    <\/section>\n    <style class=\"u-overlap-style\">.u-overlap:not(.u-sticky-scroll) .u-header {\nbackground-color: #01334a !important\n}<\/style>","protected":false},"excerpt":{"rendered":"<p>Politique GDPR Votre vie priv\u00e9e est notre priorit\u00e9, d\u00e9couvrez ici notre politique GDPR. Faire une demande de suppression de vos donn\u00e9es&nbsp; Politique GDPR A partir du 25 mai 2018 une r\u00e8glementation appel\u00e9e \u00ab\u00a0GDPR\u00a0\u00bb ou \u00ab\u00a0RGPD\u00a0\u00bb europ\u00e9enne encadre plus strictement le traitement des donn\u00e9es \u00e0 caract\u00e8res personelles, cette page reprend les types de traitement appliqu\u00e9s aux &hellip; <a href=\"https:\/\/restore.24pm.be\/en\/gdpr\/\" class=\"more-link\">Continue reading<span class=\"screen-reader-text\"> \u00ab\u00a0GDPR\u00a0\u00bb<\/span><\/a><\/p>","protected":false},"author":1,"featured_media":0,"parent":0,"menu_order":12,"comment_status":"closed","ping_status":"closed","template":"","meta":[],"_links":{"self":[{"href":"https:\/\/restore.24pm.be\/en\/wp-json\/wp\/v2\/pages\/295"}],"collection":[{"href":"https:\/\/restore.24pm.be\/en\/wp-json\/wp\/v2\/pages"}],"about":[{"href":"https:\/\/restore.24pm.be\/en\/wp-json\/wp\/v2\/types\/page"}],"author":[{"embeddable":true,"href":"https:\/\/restore.24pm.be\/en\/wp-json\/wp\/v2\/users\/1"}],"replies":[{"embeddable":true,"href":"https:\/\/restore.24pm.be\/en\/wp-json\/wp\/v2\/comments?post=295"}],"version-history":[{"count":3,"href":"https:\/\/restore.24pm.be\/en\/wp-json\/wp\/v2\/pages\/295\/revisions"}],"predecessor-version":[{"id":740,"href":"https:\/\/restore.24pm.be\/en\/wp-json\/wp\/v2\/pages\/295\/revisions\/740"}],"wp:attachment":[{"href":"https:\/\/restore.24pm.be\/en\/wp-json\/wp\/v2\/media?parent=295"}],"curies":[{"name":"wp","href":"https:\/\/api.w.org\/{rel}","templated":true}]}}