{"id":290,"date":"2021-05-11T19:21:40","date_gmt":"2021-05-11T17:21:40","guid":{"rendered":"http:\/\/new.24pm.be\/ouvrir-un-compte\/"},"modified":"2021-05-25T21:53:37","modified_gmt":"2021-05-25T19:53:37","slug":"ouvrir-un-compte","status":"publish","type":"page","link":"https:\/\/restore.24pm.be\/en\/ouvrir-un-compte\/","title":{"rendered":"Open an account"},"content":{"rendered":"<section class=\"u-align-center u-clearfix u-palette-1-base u-section-2\" id=\"sec-05ce\">\n      <div class=\"u-clearfix u-sheet u-valign-middle-xl u-sheet-1\">\n        <div class=\"u-clearfix u-expanded-width u-layout-wrap u-layout-wrap-1\">\n          <div class=\"u-layout\">\n            <div class=\"u-layout-row\">\n              <div class=\"u-container-style u-layout-cell u-size-30 u-layout-cell-1\">\n                <div class=\"u-container-layout u-container-layout-1\">\n                  <h1 class=\"u-text u-text-white u-text-1\">Open an account<\/h1>\n                  <div class=\"u-border-7 u-border-palette-2-base u-line u-line-horizontal u-line-1\"><\/div>\n                  <h4 class=\"u-text u-text-white u-text-2\">Working together next week? It's possible.<\/h4>\n                  <a href=\"http:\/\/restore.24pm.be\/en\/metiers\/\" class=\"u-align-left u-border-2 u-border-white u-btn u-btn-round u-button-style u-palette-1-base u-radius-50 u-btn-1\">Our services and businesses<\/a>\n                <\/div>\n              <\/div>\n              <div class=\"u-container-style u-hidden-sm u-hidden-xs u-layout-cell u-size-30 u-layout-cell-2\">\n                <div class=\"u-container-layout u-container-layout-2\">\n                  <img src=\"https:\/\/restore.24pm.be\/wp-content\/uploads\/2021\/05\/178042851-0-1.png\" alt=\"\" class=\"u-expanded-width u-image u-image-contain u-image-default u-image-1\" data-image-width=\"150\" data-image-height=\"131\">\n                <\/div>\n              <\/div>\n            <\/div>\n          <\/div>\n        <\/div>\n      <\/div>\n    <\/section>\n    <section class=\"u-align-center u-clearfix u-grey-5 u-section-3\" id=\"sec-5a03\">\n      <div class=\"u-expanded-width u-flip-vertical u-shape u-shape-svg u-text-palette-1-base u-shape-1\">\n        <svg class=\"u-svg-link\" preserveaspectratio=\"none\" viewbox=\"0 0 160 160\" style=\"\"><use xmlns:xlink=\"http:\/\/www.w3.org\/1999\/xlink\" xlink:href=\"#svg-e929\"><\/use><\/svg>\n        <svg class=\"u-svg-content\" viewbox=\"0 0 160 160\" x=\"0px\" y=\"0px\" id=\"svg-e929\"><path d=\"M155,160H5c-2.8,0-5-2.2-5-5.1V80.5c0-1.3,0.5-2.6,1.5-3.5l75-75.5c2-1.9,5.1-1.9,7,0l75,75.5c0.9,0.9,1.5,2.2,1.5,3.5v74.4\tC160,157.8,157.8,160,155,160z\"><\/path><\/svg>\n      <\/div>\n      <div class=\"u-list u-list-1\">\n        <div class=\"u-repeater u-repeater-1\">\n          <div class=\"u-align-left u-container-style u-list-item u-repeater-item u-white u-list-item-1\">\n            <div class=\"u-container-layout u-similar-container u-valign-bottom u-container-layout-1\">\n              <div class=\"u-align-center u-container-style u-group u-palette-1-base u-radius-50 u-shape-round u-group-1\">\n                <div class=\"u-container-layout u-valign-middle u-container-layout-2\">\n                  <h2 class=\"u-custom-font u-font-oswald u-text u-text-body-alt-color u-text-1\">01<\/h2>\n                <\/div>\n              <\/div>\n              <h5 class=\"u-text u-text-2\">Create your profile<\/h5>\n              <p class=\"u-text u-text-3\">Create your first user online via the 24PM website and log in on the company intranet.<\/p>\n              <a href=\"#sec-8999\" class=\"u-active-none u-border-2 u-border-palette-1-base u-btn u-btn-rectangle u-button-style u-dialog-link u-hover-none u-none u-text-body-color u-btn-1\">Free creation<\/a>\n            <\/div>\n          <\/div>\n          <div class=\"u-align-left u-container-style u-list-item u-repeater-item u-white u-list-item-2\">\n            <div class=\"u-container-layout u-similar-container u-valign-bottom u-container-layout-3\">\n              <div class=\"u-align-center u-container-style u-group u-palette-1-base u-radius-50 u-shape-round u-group-2\">\n                <div class=\"u-container-layout u-valign-middle u-container-layout-4\">\n                  <h2 class=\"u-custom-font u-font-oswald u-text u-text-body-alt-color u-text-4\">02<\/h2>\n                <\/div>\n              <\/div>\n              <h5 class=\"u-text u-text-5\">Create your contract<\/h5>\n              <p class=\"u-text u-text-6\">Enter your company on the online platform and choose your support plan.<\/p>\n              <a href=\"https:\/\/login.24pm.be\" class=\"u-active-none u-border-2 u-border-palette-1-base u-btn u-btn-rectangle u-button-style u-hover-none u-none u-text-body-color u-btn-2\">Log in at<\/a>\n            <\/div>\n          <\/div>\n          <div class=\"u-align-left u-container-style u-list-item u-repeater-item u-white u-list-item-3\">\n            <div class=\"u-container-layout u-similar-container u-valign-bottom u-container-layout-5\">\n              <div class=\"u-align-center u-container-style u-group u-palette-1-base u-radius-50 u-shape-round u-group-3\">\n                <div class=\"u-container-layout u-valign-middle u-container-layout-6\">\n                  <h2 class=\"u-custom-font u-font-oswald u-text u-text-body-alt-color u-text-7\">03<\/h2>\n                <\/div>\n              <\/div>\n              <h5 class=\"u-text u-text-8\">e-Sign online<\/h5>\n              <p class=\"u-text u-text-9\">Sign your membership online, easily, via our European e-signature standard compliant partner.<\/p>\n              <a href=\"#sec-3483\" class=\"u-active-none u-border-2 u-border-palette-1-base u-btn u-btn-rectangle u-button-style u-dialog-link u-hover-none u-none u-text-body-color u-btn-3\">See the process<\/a>\n            <\/div>\n          <\/div>\n          <div class=\"u-align-left u-container-style u-list-item u-repeater-item u-white\">\n            <div class=\"u-container-layout u-similar-container u-valign-bottom u-container-layout-7\">\n              <div class=\"u-align-center u-container-style u-group u-palette-1-base u-radius-50 u-shape-round u-group-4\">\n                <div class=\"u-container-layout u-valign-middle u-container-layout-8\">\n                  <h2 class=\"u-custom-font u-font-oswald u-text u-text-body-alt-color u-text-10\">04<\/h2>\n                <\/div>\n              <\/div>\n              <h5 class=\"u-text u-text-11\">Pay your warranty<\/h5>\n              <p class=\"u-text u-text-12\">The last step is the payment of the minimum financial guarantee either online or by bank transfer.<\/p>\n              <a href=\"#sec-2168\" class=\"u-active-none u-border-2 u-border-palette-1-base u-btn u-btn-rectangle u-button-style u-dialog-link u-hover-none u-none u-text-body-color u-btn-4\">Guarantee principle<\/a>\n            <\/div>\n          <\/div>\n        <\/div>\n      <\/div>\n      <h2 class=\"u-align-center u-hidden-xs u-text u-text-body-alt-color u-text-13\">Online subscription process<\/h2>\n      <p class=\"u-align-center u-text u-text-body-alt-color u-text-14\">The fastest way to start working with us<\/p>\n    <\/section>\n    <section class=\"u-align-center u-clearfix u-white u-section-4\" id=\"sec-ecc9\">\n      <div class=\"u-clearfix u-sheet u-sheet-1\">\n        <h3 class=\"u-text u-text-1\">Make an appointment<\/h3>\n        <div class=\"u-align-center u-border-4 u-border-palette-2-base u-line u-line-horizontal u-line-1\"><\/div>\n        <p class=\"u-align-center u-text u-text-2\">Leave us your contact details and our secretariat will arrange an appointment for you as soon as possible.<br>\n        <\/p>\n        <div class=\"u-expanded-width u-shortcode u-shortcode-1\"><div class=\"frm_forms  with_frm_style frm_style_formidable-style\" id=\"frm_form_9_container\" >\n<form enctype=\"multipart\/form-data\" method=\"post\" class=\"frm-show-form  frm_pro_form\" id=\"form_prendrerdv\" action=\"\" >\n<div class=\"frm_form_fields\">\n<fieldset>\n<legend class=\"frm_screen_reader\">Make an appointment<\/legend>\n\n<div class=\"frm_fields_container\">\n<input type=\"hidden\" name=\"frm_action\" value=\"create\" \/>\n<input type=\"hidden\" name=\"form_id\" value=\"9\" \/>\n<input type=\"hidden\" name=\"frm_hide_fields_9\" id=\"frm_hide_fields_9\" value=\"\" \/>\n<input type=\"hidden\" name=\"form_key\" value=\"prendrerdv\" \/>\n<input type=\"hidden\" name=\"item_meta[0]\" value=\"\" \/>\n<input type=\"hidden\" id=\"frm_submit_entry_9\" name=\"frm_submit_entry_9\" value=\"d0fef6ddb5\" \/><input type=\"hidden\" name=\"_wp_http_referer\" value=\"\/en\/wp-json\/wp\/v2\/pages\/290\" \/><div id=\"frm_field_120_container\" class=\"frm_form_field form-field  frm_top_container\">\n    <div  id=\"field_4xvco_label\" class=\"frm_primary_label\">Contact details\n        <span class=\"frm_required\" aria-hidden=\"true\"><\/span>\n    <\/div>\n    <fieldset aria-labelledby=\"field_4xvco_label\">\n\t<legend class=\"frm_screen_reader frm_hidden\">\n\t\tContact details\t<\/legend>\n\n\t<div  class=\"frm_combo_inputs_container\" id=\"frm_combo_inputs_container_120\" data-name-layout=\"first_last\">\n\t\t\t\t\t<div\n\t\t\t\tid=\"frm_field_120-first_container\"\n\t\t\t\tclass=\"frm_form_field form-field frm_form_subfield-first  frm6\"\n\t\t\t\tdata-sub-field-name=\"first\"\n\t\t\t>\n\t\t\t\t<label for=\"field_4xvco_first\" class=\"frm_screen_reader frm_hidden\">\n\t\t\t\t\tFirst name\t\t\t\t<\/label>\n\n\t\t\t\t<input  type=\"text\" id=\"field_4xvco_first\" value=\"\" name=\"item_meta[120][first]\" data-invmsg=\"Coordonn\u00e9es is invalid\" aria-invalid=\"false\"  \/><div class=\"frm_description\" id=\"frm_field_120_first_desc\">First name<\/div>\t\t\t<\/div>\n\t\t\t\t\t\t<div\n\t\t\t\tid=\"frm_field_120-last_container\"\n\t\t\t\tclass=\"frm_form_field form-field frm_form_subfield-last  frm6\"\n\t\t\t\tdata-sub-field-name=\"last\"\n\t\t\t>\n\t\t\t\t<label for=\"field_4xvco_last\" class=\"frm_screen_reader frm_hidden\">\n\t\t\t\t\tName\t\t\t\t<\/label>\n\n\t\t\t\t<input  type=\"text\" id=\"field_4xvco_last\" value=\"\" name=\"item_meta[120][last]\" data-invmsg=\"Coordonn\u00e9es is invalid\" aria-invalid=\"false\"  \/><div class=\"frm_description\" id=\"frm_field_120_last_desc\">Name<\/div>\t\t\t<\/div>\n\t\t\t\t<\/div>\n<\/fieldset>\n\n    \n    \n<\/div>\n<div id=\"frm_field_121_container\" class=\"frm_form_field form-field  frm_top_container\">\n    <label for=\"field_ot1eb\" id=\"field_ot1eb_label\" class=\"frm_primary_label\">Phone\n        <span class=\"frm_required\" aria-hidden=\"true\"><\/span>\n    <\/label>\n    <input type=\"tel\" id=\"field_ot1eb\" name=\"item_meta[121]\" value=\"\"  data-invmsg=\"T\u00e9l\u00e9phone est non valide\" aria-invalid=\"false\" pattern=\"((\\+\\d{1,3}(-|.| )?\\(?\\d\\)?(-| |.)?\\d{1,5})|(\\(?\\d{2,6}\\)?))(-|.| )?(\\d{3,4})(-|.| )?(\\d{4})(( x| ext)\\d{1,5}){0,1}$\"  \/>\n    \n    \n<\/div>\n<div id=\"frm_field_125_container\" class=\"frm_form_field form-field  frm_top_container frm_half vertical_radio\">\n    <div  id=\"field_ifa45_label\" class=\"frm_primary_label\">I would like to make an appointment\n        <span class=\"frm_required\" aria-hidden=\"true\"><\/span>\n    <\/div>\n    <div class=\"frm_opt_container\" aria-labelledby=\"field_ifa45_label\" role=\"radiogroup\">\t\t<div class=\"frm_radio\" id=\"frm_radio_125-0\">\t\t\t<label  for=\"field_ifa45-0\">\n\t\t\t\t\t<input type=\"radio\" name=\"item_meta[125]\" id=\"field_ifa45-0\" value=\"Le plus rapidement possible\"\n\t\t   data-invmsg=\"Je souhaite avoir un rendez-vous is invalid\"  \/> As soon as possible<\/label><\/div>\n\t\t<div class=\"frm_radio\" id=\"frm_radio_125-1\">\t\t\t<label  for=\"field_ifa45-1\">\n\t\t\t\t\t<input type=\"radio\" name=\"item_meta[125]\" id=\"field_ifa45-1\" value=\"Dans la semaine\"\n\t\t   data-invmsg=\"Je souhaite avoir un rendez-vous is invalid\"  \/> Within a week<\/label><\/div>\n\t\t<div class=\"frm_radio\" id=\"frm_radio_125-2\">\t\t\t<label  for=\"field_ifa45-2\">\n\t\t\t\t\t<input type=\"radio\" name=\"item_meta[125]\" id=\"field_ifa45-2\" value=\"Dans le mois\"\n\t\t   data-invmsg=\"Je souhaite avoir un rendez-vous is invalid\"  \/> Within the month<\/label><\/div>\n<\/div>\n    \n    \n<\/div>\n<div id=\"frm_field_127_container\" class=\"frm_form_field form-field  frm_top_container frm_half vertical_radio\">\n    <div  id=\"field_sd1fy_label\" class=\"frm_primary_label\">Contact me\n        <span class=\"frm_required\" aria-hidden=\"true\"><\/span>\n    <\/div>\n    <div class=\"frm_opt_container\" aria-labelledby=\"field_sd1fy_label\" role=\"radiogroup\">\t\t<div class=\"frm_radio\" id=\"frm_radio_127-0\">\t\t\t<label  for=\"field_sd1fy-0\">\n\t\t\t\t\t<input type=\"radio\" name=\"item_meta[127]\" id=\"field_sd1fy-0\" value=\"Le matin\"\n\t\t   data-invmsg=\"Me recontacter is invalid\"  \/> The morning<\/label><\/div>\n\t\t<div class=\"frm_radio\" id=\"frm_radio_127-1\">\t\t\t<label  for=\"field_sd1fy-1\">\n\t\t\t\t\t<input type=\"radio\" name=\"item_meta[127]\" id=\"field_sd1fy-1\" value=\"Sur le temps de midi\"\n\t\t   data-invmsg=\"Me recontacter is invalid\"  \/> Lunchtime<\/label><\/div>\n\t\t<div class=\"frm_radio\" id=\"frm_radio_127-2\">\t\t\t<label  for=\"field_sd1fy-2\">\n\t\t\t\t\t<input type=\"radio\" name=\"item_meta[127]\" id=\"field_sd1fy-2\" value=\"En apr\u00e8s-midi\"\n\t\t   data-invmsg=\"Me recontacter is invalid\"  \/> In the afternoon<\/label><\/div>\n\t\t<div class=\"frm_radio\" id=\"frm_radio_127-3\">\t\t\t<label  for=\"field_sd1fy-3\">\n\t\t\t\t\t<input type=\"radio\" name=\"item_meta[127]\" id=\"field_sd1fy-3\" value=\"En soir\u00e9e\"\n\t\t   data-invmsg=\"Me recontacter is invalid\"  \/> In the evening<\/label><\/div>\n<\/div>\n    \n    \n<\/div>\n<div id=\"frm_field_126_container\" class=\"frm_form_field form-field  frm_required_field frm_top_container vertical_radio\">\n    <div  id=\"field_kz1cr_label\" class=\"frm_primary_label\">Mandatory validation: Privacy policy\n        <span class=\"frm_required\" aria-hidden=\"true\">*<\/span>\n    <\/div>\n    <div class=\"frm_opt_container\" aria-labelledby=\"field_kz1cr_label\" role=\"group\">\t\t<div class=\"frm_checkbox\" id=\"frm_checkbox_126-0\">\t\t\t<label  for=\"field_kz1cr-0\">\n\t\t\t<input type=\"checkbox\" name=\"item_meta[126][]\" id=\"field_kz1cr-0\" value=\"En soumettant ce formulaire j\u2019accepte que mes donn\u00e9es personnelles soient trait\u00e9es par 24PM et\/ou ses sous-traitants (voir d\u00e9claration de conformit\u00e9 GDPR)\"  data-reqmsg=\"Ce champ ne peut \u00eatre vide\" data-invmsg=\"Validation obligatoire : Politique de confidentialit\u00e9 is invalid\"   aria-required=\"true\"  \/> By submitting this form I agree that my personal data may be processed by 24PM and\/or its subcontractors (see GDPR compliance statement)<\/label><\/div>\n<\/div>\n    \n    \n<\/div>\n\t<input type=\"hidden\" name=\"item_key\" value=\"\" \/>\n\t\t\t<div id=\"frm_field_132_container\">\n\t\t\t<label for=\"field_dz6kv\" >\n\t\t\t\tIf you are human, leave this field blank.\t\t\t<\/label>\n\t\t\t<input  id=\"field_dz6kv\" type=\"text\" class=\"frm_form_field form-field frm_verify\" name=\"item_meta[132]\" value=\"\"  \/>\n\t\t<\/div>\n\t\t<input name=\"frm_state\" type=\"hidden\" value=\"8f8spRLt6z5R6sIL1LgyniAW+AVKVSP2Ipqa\/AduLFk=\" \/><div class=\"frm_submit\">\n\n<button class=\"frm_button_submit frm_final_submit\" type=\"submit\"  >Send<\/button>\n\n<\/div><\/div>\n<\/fieldset>\n<\/div>\n\n<p style=\"display: none !important;\" class=\"akismet-fields-container\" data-prefix=\"ak_\"><label>&#916;<textarea name=\"ak_hp_textarea\" cols=\"45\" rows=\"8\" maxlength=\"100\"><\/textarea><\/label><input type=\"hidden\" id=\"ak_js_1\" name=\"ak_js\" value=\"107\"\/><script>document.getElementById( \"ak_js_1\" ).setAttribute( \"value\", ( new Date() ).getTime() );<\/script><\/p><input type=\"hidden\" name=\"trp-form-language\" value=\"en\"\/><\/form>\n<\/div>\n<\/div>\n      <\/div>\n    <\/section>\n    <style class=\"u-overlap-style\">.u-overlap:not(.u-sticky-scroll) .u-header {\nbackground-color: #01334a !important\n}<\/style>","protected":false},"excerpt":{"rendered":"<p>Ouvrir un compte Travailler ensemble d\u00e8s la semaine prochaine ? C&rsquo;est possible. Nos services et m\u00e9tiers 01 Cr\u00e9ez votre profil Cr\u00e9ez votre premier utilisateur en ligne via le site internet de 24PM. et identifiez vous sur l&rsquo;intranet de la soci\u00e9t\u00e9. Cr\u00e9ation gratuite 02 Cr\u00e9ez votre contrat Renseignez votre entrerprise sur la plate-forme en ligne et &hellip; <a href=\"https:\/\/restore.24pm.be\/en\/ouvrir-un-compte\/\" class=\"more-link\">Continue reading<span class=\"screen-reader-text\"> \u00ab\u00a0Ouvrir un compte\u00a0\u00bb<\/span><\/a><\/p>","protected":false},"author":1,"featured_media":0,"parent":0,"menu_order":7,"comment_status":"closed","ping_status":"closed","template":"","meta":[],"_links":{"self":[{"href":"https:\/\/restore.24pm.be\/en\/wp-json\/wp\/v2\/pages\/290"}],"collection":[{"href":"https:\/\/restore.24pm.be\/en\/wp-json\/wp\/v2\/pages"}],"about":[{"href":"https:\/\/restore.24pm.be\/en\/wp-json\/wp\/v2\/types\/page"}],"author":[{"embeddable":true,"href":"https:\/\/restore.24pm.be\/en\/wp-json\/wp\/v2\/users\/1"}],"replies":[{"embeddable":true,"href":"https:\/\/restore.24pm.be\/en\/wp-json\/wp\/v2\/comments?post=290"}],"version-history":[{"count":4,"href":"https:\/\/restore.24pm.be\/en\/wp-json\/wp\/v2\/pages\/290\/revisions"}],"predecessor-version":[{"id":682,"href":"https:\/\/restore.24pm.be\/en\/wp-json\/wp\/v2\/pages\/290\/revisions\/682"}],"wp:attachment":[{"href":"https:\/\/restore.24pm.be\/en\/wp-json\/wp\/v2\/media?parent=290"}],"curies":[{"name":"wp","href":"https:\/\/api.w.org\/{rel}","templated":true}]}}