{"id":287,"date":"2021-05-11T19:21:37","date_gmt":"2021-05-11T17:21:37","guid":{"rendered":"http:\/\/new.24pm.be\/postes\/"},"modified":"2021-06-15T20:11:10","modified_gmt":"2021-06-15T18:11:10","slug":"postes","status":"publish","type":"page","link":"https:\/\/restore.24pm.be\/en\/postes\/","title":{"rendered":"Posts"},"content":{"rendered":"<section class=\"u-align-center u-clearfix u-palette-1-base u-section-2\" id=\"sec-05ce\">\n      <div class=\"u-clearfix u-sheet u-sheet-1\">\n        <div class=\"u-clearfix u-expanded-width u-layout-wrap u-layout-wrap-1\">\n          <div class=\"u-layout\">\n            <div class=\"u-layout-row\">\n              <div class=\"u-container-style u-layout-cell u-size-30 u-layout-cell-1\">\n                <div class=\"u-container-layout u-container-layout-1\">\n                  <h1 class=\"u-text u-text-white u-text-1\">Working at 24PM<\/h1>\n                  <div class=\"u-border-7 u-border-palette-2-base u-line u-line-horizontal u-line-1\"><\/div>\n                  <h4 class=\"u-text u-text-white u-text-2\">Come and join us!<\/h4>\n                  <p class=\"u-text u-text-3\">Success is a balanced mix of sharing experiences and successes!<br>\n                  <\/p>\n                  <p class=\"u-text u-text-4\"><span class=\"u-icon u-icon-1\"><svg class=\"u-svg-content\" viewbox=\"0 0 95.333 95.332\" x=\"0px\" y=\"0px\" style=\"width: 1em; height: 1em;\"><g><g><path d=\"M30.512,43.939c-2.348-0.676-4.696-1.019-6.98-1.019c-3.527,0-6.47,0.806-8.752,1.793    c2.2-8.054,7.485-21.951,18.013-23.516c0.975-0.145,1.774-0.85,2.04-1.799l2.301-8.23c0.194-0.696,0.079-1.441-0.318-2.045    s-1.035-1.007-1.75-1.105c-0.777-0.106-1.569-0.16-2.354-0.16c-12.637,0-25.152,13.19-30.433,32.076    c-3.1,11.08-4.009,27.738,3.627,38.223c4.273,5.867,10.507,9,18.529,9.313c0.033,0.001,0.065,0.002,0.098,0.002    c9.898,0,18.675-6.666,21.345-16.209c1.595-5.705,0.874-11.688-2.032-16.851C40.971,49.307,36.236,45.586,30.512,43.939z\"><\/path><path d=\"M92.471,54.413c-2.875-5.106-7.61-8.827-13.334-10.474c-2.348-0.676-4.696-1.019-6.979-1.019    c-3.527,0-6.471,0.806-8.753,1.793c2.2-8.054,7.485-21.951,18.014-23.516c0.975-0.145,1.773-0.85,2.04-1.799l2.301-8.23    c0.194-0.696,0.079-1.441-0.318-2.045c-0.396-0.604-1.034-1.007-1.75-1.105c-0.776-0.106-1.568-0.16-2.354-0.16    c-12.637,0-25.152,13.19-30.434,32.076c-3.099,11.08-4.008,27.738,3.629,38.225c4.272,5.866,10.507,9,18.528,9.312    c0.033,0.001,0.065,0.002,0.099,0.002c9.897,0,18.675-6.666,21.345-16.209C96.098,65.559,95.376,59.575,92.471,54.413z\"><\/path>\n<\/g>\n<\/g><\/svg><img><\/span>\n                    <span style=\"font-style: italic;\">&nbsp;Some want it to happen. Some want it to happen. And others make it happen.&nbsp;<\/span><span class=\"u-icon u-icon-2\"><svg class=\"u-svg-content\" viewbox=\"0 0 98.829 98.829\" x=\"0px\" y=\"0px\" style=\"width: 1em; height: 1em;\"><g><g><path d=\"M96.76,41.603C91.511,22.831,78.562,9.204,65.975,9.204c-1.011,0-2.021,0.088-3.005,0.262    c-0.558,0.098-1.046,0.426-1.348,0.902c-0.301,0.479-0.386,1.061-0.233,1.605l2.591,9.268c0.25,0.895,1.113,1.5,2.01,1.459    l0.206-0.004c4.668,0,13.199,6.996,17.548,22.545c0.172,0.617,0.335,1.248,0.492,1.906c-4.882-2.416-10.706-2.975-15.98-1.506    C56.358,48.97,49.388,61.356,52.714,73.252c2.696,9.639,11.563,16.373,21.563,16.373c2.037,0,4.071-0.281,6.046-0.834    c7.846-2.193,13.745-8.707,16.611-18.338C99.521,61.764,99.456,51.249,96.76,41.603z\"><\/path><path d=\"M14.088,9.206c-1.009,0-2.02,0.086-3.003,0.26c-0.557,0.096-1.046,0.426-1.347,0.902    c-0.301,0.479-0.386,1.061-0.234,1.605l2.592,9.268c0.25,0.895,1.097,1.5,2.01,1.459l0.204-0.004    c4.668,0,13.2,6.996,17.549,22.545c0.173,0.621,0.336,1.252,0.492,1.906c-4.884-2.416-10.706-2.975-15.98-1.506    C4.475,48.97-2.497,61.356,0.831,73.252c2.696,9.639,11.563,16.373,21.563,16.373c2.037,0,4.071-0.281,6.047-0.834    c7.845-2.193,13.744-8.707,16.611-18.338c2.586-8.689,2.522-19.205-0.175-28.852C39.625,22.831,26.678,9.206,14.088,9.206z\"><\/path>\n<\/g>\n<\/g><\/svg><img><\/span>\n                    <span style=\"font-style: italic;\"> - Michael Jordan<\/span>\n                  <\/p>\n                <\/div>\n              <\/div>\n              <div class=\"u-container-style u-layout-cell u-size-30 u-layout-cell-2\">\n                <div class=\"u-container-layout u-valign-top u-container-layout-2\">\n                  <img src=\"https:\/\/restore.24pm.be\/wp-content\/uploads\/2021\/05\/70376534-0-1.png\" alt=\"\" class=\"u-expanded-width u-image u-image-contain u-image-default u-image-1\" data-image-width=\"150\" data-image-height=\"112\">\n                <\/div>\n              <\/div>\n            <\/div>\n          <\/div>\n        <\/div>\n      <\/div>\n    <\/section>\n    <section class=\"u-align-center u-clearfix u-grey-5 u-section-3\" id=\"carousel_4f02\">\n      <div class=\"u-expanded-width u-flip-vertical u-shape u-shape-svg u-text-palette-1-base u-shape-1\">\n        <svg class=\"u-svg-link\" preserveaspectratio=\"none\" viewbox=\"0 0 160 160\" style=\"\"><use xmlns:xlink=\"http:\/\/www.w3.org\/1999\/xlink\" xlink:href=\"#svg-4883\"><\/use><\/svg>\n        <svg class=\"u-svg-content\" viewbox=\"0 0 160 160\" x=\"0px\" y=\"0px\" id=\"svg-4883\"><path d=\"M155,160H5c-2.8,0-5-2.2-5-5.1V80.5c0-1.3,0.5-2.6,1.5-3.5l75-75.5c2-1.9,5.1-1.9,7,0l75,75.5c0.9,0.9,1.5,2.2,1.5,3.5v74.4\tC160,157.8,157.8,160,155,160z\"><\/path><\/svg>\n      <\/div>\n    <\/section>\n    <section class=\"u-clearfix u-grey-5 u-section-4\" id=\"sec-c54d\">\n      <div class=\"u-clearfix u-sheet u-sheet-1\">\n        <h2 class=\"u-align-center u-text u-text-1\">Positions at 24PM<\/h2>\n        <div class=\"u-align-center u-border-4 u-border-palette-2-base u-line u-line-horizontal u-line-1\"><\/div>\n        <div class=\"u-blog u-blog-1\">\n          <div class=\"u-repeater u-repeater-1\">\n            <div class=\"u-align-left-xs u-blog-post u-container-style u-repeater-item u-white u-repeater-item-1\">\n              <div class=\"u-container-layout u-similar-container u-container-layout-1\">\n                <h4 class=\"u-align-left-lg u-align-left-md u-align-left-sm u-align-left-xl u-blog-control u-text u-text-2\">\n                  <a class=\"u-post-header-link\" href=\"https:\/\/restore.24pm.be\/en\/2021\/05\/25\/developpeur-java-php-h-f\/\">Java\/Php Developer<\/a>\n                <\/h4>\n                <div class=\"u-align-left-lg u-align-left-md u-align-left-sm u-align-left-xl u-blog-control u-post-content u-text u-text-3\"><p>\nMissions\n\n\n\nOur developers work on company projects allowing automation and productivity gains, whether it is for a specific project or...<\/p>\n                <\/div>\n                <a href=\"https:\/\/restore.24pm.be\/en\/2021\/05\/25\/developpeur-java-php-h-f\/\" class=\"u-blog-control u-btn u-btn-round u-button-style u-hover-palette-2-base u-palette-1-base u-radius-50 u-btn-1\">Read More<\/a>\n              <\/div>\n            <\/div>\n            <div class=\"u-align-left-xs u-blog-post u-container-style u-repeater-item u-white u-repeater-item-1\">\n              <div class=\"u-container-layout u-similar-container u-container-layout-1\">\n                <h4 class=\"u-align-left-lg u-align-left-md u-align-left-sm u-align-left-xl u-blog-control u-text u-text-2\">\n                  <a class=\"u-post-header-link\" href=\"https:\/\/restore.24pm.be\/en\/2021\/05\/25\/account-manager-h-f\/\">Account Manager M\/F<\/a>\n                <\/h4>\n                <div class=\"u-align-left-lg u-align-left-md u-align-left-sm u-align-left-xl u-blog-control u-post-content u-text u-text-3\"><p>\nMissions\n\n\n\nIn direct contact with the senior partners, you will be responsible for selecting opportunities and organising meetings with ...<\/p>\n                <\/div>\n                <a href=\"https:\/\/restore.24pm.be\/en\/2021\/05\/25\/account-manager-h-f\/\" class=\"u-blog-control u-btn u-btn-round u-button-style u-hover-palette-2-base u-palette-1-base u-radius-50 u-btn-1\">Read More<\/a>\n              <\/div>\n            <\/div>\n          <\/div>\n        <\/div>\n      <\/div>\n    <\/section>\n    <style class=\"u-overlap-style\">.u-overlap:not(.u-sticky-scroll) .u-header {\nbackground-color: #01334a !important\n}<\/style>","protected":false},"excerpt":{"rendered":"<p>Travailler chez 24PM Venez nous rejoindre ! Le succ\u00e8s, c&rsquo;est un m\u00e9lange \u00e9quilibr\u00e9 entre le partage des exp\u00e9riences&nbsp; et nos r\u00e9ussites ! &nbsp;Certains veulent que \u00e7a arrive. D&rsquo;autres aimeraient que \u00e7a arrive. Et les autres font que \u00e7a arrive.&nbsp; &#8211; Michael Jordan Postes chez 24PM Developpeur Java\/Php H\/F Missions Nos d\u00e9veloppeurs travaillent sur des projets &hellip; <a href=\"https:\/\/restore.24pm.be\/en\/postes\/\" class=\"more-link\">Continue reading<span class=\"screen-reader-text\"> \u00ab\u00a0Postes\u00a0\u00bb<\/span><\/a><\/p>","protected":false},"author":1,"featured_media":0,"parent":0,"menu_order":4,"comment_status":"closed","ping_status":"closed","template":"","meta":[],"_links":{"self":[{"href":"https:\/\/restore.24pm.be\/en\/wp-json\/wp\/v2\/pages\/287"}],"collection":[{"href":"https:\/\/restore.24pm.be\/en\/wp-json\/wp\/v2\/pages"}],"about":[{"href":"https:\/\/restore.24pm.be\/en\/wp-json\/wp\/v2\/types\/page"}],"author":[{"embeddable":true,"href":"https:\/\/restore.24pm.be\/en\/wp-json\/wp\/v2\/users\/1"}],"replies":[{"embeddable":true,"href":"https:\/\/restore.24pm.be\/en\/wp-json\/wp\/v2\/comments?post=287"}],"version-history":[{"count":2,"href":"https:\/\/restore.24pm.be\/en\/wp-json\/wp\/v2\/pages\/287\/revisions"}],"predecessor-version":[{"id":737,"href":"https:\/\/restore.24pm.be\/en\/wp-json\/wp\/v2\/pages\/287\/revisions\/737"}],"wp:attachment":[{"href":"https:\/\/restore.24pm.be\/en\/wp-json\/wp\/v2\/media?parent=287"}],"curies":[{"name":"wp","href":"https:\/\/api.w.org\/{rel}","templated":true}]}}