{"id":286,"date":"2021-05-11T19:21:36","date_gmt":"2021-05-11T17:21:36","guid":{"rendered":"http:\/\/new.24pm.be\/contact\/"},"modified":"2021-06-16T11:12:33","modified_gmt":"2021-06-16T09:12:33","slug":"contact","status":"publish","type":"page","link":"https:\/\/restore.24pm.be\/en\/contact\/","title":{"rendered":"Contact"},"content":{"rendered":"<section class=\"u-align-center u-clearfix u-palette-1-base u-section-2\" id=\"sec-05ce\">\n      <div class=\"u-clearfix u-sheet u-valign-middle u-sheet-1\">\n        <div class=\"u-clearfix u-expanded-width u-layout-wrap u-layout-wrap-1\">\n          <div class=\"u-layout\">\n            <div class=\"u-layout-row\">\n              <div class=\"u-container-style u-layout-cell u-size-30 u-layout-cell-1\">\n                <div class=\"u-container-layout u-container-layout-1\">\n                  <h1 class=\"u-text u-text-white u-text-1\">Contact us<\/h1>\n                  <div class=\"u-border-7 u-border-palette-2-base u-line u-line-horizontal u-line-1\"><\/div>\n                  <h4 class=\"u-text u-text-white u-text-2\">Our teams make your life easier...<\/h4>\n                  <a href=\"#sec-7453\" class=\"u-align-left u-border-2 u-border-white u-btn u-btn-round u-button-style u-dialog-link u-palette-1-base u-radius-50 u-btn-1\">Be called back<\/a>\n                <\/div>\n              <\/div>\n              <div class=\"u-container-style u-layout-cell u-size-30 u-layout-cell-2\">\n                <div class=\"u-container-layout u-valign-top u-container-layout-2\">\n                  <img src=\"https:\/\/restore.24pm.be\/wp-content\/uploads\/2021\/05\/583910727-07-1.png\" alt=\"\" class=\"u-image u-image-contain u-image-default u-image-1\" data-image-width=\"1124\" data-image-height=\"1000\">\n                <\/div>\n              <\/div>\n            <\/div>\n          <\/div>\n        <\/div>\n      <\/div>\n    <\/section>\n    <section class=\"u-align-center u-clearfix u-section-3\" id=\"carousel_4f02\">\n      <div class=\"u-expanded-width u-flip-vertical u-shape u-shape-svg u-text-palette-1-base u-shape-1\">\n        <svg class=\"u-svg-link\" preserveaspectratio=\"none\" viewbox=\"0 0 160 160\" style=\"\"><use xmlns:xlink=\"http:\/\/www.w3.org\/1999\/xlink\" xlink:href=\"#svg-4883\"><\/use><\/svg>\n        <svg class=\"u-svg-content\" viewbox=\"0 0 160 160\" x=\"0px\" y=\"0px\" id=\"svg-4883\"><path d=\"M155,160H5c-2.8,0-5-2.2-5-5.1V80.5c0-1.3,0.5-2.6,1.5-3.5l75-75.5c2-1.9,5.1-1.9,7,0l75,75.5c0.9,0.9,1.5,2.2,1.5,3.5v74.4\tC160,157.8,157.8,160,155,160z\"><\/path><\/svg>\n      <\/div>\n      <h3 class=\"u-align-center u-text u-text-body-alt-color u-text-1\">What can we do for you?<\/h3>\n      <div class=\"u-align-center u-border-4 u-border-palette-2-base u-line u-line-horizontal u-line-1\"><\/div>\n    <\/section>\n    <section class=\"u-align-center u-clearfix u-white u-section-4\" id=\"carousel_1643\">\n      <div class=\"u-clearfix u-sheet u-sheet-1\">\n        <div class=\"u-clearfix u-expanded-width u-layout-wrap u-layout-wrap-1\">\n          <div class=\"u-layout\">\n            <div class=\"u-layout-col\">\n              <div class=\"u-size-30\">\n                <div class=\"u-layout-row\">\n                  <div class=\"u-align-center u-container-style u-layout-cell u-size-30 u-layout-cell-1\">\n                    <div class=\"u-container-layout u-valign-top u-container-layout-1\"><span class=\"u-icon u-icon-circle u-text-grey-40 u-icon-1\"><svg class=\"u-svg-link\" preserveaspectratio=\"xMidYMin slice\" viewbox=\"0 0 384 384\" style=\"\"><use xmlns:xlink=\"http:\/\/www.w3.org\/1999\/xlink\" xlink:href=\"#svg-cd86\"><\/use><\/svg><svg xmlns=\"http:\/\/www.w3.org\/2000\/svg\" xmlns:xlink=\"http:\/\/www.w3.org\/1999\/xlink\" version=\"1.1\" id=\"svg-cd86\" x=\"0px\" y=\"0px\" viewbox=\"0 0 384 384\" style=\"enable-background:new 0 0 384 384;\" xml:space=\"preserve\" class=\"u-svg-content\"><g><g><path d=\"M353.188,252.052c-23.51,0-46.594-3.677-68.469-10.906c-10.719-3.656-23.896-0.302-30.438,6.417l-43.177,32.594    c-50.073-26.729-80.917-57.563-107.281-107.26l31.635-42.052c8.219-8.208,11.167-20.198,7.635-31.448    c-7.26-21.99-10.948-45.063-10.948-68.583C132.146,13.823,118.323,0,101.333,0H30.813C13.823,0,0,13.823,0,30.813    C0,225.563,158.438,384,353.188,384c16.99,0,30.813-13.823,30.813-30.813v-70.323C384,265.875,370.177,252.052,353.188,252.052z\"><\/path>\n<\/g>\n<\/g><g><\/g><g><\/g><g><\/g><g><\/g><g><\/g><g><\/g><g><\/g><g><\/g><g><\/g><g><\/g><g><\/g><g><\/g><g><\/g><g><\/g><g><\/g><\/svg><\/span>\n                      <h6 class=\"u-text u-text-1\">Phone number<\/h6>\n                      <p class=\"u-align-center u-text u-text-2\">02\/318 87 77<\/p>\n                    <\/div>\n                  <\/div>\n                  <div class=\"u-container-style u-layout-cell u-right-cell u-size-30 u-layout-cell-2\">\n                    <div class=\"u-container-layout u-valign-top u-container-layout-2\"><span class=\"u-icon u-icon-circle u-text-grey-40 u-icon-2\"><svg class=\"u-svg-link\" preserveaspectratio=\"xMidYMin slice\" viewbox=\"0 0 512 512\" style=\"\"><use xmlns:xlink=\"http:\/\/www.w3.org\/1999\/xlink\" xlink:href=\"#svg-d2c4\"><\/use><\/svg><svg xmlns=\"http:\/\/www.w3.org\/2000\/svg\" xmlns:xlink=\"http:\/\/www.w3.org\/1999\/xlink\" version=\"1.1\" id=\"svg-d2c4\" x=\"0px\" y=\"0px\" viewbox=\"0 0 512 512\" style=\"enable-background:new 0 0 512 512;\" xml:space=\"preserve\" class=\"u-svg-content\"><g><g><path d=\"M467,61H45c-6.927,0-13.412,1.703-19.279,4.51L255,294.789l51.389-49.387c0,0,0.004-0.005,0.005-0.007    c0.001-0.002,0.005-0.004,0.005-0.004L486.286,65.514C480.418,62.705,473.929,61,467,61z\"><\/path>\n<\/g>\n<\/g><g><g><path d=\"M507.496,86.728L338.213,256.002L507.49,425.279c2.807-5.867,4.51-12.352,4.51-19.279V106    C512,99.077,510.301,92.593,507.496,86.728z\"><\/path>\n<\/g>\n<\/g><g><g><path d=\"M4.51,86.721C1.703,92.588,0,99.073,0,106v300c0,6.923,1.701,13.409,4.506,19.274L173.789,256L4.51,86.721z\"><\/path>\n<\/g>\n<\/g><g><g><path d=\"M317.002,277.213l-51.396,49.393c-2.93,2.93-6.768,4.395-10.605,4.395s-7.676-1.465-10.605-4.395L195,277.211    L25.714,446.486C31.582,449.295,38.071,451,45,451h422c6.927,0,13.412-1.703,19.279-4.51L317.002,277.213z\"><\/path>\n<\/g>\n<\/g><g><\/g><g><\/g><g><\/g><g><\/g><g><\/g><g><\/g><g><\/g><g><\/g><g><\/g><g><\/g><g><\/g><g><\/g><g><\/g><g><\/g><g><\/g><\/svg><\/span>\n                      <h6 class=\"u-align-center u-text u-text-3\">mail<\/h6>\n                      <p class=\"u-align-center u-text u-text-4\">via this form<\/p>\n                    <\/div>\n                  <\/div>\n                <\/div>\n              <\/div>\n              <div class=\"u-size-30\">\n                <div class=\"u-layout-col\">\n                  <div class=\"u-container-style u-layout-cell u-right-cell u-size-60 u-layout-cell-3\">\n                    <div class=\"u-container-layout u-container-layout-3\">\n                      <div class=\"u-expanded-width u-shortcode u-shortcode-1\"><div class=\"frm_forms  with_frm_style frm_center_submit frm_style_formidable-style\" id=\"frm_form_3_container\" >\n<form enctype=\"multipart\/form-data\" method=\"post\" class=\"frm-show-form  frm_pro_form\" id=\"form_contacteznous\" action=\"\" >\n<div class=\"frm_form_fields\">\n<fieldset>\n<legend class=\"frm_screen_reader\">Contact us<\/legend>\r\n\r\n<div class=\"frm_fields_container\">\n<input type=\"hidden\" name=\"frm_action\" value=\"create\" \/>\n<input type=\"hidden\" name=\"form_id\" value=\"3\" \/>\n<input type=\"hidden\" name=\"frm_hide_fields_3\" id=\"frm_hide_fields_3\" value=\"\" \/>\n<input type=\"hidden\" name=\"form_key\" value=\"contacteznous\" \/>\n<input type=\"hidden\" name=\"item_meta[0]\" value=\"\" \/>\n<input type=\"hidden\" id=\"frm_submit_entry_3\" name=\"frm_submit_entry_3\" value=\"d0fef6ddb5\" \/><input type=\"hidden\" name=\"_wp_http_referer\" value=\"\/en\/wp-json\/wp\/v2\/pages\/286\" \/><div id=\"frm_field_104_container\" class=\"frm_form_field form-field  frm_top_container vertical_radio\">\r\n    <div  id=\"field_or2ww_label\" class=\"frm_primary_label\">Purpose of your request\r\n        <span class=\"frm_required\" aria-hidden=\"true\"><\/span>\r\n    <\/div>\r\n    <div class=\"frm_opt_container\" aria-labelledby=\"field_or2ww_label\" role=\"radiogroup\">\t\t<div class=\"frm_radio\" id=\"frm_radio_104-0\">\t\t\t<label  for=\"field_or2ww-0\">\n\t\t\t\t\t<input type=\"radio\" name=\"item_meta[104]\" id=\"field_or2ww-0\" value=\"Je suis membre\"\n\t\t   data-invmsg=\"Objet de votre demande is invalid\"  \/> I am a member<\/label><\/div>\n\t\t<div class=\"frm_radio\" id=\"frm_radio_104-1\">\t\t\t<label  for=\"field_or2ww-1\">\n\t\t\t\t\t<input type=\"radio\" name=\"item_meta[104]\" id=\"field_or2ww-1\" value=\"Je souhaite devenir membre\"\n\t\t   data-invmsg=\"Objet de votre demande is invalid\"  \/> I want to become a member<\/label><\/div>\n\t\t<div class=\"frm_radio\" id=\"frm_radio_104-2\">\t\t\t<label  for=\"field_or2ww-2\">\n\t\t\t\t\t<input type=\"radio\" name=\"item_meta[104]\" id=\"field_or2ww-2\" value=\"J&#039;ai besoin de renseignements pour les services\"\n\t\t   data-invmsg=\"Objet de votre demande is invalid\"  \/> I need information for the services<\/label><\/div>\n\t\t<div class=\"frm_radio\" id=\"frm_radio_104-3\">\t\t\t<label  for=\"field_or2ww-3\">\n\t\t\t\t\t<input type=\"radio\" name=\"item_meta[104]\" id=\"field_or2ww-3\" value=\"J&#039;ai besoin de renseignements pour les m\u00e9tiers\"\n\t\t   data-invmsg=\"Objet de votre demande is invalid\"  \/> I need information for the trades<\/label><\/div>\n\t\t<div class=\"frm_radio\" id=\"frm_radio_104-5\">\t\t\t<label  for=\"field_or2ww-5\">\n\t\t\t\t\t<input type=\"radio\" name=\"item_meta[104]\" id=\"field_or2ww-5\" value=\"Je souhaite proposer un partenariat \u00e0 24PM\"\n\t\t   data-invmsg=\"Objet de votre demande is invalid\"  \/> I would like to propose a partnership to 24PM<\/label><\/div>\n\t\t<div class=\"frm_radio\" id=\"frm_radio_104-4\">\t\t\t<label  for=\"field_or2ww-4\">\n\t\t\t\t\t<input type=\"radio\" name=\"item_meta[104]\" id=\"field_or2ww-4\" value=\"Autre\"\n\t\t   data-invmsg=\"Objet de votre demande is invalid\"  \/> Other<\/label><\/div>\n<\/div>\r\n    \r\n    \r\n<\/div>\n<div id=\"frm_field_95_container\" class=\"frm_form_field form-field  frm_top_container\">\r\n    <div  id=\"field_qn7s7_label\" class=\"frm_primary_label\">Contact details\r\n        <span class=\"frm_required\" aria-hidden=\"true\"><\/span>\r\n    <\/div>\r\n    <fieldset aria-labelledby=\"field_qn7s7_label\">\n\t<legend class=\"frm_screen_reader frm_hidden\">\n\t\tContact details\t<\/legend>\n\n\t<div  class=\"frm_combo_inputs_container\" id=\"frm_combo_inputs_container_95\" data-name-layout=\"first_last\">\n\t\t\t\t\t<div\n\t\t\t\tid=\"frm_field_95-first_container\"\n\t\t\t\tclass=\"frm_form_field form-field frm_form_subfield-first  frm6\"\n\t\t\t\tdata-sub-field-name=\"first\"\n\t\t\t>\n\t\t\t\t<label for=\"field_qn7s7_first\" class=\"frm_screen_reader frm_hidden\">\n\t\t\t\t\tFirst name\t\t\t\t<\/label>\n\n\t\t\t\t<input  type=\"text\" id=\"field_qn7s7_first\" value=\"\" name=\"item_meta[95][first]\" data-invmsg=\"Coordonn\u00e9es is invalid\" aria-invalid=\"false\"  \/><div class=\"frm_description\" id=\"frm_field_95_first_desc\">First name<\/div>\t\t\t<\/div>\n\t\t\t\t\t\t<div\n\t\t\t\tid=\"frm_field_95-last_container\"\n\t\t\t\tclass=\"frm_form_field form-field frm_form_subfield-last  frm6\"\n\t\t\t\tdata-sub-field-name=\"last\"\n\t\t\t>\n\t\t\t\t<label for=\"field_qn7s7_last\" class=\"frm_screen_reader frm_hidden\">\n\t\t\t\t\tName\t\t\t\t<\/label>\n\n\t\t\t\t<input  type=\"text\" id=\"field_qn7s7_last\" value=\"\" name=\"item_meta[95][last]\" data-invmsg=\"Coordonn\u00e9es is invalid\" aria-invalid=\"false\"  \/><div class=\"frm_description\" id=\"frm_field_95_last_desc\">Name<\/div>\t\t\t<\/div>\n\t\t\t\t<\/div>\n<\/fieldset>\n\r\n    \r\n    \r\n<\/div>\n<div id=\"frm_field_97_container\" class=\"frm_form_field form-field  frm_top_container\">\r\n    <label for=\"field_1hmuv\" id=\"field_1hmuv_label\" class=\"frm_primary_label\">Phone\r\n        <span class=\"frm_required\" aria-hidden=\"true\"><\/span>\r\n    <\/label>\r\n    <input type=\"tel\" id=\"field_1hmuv\" name=\"item_meta[97]\" value=\"\"  data-invmsg=\"T\u00e9l\u00e9phone est non valide\" aria-invalid=\"false\" pattern=\"((\\+\\d{1,3}(-|.| )?\\(?\\d\\)?(-| |.)?\\d{1,5})|(\\(?\\d{2,6}\\)?))(-|.| )?(\\d{3,4})(-|.| )?(\\d{4})(( x| ext)\\d{1,5}){0,1}$\"  \/>\r\n    \r\n    \r\n<\/div>\n<div id=\"frm_field_98_container\" class=\"frm_form_field form-field  frm_top_container\">\r\n    <label for=\"field_38fbe\" id=\"field_38fbe_label\" class=\"frm_primary_label\">Email\r\n        <span class=\"frm_required\" aria-hidden=\"true\"><\/span>\r\n    <\/label>\r\n    <input type=\"email\" id=\"field_38fbe\" name=\"item_meta[98]\" value=\"\"  data-invmsg=\"Email est non valide\" aria-invalid=\"false\"  \/>\r\n    \r\n    \r\n<\/div>\n<div id=\"frm_field_100_container\" class=\"frm_form_field form-field  frm_top_container\">\r\n    <label for=\"field_q7ivw\" id=\"field_q7ivw_label\" class=\"frm_primary_label\">Your website\/URL\r\n        <span class=\"frm_required\" aria-hidden=\"true\"><\/span>\r\n    <\/label>\r\n    <input type=\"url\" id=\"field_q7ivw\" name=\"item_meta[100]\" value=\"\"  data-invmsg=\"Site Web\/URL est non valide\" aria-invalid=\"false\"  \/>\r\n    \r\n    \r\n<\/div>\n<div id=\"frm_field_103_container\" class=\"frm_form_field form-field  frm_top_container\">\r\n    <label for=\"field_pqyxv\" id=\"field_pqyxv_label\" class=\"frm_primary_label\">Your message\r\n        <span class=\"frm_required\" aria-hidden=\"true\"><\/span>\r\n    <\/label>\r\n    <textarea name=\"item_meta[103]\" id=\"field_pqyxv\" rows=\"5\"  data-invmsg=\"Votre message is invalid\" aria-invalid=\"false\"  ><\/textarea>\r\n    \r\n    \r\n<\/div>\n<div id=\"frm_field_105_container\" class=\"frm_form_field form-field  frm_required_field frm_top_container vertical_radio\">\r\n    <div  id=\"field_3admk_label\" class=\"frm_primary_label\">Mandatory validation: Privacy policy\r\n        <span class=\"frm_required\" aria-hidden=\"true\">*<\/span>\r\n    <\/div>\r\n    <div class=\"frm_opt_container\" aria-labelledby=\"field_3admk_label\" role=\"group\">\t\t<div class=\"frm_checkbox\" id=\"frm_checkbox_105-0\">\t\t\t<label  for=\"field_3admk-0\">\n\t\t\t<input type=\"checkbox\" name=\"item_meta[105][]\" id=\"field_3admk-0\" value=\"En soumettant ce formulaire j\u2019accepte que mes donn\u00e9es personnelles soient trait\u00e9es par 24PM et\/ou ses sous-traitants (voir d\u00e9claration de conformit\u00e9 GDPR)\"  data-reqmsg=\"Validation obligatoire\" data-invmsg=\"Validation obligatoire : Politique de confidentialit\u00e9 is invalid\"   aria-required=\"true\"  \/> By submitting this form I agree that my personal data may be processed by 24PM and\/or its subcontractors (see GDPR compliance statement)<\/label><\/div>\n<\/div>\r\n    \r\n    \r\n<\/div>\n\t<input type=\"hidden\" name=\"item_key\" value=\"\" \/>\n\t\t\t<div id=\"frm_field_132_container\">\n\t\t\t<label for=\"field_7hcjk\" >\n\t\t\t\tIf you are human, leave this field blank.\t\t\t<\/label>\n\t\t\t<input  id=\"field_7hcjk\" type=\"text\" class=\"frm_form_field form-field frm_verify\" name=\"item_meta[132]\" value=\"\"  \/>\n\t\t<\/div>\n\t\t<input name=\"frm_state\" type=\"hidden\" value=\"8f8spRLt6z5R6sIL1LgyniAW+AVKVSP2Ipqa\/AduLFk=\" \/><div class=\"frm_submit\">\r\n\r\n<button class=\"frm_button_submit frm_final_submit\" type=\"submit\"   formnovalidate=\"formnovalidate\">Send<\/button>\r\n\r\n<\/div><\/div>\n<\/fieldset>\n<\/div>\n\n<p style=\"display: none !important;\" class=\"akismet-fields-container\" data-prefix=\"ak_\"><label>&#916;<textarea name=\"ak_hp_textarea\" cols=\"45\" rows=\"8\" maxlength=\"100\"><\/textarea><\/label><input type=\"hidden\" id=\"ak_js_1\" name=\"ak_js\" value=\"225\"\/><script>document.getElementById( \"ak_js_1\" ).setAttribute( \"value\", ( new Date() ).getTime() );<\/script><\/p><input type=\"hidden\" name=\"trp-form-language\" value=\"en\"\/><\/form>\n<\/div>\n<\/div>\n                      <h4 class=\"u-align-center u-text u-text-5\">You have an appointment&nbsp;<\/h4>\n                      <div class=\"u-align-center u-border-4 u-border-palette-2-base u-line u-line-horizontal u-line-1\"><\/div>\n                      <h6 class=\"u-align-center u-text u-text-6\">2 avenue du bois de chapelle, 1380 Lasne<\/h6>\n                      <div class=\"u-align-center u-expanded-width u-grey-light-2 u-map u-map-1\">\n                        <div class=\"embed-responsive\">\n                          <iframe class=\"embed-responsive-item\" src=\"\/\/maps.google.com\/maps?output=embed&amp;q=Avenue%20du%20bois%20de%20chapelle%202%201380%20Lasne&amp;z=10&amp;t=k\" data-map=\"JTdCJTIycG9zaXRpb25UeXBlJTIyJTNBJTIybWFwLWFkZHJlc3MlMjIlMkMlMjJhZGRyZXNzJTIyJTNBJTIyQXZlbnVlJTIwZHUlMjBib2lzJTIwZGUlMjBjaGFwZWxsZSUyMDIlMjAxMzgwJTIwTGFzbmUlMjIlMkMlMjJ6b29tJTIyJTNBMTAlMkMlMjJ0eXBlSWQlMjIlM0ElMjJzYXRlbGxpdGUlMjIlMkMlMjJsYW5nJTIyJTNBJTIyJTIyJTdE\"><\/iframe>\n                        <\/div>\n                      <\/div>\n                    <\/div>\n                  <\/div>\n                <\/div>\n              <\/div>\n            <\/div>\n          <\/div>\n        <\/div>\n      <\/div>\n    <\/section>\n    <style class=\"u-overlap-style\">.u-overlap:not(.u-sticky-scroll) .u-header {\nbackground-color: #01334a !important\n}<\/style>","protected":false},"excerpt":{"rendered":"<p>Contactez-nous Nos \u00e9quipes vous simplifient la vie&#8230; \u00catre rappel\u00e9 Que pouvons-nous faire pour vous ? N\u00b0 de t\u00e9l\u00e9phone 02\/318 87 77 mail via ce formulaire Contactez-nous Objet de votre demande Je suis membre Je souhaite devenir membre J&rsquo;ai besoin de renseignements pour les services J&rsquo;ai besoin de renseignements pour les m\u00e9tiers Je souhaite proposer un &hellip; <a href=\"https:\/\/restore.24pm.be\/en\/contact\/\" class=\"more-link\">Continue reading<span class=\"screen-reader-text\"> \u00ab\u00a0Contact\u00a0\u00bb<\/span><\/a><\/p>","protected":false},"author":1,"featured_media":0,"parent":0,"menu_order":3,"comment_status":"closed","ping_status":"closed","template":"","meta":[],"_links":{"self":[{"href":"https:\/\/restore.24pm.be\/en\/wp-json\/wp\/v2\/pages\/286"}],"collection":[{"href":"https:\/\/restore.24pm.be\/en\/wp-json\/wp\/v2\/pages"}],"about":[{"href":"https:\/\/restore.24pm.be\/en\/wp-json\/wp\/v2\/types\/page"}],"author":[{"embeddable":true,"href":"https:\/\/restore.24pm.be\/en\/wp-json\/wp\/v2\/users\/1"}],"replies":[{"embeddable":true,"href":"https:\/\/restore.24pm.be\/en\/wp-json\/wp\/v2\/comments?post=286"}],"version-history":[{"count":5,"href":"https:\/\/restore.24pm.be\/en\/wp-json\/wp\/v2\/pages\/286\/revisions"}],"predecessor-version":[{"id":749,"href":"https:\/\/restore.24pm.be\/en\/wp-json\/wp\/v2\/pages\/286\/revisions\/749"}],"wp:attachment":[{"href":"https:\/\/restore.24pm.be\/en\/wp-json\/wp\/v2\/media?parent=286"}],"curies":[{"name":"wp","href":"https:\/\/api.w.org\/{rel}","templated":true}]}}